{"id":8240,"date":"2025-07-18T20:49:16","date_gmt":"2025-07-18T19:49:16","guid":{"rendered":"https:\/\/babylove.se\/produkt\/hussang-vaningssang-mila-dmpa\/"},"modified":"2026-04-08T08:43:39","modified_gmt":"2026-04-08T07:43:39","slug":"hussang-koyeseng-mila-dmpa","status":"publish","type":"product","link":"https:\/\/babylove.se\/no\/produkt\/hussang-koyeseng-mila-dmpa\/","title":{"rendered":"Husseng med loft, Mila DMPA"},"content":{"rendered":"<p>En loftsseng frigj\u00f8r mye gulvplass, og passer perfekt hvis man har et litt mindre rom. <\/p>\n<p>Mila DMPA er en stabil loftsseng i stilsikker design, for mange \u00e5r av s\u00f8te dr\u00f8mmer og tull! <\/p>\n<p>Alle v\u00e5re Mila-senger er helt h\u00e5ndlaget med stor lidenskap, av h\u00f8ykvalitets sertifisert furutre. <\/p>\n<p><strong>Info:<\/strong> <\/p>\n<ul>\n<li>Anbefales fra 6 \u00e5rs alder.<\/li>\n<li>Farge: velg mellom natur, hvit, antrasitt, gr\u00e5, rosa, olivengr\u00f8nn og bl\u00e5.<\/li>\n<li>Maksvekt seng: 60 kg.<\/li>\n<li>H\u00f8yde fra gulv til \u00f8vre seng: 100cm.<\/li>\n<li>Ribbbunn inng\u00e5r.<\/li>\n<li>Madras inng\u00e5r ikke, men ta gjerne en titt i v\u00e5rt store madrassutvalg. Vi anbefaler en tykkere skummadrass med tykkelse p\u00e5 ca 12-14 cm.<\/li>\n<\/ul>\n<p><strong>M\u00e5l:<\/strong> <\/p>\n<ul>\n<li>Finnes i forskjellige st\u00f8rrelser. M\u00e5lene til venstre i listen gjelder reddem\u00e5l. M\u00e5lene i parentes (H\u00f8yde*Bredde*Lengde) gjelder den totale st\u00f8rrelsen p\u00e5 sengen.<\/li>\n<\/ul>\n<p>Sengene kommer fra v\u00e5r fabrikk i Europa som har h\u00f8ye kvalitetskrav og kontrollerer hvert steg fra det at t\u00f8mmeret kommer inn i fabrikken til at et ferdig produkt forlater den. <\/p>\n<p><em><em><em>Sengen leveres umontert og b\u00f8r settes sammen i rommet den skal brukes i.<\/em><\/em><\/em> <\/p>\n<p><em>For senger i farge er leveringstiden to uker lengre enn den oppgitte informasjonen.<\/em> <\/p>\n<p><a href=\"https:\/\/babylove.se\/barnmobler\/vaningssangar-loftsangar\"><strong>Oppdag hele v\u00e5rt sortiment av loftssenger her!<\/strong><\/a><\/p>\n","protected":false},"excerpt":{"rendered":"<p>En loftsseng frigj\u00f8r mye gulvplass, og passer perfekt hvis man har et litt mindre rom. Mila DMPA er en stabil loftsseng i stilsikker design, for mange \u00e5r av s\u00f8te dr\u00f8mmer og tull! Alle v\u00e5re Mila-senger er helt h\u00e5ndlaget med stor lidenskap, av h\u00f8ykvalitets sertifisert furutre. Info: Anbefales fra 6 \u00e5rs alder. Farge: velg mellom natur, [&hellip;]<\/p>\n","protected":false},"featured_media":8242,"comment_status":"open","ping_status":"closed","template":"","meta":{"_acf_changed":false},"product_brand":[384],"product_cat":[386,217,269,385,40],"product_tag":[1689],"class_list":{"0":"post-8240","1":"product","2":"type-product","3":"status-publish","4":"has-post-thumbnail","6":"product_brand-adeko","7":"product_cat-ad","8":"product_cat-sengesanger","9":"product_cat-juniorsenger","10":"product_cat-koyesenger-loftsenger","11":"product_cat-soverom-barn","12":"product_tag-bestillingsvaror","13":"pa_farg-antracit","14":"pa_farg-bla","15":"pa_farg-gra","16":"pa_farg-vit","17":"pa_farg-natur","18":"pa_farg-olivgron","19":"pa_farg-rosa","20":"pa_storlek-80x160-h195-b89-l173","21":"pa_storlek-80x170-h200-b89-l183","22":"pa_storlek-80x180-h200-b89-l193","23":"pa_storlek-80x190-h205-b89-l203","24":"pa_storlek-80x200-h208-b89-l213","25":"pa_storlek-90x160h195-b99-l173","26":"pa_storlek-90x170-h200-b99-l183","27":"pa_storlek-90x180-h200-b99-l193","28":"pa_storlek-90x190-h205-b99-l203","29":"pa_storlek-90x200-h208-b99-l213","31":"first","32":"instock","33":"taxable","34":"shipping-taxable","35":"purchasable","36":"product-type-variable"},"acf":[],"yoast_head":"<!-- This site is optimized with the Yoast SEO Premium plugin v25.8 (Yoast SEO v27.2) - https:\/\/yoast.com\/product\/yoast-seo-premium-wordpress\/ -->\n<title>Huss\u00e4ng lofts\u00e4ng, Mila DMPA - Fri Frakt !<\/title>\n<meta name=\"description\" content=\"En fantastisk och smart huss\u00e4ng till barnrummet i form av en lofts\u00e4ng med vacker tr\u00e4ram och fint tak. Klarna faktura &amp; Fri Frakt ! K\u00f6p den h\u00e4r !\" \/>\n<meta name=\"robots\" content=\"noindex, follow, max-snippet:-1, max-image-preview:large, max-video-preview:-1\" \/>\n<meta property=\"og:locale\" content=\"nb_NO\" \/>\n<meta property=\"og:type\" content=\"article\" \/>\n<meta property=\"og:title\" content=\"Husseng med loft, Mila DMPA\" \/>\n<meta property=\"og:description\" content=\"En fantastisk och smart huss\u00e4ng till barnrummet i form av en lofts\u00e4ng med vacker tr\u00e4ram och fint tak. Klarna faktura &amp; Fri Frakt ! K\u00f6p den h\u00e4r !\" \/>\n<meta property=\"og:url\" content=\"https:\/\/babylove.se\/no\/produkt\/hussang-koyeseng-mila-dmpa\/\" \/>\n<meta property=\"og:site_name\" content=\"Babylove Norska\" \/>\n<meta property=\"article:modified_time\" content=\"2026-04-08T07:43:39+00:00\" \/>\n<meta property=\"og:image\" content=\"https:\/\/babylove.se\/no\/wp-content\/uploads\/sites\/3\/2025\/07\/5d63c93074f46.jpeg\" \/>\n\t<meta property=\"og:image:width\" content=\"750\" \/>\n\t<meta property=\"og:image:height\" content=\"750\" \/>\n\t<meta property=\"og:image:type\" content=\"image\/jpeg\" \/>\n<meta name=\"twitter:card\" content=\"summary_large_image\" \/>\n<meta name=\"twitter:label1\" content=\"Availability\" \/>\n\t<meta name=\"twitter:data1\" content=\"In stock\" \/>\n<script type=\"application\/ld+json\" class=\"yoast-schema-graph\">{\"@context\":\"https:\/\/schema.org\",\"@graph\":[{\"@type\":\"WebPage\",\"@id\":\"https:\/\/babylove.se\/no\/produkt\/hussang-koyeseng-mila-dmpa\/\",\"url\":\"https:\/\/babylove.se\/no\/produkt\/hussang-koyeseng-mila-dmpa\/\",\"name\":\"Huss\u00e4ng lofts\u00e4ng, Mila DMPA - Fri Frakt !\",\"isPartOf\":{\"@id\":\"https:\/\/babylove.se\/no\/#website\"},\"primaryImageOfPage\":{\"@id\":\"https:\/\/babylove.se\/no\/produkt\/hussang-koyeseng-mila-dmpa\/#primaryimage\"},\"image\":{\"@id\":\"https:\/\/babylove.se\/no\/produkt\/hussang-koyeseng-mila-dmpa\/#primaryimage\"},\"thumbnailUrl\":\"https:\/\/babylove.se\/no\/wp-content\/uploads\/sites\/3\/2025\/07\/5d63c93074f46.jpeg\",\"datePublished\":\"2025-07-18T19:49:16+00:00\",\"dateModified\":\"2026-04-08T07:43:39+00:00\",\"description\":\"En fantastisk och smart huss\u00e4ng till barnrummet i form av en lofts\u00e4ng med vacker tr\u00e4ram och fint tak. Klarna faktura & Fri Frakt ! K\u00f6p den h\u00e4r !\",\"breadcrumb\":{\"@id\":\"https:\/\/babylove.se\/no\/produkt\/hussang-koyeseng-mila-dmpa\/#breadcrumb\"},\"inLanguage\":\"nb-NO\",\"potentialAction\":[{\"@type\":\"ReadAction\",\"target\":[\"https:\/\/babylove.se\/no\/produkt\/hussang-koyeseng-mila-dmpa\/\"]}]},{\"@type\":\"ImageObject\",\"inLanguage\":\"nb-NO\",\"@id\":\"https:\/\/babylove.se\/no\/produkt\/hussang-koyeseng-mila-dmpa\/#primaryimage\",\"url\":\"https:\/\/babylove.se\/no\/wp-content\/uploads\/sites\/3\/2025\/07\/5d63c93074f46.jpeg\",\"contentUrl\":\"https:\/\/babylove.se\/no\/wp-content\/uploads\/sites\/3\/2025\/07\/5d63c93074f46.jpeg\",\"width\":750,\"height\":750},{\"@type\":\"BreadcrumbList\",\"@id\":\"https:\/\/babylove.se\/no\/produkt\/hussang-koyeseng-mila-dmpa\/#breadcrumb\",\"itemListElement\":[{\"@type\":\"ListItem\",\"position\":1,\"name\":\"Hem\",\"item\":\"https:\/\/babylove.se\/no\/\"},{\"@type\":\"ListItem\",\"position\":2,\"name\":\"Butik\",\"item\":\"https:\/\/babylove.se\/no\/butik\/\"},{\"@type\":\"ListItem\",\"position\":3,\"name\":\"Husseng med loft, Mila DMPA\"}]},{\"@type\":\"WebSite\",\"@id\":\"https:\/\/babylove.se\/no\/#website\",\"url\":\"https:\/\/babylove.se\/no\/\",\"name\":\"Babylove Norska\",\"description\":\"\",\"potentialAction\":[{\"@type\":\"SearchAction\",\"target\":{\"@type\":\"EntryPoint\",\"urlTemplate\":\"https:\/\/babylove.se\/no\/?s={search_term_string}\"},\"query-input\":{\"@type\":\"PropertyValueSpecification\",\"valueRequired\":true,\"valueName\":\"search_term_string\"}}],\"inLanguage\":\"nb-NO\"}]}<\/script>\n<meta property=\"product:brand\" content=\"Adeko\" \/>\n<meta property=\"og:availability\" content=\"instock\" \/>\n<meta property=\"product:availability\" content=\"instock\" \/>\n<meta property=\"product:retailer_item_id\" content=\"DMPA-80x160-vit\" \/>\n<meta property=\"product:condition\" content=\"new\" \/>\n<!-- \/ Yoast SEO Premium plugin. -->","yoast_head_json":{"title":"Huss\u00e4ng lofts\u00e4ng, Mila DMPA - Fri Frakt !","description":"En fantastisk och smart huss\u00e4ng till barnrummet i form av en lofts\u00e4ng med vacker tr\u00e4ram och fint tak. Klarna faktura & Fri Frakt ! K\u00f6p den h\u00e4r !","robots":{"index":"noindex","follow":"follow","max-snippet":"max-snippet:-1","max-image-preview":"max-image-preview:large","max-video-preview":"max-video-preview:-1"},"og_locale":"nb_NO","og_type":"article","og_title":"Husseng med loft, Mila DMPA","og_description":"En fantastisk och smart huss\u00e4ng till barnrummet i form av en lofts\u00e4ng med vacker tr\u00e4ram och fint tak. Klarna faktura & Fri Frakt ! K\u00f6p den h\u00e4r !","og_url":"https:\/\/babylove.se\/no\/produkt\/hussang-koyeseng-mila-dmpa\/","og_site_name":"Babylove Norska","article_modified_time":"2026-04-08T07:43:39+00:00","og_image":[{"width":750,"height":750,"url":"https:\/\/babylove.se\/no\/wp-content\/uploads\/sites\/3\/2025\/07\/5d63c93074f46.jpeg","type":"image\/jpeg"}],"twitter_card":"summary_large_image","twitter_misc":{"Availability":"In stock"},"schema":{"@context":"https:\/\/schema.org","@graph":[{"@type":"WebPage","@id":"https:\/\/babylove.se\/no\/produkt\/hussang-koyeseng-mila-dmpa\/","url":"https:\/\/babylove.se\/no\/produkt\/hussang-koyeseng-mila-dmpa\/","name":"Huss\u00e4ng lofts\u00e4ng, Mila DMPA - Fri Frakt !","isPartOf":{"@id":"https:\/\/babylove.se\/no\/#website"},"primaryImageOfPage":{"@id":"https:\/\/babylove.se\/no\/produkt\/hussang-koyeseng-mila-dmpa\/#primaryimage"},"image":{"@id":"https:\/\/babylove.se\/no\/produkt\/hussang-koyeseng-mila-dmpa\/#primaryimage"},"thumbnailUrl":"https:\/\/babylove.se\/no\/wp-content\/uploads\/sites\/3\/2025\/07\/5d63c93074f46.jpeg","datePublished":"2025-07-18T19:49:16+00:00","dateModified":"2026-04-08T07:43:39+00:00","description":"En fantastisk och smart huss\u00e4ng till barnrummet i form av en lofts\u00e4ng med vacker tr\u00e4ram och fint tak. Klarna faktura & Fri Frakt ! K\u00f6p den h\u00e4r !","breadcrumb":{"@id":"https:\/\/babylove.se\/no\/produkt\/hussang-koyeseng-mila-dmpa\/#breadcrumb"},"inLanguage":"nb-NO","potentialAction":[{"@type":"ReadAction","target":["https:\/\/babylove.se\/no\/produkt\/hussang-koyeseng-mila-dmpa\/"]}]},{"@type":"ImageObject","inLanguage":"nb-NO","@id":"https:\/\/babylove.se\/no\/produkt\/hussang-koyeseng-mila-dmpa\/#primaryimage","url":"https:\/\/babylove.se\/no\/wp-content\/uploads\/sites\/3\/2025\/07\/5d63c93074f46.jpeg","contentUrl":"https:\/\/babylove.se\/no\/wp-content\/uploads\/sites\/3\/2025\/07\/5d63c93074f46.jpeg","width":750,"height":750},{"@type":"BreadcrumbList","@id":"https:\/\/babylove.se\/no\/produkt\/hussang-koyeseng-mila-dmpa\/#breadcrumb","itemListElement":[{"@type":"ListItem","position":1,"name":"Hem","item":"https:\/\/babylove.se\/no\/"},{"@type":"ListItem","position":2,"name":"Butik","item":"https:\/\/babylove.se\/no\/butik\/"},{"@type":"ListItem","position":3,"name":"Husseng med loft, Mila DMPA"}]},{"@type":"WebSite","@id":"https:\/\/babylove.se\/no\/#website","url":"https:\/\/babylove.se\/no\/","name":"Babylove Norska","description":"","potentialAction":[{"@type":"SearchAction","target":{"@type":"EntryPoint","urlTemplate":"https:\/\/babylove.se\/no\/?s={search_term_string}"},"query-input":{"@type":"PropertyValueSpecification","valueRequired":true,"valueName":"search_term_string"}}],"inLanguage":"nb-NO"}]},"product_brand":"Adeko","og_availability":"instock","product_availability":"instock","product_retailer_item_id":"DMPA-80x160-vit","product_condition":"new"},"_links":{"self":[{"href":"https:\/\/babylove.se\/no\/wp-json\/wp\/v2\/product\/8240","targetHints":{"allow":["GET"]}}],"collection":[{"href":"https:\/\/babylove.se\/no\/wp-json\/wp\/v2\/product"}],"about":[{"href":"https:\/\/babylove.se\/no\/wp-json\/wp\/v2\/types\/product"}],"replies":[{"embeddable":true,"href":"https:\/\/babylove.se\/no\/wp-json\/wp\/v2\/comments?post=8240"}],"wp:featuredmedia":[{"embeddable":true,"href":"https:\/\/babylove.se\/no\/wp-json\/wp\/v2\/media\/8242"}],"wp:attachment":[{"href":"https:\/\/babylove.se\/no\/wp-json\/wp\/v2\/media?parent=8240"}],"wp:term":[{"taxonomy":"product_brand","embeddable":true,"href":"https:\/\/babylove.se\/no\/wp-json\/wp\/v2\/product_brand?post=8240"},{"taxonomy":"product_cat","embeddable":true,"href":"https:\/\/babylove.se\/no\/wp-json\/wp\/v2\/product_cat?post=8240"},{"taxonomy":"product_tag","embeddable":true,"href":"https:\/\/babylove.se\/no\/wp-json\/wp\/v2\/product_tag?post=8240"}],"curies":[{"name":"wp","href":"https:\/\/api.w.org\/{rel}","templated":true}]}}