{"id":82421,"date":"2025-11-25T09:41:28","date_gmt":"2025-11-25T08:41:28","guid":{"rendered":"https:\/\/babylove.se\/?post_type=product&#038;p=82421"},"modified":"2026-04-08T14:38:31","modified_gmt":"2026-04-08T13:38:31","slug":"hus-av-nice-dukkehus-i-fransk-riviera-stil","status":"publish","type":"product","link":"https:\/\/babylove.se\/no\/produkt\/hus-av-nice-dukkehus-i-fransk-riviera-stil\/","title":{"rendered":"House of Nice \u2013 Dukkehus i fransk riviera-stil"},"content":{"rendered":"<p data-start=\"139\" data-end=\"427\"><strong data-start=\"139\" data-end=\"164\">House of Nice Dukkehus<\/strong> fanger magien fra den franske riviera og den elegante franske stilen i en vakker design med tre etasjer. Inspirert av romantikken i Nice kombinerer dette franske dukkehuset myke pastellfarger, elegante f\u00f6nsterluckor og detaljert trearbeid for et tidl\u00f8st uttrykk.<\/p>\n<p data-start=\"429\" data-end=\"718\">I f\u00f8rste etasje finner du en koselig stue og et fullt m\u00f8blert kj\u00f8kken. I andre etasje skaper det lyse soverommet og det lekne barnerommet en varm og inspirerende atmosf\u00e6re. Hvert rom er utformet for \u00e5 vekke kreativitet og inspirere til fortellinger \u2014 b\u00e5de for barn og voksne.<\/p>\n<p data-start=\"720\" data-end=\"1123\">Dette dukkehuset i French Riviera-stil er stabilt, portabelt og enkelt \u00e5 montere, s\u00e5 du kan ta med deg en touch av fransk sjarm hvor du enn vil. Alle vinduer, f\u00f6nsterluckor og d\u00f8rer er funksjonelle og gir en ekstra virkelighetsn\u00e6r f\u00f8lelse ved hver leketime. <strong data-start=\"977\" data-end=\"1002\">House of Nice Dukkehus<\/strong> leveres med en enkel monteringsguide via QR-kode og pakkes sikkert i en spesialtilvirket trekasse for langvarig beskyttelse.<\/p>\n<hr data-start=\"1125\" data-end=\"1128\" \/>\n<h3 data-start=\"1130\" data-end=\"1149\"><strong data-start=\"1134\" data-end=\"1149\">Dette er inkludert<\/strong><\/h3>\n<ul data-start=\"1151\" data-end=\"1345\">\n<li data-start=\"1151\" data-end=\"1249\">\n<p data-start=\"1153\" data-end=\"1249\">Alt interi\u00f8r og alle tilbeh\u00f8r som synes p\u00e5 bildene (dukkefamilie og LED-belysning er ikke inkludert).<\/p>\n<\/li>\n<li data-start=\"1250\" data-end=\"1301\">\n<p data-start=\"1252\" data-end=\"1301\">LED-belysning og dukkefamilie kan kj\u00f8pes separat.<\/p>\n<\/li>\n<li data-start=\"1302\" data-end=\"1345\">\n<p data-start=\"1304\" data-end=\"1345\">Anbefalt antall LED-lamper: <strong data-start=\"1336\" data-end=\"1344\">3 stk<\/strong>.<\/p>\n<\/li>\n<\/ul>\n<hr data-start=\"1347\" data-end=\"1350\" \/>\n<h3 data-start=\"1352\" data-end=\"1364\"><strong data-start=\"1356\" data-end=\"1364\">M\u00e5l<\/strong><\/h3>\n<ul data-start=\"1366\" data-end=\"1539\">\n<li data-start=\"1366\" data-end=\"1394\">\n<p data-start=\"1368\" data-end=\"1394\"><strong data-start=\"1368\" data-end=\"1377\">H\u00f8yde:<\/strong> 60 cm \/ 23.62\u2033<\/p>\n<\/li>\n<li data-start=\"1395\" data-end=\"1424\">\n<p data-start=\"1397\" data-end=\"1424\"><strong data-start=\"1397\" data-end=\"1407\">Bredde:<\/strong> 52 cm \/ 20.47\u2033<\/p>\n<\/li>\n<li data-start=\"1425\" data-end=\"1453\">\n<p data-start=\"1427\" data-end=\"1453\"><strong data-start=\"1427\" data-end=\"1436\">Dybde:<\/strong> 35 cm \/ 13.77\u2033<\/p>\n<\/li>\n<li data-start=\"1455\" data-end=\"1493\">\n<p data-start=\"1457\" data-end=\"1493\"><strong data-start=\"1457\" data-end=\"1473\">Produktvekt:<\/strong> 10 kg \/ 22.04 lbs<\/p>\n<\/li>\n<li data-start=\"1494\" data-end=\"1539\">\n<p data-start=\"1496\" data-end=\"1539\"><strong data-start=\"1496\" data-end=\"1517\">Emballasjevekt:<\/strong> 13.7 kg \/ 30.20 lbs<\/p>\n<\/li>\n<\/ul>\n<hr data-start=\"1541\" data-end=\"1544\" \/>\n<p data-start=\"1546\" data-end=\"1734\">Uansett om det er en spesiell gave, et midtpunkt i lekerommet eller et samletobjekt for dukkehus-entusiaster, vil <strong data-start=\"1661\" data-end=\"1686\">House of Nice Dukkehus<\/strong> bli verdsatt og bevart i mange \u00e5r fremover.<\/p>\n","protected":false},"excerpt":{"rendered":"<p>House of Nice Dukkehus fanger magien fra den franske riviera og den elegante franske stilen i en vakker design med tre etasjer. Inspirert av romantikken i Nice kombinerer dette franske dukkehuset myke pastellfarger, elegante f\u00f6nsterluckor og detaljert trearbeid for et tidl\u00f8st uttrykk. I f\u00f8rste etasje finner du en koselig stue og et fullt m\u00f8blert kj\u00f8kken. [&hellip;]<\/p>\n","protected":false},"featured_media":82425,"comment_status":"closed","ping_status":"closed","template":"","meta":{"_acf_changed":false},"product_brand":[],"product_cat":[89,72,1703,922],"product_tag":[],"class_list":{"0":"post-82421","1":"product","2":"type-product","3":"status-publish","4":"has-post-thumbnail","6":"product_cat-dukkehus","7":"product_cat-julegaver","8":"product_cat-little-forrest-animals","9":"product_cat-nyheter","11":"first","12":"instock","13":"taxable","14":"shipping-taxable","15":"purchasable","16":"product-type-variable"},"acf":[],"yoast_head":"<!-- This site is optimized with the Yoast SEO Premium plugin v25.8 (Yoast SEO v27.2) - https:\/\/yoast.com\/product\/yoast-seo-premium-wordpress\/ -->\n<title>House of Nice \u2013 Dukkehus i fransk riviera-stil - Babylove Norska<\/title>\n<meta name=\"robots\" content=\"noindex, follow, max-snippet:-1, max-image-preview:large, max-video-preview:-1\" \/>\n<meta property=\"og:locale\" content=\"nb_NO\" \/>\n<meta property=\"og:type\" content=\"article\" \/>\n<meta property=\"og:title\" content=\"House of Nice \u2013 Dukkehus i fransk riviera-stil\" \/>\n<meta property=\"og:description\" content=\"House of Nice Dukkehus fanger magien fra den franske riviera og den elegante franske stilen i en vakker design med tre etasjer. Inspirert av romantikken i Nice kombinerer dette franske dukkehuset myke pastellfarger, elegante f\u00f6nsterluckor og detaljert trearbeid for et tidl\u00f8st uttrykk. I f\u00f8rste etasje finner du en koselig stue og et fullt m\u00f8blert kj\u00f8kken. [&hellip;]\" \/>\n<meta property=\"og:url\" content=\"https:\/\/babylove.se\/no\/produkt\/hus-av-nice-dukkehus-i-fransk-riviera-stil\/\" \/>\n<meta property=\"og:site_name\" content=\"Babylove Norska\" \/>\n<meta property=\"article:modified_time\" content=\"2026-04-08T13:38:31+00:00\" \/>\n<meta property=\"og:image\" content=\"https:\/\/babylove.se\/no\/wp-content\/uploads\/sites\/3\/2025\/11\/HOUSE-0679-stor.jpeg\" \/>\n\t<meta property=\"og:image:width\" content=\"854\" \/>\n\t<meta property=\"og:image:height\" content=\"1280\" \/>\n\t<meta property=\"og:image:type\" content=\"image\/jpeg\" \/>\n<meta name=\"twitter:card\" content=\"summary_large_image\" \/>\n<meta name=\"twitter:label1\" content=\"Availability\" \/>\n\t<meta name=\"twitter:data1\" content=\"In stock\" \/>\n<script type=\"application\/ld+json\" class=\"yoast-schema-graph\">{\"@context\":\"https:\/\/schema.org\",\"@graph\":[{\"@type\":\"WebPage\",\"@id\":\"https:\/\/babylove.se\/no\/produkt\/hus-av-nice-dukkehus-i-fransk-riviera-stil\/\",\"url\":\"https:\/\/babylove.se\/no\/produkt\/hus-av-nice-dukkehus-i-fransk-riviera-stil\/\",\"name\":\"House of Nice \u2013 Dukkehus i fransk riviera-stil - Babylove Norska\",\"isPartOf\":{\"@id\":\"https:\/\/babylove.se\/no\/#website\"},\"primaryImageOfPage\":{\"@id\":\"https:\/\/babylove.se\/no\/produkt\/hus-av-nice-dukkehus-i-fransk-riviera-stil\/#primaryimage\"},\"image\":{\"@id\":\"https:\/\/babylove.se\/no\/produkt\/hus-av-nice-dukkehus-i-fransk-riviera-stil\/#primaryimage\"},\"thumbnailUrl\":\"https:\/\/babylove.se\/no\/wp-content\/uploads\/sites\/3\/2025\/11\/HOUSE-0679-stor.jpeg\",\"datePublished\":\"2025-11-25T08:41:28+00:00\",\"dateModified\":\"2026-04-08T13:38:31+00:00\",\"breadcrumb\":{\"@id\":\"https:\/\/babylove.se\/no\/produkt\/hus-av-nice-dukkehus-i-fransk-riviera-stil\/#breadcrumb\"},\"inLanguage\":\"nb-NO\",\"potentialAction\":[{\"@type\":\"ReadAction\",\"target\":[\"https:\/\/babylove.se\/no\/produkt\/hus-av-nice-dukkehus-i-fransk-riviera-stil\/\"]}]},{\"@type\":\"ImageObject\",\"inLanguage\":\"nb-NO\",\"@id\":\"https:\/\/babylove.se\/no\/produkt\/hus-av-nice-dukkehus-i-fransk-riviera-stil\/#primaryimage\",\"url\":\"https:\/\/babylove.se\/no\/wp-content\/uploads\/sites\/3\/2025\/11\/HOUSE-0679-stor.jpeg\",\"contentUrl\":\"https:\/\/babylove.se\/no\/wp-content\/uploads\/sites\/3\/2025\/11\/HOUSE-0679-stor.jpeg\",\"width\":854,\"height\":1280},{\"@type\":\"BreadcrumbList\",\"@id\":\"https:\/\/babylove.se\/no\/produkt\/hus-av-nice-dukkehus-i-fransk-riviera-stil\/#breadcrumb\",\"itemListElement\":[{\"@type\":\"ListItem\",\"position\":1,\"name\":\"Hem\",\"item\":\"https:\/\/babylove.se\/no\/\"},{\"@type\":\"ListItem\",\"position\":2,\"name\":\"Butik\",\"item\":\"https:\/\/babylove.se\/no\/butik\/\"},{\"@type\":\"ListItem\",\"position\":3,\"name\":\"House of Nice \u2013 Dukkehus i fransk riviera-stil\"}]},{\"@type\":\"WebSite\",\"@id\":\"https:\/\/babylove.se\/no\/#website\",\"url\":\"https:\/\/babylove.se\/no\/\",\"name\":\"Babylove Norska\",\"description\":\"\",\"potentialAction\":[{\"@type\":\"SearchAction\",\"target\":{\"@type\":\"EntryPoint\",\"urlTemplate\":\"https:\/\/babylove.se\/no\/?s={search_term_string}\"},\"query-input\":{\"@type\":\"PropertyValueSpecification\",\"valueRequired\":true,\"valueName\":\"search_term_string\"}}],\"inLanguage\":\"nb-NO\"}]}<\/script>\n<meta property=\"og:availability\" content=\"instock\" \/>\n<meta property=\"product:availability\" content=\"instock\" \/>\n<meta property=\"product:condition\" content=\"new\" \/>\n<!-- \/ Yoast SEO Premium plugin. -->","yoast_head_json":{"title":"House of Nice \u2013 Dukkehus i fransk riviera-stil - Babylove Norska","robots":{"index":"noindex","follow":"follow","max-snippet":"max-snippet:-1","max-image-preview":"max-image-preview:large","max-video-preview":"max-video-preview:-1"},"og_locale":"nb_NO","og_type":"article","og_title":"House of Nice \u2013 Dukkehus i fransk riviera-stil","og_description":"House of Nice Dukkehus fanger magien fra den franske riviera og den elegante franske stilen i en vakker design med tre etasjer. Inspirert av romantikken i Nice kombinerer dette franske dukkehuset myke pastellfarger, elegante f\u00f6nsterluckor og detaljert trearbeid for et tidl\u00f8st uttrykk. I f\u00f8rste etasje finner du en koselig stue og et fullt m\u00f8blert kj\u00f8kken. [&hellip;]","og_url":"https:\/\/babylove.se\/no\/produkt\/hus-av-nice-dukkehus-i-fransk-riviera-stil\/","og_site_name":"Babylove Norska","article_modified_time":"2026-04-08T13:38:31+00:00","og_image":[{"width":854,"height":1280,"url":"https:\/\/babylove.se\/no\/wp-content\/uploads\/sites\/3\/2025\/11\/HOUSE-0679-stor.jpeg","type":"image\/jpeg"}],"twitter_card":"summary_large_image","twitter_misc":{"Availability":"In stock"},"schema":{"@context":"https:\/\/schema.org","@graph":[{"@type":"WebPage","@id":"https:\/\/babylove.se\/no\/produkt\/hus-av-nice-dukkehus-i-fransk-riviera-stil\/","url":"https:\/\/babylove.se\/no\/produkt\/hus-av-nice-dukkehus-i-fransk-riviera-stil\/","name":"House of Nice \u2013 Dukkehus i fransk riviera-stil - Babylove Norska","isPartOf":{"@id":"https:\/\/babylove.se\/no\/#website"},"primaryImageOfPage":{"@id":"https:\/\/babylove.se\/no\/produkt\/hus-av-nice-dukkehus-i-fransk-riviera-stil\/#primaryimage"},"image":{"@id":"https:\/\/babylove.se\/no\/produkt\/hus-av-nice-dukkehus-i-fransk-riviera-stil\/#primaryimage"},"thumbnailUrl":"https:\/\/babylove.se\/no\/wp-content\/uploads\/sites\/3\/2025\/11\/HOUSE-0679-stor.jpeg","datePublished":"2025-11-25T08:41:28+00:00","dateModified":"2026-04-08T13:38:31+00:00","breadcrumb":{"@id":"https:\/\/babylove.se\/no\/produkt\/hus-av-nice-dukkehus-i-fransk-riviera-stil\/#breadcrumb"},"inLanguage":"nb-NO","potentialAction":[{"@type":"ReadAction","target":["https:\/\/babylove.se\/no\/produkt\/hus-av-nice-dukkehus-i-fransk-riviera-stil\/"]}]},{"@type":"ImageObject","inLanguage":"nb-NO","@id":"https:\/\/babylove.se\/no\/produkt\/hus-av-nice-dukkehus-i-fransk-riviera-stil\/#primaryimage","url":"https:\/\/babylove.se\/no\/wp-content\/uploads\/sites\/3\/2025\/11\/HOUSE-0679-stor.jpeg","contentUrl":"https:\/\/babylove.se\/no\/wp-content\/uploads\/sites\/3\/2025\/11\/HOUSE-0679-stor.jpeg","width":854,"height":1280},{"@type":"BreadcrumbList","@id":"https:\/\/babylove.se\/no\/produkt\/hus-av-nice-dukkehus-i-fransk-riviera-stil\/#breadcrumb","itemListElement":[{"@type":"ListItem","position":1,"name":"Hem","item":"https:\/\/babylove.se\/no\/"},{"@type":"ListItem","position":2,"name":"Butik","item":"https:\/\/babylove.se\/no\/butik\/"},{"@type":"ListItem","position":3,"name":"House of Nice \u2013 Dukkehus i fransk riviera-stil"}]},{"@type":"WebSite","@id":"https:\/\/babylove.se\/no\/#website","url":"https:\/\/babylove.se\/no\/","name":"Babylove Norska","description":"","potentialAction":[{"@type":"SearchAction","target":{"@type":"EntryPoint","urlTemplate":"https:\/\/babylove.se\/no\/?s={search_term_string}"},"query-input":{"@type":"PropertyValueSpecification","valueRequired":true,"valueName":"search_term_string"}}],"inLanguage":"nb-NO"}]},"og_availability":"instock","product_availability":"instock","product_condition":"new"},"_links":{"self":[{"href":"https:\/\/babylove.se\/no\/wp-json\/wp\/v2\/product\/82421","targetHints":{"allow":["GET"]}}],"collection":[{"href":"https:\/\/babylove.se\/no\/wp-json\/wp\/v2\/product"}],"about":[{"href":"https:\/\/babylove.se\/no\/wp-json\/wp\/v2\/types\/product"}],"replies":[{"embeddable":true,"href":"https:\/\/babylove.se\/no\/wp-json\/wp\/v2\/comments?post=82421"}],"wp:featuredmedia":[{"embeddable":true,"href":"https:\/\/babylove.se\/no\/wp-json\/wp\/v2\/media\/82425"}],"wp:attachment":[{"href":"https:\/\/babylove.se\/no\/wp-json\/wp\/v2\/media?parent=82421"}],"wp:term":[{"taxonomy":"product_brand","embeddable":true,"href":"https:\/\/babylove.se\/no\/wp-json\/wp\/v2\/product_brand?post=82421"},{"taxonomy":"product_cat","embeddable":true,"href":"https:\/\/babylove.se\/no\/wp-json\/wp\/v2\/product_cat?post=82421"},{"taxonomy":"product_tag","embeddable":true,"href":"https:\/\/babylove.se\/no\/wp-json\/wp\/v2\/product_tag?post=82421"}],"curies":[{"name":"wp","href":"https:\/\/api.w.org\/{rel}","templated":true}]}}