{"id":82437,"date":"2025-11-25T09:50:18","date_gmt":"2025-11-25T08:50:18","guid":{"rendered":"https:\/\/babylove.se\/?post_type=product&#038;p=82437"},"modified":"2026-04-08T14:38:34","modified_gmt":"2026-04-08T13:38:34","slug":"house-of-rome-italiensk-dukkehus-med-cafe-bakeri","status":"publish","type":"product","link":"https:\/\/babylove.se\/no\/produkt\/house-of-rome-italiensk-dukkehus-med-cafe-bakeri\/","title":{"rendered":"House of Rome \u2013 Italiensk dukkehus med kaf\u00e9 &#038; bakeri"},"content":{"rendered":"<p data-start=\"146\" data-end=\"446\"><strong data-start=\"146\" data-end=\"171\">House of Rome Dukkehus<\/strong> bringer Italias sjarm inn i et herlig to-etasjes hus med loft \u2014 en kombinasjon av stil, lekeglede og et snev av &#8220;La Dolce Vita&#8221;. Inspirert av livlige italienske gater og familiens hverdagsliv fanger dette italienske dukkehuset den varme og velkommen f\u00f8lelsen som preger Roma.<\/p>\n<p data-start=\"448\" data-end=\"778\">I f\u00f8rste etasje finner du et bakeri og en kaf\u00e9 inspirert av La Dolce Vita \u2014 perfekt for \u00e5 forestille seg livlige morgener og rolige ettermiddager. P\u00e5 neste etasje finner du et koselig soverom og en hjemmekoselig stue, og oppe p\u00e5 loftet er det et barnerom og et lekerom \u2014 ideelt for uendelige historier og lekestunder.<\/p>\n<p data-start=\"780\" data-end=\"977\">Alle vinduer, vinduslemmer og takdeler p\u00e5 <strong data-start=\"824\" data-end=\"849\">House of Rome Dukkehus<\/strong> er bevegelige, noe som gj\u00f8r leken mer interaktiv og levende. Montering og demontering er enkle og krever ingen avanserte verkt\u00f8y.<\/p>\n<p data-start=\"979\" data-end=\"1131\">Dukkehuset er laget av h\u00f8ykvalitets tre og malt med barnevennlige, sikre farger. Det er designet b\u00e5de for lek og som et dekorativt samleobjekt.<\/p>\n<hr data-start=\"1133\" data-end=\"1136\" \/>\n<h3 data-start=\"1138\" data-end=\"1157\"><strong data-start=\"1142\" data-end=\"1157\">Dette er inkludert<\/strong><\/h3>\n<p data-start=\"1159\" data-end=\"1315\">All st\u00f8rre m\u00f8blering og dekor som vises p\u00e5 bildene er inkludert<br data-start=\"1216\" data-end=\"1219\" \/>(<strong data-start=\"1220\" data-end=\"1231\">men ikke<\/strong> kaf\u00e9- og bakeriutstyr, porselenstilbeh\u00f8r, LED-belysning eller dukkefamilie).<\/p>\n<p data-start=\"1317\" data-end=\"1438\">LED-belysning og dukkefamilie kan kj\u00f8pes separat.<br data-start=\"1364\" data-end=\"1367\" \/>Anbefalt antall LED-lamper: <strong data-start=\"1399\" data-end=\"1407\">3 stk<\/strong> for den perfekte varme gl\u00f8d.<\/p>\n<hr data-start=\"1440\" data-end=\"1443\" \/>\n<h3 data-start=\"1445\" data-end=\"1457\"><strong data-start=\"1449\" data-end=\"1457\">M\u00e5l<\/strong><\/h3>\n<ul data-start=\"1459\" data-end=\"1582\">\n<li data-start=\"1459\" data-end=\"1490\">\n<p data-start=\"1461\" data-end=\"1490\"><strong data-start=\"1461\" data-end=\"1470\">Vekt:<\/strong> 31 kg (68.34 lbs)<\/p>\n<\/li>\n<li data-start=\"1491\" data-end=\"1521\">\n<p data-start=\"1493\" data-end=\"1521\"><strong data-start=\"1493\" data-end=\"1502\">H\u00f8yde:<\/strong> 82 cm (32.28 in)<\/p>\n<\/li>\n<li data-start=\"1522\" data-end=\"1553\">\n<p data-start=\"1524\" data-end=\"1553\"><strong data-start=\"1524\" data-end=\"1534\">Bredde:<\/strong> 70 cm (27.56 in)<\/p>\n<\/li>\n<li data-start=\"1554\" data-end=\"1582\">\n<p data-start=\"1556\" data-end=\"1582\"><strong data-start=\"1556\" data-end=\"1565\">Dybde:<\/strong> 40 cm (15.75 in)<\/p>\n<\/li>\n<\/ul>\n<hr data-start=\"1584\" data-end=\"1587\" \/>\n<p data-start=\"1589\" data-end=\"1739\">Uansett om det er en minneverdig gave eller et unikt samleobjekt er <strong data-start=\"1658\" data-end=\"1683\">House of Rome Dukkehus<\/strong> et karakterfullt tilskudd til enhver dukkehussamling.<\/p>\n","protected":false},"excerpt":{"rendered":"<p>House of Rome Dukkehus bringer Italias sjarm inn i et herlig to-etasjes hus med loft \u2014 en kombinasjon av stil, lekeglede og et snev av &#8220;La Dolce Vita&#8221;. Inspirert av livlige italienske gater og familiens hverdagsliv fanger dette italienske dukkehuset den varme og velkommen f\u00f8lelsen som preger Roma. I f\u00f8rste etasje finner du et bakeri [&hellip;]<\/p>\n","protected":false},"featured_media":82451,"comment_status":"closed","ping_status":"closed","template":"","meta":{"_acf_changed":false},"product_brand":[],"product_cat":[89,72,1703,922],"product_tag":[],"class_list":{"0":"post-82437","1":"product","2":"type-product","3":"status-publish","4":"has-post-thumbnail","6":"product_cat-dukkehus","7":"product_cat-julegaver","8":"product_cat-little-forrest-animals","9":"product_cat-nyheter","11":"first","12":"instock","13":"taxable","14":"shipping-taxable","15":"purchasable","16":"product-type-variable"},"acf":[],"yoast_head":"<!-- This site is optimized with the Yoast SEO Premium plugin v25.8 (Yoast SEO v27.2) - https:\/\/yoast.com\/product\/yoast-seo-premium-wordpress\/ -->\n<title>House of Rome \u2013 Italiensk dukkehus med kaf\u00e9 &amp; bakeri - Babylove Norska<\/title>\n<meta name=\"robots\" content=\"noindex, follow, max-snippet:-1, max-image-preview:large, max-video-preview:-1\" \/>\n<meta property=\"og:locale\" content=\"nb_NO\" \/>\n<meta property=\"og:type\" content=\"article\" \/>\n<meta property=\"og:title\" content=\"House of Rome \u2013 Italiensk dukkehus med kaf\u00e9 &amp; bakeri\" \/>\n<meta property=\"og:description\" content=\"House of Rome Dukkehus bringer Italias sjarm inn i et herlig to-etasjes hus med loft \u2014 en kombinasjon av stil, lekeglede og et snev av &#8220;La Dolce Vita&#8221;. Inspirert av livlige italienske gater og familiens hverdagsliv fanger dette italienske dukkehuset den varme og velkommen f\u00f8lelsen som preger Roma. I f\u00f8rste etasje finner du et bakeri [&hellip;]\" \/>\n<meta property=\"og:url\" content=\"https:\/\/babylove.se\/no\/produkt\/house-of-rome-italiensk-dukkehus-med-cafe-bakeri\/\" \/>\n<meta property=\"og:site_name\" content=\"Babylove Norska\" \/>\n<meta property=\"article:modified_time\" content=\"2026-04-08T13:38:34+00:00\" \/>\n<meta property=\"og:image\" content=\"https:\/\/babylove.se\/no\/wp-content\/uploads\/sites\/3\/2025\/11\/HOUSE-0842-stor.jpeg\" \/>\n\t<meta property=\"og:image:width\" content=\"854\" \/>\n\t<meta property=\"og:image:height\" content=\"1280\" \/>\n\t<meta property=\"og:image:type\" content=\"image\/jpeg\" \/>\n<meta name=\"twitter:card\" content=\"summary_large_image\" \/>\n<meta name=\"twitter:label1\" content=\"Availability\" \/>\n\t<meta name=\"twitter:data1\" content=\"In stock\" \/>\n<script type=\"application\/ld+json\" class=\"yoast-schema-graph\">{\"@context\":\"https:\/\/schema.org\",\"@graph\":[{\"@type\":\"WebPage\",\"@id\":\"https:\/\/babylove.se\/no\/produkt\/house-of-rome-italiensk-dukkehus-med-cafe-bakeri\/\",\"url\":\"https:\/\/babylove.se\/no\/produkt\/house-of-rome-italiensk-dukkehus-med-cafe-bakeri\/\",\"name\":\"House of Rome \u2013 Italiensk dukkehus med kaf\u00e9 & bakeri - Babylove Norska\",\"isPartOf\":{\"@id\":\"https:\/\/babylove.se\/no\/#website\"},\"primaryImageOfPage\":{\"@id\":\"https:\/\/babylove.se\/no\/produkt\/house-of-rome-italiensk-dukkehus-med-cafe-bakeri\/#primaryimage\"},\"image\":{\"@id\":\"https:\/\/babylove.se\/no\/produkt\/house-of-rome-italiensk-dukkehus-med-cafe-bakeri\/#primaryimage\"},\"thumbnailUrl\":\"https:\/\/babylove.se\/no\/wp-content\/uploads\/sites\/3\/2025\/11\/HOUSE-0842-stor.jpeg\",\"datePublished\":\"2025-11-25T08:50:18+00:00\",\"dateModified\":\"2026-04-08T13:38:34+00:00\",\"breadcrumb\":{\"@id\":\"https:\/\/babylove.se\/no\/produkt\/house-of-rome-italiensk-dukkehus-med-cafe-bakeri\/#breadcrumb\"},\"inLanguage\":\"nb-NO\",\"potentialAction\":[{\"@type\":\"ReadAction\",\"target\":[\"https:\/\/babylove.se\/no\/produkt\/house-of-rome-italiensk-dukkehus-med-cafe-bakeri\/\"]}]},{\"@type\":\"ImageObject\",\"inLanguage\":\"nb-NO\",\"@id\":\"https:\/\/babylove.se\/no\/produkt\/house-of-rome-italiensk-dukkehus-med-cafe-bakeri\/#primaryimage\",\"url\":\"https:\/\/babylove.se\/no\/wp-content\/uploads\/sites\/3\/2025\/11\/HOUSE-0842-stor.jpeg\",\"contentUrl\":\"https:\/\/babylove.se\/no\/wp-content\/uploads\/sites\/3\/2025\/11\/HOUSE-0842-stor.jpeg\",\"width\":854,\"height\":1280},{\"@type\":\"BreadcrumbList\",\"@id\":\"https:\/\/babylove.se\/no\/produkt\/house-of-rome-italiensk-dukkehus-med-cafe-bakeri\/#breadcrumb\",\"itemListElement\":[{\"@type\":\"ListItem\",\"position\":1,\"name\":\"Hem\",\"item\":\"https:\/\/babylove.se\/no\/\"},{\"@type\":\"ListItem\",\"position\":2,\"name\":\"Butik\",\"item\":\"https:\/\/babylove.se\/no\/butik\/\"},{\"@type\":\"ListItem\",\"position\":3,\"name\":\"House of Rome \u2013 Italiensk dukkehus med kaf\u00e9 &#038; bakeri\"}]},{\"@type\":\"WebSite\",\"@id\":\"https:\/\/babylove.se\/no\/#website\",\"url\":\"https:\/\/babylove.se\/no\/\",\"name\":\"Babylove Norska\",\"description\":\"\",\"potentialAction\":[{\"@type\":\"SearchAction\",\"target\":{\"@type\":\"EntryPoint\",\"urlTemplate\":\"https:\/\/babylove.se\/no\/?s={search_term_string}\"},\"query-input\":{\"@type\":\"PropertyValueSpecification\",\"valueRequired\":true,\"valueName\":\"search_term_string\"}}],\"inLanguage\":\"nb-NO\"}]}<\/script>\n<meta property=\"og:availability\" content=\"instock\" \/>\n<meta property=\"product:availability\" content=\"instock\" \/>\n<meta property=\"product:condition\" content=\"new\" \/>\n<!-- \/ Yoast SEO Premium plugin. -->","yoast_head_json":{"title":"House of Rome \u2013 Italiensk dukkehus med kaf\u00e9 & bakeri - Babylove Norska","robots":{"index":"noindex","follow":"follow","max-snippet":"max-snippet:-1","max-image-preview":"max-image-preview:large","max-video-preview":"max-video-preview:-1"},"og_locale":"nb_NO","og_type":"article","og_title":"House of Rome \u2013 Italiensk dukkehus med kaf\u00e9 & bakeri","og_description":"House of Rome Dukkehus bringer Italias sjarm inn i et herlig to-etasjes hus med loft \u2014 en kombinasjon av stil, lekeglede og et snev av &#8220;La Dolce Vita&#8221;. Inspirert av livlige italienske gater og familiens hverdagsliv fanger dette italienske dukkehuset den varme og velkommen f\u00f8lelsen som preger Roma. I f\u00f8rste etasje finner du et bakeri [&hellip;]","og_url":"https:\/\/babylove.se\/no\/produkt\/house-of-rome-italiensk-dukkehus-med-cafe-bakeri\/","og_site_name":"Babylove Norska","article_modified_time":"2026-04-08T13:38:34+00:00","og_image":[{"width":854,"height":1280,"url":"https:\/\/babylove.se\/no\/wp-content\/uploads\/sites\/3\/2025\/11\/HOUSE-0842-stor.jpeg","type":"image\/jpeg"}],"twitter_card":"summary_large_image","twitter_misc":{"Availability":"In stock"},"schema":{"@context":"https:\/\/schema.org","@graph":[{"@type":"WebPage","@id":"https:\/\/babylove.se\/no\/produkt\/house-of-rome-italiensk-dukkehus-med-cafe-bakeri\/","url":"https:\/\/babylove.se\/no\/produkt\/house-of-rome-italiensk-dukkehus-med-cafe-bakeri\/","name":"House of Rome \u2013 Italiensk dukkehus med kaf\u00e9 & bakeri - Babylove Norska","isPartOf":{"@id":"https:\/\/babylove.se\/no\/#website"},"primaryImageOfPage":{"@id":"https:\/\/babylove.se\/no\/produkt\/house-of-rome-italiensk-dukkehus-med-cafe-bakeri\/#primaryimage"},"image":{"@id":"https:\/\/babylove.se\/no\/produkt\/house-of-rome-italiensk-dukkehus-med-cafe-bakeri\/#primaryimage"},"thumbnailUrl":"https:\/\/babylove.se\/no\/wp-content\/uploads\/sites\/3\/2025\/11\/HOUSE-0842-stor.jpeg","datePublished":"2025-11-25T08:50:18+00:00","dateModified":"2026-04-08T13:38:34+00:00","breadcrumb":{"@id":"https:\/\/babylove.se\/no\/produkt\/house-of-rome-italiensk-dukkehus-med-cafe-bakeri\/#breadcrumb"},"inLanguage":"nb-NO","potentialAction":[{"@type":"ReadAction","target":["https:\/\/babylove.se\/no\/produkt\/house-of-rome-italiensk-dukkehus-med-cafe-bakeri\/"]}]},{"@type":"ImageObject","inLanguage":"nb-NO","@id":"https:\/\/babylove.se\/no\/produkt\/house-of-rome-italiensk-dukkehus-med-cafe-bakeri\/#primaryimage","url":"https:\/\/babylove.se\/no\/wp-content\/uploads\/sites\/3\/2025\/11\/HOUSE-0842-stor.jpeg","contentUrl":"https:\/\/babylove.se\/no\/wp-content\/uploads\/sites\/3\/2025\/11\/HOUSE-0842-stor.jpeg","width":854,"height":1280},{"@type":"BreadcrumbList","@id":"https:\/\/babylove.se\/no\/produkt\/house-of-rome-italiensk-dukkehus-med-cafe-bakeri\/#breadcrumb","itemListElement":[{"@type":"ListItem","position":1,"name":"Hem","item":"https:\/\/babylove.se\/no\/"},{"@type":"ListItem","position":2,"name":"Butik","item":"https:\/\/babylove.se\/no\/butik\/"},{"@type":"ListItem","position":3,"name":"House of Rome \u2013 Italiensk dukkehus med kaf\u00e9 &#038; bakeri"}]},{"@type":"WebSite","@id":"https:\/\/babylove.se\/no\/#website","url":"https:\/\/babylove.se\/no\/","name":"Babylove Norska","description":"","potentialAction":[{"@type":"SearchAction","target":{"@type":"EntryPoint","urlTemplate":"https:\/\/babylove.se\/no\/?s={search_term_string}"},"query-input":{"@type":"PropertyValueSpecification","valueRequired":true,"valueName":"search_term_string"}}],"inLanguage":"nb-NO"}]},"og_availability":"instock","product_availability":"instock","product_condition":"new"},"_links":{"self":[{"href":"https:\/\/babylove.se\/no\/wp-json\/wp\/v2\/product\/82437","targetHints":{"allow":["GET"]}}],"collection":[{"href":"https:\/\/babylove.se\/no\/wp-json\/wp\/v2\/product"}],"about":[{"href":"https:\/\/babylove.se\/no\/wp-json\/wp\/v2\/types\/product"}],"replies":[{"embeddable":true,"href":"https:\/\/babylove.se\/no\/wp-json\/wp\/v2\/comments?post=82437"}],"wp:featuredmedia":[{"embeddable":true,"href":"https:\/\/babylove.se\/no\/wp-json\/wp\/v2\/media\/82451"}],"wp:attachment":[{"href":"https:\/\/babylove.se\/no\/wp-json\/wp\/v2\/media?parent=82437"}],"wp:term":[{"taxonomy":"product_brand","embeddable":true,"href":"https:\/\/babylove.se\/no\/wp-json\/wp\/v2\/product_brand?post=82437"},{"taxonomy":"product_cat","embeddable":true,"href":"https:\/\/babylove.se\/no\/wp-json\/wp\/v2\/product_cat?post=82437"},{"taxonomy":"product_tag","embeddable":true,"href":"https:\/\/babylove.se\/no\/wp-json\/wp\/v2\/product_tag?post=82437"}],"curies":[{"name":"wp","href":"https:\/\/api.w.org\/{rel}","templated":true}]}}