{"id":82458,"date":"2025-11-25T09:52:54","date_gmt":"2025-11-25T08:52:54","guid":{"rendered":"https:\/\/babylove.se\/?post_type=product&#038;p=82458"},"modified":"2026-04-08T14:38:37","modified_gmt":"2026-04-08T13:38:37","slug":"house-of-new-york-gigantisk-dukkehus","status":"publish","type":"product","link":"https:\/\/babylove.se\/no\/produkt\/house-of-new-york-gigantisk-dukkehus\/","title":{"rendered":"House of New York \u2013 Gigantisk dukkehus"},"content":{"rendered":"<p data-start=\"132\" data-end=\"235\"><strong data-start=\"186\" data-end=\"235\">House of New York \u2013 det gigantiske dukkehuset!<\/strong><\/p>\n<p data-start=\"237\" data-end=\"472\">Med kjeller, entresol og loft \u2014 totalt <strong data-start=\"283\" data-end=\"299\">seks etasjer<\/strong> \u2014 er dette h\u00e5ndlagde dukkehuset et av verdens st\u00f8rste luksusdukkehus. Inspirert av ikonisk New York-arkitektur tilbyr det en fortryllende opplevelse for b\u00e5de barn og voksne.<\/p>\n<hr data-start=\"474\" data-end=\"477\" \/>\n<h3 data-start=\"479\" data-end=\"517\"><strong data-start=\"483\" data-end=\"517\">Et kunstverk for generasjoner<\/strong><\/h3>\n<p data-start=\"519\" data-end=\"664\">Utformet for \u00e5 g\u00e5 i arv, er <strong data-start=\"549\" data-end=\"586\">House of New York Giant Dollhouse<\/strong> helt h\u00e5ndlaget og fullt av vakkert dekorerte m\u00f8bler. Det \u00f8nsker deg velkommen med:<\/p>\n<ul data-start=\"666\" data-end=\"905\">\n<li data-start=\"666\" data-end=\"706\">\n<p data-start=\"668\" data-end=\"706\">Stue og kj\u00f8kken p\u00e5 f\u00f8rste etasje<\/p>\n<\/li>\n<li data-start=\"707\" data-end=\"752\">\n<p data-start=\"709\" data-end=\"752\">Arbeidsrom og bibliotek p\u00e5 entresol<\/p>\n<\/li>\n<li data-start=\"753\" data-end=\"795\">\n<p data-start=\"755\" data-end=\"795\">Barnerom og gjesterom p\u00e5 andre etasje<\/p>\n<\/li>\n<li data-start=\"796\" data-end=\"835\">\n<p data-start=\"798\" data-end=\"835\">Lekerom og bad p\u00e5 tredje etasje<\/p>\n<\/li>\n<li data-start=\"836\" data-end=\"863\">\n<p data-start=\"838\" data-end=\"863\">Koselig soverom p\u00e5 loftet<\/p>\n<\/li>\n<li data-start=\"864\" data-end=\"905\">\n<p data-start=\"866\" data-end=\"905\">Romslig oppbevaringsplass i kjelleren<\/p>\n<\/li>\n<\/ul>\n<hr data-start=\"907\" data-end=\"910\" \/>\n<h3 data-start=\"912\" data-end=\"943\"><strong data-start=\"916\" data-end=\"943\">H\u00f8y kvalitet &amp; sikkerhet<\/strong><\/h3>\n<p data-start=\"945\" data-end=\"1182\">Dukkehuset er laget av premiummateriale i tre og malt med EN71-sertifiserte, barnevennlige farger. Det oppfyller EUs sikkerhetsstandarder og er b\u00e5de stabilt og langvarig.<br data-start=\"1120\" data-end=\"1123\" \/>Monteringen er enkel \u2014 ingen skruer, spiker eller lim trengs.<\/p>\n<p data-start=\"1184\" data-end=\"1232\">Dukkefigurer og LED-belysning kan kj\u00f8pes separat.<\/p>\n<hr data-start=\"1234\" data-end=\"1237\" \/>\n<h3 data-start=\"1239\" data-end=\"1251\"><strong data-start=\"1243\" data-end=\"1251\">M\u00e5l<\/strong><\/h3>\n<ul data-start=\"1253\" data-end=\"1371\">\n<li data-start=\"1253\" data-end=\"1279\">\n<p data-start=\"1255\" data-end=\"1279\"><strong data-start=\"1255\" data-end=\"1264\">H\u00f8yde:<\/strong> 127 cm \/ 50\u2033<\/p>\n<\/li>\n<li data-start=\"1280\" data-end=\"1308\">\n<p data-start=\"1282\" data-end=\"1308\"><strong data-start=\"1282\" data-end=\"1291\">Dybde:<\/strong> 51 cm \/ 20.07\u2033<\/p>\n<\/li>\n<li data-start=\"1309\" data-end=\"1338\">\n<p data-start=\"1311\" data-end=\"1338\"><strong data-start=\"1311\" data-end=\"1321\">Bredde:<\/strong> 84 cm \/ 33.07\u2033<\/p>\n<\/li>\n<li data-start=\"1339\" data-end=\"1371\">\n<p data-start=\"1341\" data-end=\"1371\"><strong data-start=\"1341\" data-end=\"1350\">Vekt:<\/strong> 54 kg \/ 119.05 lbs<\/p>\n<\/li>\n<\/ul>\n","protected":false},"excerpt":{"rendered":"<p>House of New York \u2013 det gigantiske dukkehuset! Med kjeller, entresol og loft \u2014 totalt seks etasjer \u2014 er dette h\u00e5ndlagde dukkehuset et av verdens st\u00f8rste luksusdukkehus. Inspirert av ikonisk New York-arkitektur tilbyr det en fortryllende opplevelse for b\u00e5de barn og voksne. Et kunstverk for generasjoner Utformet for \u00e5 g\u00e5 i arv, er House of [&hellip;]<\/p>\n","protected":false},"featured_media":82459,"comment_status":"closed","ping_status":"closed","template":"","meta":{"_acf_changed":false},"product_brand":[],"product_cat":[89,72,1703,922],"product_tag":[],"class_list":{"0":"post-82458","1":"product","2":"type-product","3":"status-publish","4":"has-post-thumbnail","6":"product_cat-dukkehus","7":"product_cat-julegaver","8":"product_cat-little-forrest-animals","9":"product_cat-nyheter","11":"first","12":"instock","13":"taxable","14":"shipping-taxable","15":"purchasable","16":"product-type-variable"},"acf":[],"yoast_head":"<!-- This site is optimized with the Yoast SEO Premium plugin v25.8 (Yoast SEO v27.2) - https:\/\/yoast.com\/product\/yoast-seo-premium-wordpress\/ -->\n<title>House of New York \u2013 Gigantisk dukkehus - Babylove Norska<\/title>\n<meta name=\"robots\" content=\"noindex, follow, max-snippet:-1, max-image-preview:large, max-video-preview:-1\" \/>\n<meta property=\"og:locale\" content=\"nb_NO\" \/>\n<meta property=\"og:type\" content=\"article\" \/>\n<meta property=\"og:title\" content=\"House of New York \u2013 Gigantisk dukkehus\" \/>\n<meta property=\"og:description\" content=\"House of New York \u2013 det gigantiske dukkehuset! Med kjeller, entresol og loft \u2014 totalt seks etasjer \u2014 er dette h\u00e5ndlagde dukkehuset et av verdens st\u00f8rste luksusdukkehus. Inspirert av ikonisk New York-arkitektur tilbyr det en fortryllende opplevelse for b\u00e5de barn og voksne. Et kunstverk for generasjoner Utformet for \u00e5 g\u00e5 i arv, er House of [&hellip;]\" \/>\n<meta property=\"og:url\" content=\"https:\/\/babylove.se\/no\/produkt\/house-of-new-york-gigantisk-dukkehus\/\" \/>\n<meta property=\"og:site_name\" content=\"Babylove Norska\" \/>\n<meta property=\"article:modified_time\" content=\"2026-04-08T13:38:37+00:00\" \/>\n<meta property=\"og:image\" content=\"https:\/\/babylove.se\/no\/wp-content\/uploads\/sites\/3\/2025\/11\/HOUSE-0423-stor.jpeg\" \/>\n\t<meta property=\"og:image:width\" content=\"854\" \/>\n\t<meta property=\"og:image:height\" content=\"1280\" \/>\n\t<meta property=\"og:image:type\" content=\"image\/jpeg\" \/>\n<meta name=\"twitter:card\" content=\"summary_large_image\" \/>\n<meta name=\"twitter:label1\" content=\"Availability\" \/>\n\t<meta name=\"twitter:data1\" content=\"In stock\" \/>\n<script type=\"application\/ld+json\" class=\"yoast-schema-graph\">{\"@context\":\"https:\/\/schema.org\",\"@graph\":[{\"@type\":\"WebPage\",\"@id\":\"https:\/\/babylove.se\/no\/produkt\/house-of-new-york-gigantisk-dukkehus\/\",\"url\":\"https:\/\/babylove.se\/no\/produkt\/house-of-new-york-gigantisk-dukkehus\/\",\"name\":\"House of New York \u2013 Gigantisk dukkehus - Babylove Norska\",\"isPartOf\":{\"@id\":\"https:\/\/babylove.se\/no\/#website\"},\"primaryImageOfPage\":{\"@id\":\"https:\/\/babylove.se\/no\/produkt\/house-of-new-york-gigantisk-dukkehus\/#primaryimage\"},\"image\":{\"@id\":\"https:\/\/babylove.se\/no\/produkt\/house-of-new-york-gigantisk-dukkehus\/#primaryimage\"},\"thumbnailUrl\":\"https:\/\/babylove.se\/no\/wp-content\/uploads\/sites\/3\/2025\/11\/HOUSE-0423-stor.jpeg\",\"datePublished\":\"2025-11-25T08:52:54+00:00\",\"dateModified\":\"2026-04-08T13:38:37+00:00\",\"breadcrumb\":{\"@id\":\"https:\/\/babylove.se\/no\/produkt\/house-of-new-york-gigantisk-dukkehus\/#breadcrumb\"},\"inLanguage\":\"nb-NO\",\"potentialAction\":[{\"@type\":\"ReadAction\",\"target\":[\"https:\/\/babylove.se\/no\/produkt\/house-of-new-york-gigantisk-dukkehus\/\"]}]},{\"@type\":\"ImageObject\",\"inLanguage\":\"nb-NO\",\"@id\":\"https:\/\/babylove.se\/no\/produkt\/house-of-new-york-gigantisk-dukkehus\/#primaryimage\",\"url\":\"https:\/\/babylove.se\/no\/wp-content\/uploads\/sites\/3\/2025\/11\/HOUSE-0423-stor.jpeg\",\"contentUrl\":\"https:\/\/babylove.se\/no\/wp-content\/uploads\/sites\/3\/2025\/11\/HOUSE-0423-stor.jpeg\",\"width\":854,\"height\":1280},{\"@type\":\"BreadcrumbList\",\"@id\":\"https:\/\/babylove.se\/no\/produkt\/house-of-new-york-gigantisk-dukkehus\/#breadcrumb\",\"itemListElement\":[{\"@type\":\"ListItem\",\"position\":1,\"name\":\"Hem\",\"item\":\"https:\/\/babylove.se\/no\/\"},{\"@type\":\"ListItem\",\"position\":2,\"name\":\"Butik\",\"item\":\"https:\/\/babylove.se\/no\/butik\/\"},{\"@type\":\"ListItem\",\"position\":3,\"name\":\"House of New York \u2013 Gigantisk dukkehus\"}]},{\"@type\":\"WebSite\",\"@id\":\"https:\/\/babylove.se\/no\/#website\",\"url\":\"https:\/\/babylove.se\/no\/\",\"name\":\"Babylove Norska\",\"description\":\"\",\"potentialAction\":[{\"@type\":\"SearchAction\",\"target\":{\"@type\":\"EntryPoint\",\"urlTemplate\":\"https:\/\/babylove.se\/no\/?s={search_term_string}\"},\"query-input\":{\"@type\":\"PropertyValueSpecification\",\"valueRequired\":true,\"valueName\":\"search_term_string\"}}],\"inLanguage\":\"nb-NO\"}]}<\/script>\n<meta property=\"og:availability\" content=\"instock\" \/>\n<meta property=\"product:availability\" content=\"instock\" \/>\n<meta property=\"product:condition\" content=\"new\" \/>\n<!-- \/ Yoast SEO Premium plugin. -->","yoast_head_json":{"title":"House of New York \u2013 Gigantisk dukkehus - Babylove Norska","robots":{"index":"noindex","follow":"follow","max-snippet":"max-snippet:-1","max-image-preview":"max-image-preview:large","max-video-preview":"max-video-preview:-1"},"og_locale":"nb_NO","og_type":"article","og_title":"House of New York \u2013 Gigantisk dukkehus","og_description":"House of New York \u2013 det gigantiske dukkehuset! Med kjeller, entresol og loft \u2014 totalt seks etasjer \u2014 er dette h\u00e5ndlagde dukkehuset et av verdens st\u00f8rste luksusdukkehus. Inspirert av ikonisk New York-arkitektur tilbyr det en fortryllende opplevelse for b\u00e5de barn og voksne. Et kunstverk for generasjoner Utformet for \u00e5 g\u00e5 i arv, er House of [&hellip;]","og_url":"https:\/\/babylove.se\/no\/produkt\/house-of-new-york-gigantisk-dukkehus\/","og_site_name":"Babylove Norska","article_modified_time":"2026-04-08T13:38:37+00:00","og_image":[{"width":854,"height":1280,"url":"https:\/\/babylove.se\/no\/wp-content\/uploads\/sites\/3\/2025\/11\/HOUSE-0423-stor.jpeg","type":"image\/jpeg"}],"twitter_card":"summary_large_image","twitter_misc":{"Availability":"In stock"},"schema":{"@context":"https:\/\/schema.org","@graph":[{"@type":"WebPage","@id":"https:\/\/babylove.se\/no\/produkt\/house-of-new-york-gigantisk-dukkehus\/","url":"https:\/\/babylove.se\/no\/produkt\/house-of-new-york-gigantisk-dukkehus\/","name":"House of New York \u2013 Gigantisk dukkehus - Babylove Norska","isPartOf":{"@id":"https:\/\/babylove.se\/no\/#website"},"primaryImageOfPage":{"@id":"https:\/\/babylove.se\/no\/produkt\/house-of-new-york-gigantisk-dukkehus\/#primaryimage"},"image":{"@id":"https:\/\/babylove.se\/no\/produkt\/house-of-new-york-gigantisk-dukkehus\/#primaryimage"},"thumbnailUrl":"https:\/\/babylove.se\/no\/wp-content\/uploads\/sites\/3\/2025\/11\/HOUSE-0423-stor.jpeg","datePublished":"2025-11-25T08:52:54+00:00","dateModified":"2026-04-08T13:38:37+00:00","breadcrumb":{"@id":"https:\/\/babylove.se\/no\/produkt\/house-of-new-york-gigantisk-dukkehus\/#breadcrumb"},"inLanguage":"nb-NO","potentialAction":[{"@type":"ReadAction","target":["https:\/\/babylove.se\/no\/produkt\/house-of-new-york-gigantisk-dukkehus\/"]}]},{"@type":"ImageObject","inLanguage":"nb-NO","@id":"https:\/\/babylove.se\/no\/produkt\/house-of-new-york-gigantisk-dukkehus\/#primaryimage","url":"https:\/\/babylove.se\/no\/wp-content\/uploads\/sites\/3\/2025\/11\/HOUSE-0423-stor.jpeg","contentUrl":"https:\/\/babylove.se\/no\/wp-content\/uploads\/sites\/3\/2025\/11\/HOUSE-0423-stor.jpeg","width":854,"height":1280},{"@type":"BreadcrumbList","@id":"https:\/\/babylove.se\/no\/produkt\/house-of-new-york-gigantisk-dukkehus\/#breadcrumb","itemListElement":[{"@type":"ListItem","position":1,"name":"Hem","item":"https:\/\/babylove.se\/no\/"},{"@type":"ListItem","position":2,"name":"Butik","item":"https:\/\/babylove.se\/no\/butik\/"},{"@type":"ListItem","position":3,"name":"House of New York \u2013 Gigantisk dukkehus"}]},{"@type":"WebSite","@id":"https:\/\/babylove.se\/no\/#website","url":"https:\/\/babylove.se\/no\/","name":"Babylove Norska","description":"","potentialAction":[{"@type":"SearchAction","target":{"@type":"EntryPoint","urlTemplate":"https:\/\/babylove.se\/no\/?s={search_term_string}"},"query-input":{"@type":"PropertyValueSpecification","valueRequired":true,"valueName":"search_term_string"}}],"inLanguage":"nb-NO"}]},"og_availability":"instock","product_availability":"instock","product_condition":"new"},"_links":{"self":[{"href":"https:\/\/babylove.se\/no\/wp-json\/wp\/v2\/product\/82458","targetHints":{"allow":["GET"]}}],"collection":[{"href":"https:\/\/babylove.se\/no\/wp-json\/wp\/v2\/product"}],"about":[{"href":"https:\/\/babylove.se\/no\/wp-json\/wp\/v2\/types\/product"}],"replies":[{"embeddable":true,"href":"https:\/\/babylove.se\/no\/wp-json\/wp\/v2\/comments?post=82458"}],"wp:featuredmedia":[{"embeddable":true,"href":"https:\/\/babylove.se\/no\/wp-json\/wp\/v2\/media\/82459"}],"wp:attachment":[{"href":"https:\/\/babylove.se\/no\/wp-json\/wp\/v2\/media?parent=82458"}],"wp:term":[{"taxonomy":"product_brand","embeddable":true,"href":"https:\/\/babylove.se\/no\/wp-json\/wp\/v2\/product_brand?post=82458"},{"taxonomy":"product_cat","embeddable":true,"href":"https:\/\/babylove.se\/no\/wp-json\/wp\/v2\/product_cat?post=82458"},{"taxonomy":"product_tag","embeddable":true,"href":"https:\/\/babylove.se\/no\/wp-json\/wp\/v2\/product_tag?post=82458"}],"curies":[{"name":"wp","href":"https:\/\/api.w.org\/{rel}","templated":true}]}}