{"id":82501,"date":"2025-11-25T10:09:25","date_gmt":"2025-11-25T09:09:25","guid":{"rendered":"https:\/\/babylove.se\/?post_type=product&#038;p=82501"},"modified":"2026-04-08T14:38:43","modified_gmt":"2026-04-08T13:38:43","slug":"hus-av-palm-beach-bathus","status":"publish","type":"product","link":"https:\/\/babylove.se\/no\/produkt\/hus-av-palm-beach-bathus\/","title":{"rendered":"House of Palm Beach B\u00e5thus"},"content":{"rendered":"<p data-start=\"154\" data-end=\"201\">Velkommen til <strong data-start=\"169\" data-end=\"200\">House of Palm Beach Dukkhus<\/strong>!<\/p>\n<p data-start=\"203\" data-end=\"310\">Vi er de lykkelige sm\u00e5 kaninene som bor her: <strong data-start=\"248\" data-end=\"276\">Lili, Coco, Marcel, Plum<\/strong> og den aller minste \u2014 <strong data-start=\"300\" data-end=\"309\">Poppy<\/strong>!<\/p>\n<p data-start=\"312\" data-end=\"535\">Dette Palm Beach-dukkhuset er stedet hvor solskinn m\u00f8ter fantasi og aldri slipper taket. En sommerdr\u00f8m med duft av kokos og sukkerspinn, hvor hvert hj\u00f8rne glitrer av magi og latteren forvandler huset til et virkelig hjem.<\/p>\n<hr data-start=\"537\" data-end=\"540\" \/>\n<h3 data-start=\"542\" data-end=\"574\"><strong data-start=\"546\" data-end=\"574\">En dag i v\u00e5rt solrike hjem<\/strong><\/h3>\n<p data-start=\"576\" data-end=\"838\">V\u00e5re morgener begynner med myk musikk og glitrende poteavtrykk over loftet (ja, vi leser b\u00f8ker der oppe!).<br data-start=\"682\" data-end=\"685\" \/>Men favorittstedet? <strong data-start=\"705\" data-end=\"716\">Bassenget!<\/strong><br data-start=\"716\" data-end=\"719\" \/>Japp \u2014 et ekte basseng! En eske \u00e5pnes og avsl\u00f8rer en solrik cabana, en mini-bassengbar og uendelig med plaskende eventyr.<\/p>\n<p data-start=\"840\" data-end=\"901\">N\u00e5r den gyllne timen faller over innerg\u00e5rden vokser magien:<\/p>\n<ul data-start=\"902\" data-end=\"1026\">\n<li data-start=\"902\" data-end=\"930\">\n<p data-start=\"904\" data-end=\"930\">Lili forteller historier,<\/p>\n<\/li>\n<li data-start=\"931\" data-end=\"964\">\n<p data-start=\"933\" data-end=\"964\">Coco skaper kunst av skjell,<\/p>\n<\/li>\n<li data-start=\"965\" data-end=\"1026\">\n<p data-start=\"967\" data-end=\"1026\">og Marcels nybakte kaker sprer en uimotst\u00e5elig duft.<\/p>\n<\/li>\n<\/ul>\n<p data-start=\"1028\" data-end=\"1200\">Og n\u00e5r du tror at leken er over\u2026 er den ikke det!<br data-start=\"1079\" data-end=\"1082\" \/>Lukk eskene og oppdag en <strong data-start=\"1111\" data-end=\"1130\">hemmelig ballgrop<\/strong> i rommet lengst nede til venstre \u2014 et skjult hj\u00f8rne av sprettende glede.<\/p>\n<p data-start=\"1202\" data-end=\"1435\">Om kvelden hvisker Marcel hemmeligheter til veggene fra sin trehest mens Lili leker med sitt miniatyrdukkhus <strong data-start=\"1312\" data-end=\"1329\">House of Rome<\/strong> der oppe p\u00e5 loftet \u2014 og forestiller seg sm\u00e5 stoler og dufter fra et lite bakeri som svever i luften.<\/p>\n<hr data-start=\"1437\" data-end=\"1440\" \/>\n<h3 data-start=\"1442\" data-end=\"1479\"><strong data-start=\"1446\" data-end=\"1479\">Et dukkhus laget for fantasi<\/strong><\/h3>\n<p data-start=\"1481\" data-end=\"1632\"><strong data-start=\"1481\" data-end=\"1512\">House of Palm Beach Dukkhus<\/strong> er skapt for ville fantasier, nysgjerrige hjerner og voksne som ikke kan la v\u00e6re \u00e5 si:<br data-start=\"1601\" data-end=\"1604\" \/><strong data-start=\"1604\" data-end=\"1632\">&#8220;Wow, se p\u00e5 dette!&#8221;<\/strong><\/p>\n<p data-start=\"1634\" data-end=\"1781\">Det er mer enn et leket\u00f8y \u2014 det er en invitasjon til en dr\u00f8mmeverden, med h\u00e5ndlagede tredetaljer, elegant m\u00f8blering og esker som skjuler overraskelser.<\/p>\n<p data-start=\"1783\" data-end=\"1968\">P\u00e5 dagen er det en fargerik lekeplass;<br data-start=\"1825\" data-end=\"1828\" \/>om kvelden en sjarmerende interi\u00f8rdetalj.<br data-start=\"1867\" data-end=\"1870\" \/>Hver eske b\u00e6rer p\u00e5 en hemmelighet \u2014 og dette dukkhuset?<br data-start=\"1921\" data-end=\"1924\" \/>Det er en sommerdr\u00f8m som venter p\u00e5 nettopp deg.<\/p>\n<hr data-start=\"1970\" data-end=\"1973\" \/>\n<h3 data-start=\"1975\" data-end=\"2004\"><strong data-start=\"1979\" data-end=\"2004\">Funksjoner &amp; fordeler<\/strong><\/h3>\n<ul data-start=\"2006\" data-end=\"2336\">\n<li data-start=\"2006\" data-end=\"2143\">\n<p data-start=\"2008\" data-end=\"2143\"><strong data-start=\"2008\" data-end=\"2027\">Fullt m\u00f8blert:<\/strong> Hvert rom kommer komplett med vakre m\u00f8bler, myke tekstiler og n\u00f8ye utvalgte detaljer \u2014 alt er inkludert i prisen.<\/p>\n<\/li>\n<li data-start=\"2144\" data-end=\"2230\">\n<p data-start=\"2146\" data-end=\"2230\"><strong data-start=\"2146\" data-end=\"2171\">H\u00e5ndverk i toppklasse:<\/strong> Bygget av holdbare, premium materialer med minuti\u00f8s omhu.<\/p>\n<\/li>\n<li data-start=\"2231\" data-end=\"2336\">\n<p data-start=\"2233\" data-end=\"2336\"><strong data-start=\"2233\" data-end=\"2251\">Unik levering:<\/strong> Leveres i en spesialbygd treeske p\u00e5 hjul \u2014 leveringen blir en del av opplevelsen!<\/p>\n<\/li>\n<\/ul>\n<p data-start=\"2338\" data-end=\"2491\">Dukkhuset har <strong data-start=\"2352\" data-end=\"2369\">4 romslige rom<\/strong>, en stor <strong data-start=\"2379\" data-end=\"2392\">innerg\u00e5rd<\/strong>, <strong data-start=\"2394\" data-end=\"2406\">mesanin<\/strong>, <strong data-start=\"2408\" data-end=\"2422\">takterrasse<\/strong>, <strong data-start=\"2424\" data-end=\"2450\">utend\u00f8rsbasseng med cabana<\/strong> og en <strong data-start=\"2458\" data-end=\"2475\">skjult ballgrop<\/strong> for ekstra magi.<\/p>\n<blockquote data-start=\"2493\" data-end=\"2570\">\n<p data-start=\"2495\" data-end=\"2570\"><strong data-start=\"2495\" data-end=\"2509\">Merk:<\/strong> Kaninfamilien (<em data-start=\"2525\" data-end=\"2536\">The Milos<\/em>) og LED-belysning selges separat.<\/p>\n<\/blockquote>\n<hr data-start=\"2572\" data-end=\"2575\" \/>\n<h3 data-start=\"2577\" data-end=\"2589\"><strong data-start=\"2581\" data-end=\"2589\">M\u00e5l<\/strong><\/h3>\n<ul data-start=\"2591\" data-end=\"2769\">\n","protected":false},"excerpt":{"rendered":"<p>Velkommen til House of Palm Beach Dukkhus! Vi er de lykkelige sm\u00e5 kaninene som bor her: Lili, Coco, Marcel, Plum og den aller minste \u2014 Poppy! Dette Palm Beach-dukkhuset er stedet hvor solskinn m\u00f8ter fantasi og aldri slipper taket. En sommerdr\u00f8m med duft av kokos og sukkerspinn, hvor hvert hj\u00f8rne glitrer av magi og latteren [&hellip;]<\/p>\n","protected":false},"featured_media":82534,"comment_status":"closed","ping_status":"closed","template":"","meta":{"_acf_changed":false},"product_brand":[],"product_cat":[89,72,1703,922],"product_tag":[],"class_list":{"0":"post-82501","1":"product","2":"type-product","3":"status-publish","4":"has-post-thumbnail","6":"product_cat-dukkehus","7":"product_cat-julegaver","8":"product_cat-little-forrest-animals","9":"product_cat-nyheter","11":"first","12":"instock","13":"taxable","14":"shipping-taxable","15":"purchasable","16":"product-type-variable"},"acf":[],"yoast_head":"<!-- This site is optimized with the Yoast SEO Premium plugin v25.8 (Yoast SEO v27.2) - https:\/\/yoast.com\/product\/yoast-seo-premium-wordpress\/ -->\n<title>House of Palm Beach B\u00e5thus - Babylove Norska<\/title>\n<meta name=\"robots\" content=\"noindex, follow, max-snippet:-1, max-image-preview:large, max-video-preview:-1\" \/>\n<meta property=\"og:locale\" content=\"nb_NO\" \/>\n<meta property=\"og:type\" content=\"article\" \/>\n<meta property=\"og:title\" content=\"House of Palm Beach B\u00e5thus\" \/>\n<meta property=\"og:description\" content=\"Velkommen til House of Palm Beach Dukkhus! Vi er de lykkelige sm\u00e5 kaninene som bor her: Lili, Coco, Marcel, Plum og den aller minste \u2014 Poppy! Dette Palm Beach-dukkhuset er stedet hvor solskinn m\u00f8ter fantasi og aldri slipper taket. En sommerdr\u00f8m med duft av kokos og sukkerspinn, hvor hvert hj\u00f8rne glitrer av magi og latteren [&hellip;]\" \/>\n<meta property=\"og:url\" content=\"https:\/\/babylove.se\/no\/produkt\/hus-av-palm-beach-bathus\/\" \/>\n<meta property=\"og:site_name\" content=\"Babylove Norska\" \/>\n<meta property=\"article:modified_time\" content=\"2026-04-08T13:38:43+00:00\" \/>\n<meta property=\"og:image\" content=\"https:\/\/babylove.se\/no\/wp-content\/uploads\/sites\/3\/2025\/11\/IMG_7016-1-scaled.jpeg\" \/>\n\t<meta property=\"og:image:width\" content=\"2560\" \/>\n\t<meta property=\"og:image:height\" content=\"2560\" \/>\n\t<meta property=\"og:image:type\" content=\"image\/jpeg\" \/>\n<meta name=\"twitter:card\" content=\"summary_large_image\" \/>\n<meta name=\"twitter:label1\" content=\"Availability\" \/>\n\t<meta name=\"twitter:data1\" content=\"In stock\" \/>\n<script type=\"application\/ld+json\" class=\"yoast-schema-graph\">{\"@context\":\"https:\/\/schema.org\",\"@graph\":[{\"@type\":\"WebPage\",\"@id\":\"https:\/\/babylove.se\/no\/produkt\/hus-av-palm-beach-bathus\/\",\"url\":\"https:\/\/babylove.se\/no\/produkt\/hus-av-palm-beach-bathus\/\",\"name\":\"House of Palm Beach B\u00e5thus - Babylove Norska\",\"isPartOf\":{\"@id\":\"https:\/\/babylove.se\/no\/#website\"},\"primaryImageOfPage\":{\"@id\":\"https:\/\/babylove.se\/no\/produkt\/hus-av-palm-beach-bathus\/#primaryimage\"},\"image\":{\"@id\":\"https:\/\/babylove.se\/no\/produkt\/hus-av-palm-beach-bathus\/#primaryimage\"},\"thumbnailUrl\":\"https:\/\/babylove.se\/no\/wp-content\/uploads\/sites\/3\/2025\/11\/IMG_7016-1-scaled.jpeg\",\"datePublished\":\"2025-11-25T09:09:25+00:00\",\"dateModified\":\"2026-04-08T13:38:43+00:00\",\"breadcrumb\":{\"@id\":\"https:\/\/babylove.se\/no\/produkt\/hus-av-palm-beach-bathus\/#breadcrumb\"},\"inLanguage\":\"nb-NO\",\"potentialAction\":[{\"@type\":\"ReadAction\",\"target\":[\"https:\/\/babylove.se\/no\/produkt\/hus-av-palm-beach-bathus\/\"]}]},{\"@type\":\"ImageObject\",\"inLanguage\":\"nb-NO\",\"@id\":\"https:\/\/babylove.se\/no\/produkt\/hus-av-palm-beach-bathus\/#primaryimage\",\"url\":\"https:\/\/babylove.se\/no\/wp-content\/uploads\/sites\/3\/2025\/11\/IMG_7016-1-scaled.jpeg\",\"contentUrl\":\"https:\/\/babylove.se\/no\/wp-content\/uploads\/sites\/3\/2025\/11\/IMG_7016-1-scaled.jpeg\",\"width\":2560,\"height\":2560},{\"@type\":\"BreadcrumbList\",\"@id\":\"https:\/\/babylove.se\/no\/produkt\/hus-av-palm-beach-bathus\/#breadcrumb\",\"itemListElement\":[{\"@type\":\"ListItem\",\"position\":1,\"name\":\"Hem\",\"item\":\"https:\/\/babylove.se\/no\/\"},{\"@type\":\"ListItem\",\"position\":2,\"name\":\"Butik\",\"item\":\"https:\/\/babylove.se\/no\/butik\/\"},{\"@type\":\"ListItem\",\"position\":3,\"name\":\"House of Palm Beach B\u00e5thus\"}]},{\"@type\":\"WebSite\",\"@id\":\"https:\/\/babylove.se\/no\/#website\",\"url\":\"https:\/\/babylove.se\/no\/\",\"name\":\"Babylove Norska\",\"description\":\"\",\"potentialAction\":[{\"@type\":\"SearchAction\",\"target\":{\"@type\":\"EntryPoint\",\"urlTemplate\":\"https:\/\/babylove.se\/no\/?s={search_term_string}\"},\"query-input\":{\"@type\":\"PropertyValueSpecification\",\"valueRequired\":true,\"valueName\":\"search_term_string\"}}],\"inLanguage\":\"nb-NO\"}]}<\/script>\n<meta property=\"og:availability\" content=\"instock\" \/>\n<meta property=\"product:availability\" content=\"instock\" \/>\n<meta property=\"product:condition\" content=\"new\" \/>\n<!-- \/ Yoast SEO Premium plugin. -->","yoast_head_json":{"title":"House of Palm Beach B\u00e5thus - Babylove Norska","robots":{"index":"noindex","follow":"follow","max-snippet":"max-snippet:-1","max-image-preview":"max-image-preview:large","max-video-preview":"max-video-preview:-1"},"og_locale":"nb_NO","og_type":"article","og_title":"House of Palm Beach B\u00e5thus","og_description":"Velkommen til House of Palm Beach Dukkhus! Vi er de lykkelige sm\u00e5 kaninene som bor her: Lili, Coco, Marcel, Plum og den aller minste \u2014 Poppy! Dette Palm Beach-dukkhuset er stedet hvor solskinn m\u00f8ter fantasi og aldri slipper taket. En sommerdr\u00f8m med duft av kokos og sukkerspinn, hvor hvert hj\u00f8rne glitrer av magi og latteren [&hellip;]","og_url":"https:\/\/babylove.se\/no\/produkt\/hus-av-palm-beach-bathus\/","og_site_name":"Babylove Norska","article_modified_time":"2026-04-08T13:38:43+00:00","og_image":[{"width":2560,"height":2560,"url":"https:\/\/babylove.se\/no\/wp-content\/uploads\/sites\/3\/2025\/11\/IMG_7016-1-scaled.jpeg","type":"image\/jpeg"}],"twitter_card":"summary_large_image","twitter_misc":{"Availability":"In stock"},"schema":{"@context":"https:\/\/schema.org","@graph":[{"@type":"WebPage","@id":"https:\/\/babylove.se\/no\/produkt\/hus-av-palm-beach-bathus\/","url":"https:\/\/babylove.se\/no\/produkt\/hus-av-palm-beach-bathus\/","name":"House of Palm Beach B\u00e5thus - Babylove Norska","isPartOf":{"@id":"https:\/\/babylove.se\/no\/#website"},"primaryImageOfPage":{"@id":"https:\/\/babylove.se\/no\/produkt\/hus-av-palm-beach-bathus\/#primaryimage"},"image":{"@id":"https:\/\/babylove.se\/no\/produkt\/hus-av-palm-beach-bathus\/#primaryimage"},"thumbnailUrl":"https:\/\/babylove.se\/no\/wp-content\/uploads\/sites\/3\/2025\/11\/IMG_7016-1-scaled.jpeg","datePublished":"2025-11-25T09:09:25+00:00","dateModified":"2026-04-08T13:38:43+00:00","breadcrumb":{"@id":"https:\/\/babylove.se\/no\/produkt\/hus-av-palm-beach-bathus\/#breadcrumb"},"inLanguage":"nb-NO","potentialAction":[{"@type":"ReadAction","target":["https:\/\/babylove.se\/no\/produkt\/hus-av-palm-beach-bathus\/"]}]},{"@type":"ImageObject","inLanguage":"nb-NO","@id":"https:\/\/babylove.se\/no\/produkt\/hus-av-palm-beach-bathus\/#primaryimage","url":"https:\/\/babylove.se\/no\/wp-content\/uploads\/sites\/3\/2025\/11\/IMG_7016-1-scaled.jpeg","contentUrl":"https:\/\/babylove.se\/no\/wp-content\/uploads\/sites\/3\/2025\/11\/IMG_7016-1-scaled.jpeg","width":2560,"height":2560},{"@type":"BreadcrumbList","@id":"https:\/\/babylove.se\/no\/produkt\/hus-av-palm-beach-bathus\/#breadcrumb","itemListElement":[{"@type":"ListItem","position":1,"name":"Hem","item":"https:\/\/babylove.se\/no\/"},{"@type":"ListItem","position":2,"name":"Butik","item":"https:\/\/babylove.se\/no\/butik\/"},{"@type":"ListItem","position":3,"name":"House of Palm Beach B\u00e5thus"}]},{"@type":"WebSite","@id":"https:\/\/babylove.se\/no\/#website","url":"https:\/\/babylove.se\/no\/","name":"Babylove Norska","description":"","potentialAction":[{"@type":"SearchAction","target":{"@type":"EntryPoint","urlTemplate":"https:\/\/babylove.se\/no\/?s={search_term_string}"},"query-input":{"@type":"PropertyValueSpecification","valueRequired":true,"valueName":"search_term_string"}}],"inLanguage":"nb-NO"}]},"og_availability":"instock","product_availability":"instock","product_condition":"new"},"_links":{"self":[{"href":"https:\/\/babylove.se\/no\/wp-json\/wp\/v2\/product\/82501","targetHints":{"allow":["GET"]}}],"collection":[{"href":"https:\/\/babylove.se\/no\/wp-json\/wp\/v2\/product"}],"about":[{"href":"https:\/\/babylove.se\/no\/wp-json\/wp\/v2\/types\/product"}],"replies":[{"embeddable":true,"href":"https:\/\/babylove.se\/no\/wp-json\/wp\/v2\/comments?post=82501"}],"wp:featuredmedia":[{"embeddable":true,"href":"https:\/\/babylove.se\/no\/wp-json\/wp\/v2\/media\/82534"}],"wp:attachment":[{"href":"https:\/\/babylove.se\/no\/wp-json\/wp\/v2\/media?parent=82501"}],"wp:term":[{"taxonomy":"product_brand","embeddable":true,"href":"https:\/\/babylove.se\/no\/wp-json\/wp\/v2\/product_brand?post=82501"},{"taxonomy":"product_cat","embeddable":true,"href":"https:\/\/babylove.se\/no\/wp-json\/wp\/v2\/product_cat?post=82501"},{"taxonomy":"product_tag","embeddable":true,"href":"https:\/\/babylove.se\/no\/wp-json\/wp\/v2\/product_tag?post=82501"}],"curies":[{"name":"wp","href":"https:\/\/api.w.org\/{rel}","templated":true}]}}