{"id":82535,"date":"2025-11-25T10:16:43","date_gmt":"2025-11-25T09:16:43","guid":{"rendered":"https:\/\/babylove.se\/?post_type=product&#038;p=82535"},"modified":"2026-04-08T14:38:46","modified_gmt":"2026-04-08T13:38:46","slug":"hus-i-san-francisco-luksusbathus-i-tre","status":"publish","type":"product","link":"https:\/\/babylove.se\/no\/produkt\/hus-i-san-francisco-luksusbathus-i-tre\/","title":{"rendered":"House of San Francisco \u2013 Luksus dokkhus i tre"},"content":{"rendered":"<p data-start=\"166\" data-end=\"222\">Hei der,<br data-start=\"174\" data-end=\"177\" \/>det holder med ett eneste blikk \u2014 s\u00e5 forst\u00e5r du.<\/p>\n<p data-start=\"224\" data-end=\"510\">Dette dukkehuset b\u00e6rer p\u00e5 noe som man ikke helt kan sette ord p\u00e5 med en gang.<br data-start=\"300\" data-end=\"303\" \/>Kanskje er det de myke fargene.<br data-start=\"335\" data-end=\"338\" \/>Kanskje er det den lille garasjen, med et kart som stille venter der inne \u2014 klar for en roadtrip som begynner i ditt barns fantasi og slutter et sted langs Kalifornias kyst.<\/p>\n<p data-start=\"512\" data-end=\"672\">Vi laget det ikke for \u00e5 imponere.<br data-start=\"549\" data-end=\"552\" \/>Vi laget det for \u00e5 <strong data-start=\"575\" data-end=\"593\">f\u00f8les\u2026 kjent<\/strong>.<br data-start=\"594\" data-end=\"597\" \/>Som noe som kunne ha v\u00e6rt ditt da du var liten \u2014 og som n\u00e5 blir deres.<\/p>\n<p data-start=\"674\" data-end=\"885\"><strong data-start=\"674\" data-end=\"708\">House of San Francisco Dukkehus<\/strong> fanger den klassiske California-dr\u00f8mmen:<br data-start=\"750\" data-end=\"753\" \/>Friheten i de sm\u00e5 tingene.<br data-start=\"779\" data-end=\"782\" \/>Solstr\u00e5ler der man minst aner dem.<br data-start=\"816\" data-end=\"819\" \/>Og akkurat passe med plass til at noe stort kan begynne.<\/p>\n<p data-start=\"887\" data-end=\"1068\">Her finnes ingen sterke lys eller forstyrrende lyder.<br data-start=\"934\" data-end=\"937\" \/>Her finnes <strong data-start=\"947\" data-end=\"958\">rom<\/strong> \u2014 for historier, for stille stunder, for minner som blir v\u00e6rende lenge etter at lekene er ryddet bort.<\/p>\n<p data-start=\"1070\" data-end=\"1155\">Det er mer enn en leke.<br data-start=\"1094\" data-end=\"1097\" \/>Det er et \u00f8yeblikk, et minne \u2014 og en liten bit av deg.<\/p>\n<hr data-start=\"1157\" data-end=\"1160\" \/>\n<h3 data-start=\"1162\" data-end=\"1186\"><strong data-start=\"1166\" data-end=\"1186\">Hva finnes inni?<\/strong><\/h3>\n<p data-start=\"1188\" data-end=\"1246\">Et kompakt dukkehus i tre med akkurat passe med rom:<\/p>\n<ul data-start=\"1248\" data-end=\"1385\">\n<li data-start=\"1248\" data-end=\"1280\">\n<p data-start=\"1250\" data-end=\"1280\">Tre gjennomtenkt designede rom<\/p>\n<\/li>\n<li data-start=\"1281\" data-end=\"1310\">\n<p data-start=\"1283\" data-end=\"1310\">En sjarmerende liten garasje<\/p>\n<\/li>\n<li data-start=\"1311\" data-end=\"1385\">\n<p data-start=\"1313\" data-end=\"1385\">Et loftsgjemmested \u2014 perfekt for rolige ettermiddager og hemmelige leker<\/p>\n<\/li>\n<\/ul>\n<p data-start=\"1387\" data-end=\"1580\">Laget av h\u00f8ykvalitets tre er dette miniaturdukkehuset bygget for \u00e5 holde gjennom \u00e5r med lek, minner og sm\u00e5 eventyr.<br data-start=\"1505\" data-end=\"1508\" \/><strong data-start=\"1508\" data-end=\"1580\">Alle m\u00f8bler og tekstiler du ser p\u00e5 bildene er inkludert i prisen.<\/strong><\/p>\n<p data-start=\"1582\" data-end=\"1731\">Figurer og LED-belysning er ikke inkludert.<br data-start=\"1619\" data-end=\"1622\" \/>Vi anbefaler <strong data-start=\"1639\" data-end=\"1657\">4\u20135 LED-lamper<\/strong> for \u00e5 varsomt lyse opp rommene og la hver historie komme til liv.<\/p>\n<p data-start=\"1733\" data-end=\"1858\">Dukkehuset leveres i en spesialbygd trekasse \u2014 ikke bare for \u00e5 beskytte det, men fordi en liten skatt fortjener nettopp det.<\/p>\n<hr data-start=\"1860\" data-end=\"1863\" \/>\n<h3 data-start=\"1865\" data-end=\"1877\"><strong data-start=\"1869\" data-end=\"1877\">M\u00e5l<\/strong><\/h3>\n<ul data-start=\"1879\" data-end=\"1999\">\n<li data-start=\"1879\" data-end=\"1909\">\n<p data-start=\"1881\" data-end=\"1909\"><strong data-start=\"1881\" data-end=\"1891\">Bredde:<\/strong> 41 cm (16.1 in)<\/p>\n<\/li>\n<li data-start=\"1910\" data-end=\"1939\">\n<p data-start=\"1912\" data-end=\"1939\"><strong data-start=\"1912\" data-end=\"1921\">H\u00f8yde:<\/strong> 63 cm (24.8 in)<\/p>\n<\/li>\n<li data-start=\"1940\" data-end=\"1969\">\n<p data-start=\"1942\" data-end=\"1969\"><strong data-start=\"1942\" data-end=\"1951\">Dybde:<\/strong> 31 cm (12.2 in)<\/p>\n<\/li>\n<li data-start=\"1970\" data-end=\"1999\">\n<p data-start=\"1972\" data-end=\"1999\"><strong data-start=\"1972\" data-end=\"1981\">Vekt:<\/strong> 15 kg (33.07 lbs)<\/p>\n<\/li>\n<\/ul>\n","protected":false},"excerpt":{"rendered":"<p>Hei der,det holder med ett eneste blikk \u2014 s\u00e5 forst\u00e5r du. Dette dukkehuset b\u00e6rer p\u00e5 noe som man ikke helt kan sette ord p\u00e5 med en gang.Kanskje er det de myke fargene.Kanskje er det den lille garasjen, med et kart som stille venter der inne \u2014 klar for en roadtrip som begynner i ditt barns [&hellip;]<\/p>\n","protected":false},"featured_media":82536,"comment_status":"closed","ping_status":"closed","template":"","meta":{"_acf_changed":false},"product_brand":[],"product_cat":[89,72,1703,922],"product_tag":[],"class_list":{"0":"post-82535","1":"product","2":"type-product","3":"status-publish","4":"has-post-thumbnail","6":"product_cat-dukkehus","7":"product_cat-julegaver","8":"product_cat-little-forrest-animals","9":"product_cat-nyheter","11":"first","12":"instock","13":"taxable","14":"shipping-taxable","15":"purchasable","16":"product-type-variable"},"acf":[],"yoast_head":"<!-- This site is optimized with the Yoast SEO Premium plugin v25.8 (Yoast SEO v27.2) - https:\/\/yoast.com\/product\/yoast-seo-premium-wordpress\/ -->\n<title>House of San Francisco \u2013 Luksus dokkhus i tre - Babylove Norska<\/title>\n<meta name=\"robots\" content=\"noindex, follow, max-snippet:-1, max-image-preview:large, max-video-preview:-1\" \/>\n<meta property=\"og:locale\" content=\"nb_NO\" \/>\n<meta property=\"og:type\" content=\"article\" \/>\n<meta property=\"og:title\" content=\"House of San Francisco \u2013 Luksus dokkhus i tre\" \/>\n<meta property=\"og:description\" content=\"Hei der,det holder med ett eneste blikk \u2014 s\u00e5 forst\u00e5r du. Dette dukkehuset b\u00e6rer p\u00e5 noe som man ikke helt kan sette ord p\u00e5 med en gang.Kanskje er det de myke fargene.Kanskje er det den lille garasjen, med et kart som stille venter der inne \u2014 klar for en roadtrip som begynner i ditt barns [&hellip;]\" \/>\n<meta property=\"og:url\" content=\"https:\/\/babylove.se\/no\/produkt\/hus-i-san-francisco-luksusbathus-i-tre\/\" \/>\n<meta property=\"og:site_name\" content=\"Babylove Norska\" \/>\n<meta property=\"article:modified_time\" content=\"2026-04-08T13:38:46+00:00\" \/>\n<meta property=\"og:image\" content=\"https:\/\/babylove.se\/no\/wp-content\/uploads\/sites\/3\/2025\/11\/IMG_6343-scaled.jpeg\" \/>\n\t<meta property=\"og:image:width\" content=\"2560\" \/>\n\t<meta property=\"og:image:height\" content=\"2560\" \/>\n\t<meta property=\"og:image:type\" content=\"image\/jpeg\" \/>\n<meta name=\"twitter:card\" content=\"summary_large_image\" \/>\n<meta name=\"twitter:label1\" content=\"Availability\" \/>\n\t<meta name=\"twitter:data1\" content=\"In stock\" \/>\n<script type=\"application\/ld+json\" class=\"yoast-schema-graph\">{\"@context\":\"https:\/\/schema.org\",\"@graph\":[{\"@type\":\"WebPage\",\"@id\":\"https:\/\/babylove.se\/no\/produkt\/hus-i-san-francisco-luksusbathus-i-tre\/\",\"url\":\"https:\/\/babylove.se\/no\/produkt\/hus-i-san-francisco-luksusbathus-i-tre\/\",\"name\":\"House of San Francisco \u2013 Luksus dokkhus i tre - Babylove Norska\",\"isPartOf\":{\"@id\":\"https:\/\/babylove.se\/no\/#website\"},\"primaryImageOfPage\":{\"@id\":\"https:\/\/babylove.se\/no\/produkt\/hus-i-san-francisco-luksusbathus-i-tre\/#primaryimage\"},\"image\":{\"@id\":\"https:\/\/babylove.se\/no\/produkt\/hus-i-san-francisco-luksusbathus-i-tre\/#primaryimage\"},\"thumbnailUrl\":\"https:\/\/babylove.se\/no\/wp-content\/uploads\/sites\/3\/2025\/11\/IMG_6343-scaled.jpeg\",\"datePublished\":\"2025-11-25T09:16:43+00:00\",\"dateModified\":\"2026-04-08T13:38:46+00:00\",\"breadcrumb\":{\"@id\":\"https:\/\/babylove.se\/no\/produkt\/hus-i-san-francisco-luksusbathus-i-tre\/#breadcrumb\"},\"inLanguage\":\"nb-NO\",\"potentialAction\":[{\"@type\":\"ReadAction\",\"target\":[\"https:\/\/babylove.se\/no\/produkt\/hus-i-san-francisco-luksusbathus-i-tre\/\"]}]},{\"@type\":\"ImageObject\",\"inLanguage\":\"nb-NO\",\"@id\":\"https:\/\/babylove.se\/no\/produkt\/hus-i-san-francisco-luksusbathus-i-tre\/#primaryimage\",\"url\":\"https:\/\/babylove.se\/no\/wp-content\/uploads\/sites\/3\/2025\/11\/IMG_6343-scaled.jpeg\",\"contentUrl\":\"https:\/\/babylove.se\/no\/wp-content\/uploads\/sites\/3\/2025\/11\/IMG_6343-scaled.jpeg\",\"width\":2560,\"height\":2560},{\"@type\":\"BreadcrumbList\",\"@id\":\"https:\/\/babylove.se\/no\/produkt\/hus-i-san-francisco-luksusbathus-i-tre\/#breadcrumb\",\"itemListElement\":[{\"@type\":\"ListItem\",\"position\":1,\"name\":\"Hem\",\"item\":\"https:\/\/babylove.se\/no\/\"},{\"@type\":\"ListItem\",\"position\":2,\"name\":\"Butik\",\"item\":\"https:\/\/babylove.se\/no\/butik\/\"},{\"@type\":\"ListItem\",\"position\":3,\"name\":\"House of San Francisco \u2013 Luksus dokkhus i tre\"}]},{\"@type\":\"WebSite\",\"@id\":\"https:\/\/babylove.se\/no\/#website\",\"url\":\"https:\/\/babylove.se\/no\/\",\"name\":\"Babylove Norska\",\"description\":\"\",\"potentialAction\":[{\"@type\":\"SearchAction\",\"target\":{\"@type\":\"EntryPoint\",\"urlTemplate\":\"https:\/\/babylove.se\/no\/?s={search_term_string}\"},\"query-input\":{\"@type\":\"PropertyValueSpecification\",\"valueRequired\":true,\"valueName\":\"search_term_string\"}}],\"inLanguage\":\"nb-NO\"}]}<\/script>\n<meta property=\"og:availability\" content=\"instock\" \/>\n<meta property=\"product:availability\" content=\"instock\" \/>\n<meta property=\"product:condition\" content=\"new\" \/>\n<!-- \/ Yoast SEO Premium plugin. -->","yoast_head_json":{"title":"House of San Francisco \u2013 Luksus dokkhus i tre - Babylove Norska","robots":{"index":"noindex","follow":"follow","max-snippet":"max-snippet:-1","max-image-preview":"max-image-preview:large","max-video-preview":"max-video-preview:-1"},"og_locale":"nb_NO","og_type":"article","og_title":"House of San Francisco \u2013 Luksus dokkhus i tre","og_description":"Hei der,det holder med ett eneste blikk \u2014 s\u00e5 forst\u00e5r du. Dette dukkehuset b\u00e6rer p\u00e5 noe som man ikke helt kan sette ord p\u00e5 med en gang.Kanskje er det de myke fargene.Kanskje er det den lille garasjen, med et kart som stille venter der inne \u2014 klar for en roadtrip som begynner i ditt barns [&hellip;]","og_url":"https:\/\/babylove.se\/no\/produkt\/hus-i-san-francisco-luksusbathus-i-tre\/","og_site_name":"Babylove Norska","article_modified_time":"2026-04-08T13:38:46+00:00","og_image":[{"width":2560,"height":2560,"url":"https:\/\/babylove.se\/no\/wp-content\/uploads\/sites\/3\/2025\/11\/IMG_6343-scaled.jpeg","type":"image\/jpeg"}],"twitter_card":"summary_large_image","twitter_misc":{"Availability":"In stock"},"schema":{"@context":"https:\/\/schema.org","@graph":[{"@type":"WebPage","@id":"https:\/\/babylove.se\/no\/produkt\/hus-i-san-francisco-luksusbathus-i-tre\/","url":"https:\/\/babylove.se\/no\/produkt\/hus-i-san-francisco-luksusbathus-i-tre\/","name":"House of San Francisco \u2013 Luksus dokkhus i tre - Babylove Norska","isPartOf":{"@id":"https:\/\/babylove.se\/no\/#website"},"primaryImageOfPage":{"@id":"https:\/\/babylove.se\/no\/produkt\/hus-i-san-francisco-luksusbathus-i-tre\/#primaryimage"},"image":{"@id":"https:\/\/babylove.se\/no\/produkt\/hus-i-san-francisco-luksusbathus-i-tre\/#primaryimage"},"thumbnailUrl":"https:\/\/babylove.se\/no\/wp-content\/uploads\/sites\/3\/2025\/11\/IMG_6343-scaled.jpeg","datePublished":"2025-11-25T09:16:43+00:00","dateModified":"2026-04-08T13:38:46+00:00","breadcrumb":{"@id":"https:\/\/babylove.se\/no\/produkt\/hus-i-san-francisco-luksusbathus-i-tre\/#breadcrumb"},"inLanguage":"nb-NO","potentialAction":[{"@type":"ReadAction","target":["https:\/\/babylove.se\/no\/produkt\/hus-i-san-francisco-luksusbathus-i-tre\/"]}]},{"@type":"ImageObject","inLanguage":"nb-NO","@id":"https:\/\/babylove.se\/no\/produkt\/hus-i-san-francisco-luksusbathus-i-tre\/#primaryimage","url":"https:\/\/babylove.se\/no\/wp-content\/uploads\/sites\/3\/2025\/11\/IMG_6343-scaled.jpeg","contentUrl":"https:\/\/babylove.se\/no\/wp-content\/uploads\/sites\/3\/2025\/11\/IMG_6343-scaled.jpeg","width":2560,"height":2560},{"@type":"BreadcrumbList","@id":"https:\/\/babylove.se\/no\/produkt\/hus-i-san-francisco-luksusbathus-i-tre\/#breadcrumb","itemListElement":[{"@type":"ListItem","position":1,"name":"Hem","item":"https:\/\/babylove.se\/no\/"},{"@type":"ListItem","position":2,"name":"Butik","item":"https:\/\/babylove.se\/no\/butik\/"},{"@type":"ListItem","position":3,"name":"House of San Francisco \u2013 Luksus dokkhus i tre"}]},{"@type":"WebSite","@id":"https:\/\/babylove.se\/no\/#website","url":"https:\/\/babylove.se\/no\/","name":"Babylove Norska","description":"","potentialAction":[{"@type":"SearchAction","target":{"@type":"EntryPoint","urlTemplate":"https:\/\/babylove.se\/no\/?s={search_term_string}"},"query-input":{"@type":"PropertyValueSpecification","valueRequired":true,"valueName":"search_term_string"}}],"inLanguage":"nb-NO"}]},"og_availability":"instock","product_availability":"instock","product_condition":"new"},"_links":{"self":[{"href":"https:\/\/babylove.se\/no\/wp-json\/wp\/v2\/product\/82535","targetHints":{"allow":["GET"]}}],"collection":[{"href":"https:\/\/babylove.se\/no\/wp-json\/wp\/v2\/product"}],"about":[{"href":"https:\/\/babylove.se\/no\/wp-json\/wp\/v2\/types\/product"}],"replies":[{"embeddable":true,"href":"https:\/\/babylove.se\/no\/wp-json\/wp\/v2\/comments?post=82535"}],"wp:featuredmedia":[{"embeddable":true,"href":"https:\/\/babylove.se\/no\/wp-json\/wp\/v2\/media\/82536"}],"wp:attachment":[{"href":"https:\/\/babylove.se\/no\/wp-json\/wp\/v2\/media?parent=82535"}],"wp:term":[{"taxonomy":"product_brand","embeddable":true,"href":"https:\/\/babylove.se\/no\/wp-json\/wp\/v2\/product_brand?post=82535"},{"taxonomy":"product_cat","embeddable":true,"href":"https:\/\/babylove.se\/no\/wp-json\/wp\/v2\/product_cat?post=82535"},{"taxonomy":"product_tag","embeddable":true,"href":"https:\/\/babylove.se\/no\/wp-json\/wp\/v2\/product_tag?post=82535"}],"curies":[{"name":"wp","href":"https:\/\/api.w.org\/{rel}","templated":true}]}}