{"id":82563,"date":"2025-11-25T10:20:49","date_gmt":"2025-11-25T09:20:49","guid":{"rendered":"https:\/\/babylove.se\/?post_type=product&#038;p=82563"},"modified":"2026-04-08T14:38:50","modified_gmt":"2026-04-08T13:38:50","slug":"la-fleuriste-de-camille-miniaturblomsterforretning-i-tre","status":"publish","type":"product","link":"https:\/\/babylove.se\/no\/produkt\/la-fleuriste-de-camille-miniaturblomsterforretning-i-tre\/","title":{"rendered":"La Fleuriste de Camille \u2013 Miniaturblomsterbutikk i tre"},"content":{"rendered":"<h3 data-start=\"114\" data-end=\"175\"><strong data-start=\"118\" data-end=\"175\">La Fleuriste de Camille \u2013 Miniatyrblomsterbutikk i tre<\/strong><\/h3>\n<p data-start=\"177\" data-end=\"192\">Kj\u00e6re lille venn,<\/p>\n<p data-start=\"194\" data-end=\"430\">Mitt navn er Camille, og velkommen til min blomsterbutikk \u2014 <strong data-start=\"255\" data-end=\"282\">La Fleuriste de Camille<\/strong>.<br data-start=\"283\" data-end=\"286\" \/>Dette er ingen vanlig butikk. Her hvisker blomstene av og til, kronblader gjemmer sm\u00e5 hemmeligheter og hver bukett har en magisk historie \u00e5 fortelle.<\/p>\n<p data-start=\"432\" data-end=\"639\">N\u00e5 er det din tur.<br data-start=\"450\" data-end=\"453\" \/>Lag din egen bukett, legg til et \u00f8nske og kanskje gjemmer du en liten fortelling der inne.<br data-start=\"548\" data-end=\"551\" \/>Kanskje dukker en sommerfugl opp, eller s\u00e5 \u00e5pner en blomst d\u00f8ren til et helt nytt eventyr.<\/p>\n<hr data-start=\"641\" data-end=\"644\" \/>\n<h3 data-start=\"646\" data-end=\"681\"><strong data-start=\"650\" data-end=\"681\">En leken verden i miniatyr<\/strong><\/h3>\n<p data-start=\"683\" data-end=\"973\">F\u00f8dt ut av dr\u00f8mmen om en liten blomsterbutikk i tre er <strong data-start=\"734\" data-end=\"761\">La Fleuriste de Camille<\/strong> den myke inngangen til den magiske verdenen <strong data-start=\"806\" data-end=\"831\">Little Forest Animals<\/strong>.<br data-start=\"832\" data-end=\"835\" \/>Dette miniatyrsettet i tre lar barn lage sine egne blomsterarrangementer og inspirerer samtidig til uendelige fortellinger og kreativ lek.<\/p>\n<hr data-start=\"975\" data-end=\"978\" \/>\n<h3 data-start=\"980\" data-end=\"1008\"><strong data-start=\"984\" data-end=\"1008\">Alt tilbeh\u00f8r f\u00f8lger med<\/strong><\/h3>\n<p data-start=\"1010\" data-end=\"1262\"><strong data-start=\"1010\" data-end=\"1037\">La Fleuriste de Camille<\/strong> leveres helt montert og komplett med alt tilbeh\u00f8r, m\u00f8bler og en sjarmerende kaninfigur \u2014 Camille \u2014 som venter ved d\u00f8ren.<br data-start=\"1162\" data-end=\"1165\" \/>Laget av h\u00f8ykvalitets tre er den b\u00e5de en fantastisk leke og en vakker innredningsdetalj.<\/p>\n<hr data-start=\"1264\" data-end=\"1267\" \/>\n<h3 data-start=\"1269\" data-end=\"1293\"><strong data-start=\"1273\" data-end=\"1293\">Valgfri belysning<\/strong><\/h3>\n<p data-start=\"1295\" data-end=\"1442\">LED-belysning selges separat.<br data-start=\"1323\" data-end=\"1326\" \/>Vi anbefaler <strong data-start=\"1343\" data-end=\"1359\">en LED-lampe<\/strong> for \u00e5 mildt lyse opp blomsterbutikken og la historiene komme til live.<\/p>\n<hr data-start=\"1444\" data-end=\"1447\" \/>\n<h3 data-start=\"1449\" data-end=\"1485\"><strong data-start=\"1453\" data-end=\"1485\">Perfekt for barn og samlere<\/strong><\/h3>\n<p data-start=\"1487\" data-end=\"1609\">Ideell for barn som elsker fantasifull lek \u2014 og for voksne som setter pris p\u00e5 samleobjekter i tre og detaljerte miniatyrer.<\/p>\n<hr data-start=\"1611\" data-end=\"1614\" \/>\n<h3 data-start=\"1616\" data-end=\"1642\"><strong data-start=\"1620\" data-end=\"1642\">Produktinformasjon<\/strong><\/h3>\n<ul data-start=\"1644\" data-end=\"1779\">\n<li data-start=\"1644\" data-end=\"1680\">\n<p data-start=\"1646\" data-end=\"1680\"><strong data-start=\"1646\" data-end=\"1655\">H\u00f8yde:<\/strong> 25,8 cm (10.16 inches)<\/p>\n<\/li>\n<li data-start=\"1681\" data-end=\"1716\">\n<p data-start=\"1683\" data-end=\"1716\"><strong data-start=\"1683\" data-end=\"1693\">Bredde:<\/strong> 40 cm (15.75 inches)<\/p>\n<\/li>\n<li data-start=\"1717\" data-end=\"1750\">\n<p data-start=\"1719\" data-end=\"1750\"><strong data-start=\"1719\" data-end=\"1728\">Dybde:<\/strong> 35 cm (8.66 inches)<\/p>\n<\/li>\n<li data-start=\"1751\" data-end=\"1779\">\n<p data-start=\"1753\" data-end=\"1779\"><strong data-start=\"1753\" data-end=\"1762\">Vekt:<\/strong> 1,5 kg (3.3 lbs)<\/p>\n<\/li>\n<\/ul>\n","protected":false},"excerpt":{"rendered":"<p>La Fleuriste de Camille \u2013 Miniatyrblomsterbutikk i tre Kj\u00e6re lille venn, Mitt navn er Camille, og velkommen til min blomsterbutikk \u2014 La Fleuriste de Camille.Dette er ingen vanlig butikk. Her hvisker blomstene av og til, kronblader gjemmer sm\u00e5 hemmeligheter og hver bukett har en magisk historie \u00e5 fortelle. N\u00e5 er det din tur.Lag din egen [&hellip;]<\/p>\n","protected":false},"featured_media":82573,"comment_status":"closed","ping_status":"closed","template":"","meta":{"_acf_changed":false},"product_brand":[],"product_cat":[89,72,1703,922],"product_tag":[],"class_list":{"0":"post-82563","1":"product","2":"type-product","3":"status-publish","4":"has-post-thumbnail","6":"product_cat-dukkehus","7":"product_cat-julegaver","8":"product_cat-little-forrest-animals","9":"product_cat-nyheter","11":"first","12":"instock","13":"taxable","14":"shipping-taxable","15":"purchasable","16":"product-type-variable"},"acf":[],"yoast_head":"<!-- This site is optimized with the Yoast SEO Premium plugin v25.8 (Yoast SEO v27.2) - https:\/\/yoast.com\/product\/yoast-seo-premium-wordpress\/ -->\n<title>La Fleuriste de Camille \u2013 Miniaturblomsterbutikk i tre - Babylove Norska<\/title>\n<meta name=\"robots\" content=\"noindex, follow, max-snippet:-1, max-image-preview:large, max-video-preview:-1\" \/>\n<meta property=\"og:locale\" content=\"nb_NO\" \/>\n<meta property=\"og:type\" content=\"article\" \/>\n<meta property=\"og:title\" content=\"La Fleuriste de Camille \u2013 Miniaturblomsterbutikk i tre\" \/>\n<meta property=\"og:description\" content=\"La Fleuriste de Camille \u2013 Miniatyrblomsterbutikk i tre Kj\u00e6re lille venn, Mitt navn er Camille, og velkommen til min blomsterbutikk \u2014 La Fleuriste de Camille.Dette er ingen vanlig butikk. Her hvisker blomstene av og til, kronblader gjemmer sm\u00e5 hemmeligheter og hver bukett har en magisk historie \u00e5 fortelle. N\u00e5 er det din tur.Lag din egen [&hellip;]\" \/>\n<meta property=\"og:url\" content=\"https:\/\/babylove.se\/no\/produkt\/la-fleuriste-de-camille-miniaturblomsterforretning-i-tre\/\" \/>\n<meta property=\"og:site_name\" content=\"Babylove Norska\" \/>\n<meta property=\"article:modified_time\" content=\"2026-04-08T13:38:50+00:00\" \/>\n<meta property=\"og:image\" content=\"https:\/\/babylove.se\/no\/wp-content\/uploads\/sites\/3\/2025\/11\/IMG_6987-stor.jpeg\" \/>\n\t<meta property=\"og:image:width\" content=\"1280\" \/>\n\t<meta property=\"og:image:height\" content=\"1280\" \/>\n\t<meta property=\"og:image:type\" content=\"image\/jpeg\" \/>\n<meta name=\"twitter:card\" content=\"summary_large_image\" \/>\n<meta name=\"twitter:label1\" content=\"Availability\" \/>\n\t<meta name=\"twitter:data1\" content=\"In stock\" \/>\n<script type=\"application\/ld+json\" class=\"yoast-schema-graph\">{\"@context\":\"https:\/\/schema.org\",\"@graph\":[{\"@type\":\"WebPage\",\"@id\":\"https:\/\/babylove.se\/no\/produkt\/la-fleuriste-de-camille-miniaturblomsterforretning-i-tre\/\",\"url\":\"https:\/\/babylove.se\/no\/produkt\/la-fleuriste-de-camille-miniaturblomsterforretning-i-tre\/\",\"name\":\"La Fleuriste de Camille \u2013 Miniaturblomsterbutikk i tre - Babylove Norska\",\"isPartOf\":{\"@id\":\"https:\/\/babylove.se\/no\/#website\"},\"primaryImageOfPage\":{\"@id\":\"https:\/\/babylove.se\/no\/produkt\/la-fleuriste-de-camille-miniaturblomsterforretning-i-tre\/#primaryimage\"},\"image\":{\"@id\":\"https:\/\/babylove.se\/no\/produkt\/la-fleuriste-de-camille-miniaturblomsterforretning-i-tre\/#primaryimage\"},\"thumbnailUrl\":\"https:\/\/babylove.se\/no\/wp-content\/uploads\/sites\/3\/2025\/11\/IMG_6987-stor.jpeg\",\"datePublished\":\"2025-11-25T09:20:49+00:00\",\"dateModified\":\"2026-04-08T13:38:50+00:00\",\"breadcrumb\":{\"@id\":\"https:\/\/babylove.se\/no\/produkt\/la-fleuriste-de-camille-miniaturblomsterforretning-i-tre\/#breadcrumb\"},\"inLanguage\":\"nb-NO\",\"potentialAction\":[{\"@type\":\"ReadAction\",\"target\":[\"https:\/\/babylove.se\/no\/produkt\/la-fleuriste-de-camille-miniaturblomsterforretning-i-tre\/\"]}]},{\"@type\":\"ImageObject\",\"inLanguage\":\"nb-NO\",\"@id\":\"https:\/\/babylove.se\/no\/produkt\/la-fleuriste-de-camille-miniaturblomsterforretning-i-tre\/#primaryimage\",\"url\":\"https:\/\/babylove.se\/no\/wp-content\/uploads\/sites\/3\/2025\/11\/IMG_6987-stor.jpeg\",\"contentUrl\":\"https:\/\/babylove.se\/no\/wp-content\/uploads\/sites\/3\/2025\/11\/IMG_6987-stor.jpeg\",\"width\":1280,\"height\":1280},{\"@type\":\"BreadcrumbList\",\"@id\":\"https:\/\/babylove.se\/no\/produkt\/la-fleuriste-de-camille-miniaturblomsterforretning-i-tre\/#breadcrumb\",\"itemListElement\":[{\"@type\":\"ListItem\",\"position\":1,\"name\":\"Hem\",\"item\":\"https:\/\/babylove.se\/no\/\"},{\"@type\":\"ListItem\",\"position\":2,\"name\":\"Butik\",\"item\":\"https:\/\/babylove.se\/no\/butik\/\"},{\"@type\":\"ListItem\",\"position\":3,\"name\":\"La Fleuriste de Camille \u2013 Miniaturblomsterbutikk i tre\"}]},{\"@type\":\"WebSite\",\"@id\":\"https:\/\/babylove.se\/no\/#website\",\"url\":\"https:\/\/babylove.se\/no\/\",\"name\":\"Babylove Norska\",\"description\":\"\",\"potentialAction\":[{\"@type\":\"SearchAction\",\"target\":{\"@type\":\"EntryPoint\",\"urlTemplate\":\"https:\/\/babylove.se\/no\/?s={search_term_string}\"},\"query-input\":{\"@type\":\"PropertyValueSpecification\",\"valueRequired\":true,\"valueName\":\"search_term_string\"}}],\"inLanguage\":\"nb-NO\"}]}<\/script>\n<meta property=\"og:availability\" content=\"instock\" \/>\n<meta property=\"product:availability\" content=\"instock\" \/>\n<meta property=\"product:condition\" content=\"new\" \/>\n<!-- \/ Yoast SEO Premium plugin. -->","yoast_head_json":{"title":"La Fleuriste de Camille \u2013 Miniaturblomsterbutikk i tre - Babylove Norska","robots":{"index":"noindex","follow":"follow","max-snippet":"max-snippet:-1","max-image-preview":"max-image-preview:large","max-video-preview":"max-video-preview:-1"},"og_locale":"nb_NO","og_type":"article","og_title":"La Fleuriste de Camille \u2013 Miniaturblomsterbutikk i tre","og_description":"La Fleuriste de Camille \u2013 Miniatyrblomsterbutikk i tre Kj\u00e6re lille venn, Mitt navn er Camille, og velkommen til min blomsterbutikk \u2014 La Fleuriste de Camille.Dette er ingen vanlig butikk. Her hvisker blomstene av og til, kronblader gjemmer sm\u00e5 hemmeligheter og hver bukett har en magisk historie \u00e5 fortelle. N\u00e5 er det din tur.Lag din egen [&hellip;]","og_url":"https:\/\/babylove.se\/no\/produkt\/la-fleuriste-de-camille-miniaturblomsterforretning-i-tre\/","og_site_name":"Babylove Norska","article_modified_time":"2026-04-08T13:38:50+00:00","og_image":[{"width":1280,"height":1280,"url":"https:\/\/babylove.se\/no\/wp-content\/uploads\/sites\/3\/2025\/11\/IMG_6987-stor.jpeg","type":"image\/jpeg"}],"twitter_card":"summary_large_image","twitter_misc":{"Availability":"In stock"},"schema":{"@context":"https:\/\/schema.org","@graph":[{"@type":"WebPage","@id":"https:\/\/babylove.se\/no\/produkt\/la-fleuriste-de-camille-miniaturblomsterforretning-i-tre\/","url":"https:\/\/babylove.se\/no\/produkt\/la-fleuriste-de-camille-miniaturblomsterforretning-i-tre\/","name":"La Fleuriste de Camille \u2013 Miniaturblomsterbutikk i tre - Babylove Norska","isPartOf":{"@id":"https:\/\/babylove.se\/no\/#website"},"primaryImageOfPage":{"@id":"https:\/\/babylove.se\/no\/produkt\/la-fleuriste-de-camille-miniaturblomsterforretning-i-tre\/#primaryimage"},"image":{"@id":"https:\/\/babylove.se\/no\/produkt\/la-fleuriste-de-camille-miniaturblomsterforretning-i-tre\/#primaryimage"},"thumbnailUrl":"https:\/\/babylove.se\/no\/wp-content\/uploads\/sites\/3\/2025\/11\/IMG_6987-stor.jpeg","datePublished":"2025-11-25T09:20:49+00:00","dateModified":"2026-04-08T13:38:50+00:00","breadcrumb":{"@id":"https:\/\/babylove.se\/no\/produkt\/la-fleuriste-de-camille-miniaturblomsterforretning-i-tre\/#breadcrumb"},"inLanguage":"nb-NO","potentialAction":[{"@type":"ReadAction","target":["https:\/\/babylove.se\/no\/produkt\/la-fleuriste-de-camille-miniaturblomsterforretning-i-tre\/"]}]},{"@type":"ImageObject","inLanguage":"nb-NO","@id":"https:\/\/babylove.se\/no\/produkt\/la-fleuriste-de-camille-miniaturblomsterforretning-i-tre\/#primaryimage","url":"https:\/\/babylove.se\/no\/wp-content\/uploads\/sites\/3\/2025\/11\/IMG_6987-stor.jpeg","contentUrl":"https:\/\/babylove.se\/no\/wp-content\/uploads\/sites\/3\/2025\/11\/IMG_6987-stor.jpeg","width":1280,"height":1280},{"@type":"BreadcrumbList","@id":"https:\/\/babylove.se\/no\/produkt\/la-fleuriste-de-camille-miniaturblomsterforretning-i-tre\/#breadcrumb","itemListElement":[{"@type":"ListItem","position":1,"name":"Hem","item":"https:\/\/babylove.se\/no\/"},{"@type":"ListItem","position":2,"name":"Butik","item":"https:\/\/babylove.se\/no\/butik\/"},{"@type":"ListItem","position":3,"name":"La Fleuriste de Camille \u2013 Miniaturblomsterbutikk i tre"}]},{"@type":"WebSite","@id":"https:\/\/babylove.se\/no\/#website","url":"https:\/\/babylove.se\/no\/","name":"Babylove Norska","description":"","potentialAction":[{"@type":"SearchAction","target":{"@type":"EntryPoint","urlTemplate":"https:\/\/babylove.se\/no\/?s={search_term_string}"},"query-input":{"@type":"PropertyValueSpecification","valueRequired":true,"valueName":"search_term_string"}}],"inLanguage":"nb-NO"}]},"og_availability":"instock","product_availability":"instock","product_condition":"new"},"_links":{"self":[{"href":"https:\/\/babylove.se\/no\/wp-json\/wp\/v2\/product\/82563","targetHints":{"allow":["GET"]}}],"collection":[{"href":"https:\/\/babylove.se\/no\/wp-json\/wp\/v2\/product"}],"about":[{"href":"https:\/\/babylove.se\/no\/wp-json\/wp\/v2\/types\/product"}],"replies":[{"embeddable":true,"href":"https:\/\/babylove.se\/no\/wp-json\/wp\/v2\/comments?post=82563"}],"wp:featuredmedia":[{"embeddable":true,"href":"https:\/\/babylove.se\/no\/wp-json\/wp\/v2\/media\/82573"}],"wp:attachment":[{"href":"https:\/\/babylove.se\/no\/wp-json\/wp\/v2\/media?parent=82563"}],"wp:term":[{"taxonomy":"product_brand","embeddable":true,"href":"https:\/\/babylove.se\/no\/wp-json\/wp\/v2\/product_brand?post=82563"},{"taxonomy":"product_cat","embeddable":true,"href":"https:\/\/babylove.se\/no\/wp-json\/wp\/v2\/product_cat?post=82563"},{"taxonomy":"product_tag","embeddable":true,"href":"https:\/\/babylove.se\/no\/wp-json\/wp\/v2\/product_tag?post=82563"}],"curies":[{"name":"wp","href":"https:\/\/api.w.org\/{rel}","templated":true}]}}