{"id":8315,"date":"2025-07-18T20:50:07","date_gmt":"2025-07-18T19:50:07","guid":{"rendered":"https:\/\/babylove.se\/produkt\/hussang-mila-m\/"},"modified":"2026-04-08T08:43:42","modified_gmt":"2026-04-08T07:43:42","slug":"hussang-mila-m","status":"publish","type":"product","link":"https:\/\/babylove.se\/no\/produkt\/hussang-mila-m\/","title":{"rendered":"Husb\u00e5t Mila M"},"content":{"rendered":"<p>Mila M er en stilren husseng som kommer til \u00e5 \u00f8ke kosefaktoren i barnerommet til max! \\n \\nAlle v\u00e5re Mila senger er h\u00e5ndlagde med stor lidenskap, av h\u00f8ykvalitets, sertifisert furutre. \\n \\nEn stabil seng som kommer til \u00e5 fungere i mange \u00e5r fremover! \\n \\n<strong>Tilvalg:<\/strong> \\n<\/p>\n<ul> \\n \\t<\/p>\n<li>Ekstra ben: 10 cm eller 20 cm.<\/li>\n<p> \\n \\t<\/p>\n<li>Farge: velg mellom natur, hvit, gr\u00e5, antrasitt, rosa, olivengr\u00f8nn og bl\u00e5.<\/li>\n<p> \\n<\/ul>\n<p> \\n<strong>Info:<\/strong> \\n<\/p>\n<ul> \\n \\t<\/p>\n<li>Ribbbunn inng\u00e5r<\/li>\n<p> \\n \\t<\/p>\n<li>Madrass inng\u00e5r ikke, men ta gjerne en titt i v\u00e5rt store madrassutvalg. Vi anbefaler en skummadrass med tykkelse p\u00e5 ca 10-12 cm.<\/li>\n<p> \\n \\t<\/p>\n<li>Maks belastning: 90 kg<\/li>\n<p> \\n \\t<\/p>\n<li>P\u00e5 bildene synes standardben som er ca 5 cm.<\/li>\n<p> \\n<\/ul>\n<p> \\n<strong>M\u00e5l:<\/strong> \\n<\/p>\n<ul> \\n \\t<\/p>\n<li>Finnes i forskjellige st\u00f8rrelser. M\u00e5lene til venstre i listen gjelder sengm\u00e5l. M\u00e5lene innenfor parenteser (H\u00f8yde*Bredde*Lengde) gjelder den totale st\u00f8rrelsen p\u00e5 sengen.<\/li>\n<p> \\n<\/ul>\n<p> \\nSengene kommer fra v\u00e5r fabrikk i Europa som har h\u00f8ye kvalitetskrav og kontrollerer hvert steg fra det at t\u00f8mmeret kommer inn i fabrikken til at et ferdig produkt g\u00e5r ut. \\n \\n<em><em><em>Sengen leveres umontert og b\u00f8r settes sammen i rommet den skal brukes i.<\/em><\/em><\/em> \\n \\n<em>For senger i farge er leveringstiden to uker lengre enn den oppgitte informasjonen.<\/em><\/p>\n","protected":false},"excerpt":{"rendered":"<p>Mila M er en stilren husseng som kommer til \u00e5 \u00f8ke kosefaktoren i barnerommet til max! \\n \\nAlle v\u00e5re Mila senger er h\u00e5ndlagde med stor lidenskap, av h\u00f8ykvalitets, sertifisert furutre. \\n \\nEn stabil seng som kommer til \u00e5 fungere i mange \u00e5r fremover! \\n \\nTilvalg: \\n \\n \\t Ekstra ben: 10 cm eller 20 cm. [&hellip;]<\/p>\n","protected":false},"featured_media":8317,"comment_status":"open","ping_status":"closed","template":"","meta":{"_acf_changed":false},"product_brand":[384],"product_cat":[386,399,217,269,40],"product_tag":[1689],"class_list":{"0":"post-8315","1":"product","2":"type-product","3":"status-publish","4":"has-post-thumbnail","6":"product_brand-adeko","7":"product_cat-ad","8":"product_cat-store-familiesenger-og-barnesenger","9":"product_cat-sengesanger","10":"product_cat-juniorsenger","11":"product_cat-soverom-barn","12":"product_tag-bestillingsvaror","13":"pa_farg-antracit","14":"pa_farg-bla","15":"pa_farg-gra","16":"pa_farg-natur","17":"pa_farg-olivgron","18":"pa_farg-rosa","19":"pa_farg-vit","20":"pa_storlek-100x180-h138-b106-l189","21":"pa_storlek-100x190-h138-b106-l199","22":"pa_storlek-100x200-h138-b106-l209","23":"pa_storlek-120x190-h148-b126-l199","24":"pa_storlek-120x200-h148-b126-l209","25":"pa_storlek-135x190-h155-b141-l199","26":"pa_storlek-140x190-h158-b146-l199","27":"pa_storlek-140x200-h158-b146-l209","28":"pa_storlek-160x190-h168-b166-l199","29":"pa_storlek-160x200-h168-b166-l209","30":"pa_storlek-60x120-h118-b66-l129","31":"pa_storlek-70x140-h123-b76-l149","32":"pa_storlek-70x160-h123-b76l169","33":"pa_storlek-80x140-h128-b86-l149","34":"pa_storlek-80x160-h128-b86-l169","35":"pa_storlek-80x180-h128-b86-l189","36":"pa_storlek-80x190-h128-b86-l199","37":"pa_storlek-80x200-h128-b86-l209","38":"pa_storlek-90x140-h133-b96l149","39":"pa_storlek-90x160-h133-b96-l169","40":"pa_storlek-90x180-h133-b96-l189","41":"pa_storlek-90x190-h133-b96-l199","42":"pa_storlek-90x200-h133-b96-l209","44":"first","45":"instock","46":"taxable","47":"shipping-taxable","48":"purchasable","49":"product-type-variable"},"acf":[],"yoast_head":"<!-- This site is optimized with the Yoast SEO Premium plugin v25.8 (Yoast SEO v27.2) - https:\/\/yoast.com\/product\/yoast-seo-premium-wordpress\/ -->\n<title>Huss\u00e4ng Mila M - V\u00e4lkommen till Babylove.se<\/title>\n<meta name=\"description\" content=\"En underbart fin huss\u00e4ng till barnrummet med en vacker tr\u00e4ram och fint tak. Klarna faktura &amp; FRI FRAKT - K\u00f6p den h\u00e4r !\" \/>\n<meta name=\"robots\" content=\"noindex, follow, max-snippet:-1, max-image-preview:large, max-video-preview:-1\" \/>\n<meta property=\"og:locale\" content=\"nb_NO\" \/>\n<meta property=\"og:type\" content=\"article\" \/>\n<meta property=\"og:title\" content=\"Husb\u00e5t Mila M\" \/>\n<meta property=\"og:description\" content=\"En underbart fin huss\u00e4ng till barnrummet med en vacker tr\u00e4ram och fint tak. Klarna faktura &amp; FRI FRAKT - K\u00f6p den h\u00e4r !\" \/>\n<meta property=\"og:url\" content=\"https:\/\/babylove.se\/no\/produkt\/hussang-mila-m\/\" \/>\n<meta property=\"og:site_name\" content=\"Babylove Norska\" \/>\n<meta property=\"article:modified_time\" content=\"2026-04-08T07:43:42+00:00\" \/>\n<meta property=\"og:image\" content=\"https:\/\/babylove.se\/no\/wp-content\/uploads\/sites\/3\/2025\/07\/5d63caa97dbba.jpeg\" \/>\n\t<meta property=\"og:image:width\" content=\"750\" \/>\n\t<meta property=\"og:image:height\" content=\"750\" \/>\n\t<meta property=\"og:image:type\" content=\"image\/jpeg\" \/>\n<meta name=\"twitter:card\" content=\"summary_large_image\" \/>\n<meta name=\"twitter:label1\" content=\"Availability\" \/>\n\t<meta name=\"twitter:data1\" content=\"In stock\" \/>\n<script type=\"application\/ld+json\" class=\"yoast-schema-graph\">{\"@context\":\"https:\/\/schema.org\",\"@graph\":[{\"@type\":\"WebPage\",\"@id\":\"https:\/\/babylove.se\/no\/produkt\/hussang-mila-m\/\",\"url\":\"https:\/\/babylove.se\/no\/produkt\/hussang-mila-m\/\",\"name\":\"Huss\u00e4ng Mila M - V\u00e4lkommen till Babylove.se\",\"isPartOf\":{\"@id\":\"https:\/\/babylove.se\/no\/#website\"},\"primaryImageOfPage\":{\"@id\":\"https:\/\/babylove.se\/no\/produkt\/hussang-mila-m\/#primaryimage\"},\"image\":{\"@id\":\"https:\/\/babylove.se\/no\/produkt\/hussang-mila-m\/#primaryimage\"},\"thumbnailUrl\":\"https:\/\/babylove.se\/no\/wp-content\/uploads\/sites\/3\/2025\/07\/5d63caa97dbba.jpeg\",\"datePublished\":\"2025-07-18T19:50:07+00:00\",\"dateModified\":\"2026-04-08T07:43:42+00:00\",\"description\":\"En underbart fin huss\u00e4ng till barnrummet med en vacker tr\u00e4ram och fint tak. Klarna faktura & FRI FRAKT - K\u00f6p den h\u00e4r !\",\"breadcrumb\":{\"@id\":\"https:\/\/babylove.se\/no\/produkt\/hussang-mila-m\/#breadcrumb\"},\"inLanguage\":\"nb-NO\",\"potentialAction\":[{\"@type\":\"ReadAction\",\"target\":[\"https:\/\/babylove.se\/no\/produkt\/hussang-mila-m\/\"]}]},{\"@type\":\"ImageObject\",\"inLanguage\":\"nb-NO\",\"@id\":\"https:\/\/babylove.se\/no\/produkt\/hussang-mila-m\/#primaryimage\",\"url\":\"https:\/\/babylove.se\/no\/wp-content\/uploads\/sites\/3\/2025\/07\/5d63caa97dbba.jpeg\",\"contentUrl\":\"https:\/\/babylove.se\/no\/wp-content\/uploads\/sites\/3\/2025\/07\/5d63caa97dbba.jpeg\",\"width\":750,\"height\":750},{\"@type\":\"BreadcrumbList\",\"@id\":\"https:\/\/babylove.se\/no\/produkt\/hussang-mila-m\/#breadcrumb\",\"itemListElement\":[{\"@type\":\"ListItem\",\"position\":1,\"name\":\"Hem\",\"item\":\"https:\/\/babylove.se\/no\/\"},{\"@type\":\"ListItem\",\"position\":2,\"name\":\"Butik\",\"item\":\"https:\/\/babylove.se\/no\/butik\/\"},{\"@type\":\"ListItem\",\"position\":3,\"name\":\"Husb\u00e5t Mila M\"}]},{\"@type\":\"WebSite\",\"@id\":\"https:\/\/babylove.se\/no\/#website\",\"url\":\"https:\/\/babylove.se\/no\/\",\"name\":\"Babylove Norska\",\"description\":\"\",\"potentialAction\":[{\"@type\":\"SearchAction\",\"target\":{\"@type\":\"EntryPoint\",\"urlTemplate\":\"https:\/\/babylove.se\/no\/?s={search_term_string}\"},\"query-input\":{\"@type\":\"PropertyValueSpecification\",\"valueRequired\":true,\"valueName\":\"search_term_string\"}}],\"inLanguage\":\"nb-NO\"}]}<\/script>\n<meta property=\"product:brand\" content=\"Adeko\" \/>\n<meta property=\"og:availability\" content=\"instock\" \/>\n<meta property=\"product:availability\" content=\"instock\" \/>\n<meta property=\"product:retailer_item_id\" content=\"Mila M-60x120-natur\" \/>\n<meta property=\"product:condition\" content=\"new\" \/>\n<!-- \/ Yoast SEO Premium plugin. -->","yoast_head_json":{"title":"Huss\u00e4ng Mila M - V\u00e4lkommen till Babylove.se","description":"En underbart fin huss\u00e4ng till barnrummet med en vacker tr\u00e4ram och fint tak. Klarna faktura & FRI FRAKT - K\u00f6p den h\u00e4r !","robots":{"index":"noindex","follow":"follow","max-snippet":"max-snippet:-1","max-image-preview":"max-image-preview:large","max-video-preview":"max-video-preview:-1"},"og_locale":"nb_NO","og_type":"article","og_title":"Husb\u00e5t Mila M","og_description":"En underbart fin huss\u00e4ng till barnrummet med en vacker tr\u00e4ram och fint tak. Klarna faktura & FRI FRAKT - K\u00f6p den h\u00e4r !","og_url":"https:\/\/babylove.se\/no\/produkt\/hussang-mila-m\/","og_site_name":"Babylove Norska","article_modified_time":"2026-04-08T07:43:42+00:00","og_image":[{"width":750,"height":750,"url":"https:\/\/babylove.se\/no\/wp-content\/uploads\/sites\/3\/2025\/07\/5d63caa97dbba.jpeg","type":"image\/jpeg"}],"twitter_card":"summary_large_image","twitter_misc":{"Availability":"In stock"},"schema":{"@context":"https:\/\/schema.org","@graph":[{"@type":"WebPage","@id":"https:\/\/babylove.se\/no\/produkt\/hussang-mila-m\/","url":"https:\/\/babylove.se\/no\/produkt\/hussang-mila-m\/","name":"Huss\u00e4ng Mila M - V\u00e4lkommen till Babylove.se","isPartOf":{"@id":"https:\/\/babylove.se\/no\/#website"},"primaryImageOfPage":{"@id":"https:\/\/babylove.se\/no\/produkt\/hussang-mila-m\/#primaryimage"},"image":{"@id":"https:\/\/babylove.se\/no\/produkt\/hussang-mila-m\/#primaryimage"},"thumbnailUrl":"https:\/\/babylove.se\/no\/wp-content\/uploads\/sites\/3\/2025\/07\/5d63caa97dbba.jpeg","datePublished":"2025-07-18T19:50:07+00:00","dateModified":"2026-04-08T07:43:42+00:00","description":"En underbart fin huss\u00e4ng till barnrummet med en vacker tr\u00e4ram och fint tak. Klarna faktura & FRI FRAKT - K\u00f6p den h\u00e4r !","breadcrumb":{"@id":"https:\/\/babylove.se\/no\/produkt\/hussang-mila-m\/#breadcrumb"},"inLanguage":"nb-NO","potentialAction":[{"@type":"ReadAction","target":["https:\/\/babylove.se\/no\/produkt\/hussang-mila-m\/"]}]},{"@type":"ImageObject","inLanguage":"nb-NO","@id":"https:\/\/babylove.se\/no\/produkt\/hussang-mila-m\/#primaryimage","url":"https:\/\/babylove.se\/no\/wp-content\/uploads\/sites\/3\/2025\/07\/5d63caa97dbba.jpeg","contentUrl":"https:\/\/babylove.se\/no\/wp-content\/uploads\/sites\/3\/2025\/07\/5d63caa97dbba.jpeg","width":750,"height":750},{"@type":"BreadcrumbList","@id":"https:\/\/babylove.se\/no\/produkt\/hussang-mila-m\/#breadcrumb","itemListElement":[{"@type":"ListItem","position":1,"name":"Hem","item":"https:\/\/babylove.se\/no\/"},{"@type":"ListItem","position":2,"name":"Butik","item":"https:\/\/babylove.se\/no\/butik\/"},{"@type":"ListItem","position":3,"name":"Husb\u00e5t Mila M"}]},{"@type":"WebSite","@id":"https:\/\/babylove.se\/no\/#website","url":"https:\/\/babylove.se\/no\/","name":"Babylove Norska","description":"","potentialAction":[{"@type":"SearchAction","target":{"@type":"EntryPoint","urlTemplate":"https:\/\/babylove.se\/no\/?s={search_term_string}"},"query-input":{"@type":"PropertyValueSpecification","valueRequired":true,"valueName":"search_term_string"}}],"inLanguage":"nb-NO"}]},"product_brand":"Adeko","og_availability":"instock","product_availability":"instock","product_retailer_item_id":"Mila M-60x120-natur","product_condition":"new"},"_links":{"self":[{"href":"https:\/\/babylove.se\/no\/wp-json\/wp\/v2\/product\/8315","targetHints":{"allow":["GET"]}}],"collection":[{"href":"https:\/\/babylove.se\/no\/wp-json\/wp\/v2\/product"}],"about":[{"href":"https:\/\/babylove.se\/no\/wp-json\/wp\/v2\/types\/product"}],"replies":[{"embeddable":true,"href":"https:\/\/babylove.se\/no\/wp-json\/wp\/v2\/comments?post=8315"}],"wp:featuredmedia":[{"embeddable":true,"href":"https:\/\/babylove.se\/no\/wp-json\/wp\/v2\/media\/8317"}],"wp:attachment":[{"href":"https:\/\/babylove.se\/no\/wp-json\/wp\/v2\/media?parent=8315"}],"wp:term":[{"taxonomy":"product_brand","embeddable":true,"href":"https:\/\/babylove.se\/no\/wp-json\/wp\/v2\/product_brand?post=8315"},{"taxonomy":"product_cat","embeddable":true,"href":"https:\/\/babylove.se\/no\/wp-json\/wp\/v2\/product_cat?post=8315"},{"taxonomy":"product_tag","embeddable":true,"href":"https:\/\/babylove.se\/no\/wp-json\/wp\/v2\/product_tag?post=8315"}],"curies":[{"name":"wp","href":"https:\/\/api.w.org\/{rel}","templated":true}]}}