{"id":8482,"date":"2025-07-18T20:51:28","date_gmt":"2025-07-18T19:51:28","guid":{"rendered":"https:\/\/babylove.se\/produkt\/hussang-mila-mb\/"},"modified":"2026-04-08T08:43:45","modified_gmt":"2026-04-08T07:43:45","slug":"husholdningsseng-mila-mb","status":"publish","type":"product","link":"https:\/\/babylove.se\/no\/produkt\/husholdningsseng-mila-mb\/","title":{"rendered":"Husseng Mila MB"},"content":{"rendered":"<p>En underbart fin husseng til barnerommet med en vakker treramme og fint tak. Denne hussengen gir en herlig f\u00f8lelse til hele barnerommet, da ditt barn kan leke i den eller skape et helt eget favorittmyskrok da den ogs\u00e5 kan fungere som en daybed. <\/p>\n<p>P\u00e5 hussengen kan du henge opp fine vimpler, lysslynger eller hvorfor ikke en fin sengehimmel? Uansett s\u00e5 vet vi at ditt barn kommer til \u00e5 elske den og forh\u00e5pentligvis g\u00e5r leggetiden litt lettere&#8230; <\/p>\n<p>Materiale: Sertifisert furutre som oppfyller alle sikkerhetskrav <\/p>\n<ul>\n<li>Farge: velg mellom natur, hvit, gr\u00e5, antrasitt, rosa, olivengr\u00f8nn og bl\u00e5.<\/li>\n<li>Madrass inng\u00e5r ikke, men ta gjerne en titt p\u00e5 v\u00e5rt store madrassutvalg. Vi anbefaler en skummadrass med tykkelse p\u00e5 ca 10-12 cm.<\/li>\n<li>Ribbbunn inng\u00e5r.<\/li>\n<li>Hussengen kommer umontert men er enkel \u00e5 sette sammen.<\/li>\n<li>Maks belastning: 90 kg.<\/li>\n<li>H\u00f8yden til der taket begynner: 84,5 cm<\/li>\n<\/ul>\n<p>M\u00e5l: Finnes i forskjellige st\u00f8rrelser. M\u00e5lene til venstre i listen gjelder st\u00f8rrelsen p\u00e5 madrassen som passer til sengen. M\u00e5lene innenfor parenteser (H\u00f8yde Bredde Lengde) gjelder den totale st\u00f8rrelsen p\u00e5 sengen. <\/p>\n<p><em><em><em><em>Sengen leveres umontert og b\u00f8r settes sammen i rommet den skal brukes i.<\/em><\/em><\/em><\/em> <\/p>\n<p><em>For senger i farge er leveringstiden to uker lengre enn den oppgitte informasjonen.<\/em><\/p>\n","protected":false},"excerpt":{"rendered":"<p>En underbart fin husseng til barnerommet med en vakker treramme og fint tak. Denne hussengen gir en herlig f\u00f8lelse til hele barnerommet, da ditt barn kan leke i den eller skape et helt eget favorittmyskrok da den ogs\u00e5 kan fungere som en daybed. P\u00e5 hussengen kan du henge opp fine vimpler, lysslynger eller hvorfor ikke [&hellip;]<\/p>\n","protected":false},"featured_media":8484,"comment_status":"open","ping_status":"closed","template":"","meta":{"_acf_changed":false},"product_brand":[384],"product_cat":[386,399,217,269,40,48],"product_tag":[1689],"class_list":{"0":"post-8482","1":"product","2":"type-product","3":"status-publish","4":"has-post-thumbnail","6":"product_brand-adeko","7":"product_cat-ad","8":"product_cat-store-familiesenger-og-barnesenger","9":"product_cat-sengesanger","10":"product_cat-juniorsenger","11":"product_cat-soverom-barn","12":"product_cat-startside","13":"product_tag-bestillingsvaror","14":"pa_farg-antracit","15":"pa_farg-bla","16":"pa_farg-gra","17":"pa_farg-vit","18":"pa_farg-natur","19":"pa_farg-olivgron","20":"pa_farg-rosa","21":"pa_forvaringslada-extra-sang-ja","22":"pa_forvaringslada-extra-sang-nej","23":"pa_storlek-100x180-h138-b106-l189","24":"pa_storlek-100x190-h138-b106-l199","25":"pa_storlek-100x200-h138-b106-l209","26":"pa_storlek-120x190-h148-b126-l199","27":"pa_storlek-120x200-h148-b126-l209","28":"pa_storlek-135x190-h155-b141-l199","29":"pa_storlek-140x190-h158-b146-l199","30":"pa_storlek-140x200-h158-b146-l209","31":"pa_storlek-160x190-h168-b166-l199","32":"pa_storlek-160x200-h168-b166-l209","33":"pa_storlek-60x120-h118-b66-l129","34":"pa_storlek-70x140-h123-b76-l149","35":"pa_storlek-70x160-h123-b76-l169","36":"pa_storlek-80x140-h128-b86-l149","37":"pa_storlek-80x160-h128-b86-l169","38":"pa_storlek-80x180-h128-b86-l189","39":"pa_storlek-80x190-h128-b86-l199","40":"pa_storlek-80x200-h128-b86-l209","41":"pa_storlek-90x140-h133-b96-l149","42":"pa_storlek-90x160-h133-b96-l169","43":"pa_storlek-90x180-h133-b96-l189","44":"pa_storlek-90x190-h133-b96-l199","45":"pa_storlek-90x200-h133-b96-l209","47":"first","48":"instock","49":"taxable","50":"shipping-taxable","51":"purchasable","52":"product-type-variable"},"acf":[],"yoast_head":"<!-- This site is optimized with the Yoast SEO Premium plugin v25.8 (Yoast SEO v27.2) - https:\/\/yoast.com\/product\/yoast-seo-premium-wordpress\/ -->\n<title>Huss\u00e4ng Mila MB - FRI FRAKT<\/title>\n<meta name=\"description\" content=\"En underbart fin huss\u00e4ng till barnrummet med en vacker tr\u00e4ram och fint tak. Klarna faktura &amp; Hemleverans, K\u00f6p den h\u00e4r !\" \/>\n<meta name=\"robots\" content=\"noindex, follow, max-snippet:-1, max-image-preview:large, max-video-preview:-1\" \/>\n<meta property=\"og:locale\" content=\"nb_NO\" \/>\n<meta property=\"og:type\" content=\"article\" \/>\n<meta property=\"og:title\" content=\"Husseng Mila MB\" \/>\n<meta property=\"og:description\" content=\"En underbart fin huss\u00e4ng till barnrummet med en vacker tr\u00e4ram och fint tak. Klarna faktura &amp; Hemleverans, K\u00f6p den h\u00e4r !\" \/>\n<meta property=\"og:url\" content=\"https:\/\/babylove.se\/no\/produkt\/husholdningsseng-mila-mb\/\" \/>\n<meta property=\"og:site_name\" content=\"Babylove Norska\" \/>\n<meta property=\"article:modified_time\" content=\"2026-04-08T07:43:45+00:00\" \/>\n<meta property=\"og:image\" content=\"https:\/\/babylove.se\/no\/wp-content\/uploads\/sites\/3\/2025\/07\/5d63c6454b617.jpeg\" \/>\n\t<meta property=\"og:image:width\" content=\"750\" \/>\n\t<meta property=\"og:image:height\" content=\"750\" \/>\n\t<meta property=\"og:image:type\" content=\"image\/jpeg\" \/>\n<meta name=\"twitter:card\" content=\"summary_large_image\" \/>\n<meta name=\"twitter:label1\" content=\"Availability\" \/>\n\t<meta name=\"twitter:data1\" content=\"In stock\" \/>\n<script type=\"application\/ld+json\" class=\"yoast-schema-graph\">{\"@context\":\"https:\/\/schema.org\",\"@graph\":[{\"@type\":\"WebPage\",\"@id\":\"https:\/\/babylove.se\/no\/produkt\/husholdningsseng-mila-mb\/\",\"url\":\"https:\/\/babylove.se\/no\/produkt\/husholdningsseng-mila-mb\/\",\"name\":\"Huss\u00e4ng Mila MB - FRI FRAKT\",\"isPartOf\":{\"@id\":\"https:\/\/babylove.se\/no\/#website\"},\"primaryImageOfPage\":{\"@id\":\"https:\/\/babylove.se\/no\/produkt\/husholdningsseng-mila-mb\/#primaryimage\"},\"image\":{\"@id\":\"https:\/\/babylove.se\/no\/produkt\/husholdningsseng-mila-mb\/#primaryimage\"},\"thumbnailUrl\":\"https:\/\/babylove.se\/no\/wp-content\/uploads\/sites\/3\/2025\/07\/5d63c6454b617.jpeg\",\"datePublished\":\"2025-07-18T19:51:28+00:00\",\"dateModified\":\"2026-04-08T07:43:45+00:00\",\"description\":\"En underbart fin huss\u00e4ng till barnrummet med en vacker tr\u00e4ram och fint tak. Klarna faktura & Hemleverans, K\u00f6p den h\u00e4r !\",\"breadcrumb\":{\"@id\":\"https:\/\/babylove.se\/no\/produkt\/husholdningsseng-mila-mb\/#breadcrumb\"},\"inLanguage\":\"nb-NO\",\"potentialAction\":[{\"@type\":\"ReadAction\",\"target\":[\"https:\/\/babylove.se\/no\/produkt\/husholdningsseng-mila-mb\/\"]}]},{\"@type\":\"ImageObject\",\"inLanguage\":\"nb-NO\",\"@id\":\"https:\/\/babylove.se\/no\/produkt\/husholdningsseng-mila-mb\/#primaryimage\",\"url\":\"https:\/\/babylove.se\/no\/wp-content\/uploads\/sites\/3\/2025\/07\/5d63c6454b617.jpeg\",\"contentUrl\":\"https:\/\/babylove.se\/no\/wp-content\/uploads\/sites\/3\/2025\/07\/5d63c6454b617.jpeg\",\"width\":750,\"height\":750},{\"@type\":\"BreadcrumbList\",\"@id\":\"https:\/\/babylove.se\/no\/produkt\/husholdningsseng-mila-mb\/#breadcrumb\",\"itemListElement\":[{\"@type\":\"ListItem\",\"position\":1,\"name\":\"Hem\",\"item\":\"https:\/\/babylove.se\/no\/\"},{\"@type\":\"ListItem\",\"position\":2,\"name\":\"Butik\",\"item\":\"https:\/\/babylove.se\/no\/butik\/\"},{\"@type\":\"ListItem\",\"position\":3,\"name\":\"Husseng Mila MB\"}]},{\"@type\":\"WebSite\",\"@id\":\"https:\/\/babylove.se\/no\/#website\",\"url\":\"https:\/\/babylove.se\/no\/\",\"name\":\"Babylove Norska\",\"description\":\"\",\"potentialAction\":[{\"@type\":\"SearchAction\",\"target\":{\"@type\":\"EntryPoint\",\"urlTemplate\":\"https:\/\/babylove.se\/no\/?s={search_term_string}\"},\"query-input\":{\"@type\":\"PropertyValueSpecification\",\"valueRequired\":true,\"valueName\":\"search_term_string\"}}],\"inLanguage\":\"nb-NO\"}]}<\/script>\n<meta property=\"product:brand\" content=\"Adeko\" \/>\n<meta property=\"og:availability\" content=\"instock\" \/>\n<meta property=\"product:availability\" content=\"instock\" \/>\n<meta property=\"product:retailer_item_id\" content=\"Mila MB-60x120-nej-natur\" \/>\n<meta property=\"product:condition\" content=\"new\" \/>\n<!-- \/ Yoast SEO Premium plugin. -->","yoast_head_json":{"title":"Huss\u00e4ng Mila MB - FRI FRAKT","description":"En underbart fin huss\u00e4ng till barnrummet med en vacker tr\u00e4ram och fint tak. Klarna faktura & Hemleverans, K\u00f6p den h\u00e4r !","robots":{"index":"noindex","follow":"follow","max-snippet":"max-snippet:-1","max-image-preview":"max-image-preview:large","max-video-preview":"max-video-preview:-1"},"og_locale":"nb_NO","og_type":"article","og_title":"Husseng Mila MB","og_description":"En underbart fin huss\u00e4ng till barnrummet med en vacker tr\u00e4ram och fint tak. Klarna faktura & Hemleverans, K\u00f6p den h\u00e4r !","og_url":"https:\/\/babylove.se\/no\/produkt\/husholdningsseng-mila-mb\/","og_site_name":"Babylove Norska","article_modified_time":"2026-04-08T07:43:45+00:00","og_image":[{"width":750,"height":750,"url":"https:\/\/babylove.se\/no\/wp-content\/uploads\/sites\/3\/2025\/07\/5d63c6454b617.jpeg","type":"image\/jpeg"}],"twitter_card":"summary_large_image","twitter_misc":{"Availability":"In stock"},"schema":{"@context":"https:\/\/schema.org","@graph":[{"@type":"WebPage","@id":"https:\/\/babylove.se\/no\/produkt\/husholdningsseng-mila-mb\/","url":"https:\/\/babylove.se\/no\/produkt\/husholdningsseng-mila-mb\/","name":"Huss\u00e4ng Mila MB - FRI FRAKT","isPartOf":{"@id":"https:\/\/babylove.se\/no\/#website"},"primaryImageOfPage":{"@id":"https:\/\/babylove.se\/no\/produkt\/husholdningsseng-mila-mb\/#primaryimage"},"image":{"@id":"https:\/\/babylove.se\/no\/produkt\/husholdningsseng-mila-mb\/#primaryimage"},"thumbnailUrl":"https:\/\/babylove.se\/no\/wp-content\/uploads\/sites\/3\/2025\/07\/5d63c6454b617.jpeg","datePublished":"2025-07-18T19:51:28+00:00","dateModified":"2026-04-08T07:43:45+00:00","description":"En underbart fin huss\u00e4ng till barnrummet med en vacker tr\u00e4ram och fint tak. Klarna faktura & Hemleverans, K\u00f6p den h\u00e4r !","breadcrumb":{"@id":"https:\/\/babylove.se\/no\/produkt\/husholdningsseng-mila-mb\/#breadcrumb"},"inLanguage":"nb-NO","potentialAction":[{"@type":"ReadAction","target":["https:\/\/babylove.se\/no\/produkt\/husholdningsseng-mila-mb\/"]}]},{"@type":"ImageObject","inLanguage":"nb-NO","@id":"https:\/\/babylove.se\/no\/produkt\/husholdningsseng-mila-mb\/#primaryimage","url":"https:\/\/babylove.se\/no\/wp-content\/uploads\/sites\/3\/2025\/07\/5d63c6454b617.jpeg","contentUrl":"https:\/\/babylove.se\/no\/wp-content\/uploads\/sites\/3\/2025\/07\/5d63c6454b617.jpeg","width":750,"height":750},{"@type":"BreadcrumbList","@id":"https:\/\/babylove.se\/no\/produkt\/husholdningsseng-mila-mb\/#breadcrumb","itemListElement":[{"@type":"ListItem","position":1,"name":"Hem","item":"https:\/\/babylove.se\/no\/"},{"@type":"ListItem","position":2,"name":"Butik","item":"https:\/\/babylove.se\/no\/butik\/"},{"@type":"ListItem","position":3,"name":"Husseng Mila MB"}]},{"@type":"WebSite","@id":"https:\/\/babylove.se\/no\/#website","url":"https:\/\/babylove.se\/no\/","name":"Babylove Norska","description":"","potentialAction":[{"@type":"SearchAction","target":{"@type":"EntryPoint","urlTemplate":"https:\/\/babylove.se\/no\/?s={search_term_string}"},"query-input":{"@type":"PropertyValueSpecification","valueRequired":true,"valueName":"search_term_string"}}],"inLanguage":"nb-NO"}]},"product_brand":"Adeko","og_availability":"instock","product_availability":"instock","product_retailer_item_id":"Mila MB-60x120-nej-natur","product_condition":"new"},"_links":{"self":[{"href":"https:\/\/babylove.se\/no\/wp-json\/wp\/v2\/product\/8482","targetHints":{"allow":["GET"]}}],"collection":[{"href":"https:\/\/babylove.se\/no\/wp-json\/wp\/v2\/product"}],"about":[{"href":"https:\/\/babylove.se\/no\/wp-json\/wp\/v2\/types\/product"}],"replies":[{"embeddable":true,"href":"https:\/\/babylove.se\/no\/wp-json\/wp\/v2\/comments?post=8482"}],"wp:featuredmedia":[{"embeddable":true,"href":"https:\/\/babylove.se\/no\/wp-json\/wp\/v2\/media\/8484"}],"wp:attachment":[{"href":"https:\/\/babylove.se\/no\/wp-json\/wp\/v2\/media?parent=8482"}],"wp:term":[{"taxonomy":"product_brand","embeddable":true,"href":"https:\/\/babylove.se\/no\/wp-json\/wp\/v2\/product_brand?post=8482"},{"taxonomy":"product_cat","embeddable":true,"href":"https:\/\/babylove.se\/no\/wp-json\/wp\/v2\/product_cat?post=8482"},{"taxonomy":"product_tag","embeddable":true,"href":"https:\/\/babylove.se\/no\/wp-json\/wp\/v2\/product_tag?post=8482"}],"curies":[{"name":"wp","href":"https:\/\/api.w.org\/{rel}","templated":true}]}}