{"id":86634,"date":"2025-12-22T14:07:16","date_gmt":"2025-12-22T13:07:16","guid":{"rendered":"https:\/\/babylove.se\/?post_type=product&#038;p=86634"},"modified":"2026-04-08T14:39:04","modified_gmt":"2026-04-08T13:39:04","slug":"kids-concept-aktivitetsbrett-bil","status":"publish","type":"product","link":"https:\/\/babylove.se\/no\/produkt\/kids-concept-aktivitetsbrett-bil\/","title":{"rendered":"Kid`s Concept, Aktivitetsbrett bil"},"content":{"rendered":"<p>Start leken og gi deg ut p\u00e5 eventyr!<br \/>\nDenne aktivitetstavlen i tre, laget av FSC-sertifisert tre, lar barnet ta plass bak rattet og oppleve f\u00f8lelsen av \u00e5 kj\u00f8re sin egen bil. Med et dreibart ratt, en n\u00f8kkel for \u00e5 &#8220;starte&#8221; motoren og et lekent GPS-system blir bilturen b\u00e5de spennende og virkelighetsn\u00e6r. <\/p>\n<p>Tavlen er full av morsomme detaljer som tute i rattet, trykknapper, speedometer og batteriindikator \u2013 akkurat som i en ekte elbil. Her trengs ikke drivstoff, bare fantasi og lekelyst! <\/p>\n<p>Gjennom \u00e5 dreie, trykke og utforske de forskjellige funksjonene trener barnet b\u00e5de finmotorikk, h\u00e5nd-\u00f8ye-koordinasjon og konsentrasjon. En perfekt leke for nysgjerrige sm\u00e5 barn som vil forst\u00e5 hvordan ting fungerer. <\/p>\n<p>Produktm\u00e5l (L x B x H): 45 \u00d7 23 \u00d7 14 cm<br \/>\nArtikkelnummer: 1001004<\/p>\n","protected":false},"excerpt":{"rendered":"<p>Start leken og gi deg ut p\u00e5 eventyr! Denne aktivitetstavlen i tre, laget av FSC-sertifisert tre, lar barnet ta plass bak rattet og oppleve f\u00f8lelsen av \u00e5 kj\u00f8re sin egen bil. Med et dreibart ratt, en n\u00f8kkel for \u00e5 &#8220;starte&#8221; motoren og et lekent GPS-system blir bilturen b\u00e5de spennende og virkelighetsn\u00e6r. Tavlen er full av [&hellip;]<\/p>\n","protected":false},"featured_media":86636,"comment_status":"closed","ping_status":"closed","template":"","meta":{"_acf_changed":false},"product_brand":[],"product_cat":[1714,136,72,321,1774,68,922,322,112],"product_tag":[],"class_list":{"0":"post-86634","1":"product","2":"type-product","3":"status-publish","4":"has-post-thumbnail","6":"product_cat-biler","7":"product_cat-havet","8":"product_cat-julegaver","9":"product_cat-kids-concept","10":"product_cat-late-leker","11":"product_cat-leker","12":"product_cat-nyheter","13":"product_cat-rollespill","14":"product_cat-treleker","16":"first","17":"instock","18":"taxable","19":"shipping-taxable","20":"purchasable","21":"product-type-simple"},"acf":[],"yoast_head":"<!-- This site is optimized with the Yoast SEO Premium plugin v25.8 (Yoast SEO v27.2) - https:\/\/yoast.com\/product\/yoast-seo-premium-wordpress\/ -->\n<title>Kid`s Concept, Aktivitetsbrett bil - Babylove Norska<\/title>\n<meta name=\"robots\" content=\"noindex, follow, max-snippet:-1, max-image-preview:large, max-video-preview:-1\" \/>\n<meta property=\"og:locale\" content=\"nb_NO\" \/>\n<meta property=\"og:type\" content=\"article\" \/>\n<meta property=\"og:title\" content=\"Kid`s Concept, Aktivitetsbrett bil\" \/>\n<meta property=\"og:description\" content=\"Start leken og gi deg ut p\u00e5 eventyr! Denne aktivitetstavlen i tre, laget av FSC-sertifisert tre, lar barnet ta plass bak rattet og oppleve f\u00f8lelsen av \u00e5 kj\u00f8re sin egen bil. Med et dreibart ratt, en n\u00f8kkel for \u00e5 &#8220;starte&#8221; motoren og et lekent GPS-system blir bilturen b\u00e5de spennende og virkelighetsn\u00e6r. Tavlen er full av [&hellip;]\" \/>\n<meta property=\"og:url\" content=\"https:\/\/babylove.se\/no\/produkt\/kids-concept-aktivitetsbrett-bil\/\" \/>\n<meta property=\"og:site_name\" content=\"Babylove Norska\" \/>\n<meta property=\"article:modified_time\" content=\"2026-04-08T13:39:04+00:00\" \/>\n<meta property=\"og:image\" content=\"https:\/\/babylove.se\/no\/wp-content\/uploads\/sites\/3\/2025\/12\/1001004-Activity-board-car-AIDEN_2_Fill_960x1200_50_50_webp.webp\" \/>\n\t<meta property=\"og:image:width\" content=\"800\" \/>\n\t<meta property=\"og:image:height\" content=\"1000\" \/>\n\t<meta property=\"og:image:type\" content=\"image\/webp\" \/>\n<meta name=\"twitter:card\" content=\"summary_large_image\" \/>\n<meta name=\"twitter:label1\" content=\"Price\" \/>\n\t<meta name=\"twitter:data1\" content=\"499,00&nbsp;&#107;&#114;\" \/>\n\t<meta name=\"twitter:label2\" content=\"Availability\" \/>\n\t<meta name=\"twitter:data2\" content=\"In stock\" \/>\n<script type=\"application\/ld+json\" class=\"yoast-schema-graph\">{\"@context\":\"https:\/\/schema.org\",\"@graph\":[{\"@type\":\"WebPage\",\"@id\":\"https:\/\/babylove.se\/no\/produkt\/kids-concept-aktivitetsbrett-bil\/\",\"url\":\"https:\/\/babylove.se\/no\/produkt\/kids-concept-aktivitetsbrett-bil\/\",\"name\":\"Kid`s Concept, Aktivitetsbrett bil - Babylove Norska\",\"isPartOf\":{\"@id\":\"https:\/\/babylove.se\/no\/#website\"},\"primaryImageOfPage\":{\"@id\":\"https:\/\/babylove.se\/no\/produkt\/kids-concept-aktivitetsbrett-bil\/#primaryimage\"},\"image\":{\"@id\":\"https:\/\/babylove.se\/no\/produkt\/kids-concept-aktivitetsbrett-bil\/#primaryimage\"},\"thumbnailUrl\":\"https:\/\/babylove.se\/no\/wp-content\/uploads\/sites\/3\/2025\/12\/1001004-Activity-board-car-AIDEN_2_Fill_960x1200_50_50_webp.webp\",\"datePublished\":\"2025-12-22T13:07:16+00:00\",\"dateModified\":\"2026-04-08T13:39:04+00:00\",\"breadcrumb\":{\"@id\":\"https:\/\/babylove.se\/no\/produkt\/kids-concept-aktivitetsbrett-bil\/#breadcrumb\"},\"inLanguage\":\"nb-NO\",\"potentialAction\":[{\"@type\":\"ReadAction\",\"target\":[\"https:\/\/babylove.se\/no\/produkt\/kids-concept-aktivitetsbrett-bil\/\"]}]},{\"@type\":\"ImageObject\",\"inLanguage\":\"nb-NO\",\"@id\":\"https:\/\/babylove.se\/no\/produkt\/kids-concept-aktivitetsbrett-bil\/#primaryimage\",\"url\":\"https:\/\/babylove.se\/no\/wp-content\/uploads\/sites\/3\/2025\/12\/1001004-Activity-board-car-AIDEN_2_Fill_960x1200_50_50_webp.webp\",\"contentUrl\":\"https:\/\/babylove.se\/no\/wp-content\/uploads\/sites\/3\/2025\/12\/1001004-Activity-board-car-AIDEN_2_Fill_960x1200_50_50_webp.webp\",\"width\":800,\"height\":1000},{\"@type\":\"BreadcrumbList\",\"@id\":\"https:\/\/babylove.se\/no\/produkt\/kids-concept-aktivitetsbrett-bil\/#breadcrumb\",\"itemListElement\":[{\"@type\":\"ListItem\",\"position\":1,\"name\":\"Hem\",\"item\":\"https:\/\/babylove.se\/no\/\"},{\"@type\":\"ListItem\",\"position\":2,\"name\":\"Butik\",\"item\":\"https:\/\/babylove.se\/no\/butik\/\"},{\"@type\":\"ListItem\",\"position\":3,\"name\":\"Kid`s Concept, Aktivitetsbrett bil\"}]},{\"@type\":\"WebSite\",\"@id\":\"https:\/\/babylove.se\/no\/#website\",\"url\":\"https:\/\/babylove.se\/no\/\",\"name\":\"Babylove Norska\",\"description\":\"\",\"potentialAction\":[{\"@type\":\"SearchAction\",\"target\":{\"@type\":\"EntryPoint\",\"urlTemplate\":\"https:\/\/babylove.se\/no\/?s={search_term_string}\"},\"query-input\":{\"@type\":\"PropertyValueSpecification\",\"valueRequired\":true,\"valueName\":\"search_term_string\"}}],\"inLanguage\":\"nb-NO\"}]}<\/script>\n<meta property=\"product:price:amount\" content=\"499.00\" \/>\n<meta property=\"product:price:currency\" content=\"SEK\" \/>\n<meta property=\"og:availability\" content=\"instock\" \/>\n<meta property=\"product:availability\" content=\"instock\" \/>\n<meta property=\"product:retailer_item_id\" content=\"1001004\" \/>\n<meta property=\"product:condition\" content=\"new\" \/>\n<!-- \/ Yoast SEO Premium plugin. -->","yoast_head_json":{"title":"Kid`s Concept, Aktivitetsbrett bil - Babylove Norska","robots":{"index":"noindex","follow":"follow","max-snippet":"max-snippet:-1","max-image-preview":"max-image-preview:large","max-video-preview":"max-video-preview:-1"},"og_locale":"nb_NO","og_type":"article","og_title":"Kid`s Concept, Aktivitetsbrett bil","og_description":"Start leken og gi deg ut p\u00e5 eventyr! Denne aktivitetstavlen i tre, laget av FSC-sertifisert tre, lar barnet ta plass bak rattet og oppleve f\u00f8lelsen av \u00e5 kj\u00f8re sin egen bil. Med et dreibart ratt, en n\u00f8kkel for \u00e5 &#8220;starte&#8221; motoren og et lekent GPS-system blir bilturen b\u00e5de spennende og virkelighetsn\u00e6r. Tavlen er full av [&hellip;]","og_url":"https:\/\/babylove.se\/no\/produkt\/kids-concept-aktivitetsbrett-bil\/","og_site_name":"Babylove Norska","article_modified_time":"2026-04-08T13:39:04+00:00","og_image":[{"width":800,"height":1000,"url":"https:\/\/babylove.se\/no\/wp-content\/uploads\/sites\/3\/2025\/12\/1001004-Activity-board-car-AIDEN_2_Fill_960x1200_50_50_webp.webp","type":"image\/webp"}],"twitter_card":"summary_large_image","twitter_misc":{"Price":"499,00&nbsp;&#107;&#114;","Availability":"In stock"},"schema":{"@context":"https:\/\/schema.org","@graph":[{"@type":"WebPage","@id":"https:\/\/babylove.se\/no\/produkt\/kids-concept-aktivitetsbrett-bil\/","url":"https:\/\/babylove.se\/no\/produkt\/kids-concept-aktivitetsbrett-bil\/","name":"Kid`s Concept, Aktivitetsbrett bil - Babylove Norska","isPartOf":{"@id":"https:\/\/babylove.se\/no\/#website"},"primaryImageOfPage":{"@id":"https:\/\/babylove.se\/no\/produkt\/kids-concept-aktivitetsbrett-bil\/#primaryimage"},"image":{"@id":"https:\/\/babylove.se\/no\/produkt\/kids-concept-aktivitetsbrett-bil\/#primaryimage"},"thumbnailUrl":"https:\/\/babylove.se\/no\/wp-content\/uploads\/sites\/3\/2025\/12\/1001004-Activity-board-car-AIDEN_2_Fill_960x1200_50_50_webp.webp","datePublished":"2025-12-22T13:07:16+00:00","dateModified":"2026-04-08T13:39:04+00:00","breadcrumb":{"@id":"https:\/\/babylove.se\/no\/produkt\/kids-concept-aktivitetsbrett-bil\/#breadcrumb"},"inLanguage":"nb-NO","potentialAction":[{"@type":"ReadAction","target":["https:\/\/babylove.se\/no\/produkt\/kids-concept-aktivitetsbrett-bil\/"]}]},{"@type":"ImageObject","inLanguage":"nb-NO","@id":"https:\/\/babylove.se\/no\/produkt\/kids-concept-aktivitetsbrett-bil\/#primaryimage","url":"https:\/\/babylove.se\/no\/wp-content\/uploads\/sites\/3\/2025\/12\/1001004-Activity-board-car-AIDEN_2_Fill_960x1200_50_50_webp.webp","contentUrl":"https:\/\/babylove.se\/no\/wp-content\/uploads\/sites\/3\/2025\/12\/1001004-Activity-board-car-AIDEN_2_Fill_960x1200_50_50_webp.webp","width":800,"height":1000},{"@type":"BreadcrumbList","@id":"https:\/\/babylove.se\/no\/produkt\/kids-concept-aktivitetsbrett-bil\/#breadcrumb","itemListElement":[{"@type":"ListItem","position":1,"name":"Hem","item":"https:\/\/babylove.se\/no\/"},{"@type":"ListItem","position":2,"name":"Butik","item":"https:\/\/babylove.se\/no\/butik\/"},{"@type":"ListItem","position":3,"name":"Kid`s Concept, Aktivitetsbrett bil"}]},{"@type":"WebSite","@id":"https:\/\/babylove.se\/no\/#website","url":"https:\/\/babylove.se\/no\/","name":"Babylove Norska","description":"","potentialAction":[{"@type":"SearchAction","target":{"@type":"EntryPoint","urlTemplate":"https:\/\/babylove.se\/no\/?s={search_term_string}"},"query-input":{"@type":"PropertyValueSpecification","valueRequired":true,"valueName":"search_term_string"}}],"inLanguage":"nb-NO"}]},"product_price_amount":"499.00","product_price_currency":"SEK","og_availability":"instock","product_availability":"instock","product_retailer_item_id":"1001004","product_condition":"new"},"_links":{"self":[{"href":"https:\/\/babylove.se\/no\/wp-json\/wp\/v2\/product\/86634","targetHints":{"allow":["GET"]}}],"collection":[{"href":"https:\/\/babylove.se\/no\/wp-json\/wp\/v2\/product"}],"about":[{"href":"https:\/\/babylove.se\/no\/wp-json\/wp\/v2\/types\/product"}],"replies":[{"embeddable":true,"href":"https:\/\/babylove.se\/no\/wp-json\/wp\/v2\/comments?post=86634"}],"wp:featuredmedia":[{"embeddable":true,"href":"https:\/\/babylove.se\/no\/wp-json\/wp\/v2\/media\/86636"}],"wp:attachment":[{"href":"https:\/\/babylove.se\/no\/wp-json\/wp\/v2\/media?parent=86634"}],"wp:term":[{"taxonomy":"product_brand","embeddable":true,"href":"https:\/\/babylove.se\/no\/wp-json\/wp\/v2\/product_brand?post=86634"},{"taxonomy":"product_cat","embeddable":true,"href":"https:\/\/babylove.se\/no\/wp-json\/wp\/v2\/product_cat?post=86634"},{"taxonomy":"product_tag","embeddable":true,"href":"https:\/\/babylove.se\/no\/wp-json\/wp\/v2\/product_tag?post=86634"}],"curies":[{"name":"wp","href":"https:\/\/api.w.org\/{rel}","templated":true}]}}