{"id":86637,"date":"2025-12-22T14:18:14","date_gmt":"2025-12-22T13:18:14","guid":{"rendered":"https:\/\/babylove.se\/?post_type=product&#038;p=86637"},"modified":"2026-04-08T14:39:07","modified_gmt":"2026-04-08T13:39:07","slug":"kids-concept-gunghest-miro","status":"publish","type":"product","link":"https:\/\/babylove.se\/no\/produkt\/kids-concept-gunghest-miro\/","title":{"rendered":"Kid`s Concept, Gyngehest Miro"},"content":{"rendered":"<p>M\u00f8t Miro \u2013 en riktig fashionista p\u00e5 fire ben!<br \/>\nDenne stilfulle gyngehesten leter etter sitt nye hjem \u2013 kanskje hos deg? N\u00e5r Miro ikke &#8220;strutser rundt&#8221; som p\u00e5 en motevisning, tilf\u00f8rer han garantert b\u00e5de sjarm og personlighet til barnerommet. <\/p>\n<p>Miro er kledd i et rutet m\u00f8nster i en elegant bl\u00e5gr\u00f8nn nyanse og har en myk man og hale som gj\u00f8r leken ekstra koselig. Den stabile gyngebunnen er laget av FSC-sertifisert tre og gir en trygg og jevn gynging. <\/p>\n<p>Gyngehester og gyngedyr er perfekte for \u00e5 trene balanse, koordinasjon og motorikk, og Miro passer barn fra cirka 18 m\u00e5neder. For barnets sikkerhet skal leken alltid skje under oppsyn av voksen. <\/p>\n<p>Egenskaper: <\/p>\n<p>FSC-sertifisert gyngebunn for stabil og sikker gynging <\/p>\n<p>Trener balanse, motorikk og koordinasjon <\/p>\n<p>Myk man og hale for ekstra lekeopplevelse <\/p>\n<p>Anbefalt alder: Fra 18 m\u00e5neder<br \/>\nSitteh\u00f8yde: 37 cm<br \/>\nMaksbelastning: 50 kg<br \/>\nProduktm\u00e5l (L x B x H): 72 \u00d7 30 \u00d7 58 cm<\/p>\n","protected":false},"excerpt":{"rendered":"<p>M\u00f8t Miro \u2013 en riktig fashionista p\u00e5 fire ben! Denne stilfulle gyngehesten leter etter sitt nye hjem \u2013 kanskje hos deg? N\u00e5r Miro ikke &#8220;strutser rundt&#8221; som p\u00e5 en motevisning, tilf\u00f8rer han garantert b\u00e5de sjarm og personlighet til barnerommet. Miro er kledd i et rutet m\u00f8nster i en elegant bl\u00e5gr\u00f8nn nyanse og har en myk [&hellip;]<\/p>\n","protected":false},"featured_media":86638,"comment_status":"closed","ping_status":"closed","template":"","meta":{"_acf_changed":false},"product_brand":[],"product_cat":[205,72,321,68,922,322],"product_tag":[],"class_list":{"0":"post-86637","1":"product","2":"type-product","3":"status-publish","4":"has-post-thumbnail","6":"product_cat-gyngehest-gyngedyr","7":"product_cat-julegaver","8":"product_cat-kids-concept","9":"product_cat-leker","10":"product_cat-nyheter","11":"product_cat-rollespill","13":"first","14":"outofstock","15":"taxable","16":"shipping-taxable","17":"purchasable","18":"product-type-simple"},"acf":[],"yoast_head":"<!-- This site is optimized with the Yoast SEO Premium plugin v25.8 (Yoast SEO v27.2) - https:\/\/yoast.com\/product\/yoast-seo-premium-wordpress\/ -->\n<title>Kid`s Concept, Gyngehest Miro - Babylove Norska<\/title>\n<meta name=\"robots\" content=\"noindex, follow, max-snippet:-1, max-image-preview:large, max-video-preview:-1\" \/>\n<meta property=\"og:locale\" content=\"nb_NO\" \/>\n<meta property=\"og:type\" content=\"article\" \/>\n<meta property=\"og:title\" content=\"Kid`s Concept, Gyngehest Miro\" \/>\n<meta property=\"og:description\" content=\"M\u00f8t Miro \u2013 en riktig fashionista p\u00e5 fire ben! Denne stilfulle gyngehesten leter etter sitt nye hjem \u2013 kanskje hos deg? N\u00e5r Miro ikke &#8220;strutser rundt&#8221; som p\u00e5 en motevisning, tilf\u00f8rer han garantert b\u00e5de sjarm og personlighet til barnerommet. Miro er kledd i et rutet m\u00f8nster i en elegant bl\u00e5gr\u00f8nn nyanse og har en myk [&hellip;]\" \/>\n<meta property=\"og:url\" content=\"https:\/\/babylove.se\/no\/produkt\/kids-concept-gunghest-miro\/\" \/>\n<meta property=\"og:site_name\" content=\"Babylove Norska\" \/>\n<meta property=\"article:modified_time\" content=\"2026-04-08T13:39:07+00:00\" \/>\n<meta property=\"og:image\" content=\"https:\/\/babylove.se\/no\/wp-content\/uploads\/sites\/3\/2025\/12\/1001056-Rocking-horse-check-teal_1_Fill_960x1200_50_50_webp.webp\" \/>\n\t<meta property=\"og:image:width\" content=\"800\" \/>\n\t<meta property=\"og:image:height\" content=\"1000\" \/>\n\t<meta property=\"og:image:type\" content=\"image\/webp\" \/>\n<meta name=\"twitter:card\" content=\"summary_large_image\" \/>\n<meta name=\"twitter:label1\" content=\"Price\" \/>\n\t<meta name=\"twitter:data1\" content=\"1 299,00&nbsp;&#107;&#114;\" \/>\n\t<meta name=\"twitter:label2\" content=\"Availability\" \/>\n\t<meta name=\"twitter:data2\" content=\"Out of stock\" \/>\n<script type=\"application\/ld+json\" class=\"yoast-schema-graph\">{\"@context\":\"https:\/\/schema.org\",\"@graph\":[{\"@type\":\"WebPage\",\"@id\":\"https:\/\/babylove.se\/no\/produkt\/kids-concept-gunghest-miro\/\",\"url\":\"https:\/\/babylove.se\/no\/produkt\/kids-concept-gunghest-miro\/\",\"name\":\"Kid`s Concept, Gyngehest Miro - Babylove Norska\",\"isPartOf\":{\"@id\":\"https:\/\/babylove.se\/no\/#website\"},\"primaryImageOfPage\":{\"@id\":\"https:\/\/babylove.se\/no\/produkt\/kids-concept-gunghest-miro\/#primaryimage\"},\"image\":{\"@id\":\"https:\/\/babylove.se\/no\/produkt\/kids-concept-gunghest-miro\/#primaryimage\"},\"thumbnailUrl\":\"https:\/\/babylove.se\/no\/wp-content\/uploads\/sites\/3\/2025\/12\/1001056-Rocking-horse-check-teal_1_Fill_960x1200_50_50_webp.webp\",\"datePublished\":\"2025-12-22T13:18:14+00:00\",\"dateModified\":\"2026-04-08T13:39:07+00:00\",\"breadcrumb\":{\"@id\":\"https:\/\/babylove.se\/no\/produkt\/kids-concept-gunghest-miro\/#breadcrumb\"},\"inLanguage\":\"nb-NO\",\"potentialAction\":[{\"@type\":\"ReadAction\",\"target\":[\"https:\/\/babylove.se\/no\/produkt\/kids-concept-gunghest-miro\/\"]}]},{\"@type\":\"ImageObject\",\"inLanguage\":\"nb-NO\",\"@id\":\"https:\/\/babylove.se\/no\/produkt\/kids-concept-gunghest-miro\/#primaryimage\",\"url\":\"https:\/\/babylove.se\/no\/wp-content\/uploads\/sites\/3\/2025\/12\/1001056-Rocking-horse-check-teal_1_Fill_960x1200_50_50_webp.webp\",\"contentUrl\":\"https:\/\/babylove.se\/no\/wp-content\/uploads\/sites\/3\/2025\/12\/1001056-Rocking-horse-check-teal_1_Fill_960x1200_50_50_webp.webp\",\"width\":800,\"height\":1000},{\"@type\":\"BreadcrumbList\",\"@id\":\"https:\/\/babylove.se\/no\/produkt\/kids-concept-gunghest-miro\/#breadcrumb\",\"itemListElement\":[{\"@type\":\"ListItem\",\"position\":1,\"name\":\"Hem\",\"item\":\"https:\/\/babylove.se\/no\/\"},{\"@type\":\"ListItem\",\"position\":2,\"name\":\"Butik\",\"item\":\"https:\/\/babylove.se\/no\/butik\/\"},{\"@type\":\"ListItem\",\"position\":3,\"name\":\"Kid`s Concept, Gyngehest Miro\"}]},{\"@type\":\"WebSite\",\"@id\":\"https:\/\/babylove.se\/no\/#website\",\"url\":\"https:\/\/babylove.se\/no\/\",\"name\":\"Babylove Norska\",\"description\":\"\",\"potentialAction\":[{\"@type\":\"SearchAction\",\"target\":{\"@type\":\"EntryPoint\",\"urlTemplate\":\"https:\/\/babylove.se\/no\/?s={search_term_string}\"},\"query-input\":{\"@type\":\"PropertyValueSpecification\",\"valueRequired\":true,\"valueName\":\"search_term_string\"}}],\"inLanguage\":\"nb-NO\"}]}<\/script>\n<meta property=\"product:price:amount\" content=\"1299.00\" \/>\n<meta property=\"product:price:currency\" content=\"SEK\" \/>\n<meta property=\"og:availability\" content=\"out of stock\" \/>\n<meta property=\"product:availability\" content=\"out of stock\" \/>\n<meta property=\"product:retailer_item_id\" content=\"1001056\" \/>\n<meta property=\"product:condition\" content=\"new\" \/>\n<!-- \/ Yoast SEO Premium plugin. -->","yoast_head_json":{"title":"Kid`s Concept, Gyngehest Miro - Babylove Norska","robots":{"index":"noindex","follow":"follow","max-snippet":"max-snippet:-1","max-image-preview":"max-image-preview:large","max-video-preview":"max-video-preview:-1"},"og_locale":"nb_NO","og_type":"article","og_title":"Kid`s Concept, Gyngehest Miro","og_description":"M\u00f8t Miro \u2013 en riktig fashionista p\u00e5 fire ben! Denne stilfulle gyngehesten leter etter sitt nye hjem \u2013 kanskje hos deg? N\u00e5r Miro ikke &#8220;strutser rundt&#8221; som p\u00e5 en motevisning, tilf\u00f8rer han garantert b\u00e5de sjarm og personlighet til barnerommet. Miro er kledd i et rutet m\u00f8nster i en elegant bl\u00e5gr\u00f8nn nyanse og har en myk [&hellip;]","og_url":"https:\/\/babylove.se\/no\/produkt\/kids-concept-gunghest-miro\/","og_site_name":"Babylove Norska","article_modified_time":"2026-04-08T13:39:07+00:00","og_image":[{"width":800,"height":1000,"url":"https:\/\/babylove.se\/no\/wp-content\/uploads\/sites\/3\/2025\/12\/1001056-Rocking-horse-check-teal_1_Fill_960x1200_50_50_webp.webp","type":"image\/webp"}],"twitter_card":"summary_large_image","twitter_misc":{"Price":"1 299,00&nbsp;&#107;&#114;","Availability":"Out of stock"},"schema":{"@context":"https:\/\/schema.org","@graph":[{"@type":"WebPage","@id":"https:\/\/babylove.se\/no\/produkt\/kids-concept-gunghest-miro\/","url":"https:\/\/babylove.se\/no\/produkt\/kids-concept-gunghest-miro\/","name":"Kid`s Concept, Gyngehest Miro - Babylove Norska","isPartOf":{"@id":"https:\/\/babylove.se\/no\/#website"},"primaryImageOfPage":{"@id":"https:\/\/babylove.se\/no\/produkt\/kids-concept-gunghest-miro\/#primaryimage"},"image":{"@id":"https:\/\/babylove.se\/no\/produkt\/kids-concept-gunghest-miro\/#primaryimage"},"thumbnailUrl":"https:\/\/babylove.se\/no\/wp-content\/uploads\/sites\/3\/2025\/12\/1001056-Rocking-horse-check-teal_1_Fill_960x1200_50_50_webp.webp","datePublished":"2025-12-22T13:18:14+00:00","dateModified":"2026-04-08T13:39:07+00:00","breadcrumb":{"@id":"https:\/\/babylove.se\/no\/produkt\/kids-concept-gunghest-miro\/#breadcrumb"},"inLanguage":"nb-NO","potentialAction":[{"@type":"ReadAction","target":["https:\/\/babylove.se\/no\/produkt\/kids-concept-gunghest-miro\/"]}]},{"@type":"ImageObject","inLanguage":"nb-NO","@id":"https:\/\/babylove.se\/no\/produkt\/kids-concept-gunghest-miro\/#primaryimage","url":"https:\/\/babylove.se\/no\/wp-content\/uploads\/sites\/3\/2025\/12\/1001056-Rocking-horse-check-teal_1_Fill_960x1200_50_50_webp.webp","contentUrl":"https:\/\/babylove.se\/no\/wp-content\/uploads\/sites\/3\/2025\/12\/1001056-Rocking-horse-check-teal_1_Fill_960x1200_50_50_webp.webp","width":800,"height":1000},{"@type":"BreadcrumbList","@id":"https:\/\/babylove.se\/no\/produkt\/kids-concept-gunghest-miro\/#breadcrumb","itemListElement":[{"@type":"ListItem","position":1,"name":"Hem","item":"https:\/\/babylove.se\/no\/"},{"@type":"ListItem","position":2,"name":"Butik","item":"https:\/\/babylove.se\/no\/butik\/"},{"@type":"ListItem","position":3,"name":"Kid`s Concept, Gyngehest Miro"}]},{"@type":"WebSite","@id":"https:\/\/babylove.se\/no\/#website","url":"https:\/\/babylove.se\/no\/","name":"Babylove Norska","description":"","potentialAction":[{"@type":"SearchAction","target":{"@type":"EntryPoint","urlTemplate":"https:\/\/babylove.se\/no\/?s={search_term_string}"},"query-input":{"@type":"PropertyValueSpecification","valueRequired":true,"valueName":"search_term_string"}}],"inLanguage":"nb-NO"}]},"product_price_amount":"1299.00","product_price_currency":"SEK","og_availability":"out of stock","product_availability":"out of stock","product_retailer_item_id":"1001056","product_condition":"new"},"_links":{"self":[{"href":"https:\/\/babylove.se\/no\/wp-json\/wp\/v2\/product\/86637","targetHints":{"allow":["GET"]}}],"collection":[{"href":"https:\/\/babylove.se\/no\/wp-json\/wp\/v2\/product"}],"about":[{"href":"https:\/\/babylove.se\/no\/wp-json\/wp\/v2\/types\/product"}],"replies":[{"embeddable":true,"href":"https:\/\/babylove.se\/no\/wp-json\/wp\/v2\/comments?post=86637"}],"wp:featuredmedia":[{"embeddable":true,"href":"https:\/\/babylove.se\/no\/wp-json\/wp\/v2\/media\/86638"}],"wp:attachment":[{"href":"https:\/\/babylove.se\/no\/wp-json\/wp\/v2\/media?parent=86637"}],"wp:term":[{"taxonomy":"product_brand","embeddable":true,"href":"https:\/\/babylove.se\/no\/wp-json\/wp\/v2\/product_brand?post=86637"},{"taxonomy":"product_cat","embeddable":true,"href":"https:\/\/babylove.se\/no\/wp-json\/wp\/v2\/product_cat?post=86637"},{"taxonomy":"product_tag","embeddable":true,"href":"https:\/\/babylove.se\/no\/wp-json\/wp\/v2\/product_tag?post=86637"}],"curies":[{"name":"wp","href":"https:\/\/api.w.org\/{rel}","templated":true}]}}