{"id":86643,"date":"2025-12-22T14:24:21","date_gmt":"2025-12-22T13:24:21","guid":{"rendered":"https:\/\/babylove.se\/?post_type=product&#038;p=86643"},"modified":"2026-04-08T14:39:10","modified_gmt":"2026-04-08T13:39:10","slug":"kids-concept-godtebutikk","status":"publish","type":"product","link":"https:\/\/babylove.se\/no\/produkt\/kids-concept-godtebutikk\/","title":{"rendered":"Kid`s Concept, Godteributikk"},"content":{"rendered":"<p>Velkommen til godteribuikken \u2013 hvor leken alltid er s\u00f8t!<br \/>\nN\u00e5 kan alle sm\u00e5 godterielskere \u00e5pne sin egen godteributikk. Butikken er fylt med fargerike og klassiske favoritter som gel\u00e9bamser, sopp, colaflasker, seige kirseb\u00e6r, punsjpraliner, kj\u00f8ller og saltlakrissstenger \u2013 alt laget av tre. <\/p>\n<p>Her finnes det noe for alle smaker, b\u00e5de milde og &#8220;sterke&#8221;, og kombinasjonen av saltlakriss- og bringeb\u00e6rstenger gj\u00f8r leken ekstra morsom. Perfekt for l\u00f8rdagsgodteri, bursdag eller en helt vanlig lekestund hvor fantasien f\u00e5r styre. <\/p>\n<p>Settet inneholder et godteristativ, en godteritang, tre papirposer, tre kj\u00f8ller og mange forskjellige godteribiter i tre. Alle deler er laget av FSC-sertifisert tre. Den medf\u00f8lgende tangen hjelper barnet \u00e5 \u00f8ve finmotorikk og h\u00e5ndkoordinasjon n\u00e5r de later som de selger og kj\u00f8per godteri \u2013 akkurat som i en ekte godteributikk. <\/p>\n<p>Godteribuikken oppfordrer til kreativ og sosial lek hvor barn kan skape egne historier og dele dem med familie og venner. <\/p>\n<p>Innhold &amp; spesifikasjoner: <\/p>\n<p>Antall deler: 36 <\/p>\n<p>Materiale: FSC-sertifisert tre <\/p>\n<p>M\u00e5l: <\/p>\n<p>Godteribuikk: 25 \u00d7 14,5 \u00d7 16 cm <\/p>\n<p>Pose: 11,5 \u00d7 8 cm <\/p>\n<p>Kj\u00f8lle: 4 \u00d7 1,5 \u00d7 9 cm <\/p>\n<p>Godteribj\u00f8rn: 3 \u00d7 1 \u00d7 5 cm <\/p>\n<p>Produktm\u00e5l (L x B x H): 25 \u00d7 14,5 \u00d7 16 cm<\/p>\n","protected":false},"excerpt":{"rendered":"<p>Velkommen til godteribuikken \u2013 hvor leken alltid er s\u00f8t! N\u00e5 kan alle sm\u00e5 godterielskere \u00e5pne sin egen godteributikk. Butikken er fylt med fargerike og klassiske favoritter som gel\u00e9bamser, sopp, colaflasker, seige kirseb\u00e6r, punsjpraliner, kj\u00f8ller og saltlakrissstenger \u2013 alt laget av tre. Her finnes det noe for alle smaker, b\u00e5de milde og &#8220;sterke&#8221;, og kombinasjonen av [&hellip;]<\/p>\n","protected":false},"featured_media":86651,"comment_status":"closed","ping_status":"closed","template":"","meta":{"_acf_changed":false},"product_brand":[],"product_cat":[136,72,321,1774,68,922,322,112],"product_tag":[],"class_list":{"0":"post-86643","1":"product","2":"type-product","3":"status-publish","4":"has-post-thumbnail","6":"product_cat-havet","7":"product_cat-julegaver","8":"product_cat-kids-concept","9":"product_cat-late-leker","10":"product_cat-leker","11":"product_cat-nyheter","12":"product_cat-rollespill","13":"product_cat-treleker","15":"first","16":"instock","17":"taxable","18":"shipping-taxable","19":"purchasable","20":"product-type-simple"},"acf":[],"yoast_head":"<!-- This site is optimized with the Yoast SEO Premium plugin v25.8 (Yoast SEO v27.2) - https:\/\/yoast.com\/product\/yoast-seo-premium-wordpress\/ -->\n<title>Kid`s Concept, Godteributikk - Babylove Norska<\/title>\n<meta name=\"robots\" content=\"noindex, follow, max-snippet:-1, max-image-preview:large, max-video-preview:-1\" \/>\n<meta property=\"og:locale\" content=\"nb_NO\" \/>\n<meta property=\"og:type\" content=\"article\" \/>\n<meta property=\"og:title\" content=\"Kid`s Concept, Godteributikk\" \/>\n<meta property=\"og:description\" content=\"Velkommen til godteribuikken \u2013 hvor leken alltid er s\u00f8t! N\u00e5 kan alle sm\u00e5 godterielskere \u00e5pne sin egen godteributikk. Butikken er fylt med fargerike og klassiske favoritter som gel\u00e9bamser, sopp, colaflasker, seige kirseb\u00e6r, punsjpraliner, kj\u00f8ller og saltlakrissstenger \u2013 alt laget av tre. Her finnes det noe for alle smaker, b\u00e5de milde og &#8220;sterke&#8221;, og kombinasjonen av [&hellip;]\" \/>\n<meta property=\"og:url\" content=\"https:\/\/babylove.se\/no\/produkt\/kids-concept-godtebutikk\/\" \/>\n<meta property=\"og:site_name\" content=\"Babylove Norska\" \/>\n<meta property=\"article:modified_time\" content=\"2026-04-08T13:39:10+00:00\" \/>\n<meta property=\"og:image\" content=\"https:\/\/babylove.se\/no\/wp-content\/uploads\/sites\/3\/2025\/12\/1000996-Swedish-candy-shop-KIDS-HUB_1_Fill_960x1200_50_50_webp.webp\" \/>\n\t<meta property=\"og:image:width\" content=\"800\" \/>\n\t<meta property=\"og:image:height\" content=\"1000\" \/>\n\t<meta property=\"og:image:type\" content=\"image\/webp\" \/>\n<meta name=\"twitter:card\" content=\"summary_large_image\" \/>\n<meta name=\"twitter:label1\" content=\"Price\" \/>\n\t<meta name=\"twitter:data1\" content=\"499,00&nbsp;&#107;&#114;\" \/>\n\t<meta name=\"twitter:label2\" content=\"Availability\" \/>\n\t<meta name=\"twitter:data2\" content=\"In stock\" \/>\n<script type=\"application\/ld+json\" class=\"yoast-schema-graph\">{\"@context\":\"https:\/\/schema.org\",\"@graph\":[{\"@type\":\"WebPage\",\"@id\":\"https:\/\/babylove.se\/no\/produkt\/kids-concept-godtebutikk\/\",\"url\":\"https:\/\/babylove.se\/no\/produkt\/kids-concept-godtebutikk\/\",\"name\":\"Kid`s Concept, Godteributikk - Babylove Norska\",\"isPartOf\":{\"@id\":\"https:\/\/babylove.se\/no\/#website\"},\"primaryImageOfPage\":{\"@id\":\"https:\/\/babylove.se\/no\/produkt\/kids-concept-godtebutikk\/#primaryimage\"},\"image\":{\"@id\":\"https:\/\/babylove.se\/no\/produkt\/kids-concept-godtebutikk\/#primaryimage\"},\"thumbnailUrl\":\"https:\/\/babylove.se\/no\/wp-content\/uploads\/sites\/3\/2025\/12\/1000996-Swedish-candy-shop-KIDS-HUB_1_Fill_960x1200_50_50_webp.webp\",\"datePublished\":\"2025-12-22T13:24:21+00:00\",\"dateModified\":\"2026-04-08T13:39:10+00:00\",\"breadcrumb\":{\"@id\":\"https:\/\/babylove.se\/no\/produkt\/kids-concept-godtebutikk\/#breadcrumb\"},\"inLanguage\":\"nb-NO\",\"potentialAction\":[{\"@type\":\"ReadAction\",\"target\":[\"https:\/\/babylove.se\/no\/produkt\/kids-concept-godtebutikk\/\"]}]},{\"@type\":\"ImageObject\",\"inLanguage\":\"nb-NO\",\"@id\":\"https:\/\/babylove.se\/no\/produkt\/kids-concept-godtebutikk\/#primaryimage\",\"url\":\"https:\/\/babylove.se\/no\/wp-content\/uploads\/sites\/3\/2025\/12\/1000996-Swedish-candy-shop-KIDS-HUB_1_Fill_960x1200_50_50_webp.webp\",\"contentUrl\":\"https:\/\/babylove.se\/no\/wp-content\/uploads\/sites\/3\/2025\/12\/1000996-Swedish-candy-shop-KIDS-HUB_1_Fill_960x1200_50_50_webp.webp\",\"width\":800,\"height\":1000},{\"@type\":\"BreadcrumbList\",\"@id\":\"https:\/\/babylove.se\/no\/produkt\/kids-concept-godtebutikk\/#breadcrumb\",\"itemListElement\":[{\"@type\":\"ListItem\",\"position\":1,\"name\":\"Hem\",\"item\":\"https:\/\/babylove.se\/no\/\"},{\"@type\":\"ListItem\",\"position\":2,\"name\":\"Butik\",\"item\":\"https:\/\/babylove.se\/no\/butik\/\"},{\"@type\":\"ListItem\",\"position\":3,\"name\":\"Kid`s Concept, Godteributikk\"}]},{\"@type\":\"WebSite\",\"@id\":\"https:\/\/babylove.se\/no\/#website\",\"url\":\"https:\/\/babylove.se\/no\/\",\"name\":\"Babylove Norska\",\"description\":\"\",\"potentialAction\":[{\"@type\":\"SearchAction\",\"target\":{\"@type\":\"EntryPoint\",\"urlTemplate\":\"https:\/\/babylove.se\/no\/?s={search_term_string}\"},\"query-input\":{\"@type\":\"PropertyValueSpecification\",\"valueRequired\":true,\"valueName\":\"search_term_string\"}}],\"inLanguage\":\"nb-NO\"}]}<\/script>\n<meta property=\"product:price:amount\" content=\"499.00\" \/>\n<meta property=\"product:price:currency\" content=\"SEK\" \/>\n<meta property=\"og:availability\" content=\"instock\" \/>\n<meta property=\"product:availability\" content=\"instock\" \/>\n<meta property=\"product:retailer_item_id\" content=\"1000996\" \/>\n<meta property=\"product:condition\" content=\"new\" \/>\n<!-- \/ Yoast SEO Premium plugin. -->","yoast_head_json":{"title":"Kid`s Concept, Godteributikk - Babylove Norska","robots":{"index":"noindex","follow":"follow","max-snippet":"max-snippet:-1","max-image-preview":"max-image-preview:large","max-video-preview":"max-video-preview:-1"},"og_locale":"nb_NO","og_type":"article","og_title":"Kid`s Concept, Godteributikk","og_description":"Velkommen til godteribuikken \u2013 hvor leken alltid er s\u00f8t! N\u00e5 kan alle sm\u00e5 godterielskere \u00e5pne sin egen godteributikk. Butikken er fylt med fargerike og klassiske favoritter som gel\u00e9bamser, sopp, colaflasker, seige kirseb\u00e6r, punsjpraliner, kj\u00f8ller og saltlakrissstenger \u2013 alt laget av tre. Her finnes det noe for alle smaker, b\u00e5de milde og &#8220;sterke&#8221;, og kombinasjonen av [&hellip;]","og_url":"https:\/\/babylove.se\/no\/produkt\/kids-concept-godtebutikk\/","og_site_name":"Babylove Norska","article_modified_time":"2026-04-08T13:39:10+00:00","og_image":[{"width":800,"height":1000,"url":"https:\/\/babylove.se\/no\/wp-content\/uploads\/sites\/3\/2025\/12\/1000996-Swedish-candy-shop-KIDS-HUB_1_Fill_960x1200_50_50_webp.webp","type":"image\/webp"}],"twitter_card":"summary_large_image","twitter_misc":{"Price":"499,00&nbsp;&#107;&#114;","Availability":"In stock"},"schema":{"@context":"https:\/\/schema.org","@graph":[{"@type":"WebPage","@id":"https:\/\/babylove.se\/no\/produkt\/kids-concept-godtebutikk\/","url":"https:\/\/babylove.se\/no\/produkt\/kids-concept-godtebutikk\/","name":"Kid`s Concept, Godteributikk - Babylove Norska","isPartOf":{"@id":"https:\/\/babylove.se\/no\/#website"},"primaryImageOfPage":{"@id":"https:\/\/babylove.se\/no\/produkt\/kids-concept-godtebutikk\/#primaryimage"},"image":{"@id":"https:\/\/babylove.se\/no\/produkt\/kids-concept-godtebutikk\/#primaryimage"},"thumbnailUrl":"https:\/\/babylove.se\/no\/wp-content\/uploads\/sites\/3\/2025\/12\/1000996-Swedish-candy-shop-KIDS-HUB_1_Fill_960x1200_50_50_webp.webp","datePublished":"2025-12-22T13:24:21+00:00","dateModified":"2026-04-08T13:39:10+00:00","breadcrumb":{"@id":"https:\/\/babylove.se\/no\/produkt\/kids-concept-godtebutikk\/#breadcrumb"},"inLanguage":"nb-NO","potentialAction":[{"@type":"ReadAction","target":["https:\/\/babylove.se\/no\/produkt\/kids-concept-godtebutikk\/"]}]},{"@type":"ImageObject","inLanguage":"nb-NO","@id":"https:\/\/babylove.se\/no\/produkt\/kids-concept-godtebutikk\/#primaryimage","url":"https:\/\/babylove.se\/no\/wp-content\/uploads\/sites\/3\/2025\/12\/1000996-Swedish-candy-shop-KIDS-HUB_1_Fill_960x1200_50_50_webp.webp","contentUrl":"https:\/\/babylove.se\/no\/wp-content\/uploads\/sites\/3\/2025\/12\/1000996-Swedish-candy-shop-KIDS-HUB_1_Fill_960x1200_50_50_webp.webp","width":800,"height":1000},{"@type":"BreadcrumbList","@id":"https:\/\/babylove.se\/no\/produkt\/kids-concept-godtebutikk\/#breadcrumb","itemListElement":[{"@type":"ListItem","position":1,"name":"Hem","item":"https:\/\/babylove.se\/no\/"},{"@type":"ListItem","position":2,"name":"Butik","item":"https:\/\/babylove.se\/no\/butik\/"},{"@type":"ListItem","position":3,"name":"Kid`s Concept, Godteributikk"}]},{"@type":"WebSite","@id":"https:\/\/babylove.se\/no\/#website","url":"https:\/\/babylove.se\/no\/","name":"Babylove Norska","description":"","potentialAction":[{"@type":"SearchAction","target":{"@type":"EntryPoint","urlTemplate":"https:\/\/babylove.se\/no\/?s={search_term_string}"},"query-input":{"@type":"PropertyValueSpecification","valueRequired":true,"valueName":"search_term_string"}}],"inLanguage":"nb-NO"}]},"product_price_amount":"499.00","product_price_currency":"SEK","og_availability":"instock","product_availability":"instock","product_retailer_item_id":"1000996","product_condition":"new"},"_links":{"self":[{"href":"https:\/\/babylove.se\/no\/wp-json\/wp\/v2\/product\/86643","targetHints":{"allow":["GET"]}}],"collection":[{"href":"https:\/\/babylove.se\/no\/wp-json\/wp\/v2\/product"}],"about":[{"href":"https:\/\/babylove.se\/no\/wp-json\/wp\/v2\/types\/product"}],"replies":[{"embeddable":true,"href":"https:\/\/babylove.se\/no\/wp-json\/wp\/v2\/comments?post=86643"}],"wp:featuredmedia":[{"embeddable":true,"href":"https:\/\/babylove.se\/no\/wp-json\/wp\/v2\/media\/86651"}],"wp:attachment":[{"href":"https:\/\/babylove.se\/no\/wp-json\/wp\/v2\/media?parent=86643"}],"wp:term":[{"taxonomy":"product_brand","embeddable":true,"href":"https:\/\/babylove.se\/no\/wp-json\/wp\/v2\/product_brand?post=86643"},{"taxonomy":"product_cat","embeddable":true,"href":"https:\/\/babylove.se\/no\/wp-json\/wp\/v2\/product_cat?post=86643"},{"taxonomy":"product_tag","embeddable":true,"href":"https:\/\/babylove.se\/no\/wp-json\/wp\/v2\/product_tag?post=86643"}],"curies":[{"name":"wp","href":"https:\/\/api.w.org\/{rel}","templated":true}]}}