{"id":8809,"date":"2025-07-18T20:53:58","date_gmt":"2025-07-18T19:53:58","guid":{"rendered":"https:\/\/babylove.se\/produkt\/hussang-vaningssang-mila-dmp\/"},"modified":"2026-04-08T08:43:48","modified_gmt":"2026-04-08T07:43:48","slug":"hussang-koyeseng-mila-dmp","status":"publish","type":"product","link":"https:\/\/babylove.se\/no\/produkt\/hussang-koyeseng-mila-dmp\/","title":{"rendered":"Hytteseng k\u00f8yeseng, Mila DMP"},"content":{"rendered":"<p>P\u00e5 jakt etter den perfekte k\u00f8yesenga? Her er den! <\/p>\n<p>En stabil k\u00f8yeseng i stilsikker design, for mange \u00e5r av s\u00f8te dr\u00f8mmer! <\/p>\n<p>Alle v\u00e5re Mila-senger er helt h\u00e5ndlaget med stor lidenskap, av h\u00f8ykvalitets furutre. <\/p>\n<p><strong>Tilvalg:<\/strong> <\/p>\n<ul>\n<li>Sidebeskyttelse p\u00e5 nedre seng (En planke som p\u00e5 overslafen)<\/li>\n<li>Ekstra ben: 20 cm<\/li>\n<li>Farge: velg mellom natur, hvit, antrasitt, gr\u00e5, rosa, olivengr\u00f8nn og bl\u00e5.<\/li>\n<\/ul>\n<p><strong>Info:<\/strong> <\/p>\n<ul>\n<li>Anbefales fra 6 \u00e5rs alder<\/li>\n<li>Maksvekt \u00f8vre seng: 45 kg<\/li>\n<li>Maksvekt nedre seng: 90 Kg.<\/li>\n<li>H\u00f8yde fra gulv til \u00f8vre seng:100 cm<\/li>\n<li>Ribbbunn inng\u00e5r<\/li>\n<li>Madrass inng\u00e5r ikke, men ta gjerne en titt p\u00e5 v\u00e5rt store madrassutvalg. Vi anbefaler en tykkere skummadrass med tykkelse p\u00e5 ca 12-14 cm.<\/li>\n<li>P\u00e5 bildene sees standardben som er ca 5 cm.<\/li>\n<\/ul>\n<p><strong>M\u00e5l:<\/strong> <\/p>\n<ul>\n<li>Finnes i ulike st\u00f8rrelser. M\u00e5lene til venstre i listen gjelder sengm\u00e5l. M\u00e5lene i parentes (H\u00f8yde*Bredde*Lengde) gjelder den totale st\u00f8rrelsen p\u00e5 senga.<\/li>\n<\/ul>\n<p>Sengene kommer fra v\u00e5r fabrikk i Europa som har h\u00f8ye kvalitetskrav og kontrollerer hvert skritt fra det at t\u00f8mmeret kommer inn i fabrikken til at et ferdig produkt leveres. <\/p>\n<p><em><em><em>Senga leveres umontert og b\u00f8r settes sammen i rommet den skal brukes i.<\/em><\/em><\/em> <\/p>\n<p><em>For senger i farge er leveringstiden to uker lenger enn den oppgitte informasjonen.<\/em><\/p>\n","protected":false},"excerpt":{"rendered":"<p>P\u00e5 jakt etter den perfekte k\u00f8yesenga? Her er den! En stabil k\u00f8yeseng i stilsikker design, for mange \u00e5r av s\u00f8te dr\u00f8mmer! Alle v\u00e5re Mila-senger er helt h\u00e5ndlaget med stor lidenskap, av h\u00f8ykvalitets furutre. Tilvalg: Sidebeskyttelse p\u00e5 nedre seng (En planke som p\u00e5 overslafen) Ekstra ben: 20 cm Farge: velg mellom natur, hvit, antrasitt, gr\u00e5, rosa, [&hellip;]<\/p>\n","protected":false},"featured_media":8811,"comment_status":"open","ping_status":"closed","template":"","meta":{"_acf_changed":false},"product_brand":[384],"product_cat":[386,372,217,269,385,40,48],"product_tag":[1689],"class_list":{"0":"post-8809","1":"product","2":"type-product","3":"status-publish","4":"has-post-thumbnail","6":"product_brand-adeko","7":"product_cat-ad","8":"product_cat-barnesenger","9":"product_cat-sengesanger","10":"product_cat-juniorsenger","11":"product_cat-koyesenger-loftsenger","12":"product_cat-soverom-barn","13":"product_cat-startside","14":"product_tag-bestillingsvaror","15":"pa_farg-antracit","16":"pa_farg-bla","17":"pa_farg-gra","18":"pa_farg-vit","19":"pa_farg-natur","20":"pa_farg-olivgron","21":"pa_farg-rosa","22":"pa_sidoskydd-pa-nedersta-sangen-ja","23":"pa_sidoskydd-pa-nedersta-sangen-nej","24":"pa_storlek-80x160-h195-b89-l173","25":"pa_storlek-80x180-h200-b89-l193","26":"pa_storlek-80x190-h205-b89-l203","27":"pa_storlek-80x200-h208-b89-l213","28":"pa_storlek-90x140-h195-b99-l153","29":"pa_storlek-90x160-h195-b99-l173","30":"pa_storlek-90x180-h200-b99-l199","31":"pa_storlek-90x190-h205-b99-l203","32":"pa_storlek-90x200-h208-b99-l213","34":"first","35":"instock","36":"taxable","37":"shipping-taxable","38":"purchasable","39":"product-type-variable"},"acf":[],"yoast_head":"<!-- This site is optimized with the Yoast SEO Premium plugin v25.8 (Yoast SEO v27.2) - https:\/\/yoast.com\/product\/yoast-seo-premium-wordpress\/ -->\n<title>Huss\u00e4ng v\u00e5ningss\u00e4ng, Mila DMP - FRI FRAKT<\/title>\n<meta name=\"description\" content=\"En underbart fin huss\u00e4ng till barnrummet i form av en v\u00e5ningss\u00e4ng med en vacker tr\u00e4ram och fint tak. Klarna faktura , V\u00e4lkommen till Babylove.se\" \/>\n<meta name=\"robots\" content=\"noindex, follow, max-snippet:-1, max-image-preview:large, max-video-preview:-1\" \/>\n<meta property=\"og:locale\" content=\"nb_NO\" \/>\n<meta property=\"og:type\" content=\"article\" \/>\n<meta property=\"og:title\" content=\"Hytteseng k\u00f8yeseng, Mila DMP\" \/>\n<meta property=\"og:description\" content=\"En underbart fin huss\u00e4ng till barnrummet i form av en v\u00e5ningss\u00e4ng med en vacker tr\u00e4ram och fint tak. Klarna faktura , V\u00e4lkommen till Babylove.se\" \/>\n<meta property=\"og:url\" content=\"https:\/\/babylove.se\/no\/produkt\/hussang-koyeseng-mila-dmp\/\" \/>\n<meta property=\"og:site_name\" content=\"Babylove Norska\" \/>\n<meta property=\"article:modified_time\" content=\"2026-04-08T07:43:48+00:00\" \/>\n<meta property=\"og:image\" content=\"https:\/\/babylove.se\/no\/wp-content\/uploads\/sites\/3\/2025\/07\/61e955a4d6bd5.png\" \/>\n\t<meta property=\"og:image:width\" content=\"800\" \/>\n\t<meta property=\"og:image:height\" content=\"800\" \/>\n\t<meta property=\"og:image:type\" content=\"image\/png\" \/>\n<meta name=\"twitter:card\" content=\"summary_large_image\" \/>\n<meta name=\"twitter:label1\" content=\"Availability\" \/>\n\t<meta name=\"twitter:data1\" content=\"In stock\" \/>\n<script type=\"application\/ld+json\" class=\"yoast-schema-graph\">{\"@context\":\"https:\/\/schema.org\",\"@graph\":[{\"@type\":\"WebPage\",\"@id\":\"https:\/\/babylove.se\/no\/produkt\/hussang-koyeseng-mila-dmp\/\",\"url\":\"https:\/\/babylove.se\/no\/produkt\/hussang-koyeseng-mila-dmp\/\",\"name\":\"Huss\u00e4ng v\u00e5ningss\u00e4ng, Mila DMP - FRI FRAKT\",\"isPartOf\":{\"@id\":\"https:\/\/babylove.se\/no\/#website\"},\"primaryImageOfPage\":{\"@id\":\"https:\/\/babylove.se\/no\/produkt\/hussang-koyeseng-mila-dmp\/#primaryimage\"},\"image\":{\"@id\":\"https:\/\/babylove.se\/no\/produkt\/hussang-koyeseng-mila-dmp\/#primaryimage\"},\"thumbnailUrl\":\"https:\/\/babylove.se\/no\/wp-content\/uploads\/sites\/3\/2025\/07\/61e955a4d6bd5.png\",\"datePublished\":\"2025-07-18T19:53:58+00:00\",\"dateModified\":\"2026-04-08T07:43:48+00:00\",\"description\":\"En underbart fin huss\u00e4ng till barnrummet i form av en v\u00e5ningss\u00e4ng med en vacker tr\u00e4ram och fint tak. Klarna faktura , V\u00e4lkommen till Babylove.se\",\"breadcrumb\":{\"@id\":\"https:\/\/babylove.se\/no\/produkt\/hussang-koyeseng-mila-dmp\/#breadcrumb\"},\"inLanguage\":\"nb-NO\",\"potentialAction\":[{\"@type\":\"ReadAction\",\"target\":[\"https:\/\/babylove.se\/no\/produkt\/hussang-koyeseng-mila-dmp\/\"]}]},{\"@type\":\"ImageObject\",\"inLanguage\":\"nb-NO\",\"@id\":\"https:\/\/babylove.se\/no\/produkt\/hussang-koyeseng-mila-dmp\/#primaryimage\",\"url\":\"https:\/\/babylove.se\/no\/wp-content\/uploads\/sites\/3\/2025\/07\/61e955a4d6bd5.png\",\"contentUrl\":\"https:\/\/babylove.se\/no\/wp-content\/uploads\/sites\/3\/2025\/07\/61e955a4d6bd5.png\",\"width\":800,\"height\":800},{\"@type\":\"BreadcrumbList\",\"@id\":\"https:\/\/babylove.se\/no\/produkt\/hussang-koyeseng-mila-dmp\/#breadcrumb\",\"itemListElement\":[{\"@type\":\"ListItem\",\"position\":1,\"name\":\"Hem\",\"item\":\"https:\/\/babylove.se\/no\/\"},{\"@type\":\"ListItem\",\"position\":2,\"name\":\"Butik\",\"item\":\"https:\/\/babylove.se\/no\/butik\/\"},{\"@type\":\"ListItem\",\"position\":3,\"name\":\"Hytteseng k\u00f8yeseng, Mila DMP\"}]},{\"@type\":\"WebSite\",\"@id\":\"https:\/\/babylove.se\/no\/#website\",\"url\":\"https:\/\/babylove.se\/no\/\",\"name\":\"Babylove Norska\",\"description\":\"\",\"potentialAction\":[{\"@type\":\"SearchAction\",\"target\":{\"@type\":\"EntryPoint\",\"urlTemplate\":\"https:\/\/babylove.se\/no\/?s={search_term_string}\"},\"query-input\":{\"@type\":\"PropertyValueSpecification\",\"valueRequired\":true,\"valueName\":\"search_term_string\"}}],\"inLanguage\":\"nb-NO\"}]}<\/script>\n<meta property=\"product:brand\" content=\"Adeko\" \/>\n<meta property=\"og:availability\" content=\"instock\" \/>\n<meta property=\"product:availability\" content=\"instock\" \/>\n<meta property=\"product:retailer_item_id\" content=\"DMP-80x160-utansidoskydd-natur\" \/>\n<meta property=\"product:condition\" content=\"new\" \/>\n<!-- \/ Yoast SEO Premium plugin. -->","yoast_head_json":{"title":"Huss\u00e4ng v\u00e5ningss\u00e4ng, Mila DMP - FRI FRAKT","description":"En underbart fin huss\u00e4ng till barnrummet i form av en v\u00e5ningss\u00e4ng med en vacker tr\u00e4ram och fint tak. Klarna faktura , V\u00e4lkommen till Babylove.se","robots":{"index":"noindex","follow":"follow","max-snippet":"max-snippet:-1","max-image-preview":"max-image-preview:large","max-video-preview":"max-video-preview:-1"},"og_locale":"nb_NO","og_type":"article","og_title":"Hytteseng k\u00f8yeseng, Mila DMP","og_description":"En underbart fin huss\u00e4ng till barnrummet i form av en v\u00e5ningss\u00e4ng med en vacker tr\u00e4ram och fint tak. Klarna faktura , V\u00e4lkommen till Babylove.se","og_url":"https:\/\/babylove.se\/no\/produkt\/hussang-koyeseng-mila-dmp\/","og_site_name":"Babylove Norska","article_modified_time":"2026-04-08T07:43:48+00:00","og_image":[{"width":800,"height":800,"url":"https:\/\/babylove.se\/no\/wp-content\/uploads\/sites\/3\/2025\/07\/61e955a4d6bd5.png","type":"image\/png"}],"twitter_card":"summary_large_image","twitter_misc":{"Availability":"In stock"},"schema":{"@context":"https:\/\/schema.org","@graph":[{"@type":"WebPage","@id":"https:\/\/babylove.se\/no\/produkt\/hussang-koyeseng-mila-dmp\/","url":"https:\/\/babylove.se\/no\/produkt\/hussang-koyeseng-mila-dmp\/","name":"Huss\u00e4ng v\u00e5ningss\u00e4ng, Mila DMP - FRI FRAKT","isPartOf":{"@id":"https:\/\/babylove.se\/no\/#website"},"primaryImageOfPage":{"@id":"https:\/\/babylove.se\/no\/produkt\/hussang-koyeseng-mila-dmp\/#primaryimage"},"image":{"@id":"https:\/\/babylove.se\/no\/produkt\/hussang-koyeseng-mila-dmp\/#primaryimage"},"thumbnailUrl":"https:\/\/babylove.se\/no\/wp-content\/uploads\/sites\/3\/2025\/07\/61e955a4d6bd5.png","datePublished":"2025-07-18T19:53:58+00:00","dateModified":"2026-04-08T07:43:48+00:00","description":"En underbart fin huss\u00e4ng till barnrummet i form av en v\u00e5ningss\u00e4ng med en vacker tr\u00e4ram och fint tak. Klarna faktura , V\u00e4lkommen till Babylove.se","breadcrumb":{"@id":"https:\/\/babylove.se\/no\/produkt\/hussang-koyeseng-mila-dmp\/#breadcrumb"},"inLanguage":"nb-NO","potentialAction":[{"@type":"ReadAction","target":["https:\/\/babylove.se\/no\/produkt\/hussang-koyeseng-mila-dmp\/"]}]},{"@type":"ImageObject","inLanguage":"nb-NO","@id":"https:\/\/babylove.se\/no\/produkt\/hussang-koyeseng-mila-dmp\/#primaryimage","url":"https:\/\/babylove.se\/no\/wp-content\/uploads\/sites\/3\/2025\/07\/61e955a4d6bd5.png","contentUrl":"https:\/\/babylove.se\/no\/wp-content\/uploads\/sites\/3\/2025\/07\/61e955a4d6bd5.png","width":800,"height":800},{"@type":"BreadcrumbList","@id":"https:\/\/babylove.se\/no\/produkt\/hussang-koyeseng-mila-dmp\/#breadcrumb","itemListElement":[{"@type":"ListItem","position":1,"name":"Hem","item":"https:\/\/babylove.se\/no\/"},{"@type":"ListItem","position":2,"name":"Butik","item":"https:\/\/babylove.se\/no\/butik\/"},{"@type":"ListItem","position":3,"name":"Hytteseng k\u00f8yeseng, Mila DMP"}]},{"@type":"WebSite","@id":"https:\/\/babylove.se\/no\/#website","url":"https:\/\/babylove.se\/no\/","name":"Babylove Norska","description":"","potentialAction":[{"@type":"SearchAction","target":{"@type":"EntryPoint","urlTemplate":"https:\/\/babylove.se\/no\/?s={search_term_string}"},"query-input":{"@type":"PropertyValueSpecification","valueRequired":true,"valueName":"search_term_string"}}],"inLanguage":"nb-NO"}]},"product_brand":"Adeko","og_availability":"instock","product_availability":"instock","product_retailer_item_id":"DMP-80x160-utansidoskydd-natur","product_condition":"new"},"_links":{"self":[{"href":"https:\/\/babylove.se\/no\/wp-json\/wp\/v2\/product\/8809","targetHints":{"allow":["GET"]}}],"collection":[{"href":"https:\/\/babylove.se\/no\/wp-json\/wp\/v2\/product"}],"about":[{"href":"https:\/\/babylove.se\/no\/wp-json\/wp\/v2\/types\/product"}],"replies":[{"embeddable":true,"href":"https:\/\/babylove.se\/no\/wp-json\/wp\/v2\/comments?post=8809"}],"wp:featuredmedia":[{"embeddable":true,"href":"https:\/\/babylove.se\/no\/wp-json\/wp\/v2\/media\/8811"}],"wp:attachment":[{"href":"https:\/\/babylove.se\/no\/wp-json\/wp\/v2\/media?parent=8809"}],"wp:term":[{"taxonomy":"product_brand","embeddable":true,"href":"https:\/\/babylove.se\/no\/wp-json\/wp\/v2\/product_brand?post=8809"},{"taxonomy":"product_cat","embeddable":true,"href":"https:\/\/babylove.se\/no\/wp-json\/wp\/v2\/product_cat?post=8809"},{"taxonomy":"product_tag","embeddable":true,"href":"https:\/\/babylove.se\/no\/wp-json\/wp\/v2\/product_tag?post=8809"}],"curies":[{"name":"wp","href":"https:\/\/api.w.org\/{rel}","templated":true}]}}