{"id":92486,"date":"2026-02-19T09:28:42","date_gmt":"2026-02-19T08:28:42","guid":{"rendered":"https:\/\/babylove.se\/?post_type=product&#038;p=92486"},"modified":"2026-04-08T14:39:38","modified_gmt":"2026-04-08T13:39:38","slug":"babylove-sengehest-med-volang-lysegra","status":"publish","type":"product","link":"https:\/\/babylove.se\/no\/produkt\/babylove-sengehest-med-volang-lysegra\/","title":{"rendered":"Babylove, Sengehest med volang, Lysegr\u00e5"},"content":{"rendered":"<p>Barnesengvern med volang \u2013 100% Bomull \\n<\/p>\n<p data-start=\"183\" data-end=\"433\">Skap et trygt og koselig sovemilj\u00f8 i barnets seng med v\u00e5rt mykt vatterte barnesengvern i 100% bomull. Den dekorative volangen gir sengen et stilrent og koselig uttrykk samtidig som vernet reduserer risikoen for at barnet sl\u00e5r seg p\u00e5 sengens spiler.<\/p>\n<p> \\n<\/p>\n<p data-start=\"435\" data-end=\"563\">Laget av et slitesterkt bomullsstoff med myk fylling som puster, noe som gir b\u00e5de komfort og god luftsirkulasjon rundt barnet.<\/p>\n<p> \\n<\/p>\n<p data-start=\"565\" data-end=\"637\">Barnesengvernet festes enkelt med knyteb\u00e5nd og sitter stabilt p\u00e5 plass.<\/p>\n<p> \\n \\n<\/p>\n<h4 data-start=\"644\" data-end=\"669\">Finnes i to st\u00f8rrelser<\/h4>\n<p> \\n<\/p>\n<ul> \\n \\t<\/p>\n<li data-start=\"671\" data-end=\"758\"><strong data-start=\"671\" data-end=\"686\">360 x 25 cm<\/strong><br data-start=\"686\" data-end=\"689\" \/>Passer rundt hele barnesengen for et komplett vern langs alle sider.<\/li>\n<p> \\n \\t<\/p>\n<li data-start=\"760\" data-end=\"968\"><strong data-start=\"760\" data-end=\"775\">260 x 20 cm<\/strong><br data-start=\"775\" data-end=\"778\" \/>Kortere variant som er utformet for \u00e5 brukes ved kortsiden der barnets hode ligger samt langs den \u00f8vre delen av langsidene ved siden av. Perfekt n\u00e5r du \u00f8nsker vern der det trengs mest.<\/li>\n<p> \\n<\/ul>\n<p> \\n<\/p>\n<h4 data-start=\"975\" data-end=\"997\">Produktinformasjon<\/h4>\n<p> \\n<\/p>\n<ul data-start=\"999\" data-end=\"1206\"> \\n \\t<\/p>\n<li data-start=\"999\" data-end=\"1033\"> \\n\n<p data-start=\"1001\" data-end=\"1033\">Materiale ytterstoff: 100% bomull, OEKO-tex sertifisert<\/p>\n<p> \\n<\/li>\n<p> \\n \\t<\/p>\n<li data-start=\"1034\" data-end=\"1057\"> \\n\n<p data-start=\"1036\" data-end=\"1057\">Fylling: Polyester<\/p>\n<p> \\n<\/li>\n<p> \\n \\t<\/p>\n<li data-start=\"1058\" data-end=\"1097\"> \\n\n<p data-start=\"1060\" data-end=\"1065\">M\u00e5l:<\/p>\n<p> \\n \\n<\/p>\n<ul data-start=\"1068\" data-end=\"1097\"> \\n \\t<\/p>\n<li data-start=\"1068\" data-end=\"1081\"> \\n\n<p data-start=\"1070\" data-end=\"1081\">360 x 25 cm<\/p>\n<p> \\n<\/li>\n<p> \\n \\t<\/p>\n<li data-start=\"1084\" data-end=\"1097\"> \\n\n<p data-start=\"1086\" data-end=\"1097\">260 x 20 cm<\/p>\n<p> \\n<\/li>\n<p> \\n<\/ul>\n<p> \\n<\/li>\n<p> \\n \\t<\/p>\n<li data-start=\"1098\" data-end=\"1118\"> \\n\n<p data-start=\"1100\" data-end=\"1118\">Dekorativ volang<\/p>\n<p> \\n<\/li>\n<p> \\n \\t<\/p>\n<li data-start=\"1119\" data-end=\"1161\"> \\n\n<p data-start=\"1121\" data-end=\"1161\">Praktiske knyteb\u00e5nd for enkel montering<\/p>\n<p> \\n<\/li>\n<p> \\n \\t<\/p>\n<li data-start=\"1162\" data-end=\"1180\"> \\n\n<p data-start=\"1164\" data-end=\"1180\">Mykt vattert<\/p>\n<p> \\n<\/li>\n<p> \\n \\t<\/p>\n<li data-start=\"1181\" data-end=\"1206\"> \\n\n<p data-start=\"1183\" data-end=\"1206\">Pustende materiale<\/p>\n<p> \\n<\/li>\n<p> \\n<\/ul>\n","protected":false},"excerpt":{"rendered":"<p>Barnesengvern med volang \u2013 100% Bomull \\n Skap et trygt og koselig sovemilj\u00f8 i barnets seng med v\u00e5rt mykt vatterte barnesengvern i 100% bomull. Den dekorative volangen gir sengen et stilrent og koselig uttrykk samtidig som vernet reduserer risikoen for at barnet sl\u00e5r seg p\u00e5 sengens spiler. \\n Laget av et slitesterkt bomullsstoff med myk [&hellip;]<\/p>\n","protected":false},"featured_media":93436,"comment_status":"open","ping_status":"closed","template":"","meta":{"_acf_changed":false},"product_brand":[22],"product_cat":[279,922],"product_tag":[],"class_list":{"0":"post-92486","1":"product","2":"type-product","3":"status-publish","4":"has-post-thumbnail","6":"product_brand-babylove","7":"product_cat-spjlsngar","8":"product_cat-nyheter","10":"first","11":"instock","12":"taxable","13":"shipping-taxable","14":"purchasable","15":"product-type-variable"},"acf":[],"yoast_head":"<!-- This site is optimized with the Yoast SEO Premium plugin v25.8 (Yoast SEO v27.2) - https:\/\/yoast.com\/product\/yoast-seo-premium-wordpress\/ -->\n<title>Babylove, Sengehest med volang, Lysegr\u00e5 - Babylove Norska<\/title>\n<meta name=\"robots\" content=\"noindex, follow, max-snippet:-1, max-image-preview:large, max-video-preview:-1\" \/>\n<meta property=\"og:locale\" content=\"nb_NO\" \/>\n<meta property=\"og:type\" content=\"article\" \/>\n<meta property=\"og:title\" content=\"Babylove, Sengehest med volang, Lysegr\u00e5\" \/>\n<meta property=\"og:description\" content=\"Barnesengvern med volang \u2013 100% Bomull n Skap et trygt og koselig sovemilj\u00f8 i barnets seng med v\u00e5rt mykt vatterte barnesengvern i 100% bomull. Den dekorative volangen gir sengen et stilrent og koselig uttrykk samtidig som vernet reduserer risikoen for at barnet sl\u00e5r seg p\u00e5 sengens spiler. n Laget av et slitesterkt bomullsstoff med myk [&hellip;]\" \/>\n<meta property=\"og:url\" content=\"https:\/\/babylove.se\/no\/produkt\/babylove-sengehest-med-volang-lysegra\/\" \/>\n<meta property=\"og:site_name\" content=\"Babylove Norska\" \/>\n<meta property=\"article:modified_time\" content=\"2026-04-08T13:39:38+00:00\" \/>\n<meta property=\"og:image\" content=\"https:\/\/babylove.se\/no\/wp-content\/uploads\/sites\/3\/2026\/02\/421.png\" \/>\n\t<meta property=\"og:image:width\" content=\"800\" \/>\n\t<meta property=\"og:image:height\" content=\"800\" \/>\n\t<meta property=\"og:image:type\" content=\"image\/png\" \/>\n<meta name=\"twitter:card\" content=\"summary_large_image\" \/>\n<meta name=\"twitter:label1\" content=\"Availability\" \/>\n\t<meta name=\"twitter:data1\" content=\"In stock\" \/>\n<script type=\"application\/ld+json\" class=\"yoast-schema-graph\">{\"@context\":\"https:\/\/schema.org\",\"@graph\":[{\"@type\":\"WebPage\",\"@id\":\"https:\/\/babylove.se\/no\/produkt\/babylove-sengehest-med-volang-lysegra\/\",\"url\":\"https:\/\/babylove.se\/no\/produkt\/babylove-sengehest-med-volang-lysegra\/\",\"name\":\"Babylove, Sengehest med volang, Lysegr\u00e5 - Babylove Norska\",\"isPartOf\":{\"@id\":\"https:\/\/babylove.se\/no\/#website\"},\"primaryImageOfPage\":{\"@id\":\"https:\/\/babylove.se\/no\/produkt\/babylove-sengehest-med-volang-lysegra\/#primaryimage\"},\"image\":{\"@id\":\"https:\/\/babylove.se\/no\/produkt\/babylove-sengehest-med-volang-lysegra\/#primaryimage\"},\"thumbnailUrl\":\"https:\/\/babylove.se\/no\/wp-content\/uploads\/sites\/3\/2026\/02\/421.png\",\"datePublished\":\"2026-02-19T08:28:42+00:00\",\"dateModified\":\"2026-04-08T13:39:38+00:00\",\"breadcrumb\":{\"@id\":\"https:\/\/babylove.se\/no\/produkt\/babylove-sengehest-med-volang-lysegra\/#breadcrumb\"},\"inLanguage\":\"nb-NO\",\"potentialAction\":[{\"@type\":\"ReadAction\",\"target\":[\"https:\/\/babylove.se\/no\/produkt\/babylove-sengehest-med-volang-lysegra\/\"]}]},{\"@type\":\"ImageObject\",\"inLanguage\":\"nb-NO\",\"@id\":\"https:\/\/babylove.se\/no\/produkt\/babylove-sengehest-med-volang-lysegra\/#primaryimage\",\"url\":\"https:\/\/babylove.se\/no\/wp-content\/uploads\/sites\/3\/2026\/02\/421.png\",\"contentUrl\":\"https:\/\/babylove.se\/no\/wp-content\/uploads\/sites\/3\/2026\/02\/421.png\",\"width\":800,\"height\":800},{\"@type\":\"BreadcrumbList\",\"@id\":\"https:\/\/babylove.se\/no\/produkt\/babylove-sengehest-med-volang-lysegra\/#breadcrumb\",\"itemListElement\":[{\"@type\":\"ListItem\",\"position\":1,\"name\":\"Hem\",\"item\":\"https:\/\/babylove.se\/no\/\"},{\"@type\":\"ListItem\",\"position\":2,\"name\":\"Butik\",\"item\":\"https:\/\/babylove.se\/no\/butik\/\"},{\"@type\":\"ListItem\",\"position\":3,\"name\":\"Babylove, Sengehest med volang, Lysegr\u00e5\"}]},{\"@type\":\"WebSite\",\"@id\":\"https:\/\/babylove.se\/no\/#website\",\"url\":\"https:\/\/babylove.se\/no\/\",\"name\":\"Babylove Norska\",\"description\":\"\",\"potentialAction\":[{\"@type\":\"SearchAction\",\"target\":{\"@type\":\"EntryPoint\",\"urlTemplate\":\"https:\/\/babylove.se\/no\/?s={search_term_string}\"},\"query-input\":{\"@type\":\"PropertyValueSpecification\",\"valueRequired\":true,\"valueName\":\"search_term_string\"}}],\"inLanguage\":\"nb-NO\"}]}<\/script>\n<meta property=\"product:brand\" content=\"Babylove\" \/>\n<meta property=\"og:availability\" content=\"instock\" \/>\n<meta property=\"product:availability\" content=\"instock\" \/>\n<meta property=\"product:condition\" content=\"new\" \/>\n<!-- \/ Yoast SEO Premium plugin. -->","yoast_head_json":{"title":"Babylove, Sengehest med volang, Lysegr\u00e5 - Babylove Norska","robots":{"index":"noindex","follow":"follow","max-snippet":"max-snippet:-1","max-image-preview":"max-image-preview:large","max-video-preview":"max-video-preview:-1"},"og_locale":"nb_NO","og_type":"article","og_title":"Babylove, Sengehest med volang, Lysegr\u00e5","og_description":"Barnesengvern med volang \u2013 100% Bomull n Skap et trygt og koselig sovemilj\u00f8 i barnets seng med v\u00e5rt mykt vatterte barnesengvern i 100% bomull. Den dekorative volangen gir sengen et stilrent og koselig uttrykk samtidig som vernet reduserer risikoen for at barnet sl\u00e5r seg p\u00e5 sengens spiler. n Laget av et slitesterkt bomullsstoff med myk [&hellip;]","og_url":"https:\/\/babylove.se\/no\/produkt\/babylove-sengehest-med-volang-lysegra\/","og_site_name":"Babylove Norska","article_modified_time":"2026-04-08T13:39:38+00:00","og_image":[{"width":800,"height":800,"url":"https:\/\/babylove.se\/no\/wp-content\/uploads\/sites\/3\/2026\/02\/421.png","type":"image\/png"}],"twitter_card":"summary_large_image","twitter_misc":{"Availability":"In stock"},"schema":{"@context":"https:\/\/schema.org","@graph":[{"@type":"WebPage","@id":"https:\/\/babylove.se\/no\/produkt\/babylove-sengehest-med-volang-lysegra\/","url":"https:\/\/babylove.se\/no\/produkt\/babylove-sengehest-med-volang-lysegra\/","name":"Babylove, Sengehest med volang, Lysegr\u00e5 - Babylove Norska","isPartOf":{"@id":"https:\/\/babylove.se\/no\/#website"},"primaryImageOfPage":{"@id":"https:\/\/babylove.se\/no\/produkt\/babylove-sengehest-med-volang-lysegra\/#primaryimage"},"image":{"@id":"https:\/\/babylove.se\/no\/produkt\/babylove-sengehest-med-volang-lysegra\/#primaryimage"},"thumbnailUrl":"https:\/\/babylove.se\/no\/wp-content\/uploads\/sites\/3\/2026\/02\/421.png","datePublished":"2026-02-19T08:28:42+00:00","dateModified":"2026-04-08T13:39:38+00:00","breadcrumb":{"@id":"https:\/\/babylove.se\/no\/produkt\/babylove-sengehest-med-volang-lysegra\/#breadcrumb"},"inLanguage":"nb-NO","potentialAction":[{"@type":"ReadAction","target":["https:\/\/babylove.se\/no\/produkt\/babylove-sengehest-med-volang-lysegra\/"]}]},{"@type":"ImageObject","inLanguage":"nb-NO","@id":"https:\/\/babylove.se\/no\/produkt\/babylove-sengehest-med-volang-lysegra\/#primaryimage","url":"https:\/\/babylove.se\/no\/wp-content\/uploads\/sites\/3\/2026\/02\/421.png","contentUrl":"https:\/\/babylove.se\/no\/wp-content\/uploads\/sites\/3\/2026\/02\/421.png","width":800,"height":800},{"@type":"BreadcrumbList","@id":"https:\/\/babylove.se\/no\/produkt\/babylove-sengehest-med-volang-lysegra\/#breadcrumb","itemListElement":[{"@type":"ListItem","position":1,"name":"Hem","item":"https:\/\/babylove.se\/no\/"},{"@type":"ListItem","position":2,"name":"Butik","item":"https:\/\/babylove.se\/no\/butik\/"},{"@type":"ListItem","position":3,"name":"Babylove, Sengehest med volang, Lysegr\u00e5"}]},{"@type":"WebSite","@id":"https:\/\/babylove.se\/no\/#website","url":"https:\/\/babylove.se\/no\/","name":"Babylove Norska","description":"","potentialAction":[{"@type":"SearchAction","target":{"@type":"EntryPoint","urlTemplate":"https:\/\/babylove.se\/no\/?s={search_term_string}"},"query-input":{"@type":"PropertyValueSpecification","valueRequired":true,"valueName":"search_term_string"}}],"inLanguage":"nb-NO"}]},"product_brand":"Babylove","og_availability":"instock","product_availability":"instock","product_condition":"new"},"_links":{"self":[{"href":"https:\/\/babylove.se\/no\/wp-json\/wp\/v2\/product\/92486","targetHints":{"allow":["GET"]}}],"collection":[{"href":"https:\/\/babylove.se\/no\/wp-json\/wp\/v2\/product"}],"about":[{"href":"https:\/\/babylove.se\/no\/wp-json\/wp\/v2\/types\/product"}],"replies":[{"embeddable":true,"href":"https:\/\/babylove.se\/no\/wp-json\/wp\/v2\/comments?post=92486"}],"wp:featuredmedia":[{"embeddable":true,"href":"https:\/\/babylove.se\/no\/wp-json\/wp\/v2\/media\/93436"}],"wp:attachment":[{"href":"https:\/\/babylove.se\/no\/wp-json\/wp\/v2\/media?parent=92486"}],"wp:term":[{"taxonomy":"product_brand","embeddable":true,"href":"https:\/\/babylove.se\/no\/wp-json\/wp\/v2\/product_brand?post=92486"},{"taxonomy":"product_cat","embeddable":true,"href":"https:\/\/babylove.se\/no\/wp-json\/wp\/v2\/product_cat?post=92486"},{"taxonomy":"product_tag","embeddable":true,"href":"https:\/\/babylove.se\/no\/wp-json\/wp\/v2\/product_tag?post=92486"}],"curies":[{"name":"wp","href":"https:\/\/api.w.org\/{rel}","templated":true}]}}