{"id":92490,"date":"2026-02-19T09:31:30","date_gmt":"2026-02-19T08:31:30","guid":{"rendered":"https:\/\/babylove.se\/?post_type=product&#038;p=92490"},"modified":"2026-04-08T14:39:41","modified_gmt":"2026-04-08T13:39:41","slug":"babylove-sengehest-med-volang-lys-rosa","status":"publish","type":"product","link":"https:\/\/babylove.se\/no\/produkt\/babylove-sengehest-med-volang-lys-rosa\/","title":{"rendered":"Babylove, Sengehest med volang, Lys rosa"},"content":{"rendered":"<p>Gitterbeskyttelse med volang \u2013 100% Bomull <\/p>\n<p data-start=\"183\" data-end=\"433\">Skap et trygt og koselig s\u00f8vnmilj\u00f8 i barnets seng med v\u00e5r mykt polstrede gitterbeskyttelse i 100% bomull. Den dekorative volangen gir sengen et stilrent og koselig uttrykk samtidig som beskyttelsen reduserer risikoen for at barnet sl\u00e5r seg p\u00e5 sengens gitterstenger.<\/p>\n<p data-start=\"435\" data-end=\"563\">Laget i et slitesterkt bomullsstoff med myk fylling som puster, noe som gir b\u00e5de komfort og god luftsirkulasjon rundt barnet.<\/p>\n<p data-start=\"565\" data-end=\"637\">Gitterbeskyttelsen festes enkelt med knyteb\u00e5nd og sitter stabilt p\u00e5 plass.<\/p>\n<h4 data-start=\"644\" data-end=\"669\">Finnes i to st\u00f8rrelser<\/h4>\n<ul>\n<li data-start=\"671\" data-end=\"758\"><strong data-start=\"671\" data-end=\"686\">360 x 25 cm<\/strong><br data-start=\"686\" data-end=\"689\" \/>Passer rundt hele gittersengen for en komplett beskyttelse langs alle sider.<\/li>\n<li data-start=\"760\" data-end=\"968\"><strong data-start=\"760\" data-end=\"775\">260 x 20 cm<\/strong><br data-start=\"775\" data-end=\"778\" \/>Kortere variant som er utformet for \u00e5 brukes ved kortsiden der barnets hode ligger samt langs den \u00f8vre delen av langsidene ved siden av. Perfekt n\u00e5r du \u00f8nsker beskyttelse der det trengs som mest.<\/li>\n<\/ul>\n<h4 data-start=\"975\" data-end=\"997\">Produktinformasjon<\/h4>\n<ul data-start=\"999\" data-end=\"1206\">\n<li data-start=\"999\" data-end=\"1033\">\n<p data-start=\"1001\" data-end=\"1033\">Materiale ytterstoff: 100% bomull, OEKO-tex sertifisert<\/p>\n<\/li>\n<li data-start=\"1034\" data-end=\"1057\">\n<p data-start=\"1036\" data-end=\"1057\">Fylling: Polyester<\/p>\n<\/li>\n<li data-start=\"1058\" data-end=\"1097\">\n<p data-start=\"1060\" data-end=\"1065\">M\u00e5l:<\/p>\n<ul data-start=\"1068\" data-end=\"1097\">\n<li data-start=\"1068\" data-end=\"1081\">\n<p data-start=\"1070\" data-end=\"1081\">360 x 25 cm<\/p>\n<\/li>\n<li data-start=\"1084\" data-end=\"1097\">\n<p data-start=\"1086\" data-end=\"1097\">260 x 20 cm<\/p>\n<\/li>\n<\/ul>\n<\/li>\n<li data-start=\"1098\" data-end=\"1118\">\n<p data-start=\"1100\" data-end=\"1118\">Dekorativ volang<\/p>\n<\/li>\n<li data-start=\"1119\" data-end=\"1161\">\n<p data-start=\"1121\" data-end=\"1161\">Praktiske knyteb\u00e5nd for enkel montering<\/p>\n<\/li>\n<li data-start=\"1162\" data-end=\"1180\">\n<p data-start=\"1164\" data-end=\"1180\">Mykt polstret<\/p>\n<\/li>\n<li data-start=\"1181\" data-end=\"1206\">\n<p data-start=\"1183\" data-end=\"1206\">Pustende materiale<\/p>\n<\/li>\n<\/ul>\n","protected":false},"excerpt":{"rendered":"<p>Gitterbeskyttelse med volang \u2013 100% Bomull Skap et trygt og koselig s\u00f8vnmilj\u00f8 i barnets seng med v\u00e5r mykt polstrede gitterbeskyttelse i 100% bomull. Den dekorative volangen gir sengen et stilrent og koselig uttrykk samtidig som beskyttelsen reduserer risikoen for at barnet sl\u00e5r seg p\u00e5 sengens gitterstenger. Laget i et slitesterkt bomullsstoff med myk fylling som [&hellip;]<\/p>\n","protected":false},"featured_media":93433,"comment_status":"open","ping_status":"closed","template":"","meta":{"_acf_changed":false},"product_brand":[22],"product_cat":[279,922],"product_tag":[],"class_list":{"0":"post-92490","1":"product","2":"type-product","3":"status-publish","4":"has-post-thumbnail","6":"product_brand-babylove","7":"product_cat-spjlsngar","8":"product_cat-nyheter","10":"first","11":"instock","12":"taxable","13":"shipping-taxable","14":"purchasable","15":"product-type-variable"},"acf":[],"yoast_head":"<!-- This site is optimized with the Yoast SEO Premium plugin v25.8 (Yoast SEO v27.2) - https:\/\/yoast.com\/product\/yoast-seo-premium-wordpress\/ -->\n<title>Babylove, Sengehest med volang, Lys rosa - Babylove Norska<\/title>\n<meta name=\"robots\" content=\"noindex, follow, max-snippet:-1, max-image-preview:large, max-video-preview:-1\" \/>\n<meta property=\"og:locale\" content=\"nb_NO\" \/>\n<meta property=\"og:type\" content=\"article\" \/>\n<meta property=\"og:title\" content=\"Babylove, Sengehest med volang, Lys rosa\" \/>\n<meta property=\"og:description\" content=\"Gitterbeskyttelse med volang \u2013 100% Bomull Skap et trygt og koselig s\u00f8vnmilj\u00f8 i barnets seng med v\u00e5r mykt polstrede gitterbeskyttelse i 100% bomull. Den dekorative volangen gir sengen et stilrent og koselig uttrykk samtidig som beskyttelsen reduserer risikoen for at barnet sl\u00e5r seg p\u00e5 sengens gitterstenger. Laget i et slitesterkt bomullsstoff med myk fylling som [&hellip;]\" \/>\n<meta property=\"og:url\" content=\"https:\/\/babylove.se\/no\/produkt\/babylove-sengehest-med-volang-lys-rosa\/\" \/>\n<meta property=\"og:site_name\" content=\"Babylove Norska\" \/>\n<meta property=\"article:modified_time\" content=\"2026-04-08T13:39:41+00:00\" \/>\n<meta property=\"og:image\" content=\"https:\/\/babylove.se\/no\/wp-content\/uploads\/sites\/3\/2026\/02\/418.png\" \/>\n\t<meta property=\"og:image:width\" content=\"800\" \/>\n\t<meta property=\"og:image:height\" content=\"800\" \/>\n\t<meta property=\"og:image:type\" content=\"image\/png\" \/>\n<meta name=\"twitter:card\" content=\"summary_large_image\" \/>\n<meta name=\"twitter:label1\" content=\"Availability\" \/>\n\t<meta name=\"twitter:data1\" content=\"In stock\" \/>\n<script type=\"application\/ld+json\" class=\"yoast-schema-graph\">{\"@context\":\"https:\/\/schema.org\",\"@graph\":[{\"@type\":\"WebPage\",\"@id\":\"https:\/\/babylove.se\/no\/produkt\/babylove-sengehest-med-volang-lys-rosa\/\",\"url\":\"https:\/\/babylove.se\/no\/produkt\/babylove-sengehest-med-volang-lys-rosa\/\",\"name\":\"Babylove, Sengehest med volang, Lys rosa - Babylove Norska\",\"isPartOf\":{\"@id\":\"https:\/\/babylove.se\/no\/#website\"},\"primaryImageOfPage\":{\"@id\":\"https:\/\/babylove.se\/no\/produkt\/babylove-sengehest-med-volang-lys-rosa\/#primaryimage\"},\"image\":{\"@id\":\"https:\/\/babylove.se\/no\/produkt\/babylove-sengehest-med-volang-lys-rosa\/#primaryimage\"},\"thumbnailUrl\":\"https:\/\/babylove.se\/no\/wp-content\/uploads\/sites\/3\/2026\/02\/418.png\",\"datePublished\":\"2026-02-19T08:31:30+00:00\",\"dateModified\":\"2026-04-08T13:39:41+00:00\",\"breadcrumb\":{\"@id\":\"https:\/\/babylove.se\/no\/produkt\/babylove-sengehest-med-volang-lys-rosa\/#breadcrumb\"},\"inLanguage\":\"nb-NO\",\"potentialAction\":[{\"@type\":\"ReadAction\",\"target\":[\"https:\/\/babylove.se\/no\/produkt\/babylove-sengehest-med-volang-lys-rosa\/\"]}]},{\"@type\":\"ImageObject\",\"inLanguage\":\"nb-NO\",\"@id\":\"https:\/\/babylove.se\/no\/produkt\/babylove-sengehest-med-volang-lys-rosa\/#primaryimage\",\"url\":\"https:\/\/babylove.se\/no\/wp-content\/uploads\/sites\/3\/2026\/02\/418.png\",\"contentUrl\":\"https:\/\/babylove.se\/no\/wp-content\/uploads\/sites\/3\/2026\/02\/418.png\",\"width\":800,\"height\":800},{\"@type\":\"BreadcrumbList\",\"@id\":\"https:\/\/babylove.se\/no\/produkt\/babylove-sengehest-med-volang-lys-rosa\/#breadcrumb\",\"itemListElement\":[{\"@type\":\"ListItem\",\"position\":1,\"name\":\"Hem\",\"item\":\"https:\/\/babylove.se\/no\/\"},{\"@type\":\"ListItem\",\"position\":2,\"name\":\"Butik\",\"item\":\"https:\/\/babylove.se\/no\/butik\/\"},{\"@type\":\"ListItem\",\"position\":3,\"name\":\"Babylove, Sengehest med volang, Lys rosa\"}]},{\"@type\":\"WebSite\",\"@id\":\"https:\/\/babylove.se\/no\/#website\",\"url\":\"https:\/\/babylove.se\/no\/\",\"name\":\"Babylove Norska\",\"description\":\"\",\"potentialAction\":[{\"@type\":\"SearchAction\",\"target\":{\"@type\":\"EntryPoint\",\"urlTemplate\":\"https:\/\/babylove.se\/no\/?s={search_term_string}\"},\"query-input\":{\"@type\":\"PropertyValueSpecification\",\"valueRequired\":true,\"valueName\":\"search_term_string\"}}],\"inLanguage\":\"nb-NO\"}]}<\/script>\n<meta property=\"product:brand\" content=\"Babylove\" \/>\n<meta property=\"og:availability\" content=\"instock\" \/>\n<meta property=\"product:availability\" content=\"instock\" \/>\n<meta property=\"product:condition\" content=\"new\" \/>\n<!-- \/ Yoast SEO Premium plugin. -->","yoast_head_json":{"title":"Babylove, Sengehest med volang, Lys rosa - Babylove Norska","robots":{"index":"noindex","follow":"follow","max-snippet":"max-snippet:-1","max-image-preview":"max-image-preview:large","max-video-preview":"max-video-preview:-1"},"og_locale":"nb_NO","og_type":"article","og_title":"Babylove, Sengehest med volang, Lys rosa","og_description":"Gitterbeskyttelse med volang \u2013 100% Bomull Skap et trygt og koselig s\u00f8vnmilj\u00f8 i barnets seng med v\u00e5r mykt polstrede gitterbeskyttelse i 100% bomull. Den dekorative volangen gir sengen et stilrent og koselig uttrykk samtidig som beskyttelsen reduserer risikoen for at barnet sl\u00e5r seg p\u00e5 sengens gitterstenger. Laget i et slitesterkt bomullsstoff med myk fylling som [&hellip;]","og_url":"https:\/\/babylove.se\/no\/produkt\/babylove-sengehest-med-volang-lys-rosa\/","og_site_name":"Babylove Norska","article_modified_time":"2026-04-08T13:39:41+00:00","og_image":[{"width":800,"height":800,"url":"https:\/\/babylove.se\/no\/wp-content\/uploads\/sites\/3\/2026\/02\/418.png","type":"image\/png"}],"twitter_card":"summary_large_image","twitter_misc":{"Availability":"In stock"},"schema":{"@context":"https:\/\/schema.org","@graph":[{"@type":"WebPage","@id":"https:\/\/babylove.se\/no\/produkt\/babylove-sengehest-med-volang-lys-rosa\/","url":"https:\/\/babylove.se\/no\/produkt\/babylove-sengehest-med-volang-lys-rosa\/","name":"Babylove, Sengehest med volang, Lys rosa - Babylove Norska","isPartOf":{"@id":"https:\/\/babylove.se\/no\/#website"},"primaryImageOfPage":{"@id":"https:\/\/babylove.se\/no\/produkt\/babylove-sengehest-med-volang-lys-rosa\/#primaryimage"},"image":{"@id":"https:\/\/babylove.se\/no\/produkt\/babylove-sengehest-med-volang-lys-rosa\/#primaryimage"},"thumbnailUrl":"https:\/\/babylove.se\/no\/wp-content\/uploads\/sites\/3\/2026\/02\/418.png","datePublished":"2026-02-19T08:31:30+00:00","dateModified":"2026-04-08T13:39:41+00:00","breadcrumb":{"@id":"https:\/\/babylove.se\/no\/produkt\/babylove-sengehest-med-volang-lys-rosa\/#breadcrumb"},"inLanguage":"nb-NO","potentialAction":[{"@type":"ReadAction","target":["https:\/\/babylove.se\/no\/produkt\/babylove-sengehest-med-volang-lys-rosa\/"]}]},{"@type":"ImageObject","inLanguage":"nb-NO","@id":"https:\/\/babylove.se\/no\/produkt\/babylove-sengehest-med-volang-lys-rosa\/#primaryimage","url":"https:\/\/babylove.se\/no\/wp-content\/uploads\/sites\/3\/2026\/02\/418.png","contentUrl":"https:\/\/babylove.se\/no\/wp-content\/uploads\/sites\/3\/2026\/02\/418.png","width":800,"height":800},{"@type":"BreadcrumbList","@id":"https:\/\/babylove.se\/no\/produkt\/babylove-sengehest-med-volang-lys-rosa\/#breadcrumb","itemListElement":[{"@type":"ListItem","position":1,"name":"Hem","item":"https:\/\/babylove.se\/no\/"},{"@type":"ListItem","position":2,"name":"Butik","item":"https:\/\/babylove.se\/no\/butik\/"},{"@type":"ListItem","position":3,"name":"Babylove, Sengehest med volang, Lys rosa"}]},{"@type":"WebSite","@id":"https:\/\/babylove.se\/no\/#website","url":"https:\/\/babylove.se\/no\/","name":"Babylove Norska","description":"","potentialAction":[{"@type":"SearchAction","target":{"@type":"EntryPoint","urlTemplate":"https:\/\/babylove.se\/no\/?s={search_term_string}"},"query-input":{"@type":"PropertyValueSpecification","valueRequired":true,"valueName":"search_term_string"}}],"inLanguage":"nb-NO"}]},"product_brand":"Babylove","og_availability":"instock","product_availability":"instock","product_condition":"new"},"_links":{"self":[{"href":"https:\/\/babylove.se\/no\/wp-json\/wp\/v2\/product\/92490","targetHints":{"allow":["GET"]}}],"collection":[{"href":"https:\/\/babylove.se\/no\/wp-json\/wp\/v2\/product"}],"about":[{"href":"https:\/\/babylove.se\/no\/wp-json\/wp\/v2\/types\/product"}],"replies":[{"embeddable":true,"href":"https:\/\/babylove.se\/no\/wp-json\/wp\/v2\/comments?post=92490"}],"wp:featuredmedia":[{"embeddable":true,"href":"https:\/\/babylove.se\/no\/wp-json\/wp\/v2\/media\/93433"}],"wp:attachment":[{"href":"https:\/\/babylove.se\/no\/wp-json\/wp\/v2\/media?parent=92490"}],"wp:term":[{"taxonomy":"product_brand","embeddable":true,"href":"https:\/\/babylove.se\/no\/wp-json\/wp\/v2\/product_brand?post=92490"},{"taxonomy":"product_cat","embeddable":true,"href":"https:\/\/babylove.se\/no\/wp-json\/wp\/v2\/product_cat?post=92490"},{"taxonomy":"product_tag","embeddable":true,"href":"https:\/\/babylove.se\/no\/wp-json\/wp\/v2\/product_tag?post=92490"}],"curies":[{"name":"wp","href":"https:\/\/api.w.org\/{rel}","templated":true}]}}