{"id":9310,"date":"2025-07-18T20:59:09","date_gmt":"2025-07-18T19:59:09","guid":{"rendered":"https:\/\/babylove.se\/produkt\/hussang-vaningsang-mila-dmpba\/"},"modified":"2026-05-11T13:05:11","modified_gmt":"2026-05-11T12:05:11","slug":"husseng-koyeseng-mila-dmpba","status":"publish","type":"product","link":"https:\/\/babylove.se\/no\/produkt\/husseng-koyeseng-mila-dmpba\/","title":{"rendered":"Hus seng loftseng, Mila DMPBA"},"content":{"rendered":"<p>Vil du maksimere rommets areal p\u00e5 en stilsikker m\u00e5te? <\/p>\n<p>En loftsseng frigj\u00f8r mye gulvareal, og passer perfekt hvis man har et litt mindre rom.<br \/>\nMila DMPBA har dessuten stigen p\u00e5 kortsiden og tar derfor minimalt med plass. <\/p>\n<p>Mila DMPBA er en stabil loftsseng i stilsikker design, for mange \u00e5r med s\u00f8te dr\u00f8mmer og tull! <\/p>\n<p>Alle v\u00e5re Mila-senger er helt h\u00e5ndlagde med stor lidenskap, av h\u00f8ykvalitets furutre. <\/p>\n<p><strong>Info:<\/strong> <\/p>\n<ul>\n<li>Anbefales fra 6 \u00e5rs alder.<\/li>\n<li>Farge: velg mellom natur, hvit, antracitt, gr\u00e5, rosa, olivengr\u00f8nn og bl\u00e5.<\/li>\n<li>Maksvekt seng: 45 kg.<\/li>\n<li>H\u00f8yde fra gulv til \u00f8vre seng: 100cm.<\/li>\n<li>Ribbebunn inkludert.<\/li>\n<li>Madrass inkluderes ikke, men ta gjerne en titt p\u00e5 v\u00e5rt store utvalg. Til denne sengen anbefaler vi en tykkere skummadrass, ca 12-14 cm.<\/li>\n<\/ul>\n<p><strong>M\u00e5l:<\/strong> <\/p>\n<ul>\n<li>Finnes i forskjellige st\u00f8rrelser. M\u00e5lene til venstre i listen gjelder reddem\u00e5l. M\u00e5lene innenfor parentes (H\u00f8yde*Bredde*Lengde) gjelder den totale st\u00f8rrelsen p\u00e5 sengen.<\/li>\n<\/ul>\n<p>Sengene kommer fra v\u00e5r fabrikk i Europa som har h\u00f8ye kvalitetskrav og kontrollerer hvert steg fra t\u00f8mmeret kommer inn i fabrikken til et ferdig produkt forlater. <\/p>\n<p><em><em><em>Sengen leveres umontert og b\u00f8r settes sammen i rommet den skal brukes i.<\/em><\/em><\/em> <\/p>\n<p><em>For senger i farge er leveringstiden to uker lengre enn den oppgitte informasjonen.<\/em><\/p>\n","protected":false},"excerpt":{"rendered":"<p>Vil du maksimere rommets areal p\u00e5 en stilsikker m\u00e5te? En loftsseng frigj\u00f8r mye gulvareal, og passer perfekt hvis man har et litt mindre rom. Mila DMPBA har dessuten stigen p\u00e5 kortsiden og tar derfor minimalt med plass. Mila DMPBA er en stabil loftsseng i stilsikker design, for mange \u00e5r med s\u00f8te dr\u00f8mmer og tull! Alle [&hellip;]<\/p>\n","protected":false},"featured_media":9312,"comment_status":"open","ping_status":"closed","template":"","meta":{"_acf_changed":false},"product_brand":[384],"product_cat":[386,217,269,385,40,48],"product_tag":[1689],"class_list":{"0":"post-9310","1":"product","2":"type-product","3":"status-publish","4":"has-post-thumbnail","6":"product_brand-adeko","7":"product_cat-ad","8":"product_cat-sengesanger","9":"product_cat-juniorsenger","10":"product_cat-koyesenger-loftsenger","11":"product_cat-soverom-barn","12":"product_cat-startside","13":"product_tag-bestillingsvaror","14":"pa_farg-antracit","15":"pa_farg-bla","16":"pa_farg-gra","17":"pa_farg-vit","18":"pa_farg-natur","19":"pa_farg-olivgron","20":"pa_farg-rosa","21":"pa_storlek-70x140-h189-b79-l153","22":"pa_storlek-70x160-h195-b79-l173","23":"pa_storlek-80x140-h189-b89-l153","24":"pa_storlek-80x160-h195-b89-l173","25":"pa_storlek-80x180-h200-b89-l193","26":"pa_storlek-80x190-h205-b89-l203","27":"pa_storlek-80x200-h208-b89-l213","28":"pa_storlek-90x140-h195-b99-l153","29":"pa_storlek-90x160-h195-b99-l173","30":"pa_storlek-90x180-h200-b99-l193","31":"pa_storlek-90x190-h205-b99l203","32":"pa_storlek-90x200-h205-b99-l213","34":"first","35":"instock","36":"taxable","37":"shipping-taxable","38":"purchasable","39":"product-type-variable"},"acf":[],"yoast_head":"<!-- This site is optimized with the Yoast SEO Premium plugin v25.8 (Yoast SEO v27.2) - https:\/\/yoast.com\/product\/yoast-seo-premium-wordpress\/ -->\n<title>Huss\u00e4ng lofts\u00e4ng, Mila DMPBA - FRI FRAKT<\/title>\n<meta name=\"description\" content=\"En underbart fin och smart lofts\u00e4ng till barnrummet med en vacker tr\u00e4ram och fint tak. Klarna faktura &amp; Hemleverans, K\u00f6p den h\u00e4r !\" \/>\n<meta name=\"robots\" content=\"noindex, follow, max-snippet:-1, max-image-preview:large, max-video-preview:-1\" \/>\n<meta property=\"og:locale\" content=\"nb_NO\" \/>\n<meta property=\"og:type\" content=\"article\" \/>\n<meta property=\"og:title\" content=\"Hus seng loftseng, Mila DMPBA\" \/>\n<meta property=\"og:description\" content=\"En underbart fin och smart lofts\u00e4ng till barnrummet med en vacker tr\u00e4ram och fint tak. Klarna faktura &amp; Hemleverans, K\u00f6p den h\u00e4r !\" \/>\n<meta property=\"og:url\" content=\"https:\/\/babylove.se\/no\/produkt\/husseng-koyeseng-mila-dmpba\/\" \/>\n<meta property=\"og:site_name\" content=\"Babylove Norska\" \/>\n<meta property=\"article:modified_time\" content=\"2026-05-11T12:05:11+00:00\" \/>\n<meta property=\"og:image\" content=\"https:\/\/babylove.se\/no\/wp-content\/uploads\/sites\/3\/2025\/07\/66ff97521aa8e.png\" \/>\n\t<meta property=\"og:image:width\" content=\"800\" \/>\n\t<meta property=\"og:image:height\" content=\"800\" \/>\n\t<meta property=\"og:image:type\" content=\"image\/png\" \/>\n<meta name=\"twitter:card\" content=\"summary_large_image\" \/>\n<meta name=\"twitter:label1\" content=\"Availability\" \/>\n\t<meta name=\"twitter:data1\" content=\"In stock\" \/>\n<script type=\"application\/ld+json\" class=\"yoast-schema-graph\">{\"@context\":\"https:\/\/schema.org\",\"@graph\":[{\"@type\":\"WebPage\",\"@id\":\"https:\/\/babylove.se\/no\/produkt\/husseng-koyeseng-mila-dmpba\/\",\"url\":\"https:\/\/babylove.se\/no\/produkt\/husseng-koyeseng-mila-dmpba\/\",\"name\":\"Huss\u00e4ng lofts\u00e4ng, Mila DMPBA - FRI FRAKT\",\"isPartOf\":{\"@id\":\"https:\/\/babylove.se\/no\/#website\"},\"primaryImageOfPage\":{\"@id\":\"https:\/\/babylove.se\/no\/produkt\/husseng-koyeseng-mila-dmpba\/#primaryimage\"},\"image\":{\"@id\":\"https:\/\/babylove.se\/no\/produkt\/husseng-koyeseng-mila-dmpba\/#primaryimage\"},\"thumbnailUrl\":\"https:\/\/babylove.se\/no\/wp-content\/uploads\/sites\/3\/2025\/07\/66ff97521aa8e.png\",\"datePublished\":\"2025-07-18T19:59:09+00:00\",\"dateModified\":\"2026-05-11T12:05:11+00:00\",\"description\":\"En underbart fin och smart lofts\u00e4ng till barnrummet med en vacker tr\u00e4ram och fint tak. Klarna faktura & Hemleverans, K\u00f6p den h\u00e4r !\",\"breadcrumb\":{\"@id\":\"https:\/\/babylove.se\/no\/produkt\/husseng-koyeseng-mila-dmpba\/#breadcrumb\"},\"inLanguage\":\"nb-NO\",\"potentialAction\":[{\"@type\":\"ReadAction\",\"target\":[\"https:\/\/babylove.se\/no\/produkt\/husseng-koyeseng-mila-dmpba\/\"]}]},{\"@type\":\"ImageObject\",\"inLanguage\":\"nb-NO\",\"@id\":\"https:\/\/babylove.se\/no\/produkt\/husseng-koyeseng-mila-dmpba\/#primaryimage\",\"url\":\"https:\/\/babylove.se\/no\/wp-content\/uploads\/sites\/3\/2025\/07\/66ff97521aa8e.png\",\"contentUrl\":\"https:\/\/babylove.se\/no\/wp-content\/uploads\/sites\/3\/2025\/07\/66ff97521aa8e.png\",\"width\":800,\"height\":800},{\"@type\":\"BreadcrumbList\",\"@id\":\"https:\/\/babylove.se\/no\/produkt\/husseng-koyeseng-mila-dmpba\/#breadcrumb\",\"itemListElement\":[{\"@type\":\"ListItem\",\"position\":1,\"name\":\"Hem\",\"item\":\"https:\/\/babylove.se\/no\/\"},{\"@type\":\"ListItem\",\"position\":2,\"name\":\"Butik\",\"item\":\"https:\/\/babylove.se\/no\/butik\/\"},{\"@type\":\"ListItem\",\"position\":3,\"name\":\"Hus seng loftseng, Mila DMPBA\"}]},{\"@type\":\"WebSite\",\"@id\":\"https:\/\/babylove.se\/no\/#website\",\"url\":\"https:\/\/babylove.se\/no\/\",\"name\":\"Babylove Norska\",\"description\":\"\",\"potentialAction\":[{\"@type\":\"SearchAction\",\"target\":{\"@type\":\"EntryPoint\",\"urlTemplate\":\"https:\/\/babylove.se\/no\/?s={search_term_string}\"},\"query-input\":{\"@type\":\"PropertyValueSpecification\",\"valueRequired\":true,\"valueName\":\"search_term_string\"}}],\"inLanguage\":\"nb-NO\"}]}<\/script>\n<meta property=\"product:brand\" content=\"Adeko\" \/>\n<meta property=\"og:availability\" content=\"instock\" \/>\n<meta property=\"product:availability\" content=\"instock\" \/>\n<meta property=\"product:retailer_item_id\" content=\"DMPBA-70x140-natur\" \/>\n<meta property=\"product:condition\" content=\"new\" \/>\n<!-- \/ Yoast SEO Premium plugin. -->","yoast_head_json":{"title":"Huss\u00e4ng lofts\u00e4ng, Mila DMPBA - FRI FRAKT","description":"En underbart fin och smart lofts\u00e4ng till barnrummet med en vacker tr\u00e4ram och fint tak. Klarna faktura & Hemleverans, K\u00f6p den h\u00e4r !","robots":{"index":"noindex","follow":"follow","max-snippet":"max-snippet:-1","max-image-preview":"max-image-preview:large","max-video-preview":"max-video-preview:-1"},"og_locale":"nb_NO","og_type":"article","og_title":"Hus seng loftseng, Mila DMPBA","og_description":"En underbart fin och smart lofts\u00e4ng till barnrummet med en vacker tr\u00e4ram och fint tak. Klarna faktura & Hemleverans, K\u00f6p den h\u00e4r !","og_url":"https:\/\/babylove.se\/no\/produkt\/husseng-koyeseng-mila-dmpba\/","og_site_name":"Babylove Norska","article_modified_time":"2026-05-11T12:05:11+00:00","og_image":[{"width":800,"height":800,"url":"https:\/\/babylove.se\/no\/wp-content\/uploads\/sites\/3\/2025\/07\/66ff97521aa8e.png","type":"image\/png"}],"twitter_card":"summary_large_image","twitter_misc":{"Availability":"In stock"},"schema":{"@context":"https:\/\/schema.org","@graph":[{"@type":"WebPage","@id":"https:\/\/babylove.se\/no\/produkt\/husseng-koyeseng-mila-dmpba\/","url":"https:\/\/babylove.se\/no\/produkt\/husseng-koyeseng-mila-dmpba\/","name":"Huss\u00e4ng lofts\u00e4ng, Mila DMPBA - FRI FRAKT","isPartOf":{"@id":"https:\/\/babylove.se\/no\/#website"},"primaryImageOfPage":{"@id":"https:\/\/babylove.se\/no\/produkt\/husseng-koyeseng-mila-dmpba\/#primaryimage"},"image":{"@id":"https:\/\/babylove.se\/no\/produkt\/husseng-koyeseng-mila-dmpba\/#primaryimage"},"thumbnailUrl":"https:\/\/babylove.se\/no\/wp-content\/uploads\/sites\/3\/2025\/07\/66ff97521aa8e.png","datePublished":"2025-07-18T19:59:09+00:00","dateModified":"2026-05-11T12:05:11+00:00","description":"En underbart fin och smart lofts\u00e4ng till barnrummet med en vacker tr\u00e4ram och fint tak. Klarna faktura & Hemleverans, K\u00f6p den h\u00e4r !","breadcrumb":{"@id":"https:\/\/babylove.se\/no\/produkt\/husseng-koyeseng-mila-dmpba\/#breadcrumb"},"inLanguage":"nb-NO","potentialAction":[{"@type":"ReadAction","target":["https:\/\/babylove.se\/no\/produkt\/husseng-koyeseng-mila-dmpba\/"]}]},{"@type":"ImageObject","inLanguage":"nb-NO","@id":"https:\/\/babylove.se\/no\/produkt\/husseng-koyeseng-mila-dmpba\/#primaryimage","url":"https:\/\/babylove.se\/no\/wp-content\/uploads\/sites\/3\/2025\/07\/66ff97521aa8e.png","contentUrl":"https:\/\/babylove.se\/no\/wp-content\/uploads\/sites\/3\/2025\/07\/66ff97521aa8e.png","width":800,"height":800},{"@type":"BreadcrumbList","@id":"https:\/\/babylove.se\/no\/produkt\/husseng-koyeseng-mila-dmpba\/#breadcrumb","itemListElement":[{"@type":"ListItem","position":1,"name":"Hem","item":"https:\/\/babylove.se\/no\/"},{"@type":"ListItem","position":2,"name":"Butik","item":"https:\/\/babylove.se\/no\/butik\/"},{"@type":"ListItem","position":3,"name":"Hus seng loftseng, Mila DMPBA"}]},{"@type":"WebSite","@id":"https:\/\/babylove.se\/no\/#website","url":"https:\/\/babylove.se\/no\/","name":"Babylove Norska","description":"","potentialAction":[{"@type":"SearchAction","target":{"@type":"EntryPoint","urlTemplate":"https:\/\/babylove.se\/no\/?s={search_term_string}"},"query-input":{"@type":"PropertyValueSpecification","valueRequired":true,"valueName":"search_term_string"}}],"inLanguage":"nb-NO"}]},"product_brand":"Adeko","og_availability":"instock","product_availability":"instock","product_retailer_item_id":"DMPBA-70x140-natur","product_condition":"new"},"_links":{"self":[{"href":"https:\/\/babylove.se\/no\/wp-json\/wp\/v2\/product\/9310","targetHints":{"allow":["GET"]}}],"collection":[{"href":"https:\/\/babylove.se\/no\/wp-json\/wp\/v2\/product"}],"about":[{"href":"https:\/\/babylove.se\/no\/wp-json\/wp\/v2\/types\/product"}],"replies":[{"embeddable":true,"href":"https:\/\/babylove.se\/no\/wp-json\/wp\/v2\/comments?post=9310"}],"wp:featuredmedia":[{"embeddable":true,"href":"https:\/\/babylove.se\/no\/wp-json\/wp\/v2\/media\/9312"}],"wp:attachment":[{"href":"https:\/\/babylove.se\/no\/wp-json\/wp\/v2\/media?parent=9310"}],"wp:term":[{"taxonomy":"product_brand","embeddable":true,"href":"https:\/\/babylove.se\/no\/wp-json\/wp\/v2\/product_brand?post=9310"},{"taxonomy":"product_cat","embeddable":true,"href":"https:\/\/babylove.se\/no\/wp-json\/wp\/v2\/product_cat?post=9310"},{"taxonomy":"product_tag","embeddable":true,"href":"https:\/\/babylove.se\/no\/wp-json\/wp\/v2\/product_tag?post=9310"}],"curies":[{"name":"wp","href":"https:\/\/api.w.org\/{rel}","templated":true}]}}