{"id":93768,"date":"2026-03-16T08:39:58","date_gmt":"2026-03-16T07:39:58","guid":{"rendered":"https:\/\/babylove.se\/?post_type=product&#038;p=93768"},"modified":"2026-04-08T14:40:19","modified_gmt":"2026-04-08T13:40:19","slug":"skummadrass-120x200-cm","status":"publish","type":"product","link":"https:\/\/babylove.se\/no\/produkt\/skummadrass-120x200-cm\/","title":{"rendered":"Skummadrass 120&#215;200 cm"},"content":{"rendered":"<p>En komfortabel og deilig skummadrass som passer til barnesengen eller til hussengen. \\n \\nDenne barnemadrassen er dobbeltsidig og har dessuten et avtakbart overtrekk som gj\u00f8r at du enkelt kan vaske den og holde den frisk. \\n \\nMadrassen er semi-myk, laget for \u00e5 passe barn og garanterer en god s\u00f8vn. \\n \\nM\u00e5l: \\n<\/p>\n<ul> \\n \\t<\/p>\n<li>tykkelse 12 cm<\/li>\n<p> \\n \\t<\/p>\n<li>bredde 120 cm<\/li>\n<p> \\n \\t<\/p>\n<li>lengde 200 cm<\/li>\n<p> \\n<\/ul>\n<p> \\nMadrassen passer senger med sengem\u00e5l 120*200 cm \\n \\n<u>Materiale<\/u>: polyuretanskum 25 kg\/m\u00b3, \\n \\nVaskeanvisning: Overtrekk maskinvaskes ved 40 \u00b0 C \\n \\n<em>Obs! Det kan forekomme fargeforskjeller p\u00e5 skuminnsatsen som skyldes at naturbaserte ingredienser kan variere i farge.<\/em><\/p>\n","protected":false},"excerpt":{"rendered":"<p>En komfortabel og deilig skummadrass som passer til barnesengen eller til hussengen. \\n \\nDenne barnemadrassen er dobbeltsidig og har dessuten et avtakbart overtrekk som gj\u00f8r at du enkelt kan vaske den og holde den frisk. \\n \\nMadrassen er semi-myk, laget for \u00e5 passe barn og garanterer en god s\u00f8vn. \\n \\nM\u00e5l: \\n \\n \\t tykkelse [&hellip;]<\/p>\n","protected":false},"featured_media":20958,"comment_status":"closed","ping_status":"closed","template":"","meta":{"_acf_changed":false},"product_brand":[671],"product_cat":[377,672],"product_tag":[1689],"class_list":{"0":"post-93768","1":"product","2":"type-product","3":"status-publish","4":"has-post-thumbnail","6":"product_brand-homestyle4u","7":"product_cat-barnmadrasser","8":"product_cat-hm","9":"product_tag-bestillingsvaror","11":"first","12":"instock","13":"taxable","14":"shipping-taxable","15":"purchasable","16":"product-type-simple"},"acf":[],"yoast_head":"<!-- This site is optimized with the Yoast SEO Premium plugin v25.8 (Yoast SEO v27.2) - https:\/\/yoast.com\/product\/yoast-seo-premium-wordpress\/ -->\n<title>Skummadrass 140x200 cm - FRI FRAKT<\/title>\n<meta name=\"robots\" content=\"noindex, follow, max-snippet:-1, max-image-preview:large, max-video-preview:-1\" \/>\n<meta property=\"og:locale\" content=\"nb_NO\" \/>\n<meta property=\"og:type\" content=\"article\" \/>\n<meta property=\"og:title\" content=\"Skummadrass 120x200 cm\" \/>\n<meta property=\"og:description\" content=\"En komfortabel og deilig skummadrass som passer til barnesengen eller til hussengen. n nDenne barnemadrassen er dobbeltsidig og har dessuten et avtakbart overtrekk som gj\u00f8r at du enkelt kan vaske den og holde den frisk. n nMadrassen er semi-myk, laget for \u00e5 passe barn og garanterer en god s\u00f8vn. n nM\u00e5l: n n t tykkelse [&hellip;]\" \/>\n<meta property=\"og:url\" content=\"https:\/\/babylove.se\/no\/produkt\/skummadrass-120x200-cm\/\" \/>\n<meta property=\"og:site_name\" content=\"Babylove Norska\" \/>\n<meta property=\"article:modified_time\" content=\"2026-04-08T13:40:19+00:00\" \/>\n<meta property=\"og:image\" content=\"https:\/\/babylove.se\/no\/wp-content\/uploads\/sites\/3\/2025\/07\/5fb584719d76a.png\" \/>\n\t<meta property=\"og:image:width\" content=\"750\" \/>\n\t<meta property=\"og:image:height\" content=\"379\" \/>\n\t<meta property=\"og:image:type\" content=\"image\/png\" \/>\n<meta name=\"twitter:card\" content=\"summary_large_image\" \/>\n<meta name=\"twitter:label1\" content=\"Price\" \/>\n\t<meta name=\"twitter:data1\" content=\"1 799,00&nbsp;&#107;&#114;\" \/>\n\t<meta name=\"twitter:label2\" content=\"Availability\" \/>\n\t<meta name=\"twitter:data2\" content=\"In stock\" \/>\n<script type=\"application\/ld+json\" class=\"yoast-schema-graph\">{\"@context\":\"https:\/\/schema.org\",\"@graph\":[{\"@type\":\"WebPage\",\"@id\":\"https:\/\/babylove.se\/no\/produkt\/skummadrass-120x200-cm\/\",\"url\":\"https:\/\/babylove.se\/no\/produkt\/skummadrass-120x200-cm\/\",\"name\":\"Skummadrass 140x200 cm - FRI FRAKT\",\"isPartOf\":{\"@id\":\"https:\/\/babylove.se\/no\/#website\"},\"primaryImageOfPage\":{\"@id\":\"https:\/\/babylove.se\/no\/produkt\/skummadrass-120x200-cm\/#primaryimage\"},\"image\":{\"@id\":\"https:\/\/babylove.se\/no\/produkt\/skummadrass-120x200-cm\/#primaryimage\"},\"thumbnailUrl\":\"https:\/\/babylove.se\/no\/wp-content\/uploads\/sites\/3\/2025\/07\/5fb584719d76a.png\",\"datePublished\":\"2026-03-16T07:39:58+00:00\",\"dateModified\":\"2026-04-08T13:40:19+00:00\",\"breadcrumb\":{\"@id\":\"https:\/\/babylove.se\/no\/produkt\/skummadrass-120x200-cm\/#breadcrumb\"},\"inLanguage\":\"nb-NO\",\"potentialAction\":[{\"@type\":\"ReadAction\",\"target\":[\"https:\/\/babylove.se\/no\/produkt\/skummadrass-120x200-cm\/\"]}]},{\"@type\":\"ImageObject\",\"inLanguage\":\"nb-NO\",\"@id\":\"https:\/\/babylove.se\/no\/produkt\/skummadrass-120x200-cm\/#primaryimage\",\"url\":\"https:\/\/babylove.se\/no\/wp-content\/uploads\/sites\/3\/2025\/07\/5fb584719d76a.png\",\"contentUrl\":\"https:\/\/babylove.se\/no\/wp-content\/uploads\/sites\/3\/2025\/07\/5fb584719d76a.png\",\"width\":750,\"height\":379},{\"@type\":\"BreadcrumbList\",\"@id\":\"https:\/\/babylove.se\/no\/produkt\/skummadrass-120x200-cm\/#breadcrumb\",\"itemListElement\":[{\"@type\":\"ListItem\",\"position\":1,\"name\":\"Hem\",\"item\":\"https:\/\/babylove.se\/no\/\"},{\"@type\":\"ListItem\",\"position\":2,\"name\":\"Butik\",\"item\":\"https:\/\/babylove.se\/no\/butik\/\"},{\"@type\":\"ListItem\",\"position\":3,\"name\":\"Skummadrass 120&#215;200 cm\"}]},{\"@type\":\"WebSite\",\"@id\":\"https:\/\/babylove.se\/no\/#website\",\"url\":\"https:\/\/babylove.se\/no\/\",\"name\":\"Babylove Norska\",\"description\":\"\",\"potentialAction\":[{\"@type\":\"SearchAction\",\"target\":{\"@type\":\"EntryPoint\",\"urlTemplate\":\"https:\/\/babylove.se\/no\/?s={search_term_string}\"},\"query-input\":{\"@type\":\"PropertyValueSpecification\",\"valueRequired\":true,\"valueName\":\"search_term_string\"}}],\"inLanguage\":\"nb-NO\"}]}<\/script>\n<meta property=\"product:brand\" content=\"Homestyle4u\" \/>\n<meta property=\"product:price:amount\" content=\"1799.00\" \/>\n<meta property=\"product:price:currency\" content=\"SEK\" \/>\n<meta property=\"og:availability\" content=\"instock\" \/>\n<meta property=\"product:availability\" content=\"instock\" \/>\n<meta property=\"product:retailer_item_id\" content=\"2005\" \/>\n<meta property=\"product:condition\" content=\"new\" \/>\n<!-- \/ Yoast SEO Premium plugin. -->","yoast_head_json":{"title":"Skummadrass 140x200 cm - FRI FRAKT","robots":{"index":"noindex","follow":"follow","max-snippet":"max-snippet:-1","max-image-preview":"max-image-preview:large","max-video-preview":"max-video-preview:-1"},"og_locale":"nb_NO","og_type":"article","og_title":"Skummadrass 120x200 cm","og_description":"En komfortabel og deilig skummadrass som passer til barnesengen eller til hussengen. n nDenne barnemadrassen er dobbeltsidig og har dessuten et avtakbart overtrekk som gj\u00f8r at du enkelt kan vaske den og holde den frisk. n nMadrassen er semi-myk, laget for \u00e5 passe barn og garanterer en god s\u00f8vn. n nM\u00e5l: n n t tykkelse [&hellip;]","og_url":"https:\/\/babylove.se\/no\/produkt\/skummadrass-120x200-cm\/","og_site_name":"Babylove Norska","article_modified_time":"2026-04-08T13:40:19+00:00","og_image":[{"width":750,"height":379,"url":"https:\/\/babylove.se\/no\/wp-content\/uploads\/sites\/3\/2025\/07\/5fb584719d76a.png","type":"image\/png"}],"twitter_card":"summary_large_image","twitter_misc":{"Price":"1 799,00&nbsp;&#107;&#114;","Availability":"In stock"},"schema":{"@context":"https:\/\/schema.org","@graph":[{"@type":"WebPage","@id":"https:\/\/babylove.se\/no\/produkt\/skummadrass-120x200-cm\/","url":"https:\/\/babylove.se\/no\/produkt\/skummadrass-120x200-cm\/","name":"Skummadrass 140x200 cm - FRI FRAKT","isPartOf":{"@id":"https:\/\/babylove.se\/no\/#website"},"primaryImageOfPage":{"@id":"https:\/\/babylove.se\/no\/produkt\/skummadrass-120x200-cm\/#primaryimage"},"image":{"@id":"https:\/\/babylove.se\/no\/produkt\/skummadrass-120x200-cm\/#primaryimage"},"thumbnailUrl":"https:\/\/babylove.se\/no\/wp-content\/uploads\/sites\/3\/2025\/07\/5fb584719d76a.png","datePublished":"2026-03-16T07:39:58+00:00","dateModified":"2026-04-08T13:40:19+00:00","breadcrumb":{"@id":"https:\/\/babylove.se\/no\/produkt\/skummadrass-120x200-cm\/#breadcrumb"},"inLanguage":"nb-NO","potentialAction":[{"@type":"ReadAction","target":["https:\/\/babylove.se\/no\/produkt\/skummadrass-120x200-cm\/"]}]},{"@type":"ImageObject","inLanguage":"nb-NO","@id":"https:\/\/babylove.se\/no\/produkt\/skummadrass-120x200-cm\/#primaryimage","url":"https:\/\/babylove.se\/no\/wp-content\/uploads\/sites\/3\/2025\/07\/5fb584719d76a.png","contentUrl":"https:\/\/babylove.se\/no\/wp-content\/uploads\/sites\/3\/2025\/07\/5fb584719d76a.png","width":750,"height":379},{"@type":"BreadcrumbList","@id":"https:\/\/babylove.se\/no\/produkt\/skummadrass-120x200-cm\/#breadcrumb","itemListElement":[{"@type":"ListItem","position":1,"name":"Hem","item":"https:\/\/babylove.se\/no\/"},{"@type":"ListItem","position":2,"name":"Butik","item":"https:\/\/babylove.se\/no\/butik\/"},{"@type":"ListItem","position":3,"name":"Skummadrass 120&#215;200 cm"}]},{"@type":"WebSite","@id":"https:\/\/babylove.se\/no\/#website","url":"https:\/\/babylove.se\/no\/","name":"Babylove Norska","description":"","potentialAction":[{"@type":"SearchAction","target":{"@type":"EntryPoint","urlTemplate":"https:\/\/babylove.se\/no\/?s={search_term_string}"},"query-input":{"@type":"PropertyValueSpecification","valueRequired":true,"valueName":"search_term_string"}}],"inLanguage":"nb-NO"}]},"product_brand":"Homestyle4u","product_price_amount":"1799.00","product_price_currency":"SEK","og_availability":"instock","product_availability":"instock","product_retailer_item_id":"2005","product_condition":"new"},"_links":{"self":[{"href":"https:\/\/babylove.se\/no\/wp-json\/wp\/v2\/product\/93768","targetHints":{"allow":["GET"]}}],"collection":[{"href":"https:\/\/babylove.se\/no\/wp-json\/wp\/v2\/product"}],"about":[{"href":"https:\/\/babylove.se\/no\/wp-json\/wp\/v2\/types\/product"}],"replies":[{"embeddable":true,"href":"https:\/\/babylove.se\/no\/wp-json\/wp\/v2\/comments?post=93768"}],"wp:featuredmedia":[{"embeddable":true,"href":"https:\/\/babylove.se\/no\/wp-json\/wp\/v2\/media\/20958"}],"wp:attachment":[{"href":"https:\/\/babylove.se\/no\/wp-json\/wp\/v2\/media?parent=93768"}],"wp:term":[{"taxonomy":"product_brand","embeddable":true,"href":"https:\/\/babylove.se\/no\/wp-json\/wp\/v2\/product_brand?post=93768"},{"taxonomy":"product_cat","embeddable":true,"href":"https:\/\/babylove.se\/no\/wp-json\/wp\/v2\/product_cat?post=93768"},{"taxonomy":"product_tag","embeddable":true,"href":"https:\/\/babylove.se\/no\/wp-json\/wp\/v2\/product_tag?post=93768"}],"curies":[{"name":"wp","href":"https:\/\/api.w.org\/{rel}","templated":true}]}}