{"id":9399,"date":"2025-07-18T20:59:52","date_gmt":"2025-07-18T19:59:52","guid":{"rendered":"https:\/\/babylove.se\/produkt\/hussang-mila-nm\/"},"modified":"2026-04-08T08:43:56","modified_gmt":"2026-04-08T07:43:56","slug":"hussang-mila-nm","status":"publish","type":"product","link":"https:\/\/babylove.se\/no\/produkt\/hussang-mila-nm\/","title":{"rendered":"Husseng Mila NM"},"content":{"rendered":"<p>La fantasien flyte med Mila NM! \\nVi har valgt \u00e5 kalle den for husseng, men da det ikke er noen ribbbunn i den s\u00e5 er mulighetene uendelige. \\n \\nKiosk, pysslehus, kosekrok, bibliotek, parkering.. det er opp til dere! \\n \\nAlle v\u00e5re Mila senger er h\u00e5ndlaget med stor lidenskap, av h\u00f8ykvalitativt, sertifisert furutre. \\n \\nEn stabil konstruksjon som kan endres med barnets interesser og modenhet. \\n \\n<strong>Info:<\/strong> \\n<\/p>\n<ul> \\n \\t<\/p>\n<li>Ribbbunn f\u00f8lger ikke med<\/li>\n<p> \\n \\t<\/p>\n<li>Madrass f\u00f8lger ikke med, ta gjerne en titt i v\u00e5rt store utvalg.<\/li>\n<p> \\n \\t<\/p>\n<li>P\u00e5 bildene ser du standardben som er ca 5 cm.<\/li>\n<p> \\n<\/ul>\n<p> \\n<strong>M\u00e5l:<\/strong> \\n<\/p>\n<ul> \\n \\t<\/p>\n<li>Finnes i forskjellige st\u00f8rrelser. M\u00e5lene til venstre i listen gjelder sengm\u00e5l. M\u00e5lene innenfor parenteser (H\u00f8yde*Bredde*Lengde) gjelder den totale st\u00f8rrelsen p\u00e5 sengen.<\/li>\n<p> \\n<\/ul>\n<p> \\n&nbsp; \\n \\nSengene kommer fra v\u00e5r fabrikk i Europa som har h\u00f8ye kvalitetskrav og kontrollerer hvert steg fra det at t\u00f8mmeret kommer inn i fabrikken til at et ferdig produkt forlater.<\/p>\n","protected":false},"excerpt":{"rendered":"<p>La fantasien flyte med Mila NM! \\nVi har valgt \u00e5 kalle den for husseng, men da det ikke er noen ribbbunn i den s\u00e5 er mulighetene uendelige. \\n \\nKiosk, pysslehus, kosekrok, bibliotek, parkering.. det er opp til dere! \\n \\nAlle v\u00e5re Mila senger er h\u00e5ndlaget med stor lidenskap, av h\u00f8ykvalitativt, sertifisert furutre. \\n \\nEn stabil [&hellip;]<\/p>\n","protected":false},"featured_media":9401,"comment_status":"open","ping_status":"closed","template":"","meta":{"_acf_changed":false},"product_brand":[384],"product_cat":[386,217,48],"product_tag":[1689],"class_list":{"0":"post-9399","1":"product","2":"type-product","3":"status-publish","4":"has-post-thumbnail","6":"product_brand-adeko","7":"product_cat-ad","8":"product_cat-sengesanger","9":"product_cat-startside","10":"product_tag-bestillingsvaror","11":"pa_storlek-100x180-h154-b109-l209","12":"pa_storlek-100x190-h154-b109-l199","13":"pa_storlek-100x200-h154-b109-l209","14":"pa_storlek-120x200-h154-b129-l209","15":"pa_storlek-135x190-h171-b144-l199","16":"pa_storlek-140x190-h174-b149-l199","17":"pa_storlek-140x200-h174-b149-l209","18":"pa_storlek-160x190-h184-b169-l199","19":"pa_storlek-160x200-h184-b169-l209","20":"pa_storlek-60x120-h133-b69-l129","21":"pa_storlek-70x140-h139-b79-l149","22":"pa_storlek-70x160-h139-b79-l169","23":"pa_storlek-80x140-h144-b89-l149","24":"pa_storlek-80x160-h144-b89-l169","25":"pa_storlek-80x180-h144-b89-l189","26":"pa_storlek-80x190-h144-b89-l199","27":"pa_storlek-80x200-h144-b89-l209","28":"pa_storlek-90x140-h149-b99-l149","29":"pa_storlek-90x160-h149-b99-l169","30":"pa_storlek-90x180-h149-b99-l189","31":"pa_storlek-90x190-h149-b99-l199","32":"pa_storlek-90x200-h149-b99-l209","34":"first","35":"instock","36":"taxable","37":"shipping-taxable","38":"purchasable","39":"product-type-variable"},"acf":[],"yoast_head":"<!-- This site is optimized with the Yoast SEO Premium plugin v25.8 (Yoast SEO v27.2) - https:\/\/yoast.com\/product\/yoast-seo-premium-wordpress\/ -->\n<title>Huss\u00e4ng Mila NM - V\u00e4lkommen till Babylove.se<\/title>\n<meta name=\"description\" content=\"En underbart fin huss\u00e4ng till barnrummet med en vacker tr\u00e4ram och fint tak. Klarna faktura &amp; Fri Frakt ! K\u00f6p den h\u00e4r ! Babylove.se\" \/>\n<meta name=\"robots\" content=\"noindex, follow, max-snippet:-1, max-image-preview:large, max-video-preview:-1\" \/>\n<meta property=\"og:locale\" content=\"nb_NO\" \/>\n<meta property=\"og:type\" content=\"article\" \/>\n<meta property=\"og:title\" content=\"Husseng Mila NM\" \/>\n<meta property=\"og:description\" content=\"En underbart fin huss\u00e4ng till barnrummet med en vacker tr\u00e4ram och fint tak. Klarna faktura &amp; Fri Frakt ! K\u00f6p den h\u00e4r ! Babylove.se\" \/>\n<meta property=\"og:url\" content=\"https:\/\/babylove.se\/no\/produkt\/hussang-mila-nm\/\" \/>\n<meta property=\"og:site_name\" content=\"Babylove Norska\" \/>\n<meta property=\"article:modified_time\" content=\"2026-04-08T07:43:56+00:00\" \/>\n<meta property=\"og:image\" content=\"https:\/\/babylove.se\/no\/wp-content\/uploads\/sites\/3\/2025\/07\/5d63c5ce2f98a.jpeg\" \/>\n\t<meta property=\"og:image:width\" content=\"750\" \/>\n\t<meta property=\"og:image:height\" content=\"750\" \/>\n\t<meta property=\"og:image:type\" content=\"image\/jpeg\" \/>\n<meta name=\"twitter:card\" content=\"summary_large_image\" \/>\n<meta name=\"twitter:label1\" content=\"Availability\" \/>\n\t<meta name=\"twitter:data1\" content=\"In stock\" \/>\n<script type=\"application\/ld+json\" class=\"yoast-schema-graph\">{\"@context\":\"https:\/\/schema.org\",\"@graph\":[{\"@type\":\"WebPage\",\"@id\":\"https:\/\/babylove.se\/no\/produkt\/hussang-mila-nm\/\",\"url\":\"https:\/\/babylove.se\/no\/produkt\/hussang-mila-nm\/\",\"name\":\"Huss\u00e4ng Mila NM - V\u00e4lkommen till Babylove.se\",\"isPartOf\":{\"@id\":\"https:\/\/babylove.se\/no\/#website\"},\"primaryImageOfPage\":{\"@id\":\"https:\/\/babylove.se\/no\/produkt\/hussang-mila-nm\/#primaryimage\"},\"image\":{\"@id\":\"https:\/\/babylove.se\/no\/produkt\/hussang-mila-nm\/#primaryimage\"},\"thumbnailUrl\":\"https:\/\/babylove.se\/no\/wp-content\/uploads\/sites\/3\/2025\/07\/5d63c5ce2f98a.jpeg\",\"datePublished\":\"2025-07-18T19:59:52+00:00\",\"dateModified\":\"2026-04-08T07:43:56+00:00\",\"description\":\"En underbart fin huss\u00e4ng till barnrummet med en vacker tr\u00e4ram och fint tak. Klarna faktura & Fri Frakt ! K\u00f6p den h\u00e4r ! Babylove.se\",\"breadcrumb\":{\"@id\":\"https:\/\/babylove.se\/no\/produkt\/hussang-mila-nm\/#breadcrumb\"},\"inLanguage\":\"nb-NO\",\"potentialAction\":[{\"@type\":\"ReadAction\",\"target\":[\"https:\/\/babylove.se\/no\/produkt\/hussang-mila-nm\/\"]}]},{\"@type\":\"ImageObject\",\"inLanguage\":\"nb-NO\",\"@id\":\"https:\/\/babylove.se\/no\/produkt\/hussang-mila-nm\/#primaryimage\",\"url\":\"https:\/\/babylove.se\/no\/wp-content\/uploads\/sites\/3\/2025\/07\/5d63c5ce2f98a.jpeg\",\"contentUrl\":\"https:\/\/babylove.se\/no\/wp-content\/uploads\/sites\/3\/2025\/07\/5d63c5ce2f98a.jpeg\",\"width\":750,\"height\":750},{\"@type\":\"BreadcrumbList\",\"@id\":\"https:\/\/babylove.se\/no\/produkt\/hussang-mila-nm\/#breadcrumb\",\"itemListElement\":[{\"@type\":\"ListItem\",\"position\":1,\"name\":\"Hem\",\"item\":\"https:\/\/babylove.se\/no\/\"},{\"@type\":\"ListItem\",\"position\":2,\"name\":\"Butik\",\"item\":\"https:\/\/babylove.se\/no\/butik\/\"},{\"@type\":\"ListItem\",\"position\":3,\"name\":\"Husseng Mila NM\"}]},{\"@type\":\"WebSite\",\"@id\":\"https:\/\/babylove.se\/no\/#website\",\"url\":\"https:\/\/babylove.se\/no\/\",\"name\":\"Babylove Norska\",\"description\":\"\",\"potentialAction\":[{\"@type\":\"SearchAction\",\"target\":{\"@type\":\"EntryPoint\",\"urlTemplate\":\"https:\/\/babylove.se\/no\/?s={search_term_string}\"},\"query-input\":{\"@type\":\"PropertyValueSpecification\",\"valueRequired\":true,\"valueName\":\"search_term_string\"}}],\"inLanguage\":\"nb-NO\"}]}<\/script>\n<meta property=\"product:brand\" content=\"Adeko\" \/>\n<meta property=\"og:availability\" content=\"instock\" \/>\n<meta property=\"product:availability\" content=\"instock\" \/>\n<meta property=\"product:retailer_item_id\" content=\"Mila NM-60x120\" \/>\n<meta property=\"product:condition\" content=\"new\" \/>\n<!-- \/ Yoast SEO Premium plugin. -->","yoast_head_json":{"title":"Huss\u00e4ng Mila NM - V\u00e4lkommen till Babylove.se","description":"En underbart fin huss\u00e4ng till barnrummet med en vacker tr\u00e4ram och fint tak. Klarna faktura & Fri Frakt ! K\u00f6p den h\u00e4r ! Babylove.se","robots":{"index":"noindex","follow":"follow","max-snippet":"max-snippet:-1","max-image-preview":"max-image-preview:large","max-video-preview":"max-video-preview:-1"},"og_locale":"nb_NO","og_type":"article","og_title":"Husseng Mila NM","og_description":"En underbart fin huss\u00e4ng till barnrummet med en vacker tr\u00e4ram och fint tak. Klarna faktura & Fri Frakt ! K\u00f6p den h\u00e4r ! Babylove.se","og_url":"https:\/\/babylove.se\/no\/produkt\/hussang-mila-nm\/","og_site_name":"Babylove Norska","article_modified_time":"2026-04-08T07:43:56+00:00","og_image":[{"width":750,"height":750,"url":"https:\/\/babylove.se\/no\/wp-content\/uploads\/sites\/3\/2025\/07\/5d63c5ce2f98a.jpeg","type":"image\/jpeg"}],"twitter_card":"summary_large_image","twitter_misc":{"Availability":"In stock"},"schema":{"@context":"https:\/\/schema.org","@graph":[{"@type":"WebPage","@id":"https:\/\/babylove.se\/no\/produkt\/hussang-mila-nm\/","url":"https:\/\/babylove.se\/no\/produkt\/hussang-mila-nm\/","name":"Huss\u00e4ng Mila NM - V\u00e4lkommen till Babylove.se","isPartOf":{"@id":"https:\/\/babylove.se\/no\/#website"},"primaryImageOfPage":{"@id":"https:\/\/babylove.se\/no\/produkt\/hussang-mila-nm\/#primaryimage"},"image":{"@id":"https:\/\/babylove.se\/no\/produkt\/hussang-mila-nm\/#primaryimage"},"thumbnailUrl":"https:\/\/babylove.se\/no\/wp-content\/uploads\/sites\/3\/2025\/07\/5d63c5ce2f98a.jpeg","datePublished":"2025-07-18T19:59:52+00:00","dateModified":"2026-04-08T07:43:56+00:00","description":"En underbart fin huss\u00e4ng till barnrummet med en vacker tr\u00e4ram och fint tak. Klarna faktura & Fri Frakt ! K\u00f6p den h\u00e4r ! Babylove.se","breadcrumb":{"@id":"https:\/\/babylove.se\/no\/produkt\/hussang-mila-nm\/#breadcrumb"},"inLanguage":"nb-NO","potentialAction":[{"@type":"ReadAction","target":["https:\/\/babylove.se\/no\/produkt\/hussang-mila-nm\/"]}]},{"@type":"ImageObject","inLanguage":"nb-NO","@id":"https:\/\/babylove.se\/no\/produkt\/hussang-mila-nm\/#primaryimage","url":"https:\/\/babylove.se\/no\/wp-content\/uploads\/sites\/3\/2025\/07\/5d63c5ce2f98a.jpeg","contentUrl":"https:\/\/babylove.se\/no\/wp-content\/uploads\/sites\/3\/2025\/07\/5d63c5ce2f98a.jpeg","width":750,"height":750},{"@type":"BreadcrumbList","@id":"https:\/\/babylove.se\/no\/produkt\/hussang-mila-nm\/#breadcrumb","itemListElement":[{"@type":"ListItem","position":1,"name":"Hem","item":"https:\/\/babylove.se\/no\/"},{"@type":"ListItem","position":2,"name":"Butik","item":"https:\/\/babylove.se\/no\/butik\/"},{"@type":"ListItem","position":3,"name":"Husseng Mila NM"}]},{"@type":"WebSite","@id":"https:\/\/babylove.se\/no\/#website","url":"https:\/\/babylove.se\/no\/","name":"Babylove Norska","description":"","potentialAction":[{"@type":"SearchAction","target":{"@type":"EntryPoint","urlTemplate":"https:\/\/babylove.se\/no\/?s={search_term_string}"},"query-input":{"@type":"PropertyValueSpecification","valueRequired":true,"valueName":"search_term_string"}}],"inLanguage":"nb-NO"}]},"product_brand":"Adeko","og_availability":"instock","product_availability":"instock","product_retailer_item_id":"Mila NM-60x120","product_condition":"new"},"_links":{"self":[{"href":"https:\/\/babylove.se\/no\/wp-json\/wp\/v2\/product\/9399","targetHints":{"allow":["GET"]}}],"collection":[{"href":"https:\/\/babylove.se\/no\/wp-json\/wp\/v2\/product"}],"about":[{"href":"https:\/\/babylove.se\/no\/wp-json\/wp\/v2\/types\/product"}],"replies":[{"embeddable":true,"href":"https:\/\/babylove.se\/no\/wp-json\/wp\/v2\/comments?post=9399"}],"wp:featuredmedia":[{"embeddable":true,"href":"https:\/\/babylove.se\/no\/wp-json\/wp\/v2\/media\/9401"}],"wp:attachment":[{"href":"https:\/\/babylove.se\/no\/wp-json\/wp\/v2\/media?parent=9399"}],"wp:term":[{"taxonomy":"product_brand","embeddable":true,"href":"https:\/\/babylove.se\/no\/wp-json\/wp\/v2\/product_brand?post=9399"},{"taxonomy":"product_cat","embeddable":true,"href":"https:\/\/babylove.se\/no\/wp-json\/wp\/v2\/product_cat?post=9399"},{"taxonomy":"product_tag","embeddable":true,"href":"https:\/\/babylove.se\/no\/wp-json\/wp\/v2\/product_tag?post=9399"}],"curies":[{"name":"wp","href":"https:\/\/api.w.org\/{rel}","templated":true}]}}