{"id":9435,"date":"2025-07-18T21:00:03","date_gmt":"2025-07-18T20:00:03","guid":{"rendered":"https:\/\/babylove.se\/produkt\/lily-stor-dockhus-i-tra-rosa\/"},"modified":"2026-04-08T08:44:05","modified_gmt":"2026-04-08T07:44:05","slug":"lily-stort-dukkehus-i-tre-rosa","status":"publish","type":"product","link":"https:\/\/babylove.se\/no\/produkt\/lily-stort-dukkehus-i-tre-rosa\/","title":{"rendered":"Lily, stort rosa dukkehus i tre"},"content":{"rendered":"<p>Et tidl\u00f8st og fantastisk rosa dukkehus som ditt barn vil elske fra f\u00f8rste \u00f8yeblikk. Helt h\u00e5ndbygget gj\u00f8r at hvert dukkehus f\u00e5r sine unike detaljer og en personlig touch som en fabrikk aldri kan gi. Dette dukkehuset vil, i tillegg til \u00e5 bli ditt barns favoritt, bidra til en underbar barnerominnredning. <\/p>\n<p>Den lyserosa fargen gj\u00f8r at dukkehuset passer i alle typer rom. Kvaliteten sitter ogs\u00e5 i alle detaljer og det kan man virkelig si om dette dukkehuset. Laget av n\u00f8ye utvalgt furu, malt med ikke-allergiframkallende farger som er spesielt utviklet for tre. De underbara detaljene og de fine sm\u00e5 bena gj\u00f8r at dette f\u00f8les som en naturlig m\u00f8bel i barnerommet. Dette er det optimale dukkehuset for generasjoner!<\/p>\n<p><u>M\u00e5l:<\/u><\/p>\n<ul>\n<li>H\u00f8yde 120 cm (med ben) <\/li>\n<li>Bredde 70 cm<\/li>\n<li>Dybde 30 cm<\/li>\n<\/ul>\n<p><u> Inkludert:<\/u><\/p>\n<ul>\n<li>dukkehus<\/li>\n<li>2 vinduer med vinduslemmer<\/li>\n<li>trapp<\/li>\n<li>lite speil<\/li>\n<li>liten huske <\/li>\n<\/ul>\n<p>\u00d8vrig leker og innredning er ikke inkludert. <\/p>\n<p>Obs ! En bestillingsvare ! Leveringstid cirka 3 -4 uker.<\/p>\n","protected":false},"excerpt":{"rendered":"<p>Et tidl\u00f8st og fantastisk rosa dukkehus som ditt barn vil elske fra f\u00f8rste \u00f8yeblikk. Helt h\u00e5ndbygget gj\u00f8r at hvert dukkehus f\u00e5r sine unike detaljer og en personlig touch som en fabrikk aldri kan gi. Dette dukkehuset vil, i tillegg til \u00e5 bli ditt barns favoritt, bidra til en underbar barnerominnredning. Den lyserosa fargen gj\u00f8r at [&hellip;]<\/p>\n","protected":false},"featured_media":9437,"comment_status":"closed","ping_status":"open","template":"","meta":{"_acf_changed":false},"product_brand":[],"product_cat":[84,69,89,68,48],"product_tag":[],"class_list":{"0":"post-9435","1":"product","2":"type-product","3":"status-publish","4":"has-post-thumbnail","6":"product_cat-babylove","7":"product_cat-dukker-tilbehoer","8":"product_cat-dukkehus","9":"product_cat-leker","10":"product_cat-startside","12":"first","13":"outofstock","14":"taxable","15":"shipping-taxable","16":"purchasable","17":"product-type-simple"},"acf":[],"yoast_head":"<!-- This site is optimized with the Yoast SEO Premium plugin v25.8 (Yoast SEO v27.2) - https:\/\/yoast.com\/product\/yoast-seo-premium-wordpress\/ -->\n<title>Charlotte stor dockhus - Fri Frakt !<\/title>\n<meta name=\"description\" content=\"Ett tidl\u00f6st och fantastiskt dockhus som ditt barn kommer att \u00e4lska fr\u00e5n f\u00f6rsta stund. Helt handbyggt - K\u00f6p den h\u00e4r - Babylove.se\" \/>\n<meta name=\"robots\" content=\"noindex, follow, max-snippet:-1, max-image-preview:large, max-video-preview:-1\" \/>\n<meta property=\"og:locale\" content=\"nb_NO\" \/>\n<meta property=\"og:type\" content=\"article\" \/>\n<meta property=\"og:title\" content=\"Lily, stort rosa dukkehus i tre\" \/>\n<meta property=\"og:description\" content=\"Ett tidl\u00f6st och fantastiskt dockhus som ditt barn kommer att \u00e4lska fr\u00e5n f\u00f6rsta stund. Helt handbyggt - K\u00f6p den h\u00e4r - Babylove.se\" \/>\n<meta property=\"og:url\" content=\"https:\/\/babylove.se\/no\/produkt\/lily-stort-dukkehus-i-tre-rosa\/\" \/>\n<meta property=\"og:site_name\" content=\"Babylove Norska\" \/>\n<meta property=\"article:modified_time\" content=\"2026-04-08T07:44:05+00:00\" \/>\n<meta property=\"og:image\" content=\"https:\/\/babylove.se\/no\/wp-content\/uploads\/sites\/3\/2025\/07\/5c470eacaf00d.jpeg\" \/>\n\t<meta property=\"og:image:width\" content=\"601\" \/>\n\t<meta property=\"og:image:height\" content=\"750\" \/>\n\t<meta property=\"og:image:type\" content=\"image\/jpeg\" \/>\n<meta name=\"twitter:card\" content=\"summary_large_image\" \/>\n<meta name=\"twitter:label1\" content=\"Price\" \/>\n\t<meta name=\"twitter:data1\" content=\"4 999,00&nbsp;&#107;&#114;\" \/>\n\t<meta name=\"twitter:label2\" content=\"Availability\" \/>\n\t<meta name=\"twitter:data2\" content=\"Out of stock\" \/>\n<script type=\"application\/ld+json\" class=\"yoast-schema-graph\">{\"@context\":\"https:\/\/schema.org\",\"@graph\":[{\"@type\":\"WebPage\",\"@id\":\"https:\/\/babylove.se\/no\/produkt\/lily-stort-dukkehus-i-tre-rosa\/\",\"url\":\"https:\/\/babylove.se\/no\/produkt\/lily-stort-dukkehus-i-tre-rosa\/\",\"name\":\"Charlotte stor dockhus - Fri Frakt !\",\"isPartOf\":{\"@id\":\"https:\/\/babylove.se\/no\/#website\"},\"primaryImageOfPage\":{\"@id\":\"https:\/\/babylove.se\/no\/produkt\/lily-stort-dukkehus-i-tre-rosa\/#primaryimage\"},\"image\":{\"@id\":\"https:\/\/babylove.se\/no\/produkt\/lily-stort-dukkehus-i-tre-rosa\/#primaryimage\"},\"thumbnailUrl\":\"https:\/\/babylove.se\/no\/wp-content\/uploads\/sites\/3\/2025\/07\/5c470eacaf00d.jpeg\",\"datePublished\":\"2025-07-18T20:00:03+00:00\",\"dateModified\":\"2026-04-08T07:44:05+00:00\",\"description\":\"Ett tidl\u00f6st och fantastiskt dockhus som ditt barn kommer att \u00e4lska fr\u00e5n f\u00f6rsta stund. Helt handbyggt - K\u00f6p den h\u00e4r - Babylove.se\",\"breadcrumb\":{\"@id\":\"https:\/\/babylove.se\/no\/produkt\/lily-stort-dukkehus-i-tre-rosa\/#breadcrumb\"},\"inLanguage\":\"nb-NO\",\"potentialAction\":[{\"@type\":\"ReadAction\",\"target\":[\"https:\/\/babylove.se\/no\/produkt\/lily-stort-dukkehus-i-tre-rosa\/\"]}]},{\"@type\":\"ImageObject\",\"inLanguage\":\"nb-NO\",\"@id\":\"https:\/\/babylove.se\/no\/produkt\/lily-stort-dukkehus-i-tre-rosa\/#primaryimage\",\"url\":\"https:\/\/babylove.se\/no\/wp-content\/uploads\/sites\/3\/2025\/07\/5c470eacaf00d.jpeg\",\"contentUrl\":\"https:\/\/babylove.se\/no\/wp-content\/uploads\/sites\/3\/2025\/07\/5c470eacaf00d.jpeg\",\"width\":601,\"height\":750},{\"@type\":\"BreadcrumbList\",\"@id\":\"https:\/\/babylove.se\/no\/produkt\/lily-stort-dukkehus-i-tre-rosa\/#breadcrumb\",\"itemListElement\":[{\"@type\":\"ListItem\",\"position\":1,\"name\":\"Hem\",\"item\":\"https:\/\/babylove.se\/no\/\"},{\"@type\":\"ListItem\",\"position\":2,\"name\":\"Butik\",\"item\":\"https:\/\/babylove.se\/no\/butik\/\"},{\"@type\":\"ListItem\",\"position\":3,\"name\":\"Lily, stort rosa dukkehus i tre\"}]},{\"@type\":\"WebSite\",\"@id\":\"https:\/\/babylove.se\/no\/#website\",\"url\":\"https:\/\/babylove.se\/no\/\",\"name\":\"Babylove Norska\",\"description\":\"\",\"potentialAction\":[{\"@type\":\"SearchAction\",\"target\":{\"@type\":\"EntryPoint\",\"urlTemplate\":\"https:\/\/babylove.se\/no\/?s={search_term_string}\"},\"query-input\":{\"@type\":\"PropertyValueSpecification\",\"valueRequired\":true,\"valueName\":\"search_term_string\"}}],\"inLanguage\":\"nb-NO\"}]}<\/script>\n<meta property=\"product:price:amount\" content=\"4999.00\" \/>\n<meta property=\"product:price:currency\" content=\"SEK\" \/>\n<meta property=\"og:availability\" content=\"out of stock\" \/>\n<meta property=\"product:availability\" content=\"out of stock\" \/>\n<meta property=\"product:retailer_item_id\" content=\"2307\" \/>\n<meta property=\"product:condition\" content=\"new\" \/>\n<!-- \/ Yoast SEO Premium plugin. -->","yoast_head_json":{"title":"Charlotte stor dockhus - Fri Frakt !","description":"Ett tidl\u00f6st och fantastiskt dockhus som ditt barn kommer att \u00e4lska fr\u00e5n f\u00f6rsta stund. Helt handbyggt - K\u00f6p den h\u00e4r - Babylove.se","robots":{"index":"noindex","follow":"follow","max-snippet":"max-snippet:-1","max-image-preview":"max-image-preview:large","max-video-preview":"max-video-preview:-1"},"og_locale":"nb_NO","og_type":"article","og_title":"Lily, stort rosa dukkehus i tre","og_description":"Ett tidl\u00f6st och fantastiskt dockhus som ditt barn kommer att \u00e4lska fr\u00e5n f\u00f6rsta stund. Helt handbyggt - K\u00f6p den h\u00e4r - Babylove.se","og_url":"https:\/\/babylove.se\/no\/produkt\/lily-stort-dukkehus-i-tre-rosa\/","og_site_name":"Babylove Norska","article_modified_time":"2026-04-08T07:44:05+00:00","og_image":[{"width":601,"height":750,"url":"https:\/\/babylove.se\/no\/wp-content\/uploads\/sites\/3\/2025\/07\/5c470eacaf00d.jpeg","type":"image\/jpeg"}],"twitter_card":"summary_large_image","twitter_misc":{"Price":"4 999,00&nbsp;&#107;&#114;","Availability":"Out of stock"},"schema":{"@context":"https:\/\/schema.org","@graph":[{"@type":"WebPage","@id":"https:\/\/babylove.se\/no\/produkt\/lily-stort-dukkehus-i-tre-rosa\/","url":"https:\/\/babylove.se\/no\/produkt\/lily-stort-dukkehus-i-tre-rosa\/","name":"Charlotte stor dockhus - Fri Frakt !","isPartOf":{"@id":"https:\/\/babylove.se\/no\/#website"},"primaryImageOfPage":{"@id":"https:\/\/babylove.se\/no\/produkt\/lily-stort-dukkehus-i-tre-rosa\/#primaryimage"},"image":{"@id":"https:\/\/babylove.se\/no\/produkt\/lily-stort-dukkehus-i-tre-rosa\/#primaryimage"},"thumbnailUrl":"https:\/\/babylove.se\/no\/wp-content\/uploads\/sites\/3\/2025\/07\/5c470eacaf00d.jpeg","datePublished":"2025-07-18T20:00:03+00:00","dateModified":"2026-04-08T07:44:05+00:00","description":"Ett tidl\u00f6st och fantastiskt dockhus som ditt barn kommer att \u00e4lska fr\u00e5n f\u00f6rsta stund. Helt handbyggt - K\u00f6p den h\u00e4r - Babylove.se","breadcrumb":{"@id":"https:\/\/babylove.se\/no\/produkt\/lily-stort-dukkehus-i-tre-rosa\/#breadcrumb"},"inLanguage":"nb-NO","potentialAction":[{"@type":"ReadAction","target":["https:\/\/babylove.se\/no\/produkt\/lily-stort-dukkehus-i-tre-rosa\/"]}]},{"@type":"ImageObject","inLanguage":"nb-NO","@id":"https:\/\/babylove.se\/no\/produkt\/lily-stort-dukkehus-i-tre-rosa\/#primaryimage","url":"https:\/\/babylove.se\/no\/wp-content\/uploads\/sites\/3\/2025\/07\/5c470eacaf00d.jpeg","contentUrl":"https:\/\/babylove.se\/no\/wp-content\/uploads\/sites\/3\/2025\/07\/5c470eacaf00d.jpeg","width":601,"height":750},{"@type":"BreadcrumbList","@id":"https:\/\/babylove.se\/no\/produkt\/lily-stort-dukkehus-i-tre-rosa\/#breadcrumb","itemListElement":[{"@type":"ListItem","position":1,"name":"Hem","item":"https:\/\/babylove.se\/no\/"},{"@type":"ListItem","position":2,"name":"Butik","item":"https:\/\/babylove.se\/no\/butik\/"},{"@type":"ListItem","position":3,"name":"Lily, stort rosa dukkehus i tre"}]},{"@type":"WebSite","@id":"https:\/\/babylove.se\/no\/#website","url":"https:\/\/babylove.se\/no\/","name":"Babylove Norska","description":"","potentialAction":[{"@type":"SearchAction","target":{"@type":"EntryPoint","urlTemplate":"https:\/\/babylove.se\/no\/?s={search_term_string}"},"query-input":{"@type":"PropertyValueSpecification","valueRequired":true,"valueName":"search_term_string"}}],"inLanguage":"nb-NO"}]},"product_price_amount":"4999.00","product_price_currency":"SEK","og_availability":"out of stock","product_availability":"out of stock","product_retailer_item_id":"2307","product_condition":"new"},"_links":{"self":[{"href":"https:\/\/babylove.se\/no\/wp-json\/wp\/v2\/product\/9435","targetHints":{"allow":["GET"]}}],"collection":[{"href":"https:\/\/babylove.se\/no\/wp-json\/wp\/v2\/product"}],"about":[{"href":"https:\/\/babylove.se\/no\/wp-json\/wp\/v2\/types\/product"}],"replies":[{"embeddable":true,"href":"https:\/\/babylove.se\/no\/wp-json\/wp\/v2\/comments?post=9435"}],"wp:featuredmedia":[{"embeddable":true,"href":"https:\/\/babylove.se\/no\/wp-json\/wp\/v2\/media\/9437"}],"wp:attachment":[{"href":"https:\/\/babylove.se\/no\/wp-json\/wp\/v2\/media?parent=9435"}],"wp:term":[{"taxonomy":"product_brand","embeddable":true,"href":"https:\/\/babylove.se\/no\/wp-json\/wp\/v2\/product_brand?post=9435"},{"taxonomy":"product_cat","embeddable":true,"href":"https:\/\/babylove.se\/no\/wp-json\/wp\/v2\/product_cat?post=9435"},{"taxonomy":"product_tag","embeddable":true,"href":"https:\/\/babylove.se\/no\/wp-json\/wp\/v2\/product_tag?post=9435"}],"curies":[{"name":"wp","href":"https:\/\/api.w.org\/{rel}","templated":true}]}}