{"id":9445,"date":"2025-07-18T21:00:03","date_gmt":"2025-07-18T20:00:03","guid":{"rendered":"https:\/\/babylove.se\/produkt\/byra-till-barnrummet-charlotte-ljusrosa-skap\/"},"modified":"2026-04-08T08:44:07","modified_gmt":"2026-04-08T07:44:07","slug":"byra-til-barnerommet-charlotte-lysrosa-skap","status":"publish","type":"product","link":"https:\/\/babylove.se\/no\/produkt\/byra-til-barnerommet-charlotte-lysrosa-skap\/","title":{"rendered":"Kommode til barnerommet, Charlotte lys rosa skap"},"content":{"rendered":"<p>En fantastisk lyserosa kommode eller fint skap til barnerommet, med dette underfulle m\u00f8belet i antikk stil vil du l\u00f8fte barneroms-innredningen din til himmelske h\u00f8yder. <\/p>\n<p>Skapet er h\u00e5ndlaget i gammeldags stil av et lite familiebedrift og er helt laget av massiv furu, ingen snarveier er brukt i byggingen av dette fine m\u00f8belet. De vakre og b\u00f8yde trebenene skaper en ekstra sjarm og magi, og sammen med det fine m\u00f8nsteret p\u00e5 d\u00f8rene og knottene i slitt gull\/s\u00f8lv skaper den et helhetlig inntrykk som er vanskelig \u00e5 ikke elske.<br \/>De to hyllene er praktiske og fine, perfekt n\u00e5r du vil oppbevare kl\u00e6r eller spill og b\u00f8ker. <\/p>\n<p>Da treet som brukes har sin naturlige struktur s\u00e5 kan det oppst\u00e5 mindre avvik eller kvister som svakt synes igjennom fargen, dette skaper imidlertid bare en gammeldags stil og er absolutt ikke til noen ulempe. <\/p>\n<p>Kommoden sendes ferdigbygget, du trenger bare \u00e5 skru p\u00e5 benene s\u00e5 den er klar for barnerommet direkte n\u00e5r den har kommet hjem. <\/p>\n<p><strong>M\u00e5l<\/strong>:<\/p>\n<ul>\n<li>H\u00f8yde 115 cm<\/li>\n<li>Bredde 80 cm<\/li>\n<li>Dybde 40 cm<\/li>\n<\/ul>\n<p>Skapet finnes i seks klassiske farger ? hvit, gr\u00e5, dusty blue, natur, lyserosa eller i dusty pink. Da skapet kun lages p\u00e5 bestilling s\u00e5 kan de lages i andre farger ogs\u00e5 om man s\u00e5 \u00f8nsker. Samtlige farger som er brukt er klassifisert som barnesikre, noe som skaper trygghet. Skapet males for h\u00e5nd for \u00e5 skape riktig f\u00f8lelse i penselstrekene, og selvf\u00f8lgelig brukes kun giftfrie farger ved utf\u00f8relsen. <\/p>\n<p><u>Leveringstiden er 3-5 uker fra mottak av din ordre. OBS Denne varen leveres kun med hjemlevering som er inkludert i prisen.<\/u><\/p>\n","protected":false},"excerpt":{"rendered":"<p>En fantastisk lyserosa kommode eller fint skap til barnerommet, med dette underfulle m\u00f8belet i antikk stil vil du l\u00f8fte barneroms-innredningen din til himmelske h\u00f8yder. Skapet er h\u00e5ndlaget i gammeldags stil av et lite familiebedrift og er helt laget av massiv furu, ingen snarveier er brukt i byggingen av dette fine m\u00f8belet. De vakre og b\u00f8yde [&hellip;]<\/p>\n","protected":false},"featured_media":9447,"comment_status":"closed","ping_status":"open","template":"","meta":{"_acf_changed":false},"product_brand":[366],"product_cat":[84,85,367,86,104,48],"product_tag":[],"class_list":{"0":"post-9445","1":"product","2":"type-product","3":"status-publish","4":"has-post-thumbnail","6":"product_brand-babyloff","7":"product_cat-babylove","8":"product_cat-bord","9":"product_cat-byra","10":"product_cat-produktliste","11":"product_cat-sangbord","12":"product_cat-startside","14":"first","15":"outofstock","16":"taxable","17":"shipping-taxable","18":"purchasable","19":"product-type-simple"},"acf":[],"yoast_head":"<!-- This site is optimized with the Yoast SEO Premium plugin v25.8 (Yoast SEO v27.2) - https:\/\/yoast.com\/product\/yoast-seo-premium-wordpress\/ -->\n<title>Kommode til barnerommet, Charlotte lys rosa skap - Babylove Norska<\/title>\n<meta name=\"robots\" content=\"noindex, follow, max-snippet:-1, max-image-preview:large, max-video-preview:-1\" \/>\n<meta property=\"og:locale\" content=\"nb_NO\" \/>\n<meta property=\"og:type\" content=\"article\" \/>\n<meta property=\"og:title\" content=\"Kommode til barnerommet, Charlotte lys rosa skap\" \/>\n<meta property=\"og:description\" content=\"En fantastisk lyserosa kommode eller fint skap til barnerommet, med dette underfulle m\u00f8belet i antikk stil vil du l\u00f8fte barneroms-innredningen din til himmelske h\u00f8yder. Skapet er h\u00e5ndlaget i gammeldags stil av et lite familiebedrift og er helt laget av massiv furu, ingen snarveier er brukt i byggingen av dette fine m\u00f8belet. De vakre og b\u00f8yde [&hellip;]\" \/>\n<meta property=\"og:url\" content=\"https:\/\/babylove.se\/no\/produkt\/byra-til-barnerommet-charlotte-lysrosa-skap\/\" \/>\n<meta property=\"og:site_name\" content=\"Babylove Norska\" \/>\n<meta property=\"article:modified_time\" content=\"2026-04-08T07:44:07+00:00\" \/>\n<meta property=\"og:image\" content=\"https:\/\/babylove.se\/no\/wp-content\/uploads\/sites\/3\/2025\/07\/5c470effceefd.jpeg\" \/>\n\t<meta property=\"og:image:width\" content=\"563\" \/>\n\t<meta property=\"og:image:height\" content=\"750\" \/>\n\t<meta property=\"og:image:type\" content=\"image\/jpeg\" \/>\n<meta name=\"twitter:card\" content=\"summary_large_image\" \/>\n<meta name=\"twitter:label1\" content=\"Price\" \/>\n\t<meta name=\"twitter:data1\" content=\"7 499,00&nbsp;&#107;&#114;\" \/>\n\t<meta name=\"twitter:label2\" content=\"Availability\" \/>\n\t<meta name=\"twitter:data2\" content=\"Out of stock\" \/>\n<script type=\"application\/ld+json\" class=\"yoast-schema-graph\">{\"@context\":\"https:\/\/schema.org\",\"@graph\":[{\"@type\":\"WebPage\",\"@id\":\"https:\/\/babylove.se\/no\/produkt\/byra-til-barnerommet-charlotte-lysrosa-skap\/\",\"url\":\"https:\/\/babylove.se\/no\/produkt\/byra-til-barnerommet-charlotte-lysrosa-skap\/\",\"name\":\"Kommode til barnerommet, Charlotte lys rosa skap - Babylove Norska\",\"isPartOf\":{\"@id\":\"https:\/\/babylove.se\/no\/#website\"},\"primaryImageOfPage\":{\"@id\":\"https:\/\/babylove.se\/no\/produkt\/byra-til-barnerommet-charlotte-lysrosa-skap\/#primaryimage\"},\"image\":{\"@id\":\"https:\/\/babylove.se\/no\/produkt\/byra-til-barnerommet-charlotte-lysrosa-skap\/#primaryimage\"},\"thumbnailUrl\":\"https:\/\/babylove.se\/no\/wp-content\/uploads\/sites\/3\/2025\/07\/5c470effceefd.jpeg\",\"datePublished\":\"2025-07-18T20:00:03+00:00\",\"dateModified\":\"2026-04-08T07:44:07+00:00\",\"breadcrumb\":{\"@id\":\"https:\/\/babylove.se\/no\/produkt\/byra-til-barnerommet-charlotte-lysrosa-skap\/#breadcrumb\"},\"inLanguage\":\"nb-NO\",\"potentialAction\":[{\"@type\":\"ReadAction\",\"target\":[\"https:\/\/babylove.se\/no\/produkt\/byra-til-barnerommet-charlotte-lysrosa-skap\/\"]}]},{\"@type\":\"ImageObject\",\"inLanguage\":\"nb-NO\",\"@id\":\"https:\/\/babylove.se\/no\/produkt\/byra-til-barnerommet-charlotte-lysrosa-skap\/#primaryimage\",\"url\":\"https:\/\/babylove.se\/no\/wp-content\/uploads\/sites\/3\/2025\/07\/5c470effceefd.jpeg\",\"contentUrl\":\"https:\/\/babylove.se\/no\/wp-content\/uploads\/sites\/3\/2025\/07\/5c470effceefd.jpeg\",\"width\":563,\"height\":750},{\"@type\":\"BreadcrumbList\",\"@id\":\"https:\/\/babylove.se\/no\/produkt\/byra-til-barnerommet-charlotte-lysrosa-skap\/#breadcrumb\",\"itemListElement\":[{\"@type\":\"ListItem\",\"position\":1,\"name\":\"Hem\",\"item\":\"https:\/\/babylove.se\/no\/\"},{\"@type\":\"ListItem\",\"position\":2,\"name\":\"Butik\",\"item\":\"https:\/\/babylove.se\/no\/butik\/\"},{\"@type\":\"ListItem\",\"position\":3,\"name\":\"Kommode til barnerommet, Charlotte lys rosa skap\"}]},{\"@type\":\"WebSite\",\"@id\":\"https:\/\/babylove.se\/no\/#website\",\"url\":\"https:\/\/babylove.se\/no\/\",\"name\":\"Babylove Norska\",\"description\":\"\",\"potentialAction\":[{\"@type\":\"SearchAction\",\"target\":{\"@type\":\"EntryPoint\",\"urlTemplate\":\"https:\/\/babylove.se\/no\/?s={search_term_string}\"},\"query-input\":{\"@type\":\"PropertyValueSpecification\",\"valueRequired\":true,\"valueName\":\"search_term_string\"}}],\"inLanguage\":\"nb-NO\"}]}<\/script>\n<meta property=\"product:brand\" content=\"Babyloff\" \/>\n<meta property=\"product:price:amount\" content=\"7499.00\" \/>\n<meta property=\"product:price:currency\" content=\"SEK\" \/>\n<meta property=\"og:availability\" content=\"out of stock\" \/>\n<meta property=\"product:availability\" content=\"out of stock\" \/>\n<meta property=\"product:retailer_item_id\" content=\"2308\" \/>\n<meta property=\"product:condition\" content=\"new\" \/>\n<!-- \/ Yoast SEO Premium plugin. -->","yoast_head_json":{"title":"Kommode til barnerommet, Charlotte lys rosa skap - Babylove Norska","robots":{"index":"noindex","follow":"follow","max-snippet":"max-snippet:-1","max-image-preview":"max-image-preview:large","max-video-preview":"max-video-preview:-1"},"og_locale":"nb_NO","og_type":"article","og_title":"Kommode til barnerommet, Charlotte lys rosa skap","og_description":"En fantastisk lyserosa kommode eller fint skap til barnerommet, med dette underfulle m\u00f8belet i antikk stil vil du l\u00f8fte barneroms-innredningen din til himmelske h\u00f8yder. Skapet er h\u00e5ndlaget i gammeldags stil av et lite familiebedrift og er helt laget av massiv furu, ingen snarveier er brukt i byggingen av dette fine m\u00f8belet. De vakre og b\u00f8yde [&hellip;]","og_url":"https:\/\/babylove.se\/no\/produkt\/byra-til-barnerommet-charlotte-lysrosa-skap\/","og_site_name":"Babylove Norska","article_modified_time":"2026-04-08T07:44:07+00:00","og_image":[{"width":563,"height":750,"url":"https:\/\/babylove.se\/no\/wp-content\/uploads\/sites\/3\/2025\/07\/5c470effceefd.jpeg","type":"image\/jpeg"}],"twitter_card":"summary_large_image","twitter_misc":{"Price":"7 499,00&nbsp;&#107;&#114;","Availability":"Out of stock"},"schema":{"@context":"https:\/\/schema.org","@graph":[{"@type":"WebPage","@id":"https:\/\/babylove.se\/no\/produkt\/byra-til-barnerommet-charlotte-lysrosa-skap\/","url":"https:\/\/babylove.se\/no\/produkt\/byra-til-barnerommet-charlotte-lysrosa-skap\/","name":"Kommode til barnerommet, Charlotte lys rosa skap - Babylove Norska","isPartOf":{"@id":"https:\/\/babylove.se\/no\/#website"},"primaryImageOfPage":{"@id":"https:\/\/babylove.se\/no\/produkt\/byra-til-barnerommet-charlotte-lysrosa-skap\/#primaryimage"},"image":{"@id":"https:\/\/babylove.se\/no\/produkt\/byra-til-barnerommet-charlotte-lysrosa-skap\/#primaryimage"},"thumbnailUrl":"https:\/\/babylove.se\/no\/wp-content\/uploads\/sites\/3\/2025\/07\/5c470effceefd.jpeg","datePublished":"2025-07-18T20:00:03+00:00","dateModified":"2026-04-08T07:44:07+00:00","breadcrumb":{"@id":"https:\/\/babylove.se\/no\/produkt\/byra-til-barnerommet-charlotte-lysrosa-skap\/#breadcrumb"},"inLanguage":"nb-NO","potentialAction":[{"@type":"ReadAction","target":["https:\/\/babylove.se\/no\/produkt\/byra-til-barnerommet-charlotte-lysrosa-skap\/"]}]},{"@type":"ImageObject","inLanguage":"nb-NO","@id":"https:\/\/babylove.se\/no\/produkt\/byra-til-barnerommet-charlotte-lysrosa-skap\/#primaryimage","url":"https:\/\/babylove.se\/no\/wp-content\/uploads\/sites\/3\/2025\/07\/5c470effceefd.jpeg","contentUrl":"https:\/\/babylove.se\/no\/wp-content\/uploads\/sites\/3\/2025\/07\/5c470effceefd.jpeg","width":563,"height":750},{"@type":"BreadcrumbList","@id":"https:\/\/babylove.se\/no\/produkt\/byra-til-barnerommet-charlotte-lysrosa-skap\/#breadcrumb","itemListElement":[{"@type":"ListItem","position":1,"name":"Hem","item":"https:\/\/babylove.se\/no\/"},{"@type":"ListItem","position":2,"name":"Butik","item":"https:\/\/babylove.se\/no\/butik\/"},{"@type":"ListItem","position":3,"name":"Kommode til barnerommet, Charlotte lys rosa skap"}]},{"@type":"WebSite","@id":"https:\/\/babylove.se\/no\/#website","url":"https:\/\/babylove.se\/no\/","name":"Babylove Norska","description":"","potentialAction":[{"@type":"SearchAction","target":{"@type":"EntryPoint","urlTemplate":"https:\/\/babylove.se\/no\/?s={search_term_string}"},"query-input":{"@type":"PropertyValueSpecification","valueRequired":true,"valueName":"search_term_string"}}],"inLanguage":"nb-NO"}]},"product_brand":"Babyloff","product_price_amount":"7499.00","product_price_currency":"SEK","og_availability":"out of stock","product_availability":"out of stock","product_retailer_item_id":"2308","product_condition":"new"},"_links":{"self":[{"href":"https:\/\/babylove.se\/no\/wp-json\/wp\/v2\/product\/9445","targetHints":{"allow":["GET"]}}],"collection":[{"href":"https:\/\/babylove.se\/no\/wp-json\/wp\/v2\/product"}],"about":[{"href":"https:\/\/babylove.se\/no\/wp-json\/wp\/v2\/types\/product"}],"replies":[{"embeddable":true,"href":"https:\/\/babylove.se\/no\/wp-json\/wp\/v2\/comments?post=9445"}],"wp:featuredmedia":[{"embeddable":true,"href":"https:\/\/babylove.se\/no\/wp-json\/wp\/v2\/media\/9447"}],"wp:attachment":[{"href":"https:\/\/babylove.se\/no\/wp-json\/wp\/v2\/media?parent=9445"}],"wp:term":[{"taxonomy":"product_brand","embeddable":true,"href":"https:\/\/babylove.se\/no\/wp-json\/wp\/v2\/product_brand?post=9445"},{"taxonomy":"product_cat","embeddable":true,"href":"https:\/\/babylove.se\/no\/wp-json\/wp\/v2\/product_cat?post=9445"},{"taxonomy":"product_tag","embeddable":true,"href":"https:\/\/babylove.se\/no\/wp-json\/wp\/v2\/product_tag?post=9445"}],"curies":[{"name":"wp","href":"https:\/\/api.w.org\/{rel}","templated":true}]}}