{"id":9464,"date":"2025-07-18T21:00:03","date_gmt":"2025-07-18T20:00:03","guid":{"rendered":"https:\/\/babylove.se\/produkt\/filibabba-babynest-kapok\/"},"modified":"2026-04-08T08:44:16","modified_gmt":"2026-04-08T07:44:16","slug":"filibabba-babynest-kapok","status":"publish","type":"product","link":"https:\/\/babylove.se\/no\/produkt\/filibabba-babynest-kapok\/","title":{"rendered":"Filibabba babynest kapok"},"content":{"rendered":"<p>Babynest fra danske Filibabba som er kjent for sin mykthet og for sin gener\u00f8se plass til den nyf\u00f8dte. Dette praktiske babynestet kan brukes b\u00e5de i barnesengen og i foreldrenes egen seng om natten. Det passer barn fra f\u00f8dselen opp til ca 6 m\u00e5neder og er et verdsatt barneprodukt den f\u00f8rste tiden. \\n \\nP\u00e5 babynestet finnes det et vakkert l\u00e6rb\u00e5nd, som du enkelt kan justere st\u00f8rrelsen p\u00e5 ditt babynest med. \\n \\nOvertrekket er selvf\u00f8lgelig vaskbart, i opptil 30 grader. \\n \\n<strong>M\u00e5l<\/strong>: Ytterm\u00e5lene er 85&#215;50 cm og innerm\u00e5lene 65&#215;25 cm \\n \\n<strong>Materiale<\/strong>: organisk bomull \\n \\nDesigner: <a href=\"https:\/\/babylove.se\/varumarken\/filibaba\"><u>Filibabba<\/u><\/a><\/p>\n","protected":false},"excerpt":{"rendered":"<p>Babynest fra danske Filibabba som er kjent for sin mykthet og for sin gener\u00f8se plass til den nyf\u00f8dte. Dette praktiske babynestet kan brukes b\u00e5de i barnesengen og i foreldrenes egen seng om natten. Det passer barn fra f\u00f8dselen opp til ca 6 m\u00e5neder og er et verdsatt barneprodukt den f\u00f8rste tiden. \\n \\nP\u00e5 babynestet finnes [&hellip;]<\/p>\n","protected":false},"featured_media":9466,"comment_status":"closed","ping_status":"closed","template":"","meta":{"_acf_changed":false},"product_brand":[249],"product_cat":[56,250],"product_tag":[],"class_list":{"0":"post-9464","1":"product","2":"type-product","3":"status-publish","4":"has-post-thumbnail","6":"product_brand-filibabba","7":"product_cat-babynest","8":"product_cat-filibabba","10":"first","11":"outofstock","12":"taxable","13":"shipping-taxable","14":"purchasable","15":"product-type-simple"},"acf":[],"yoast_head":"<!-- This site is optimized with the Yoast SEO Premium plugin v25.8 (Yoast SEO v27.2) - https:\/\/yoast.com\/product\/yoast-seo-premium-wordpress\/ -->\n<title>Filibabba babynest kapok - Babylove Norska<\/title>\n<meta name=\"description\" content=\"Babynest fr\u00e5n Fillibabba \u00e4r k\u00e4nda f\u00f6r sin mjukhet och f\u00f6r sin gener\u00f6sa plats \u00e5t den nyf\u00f6dda. Skickas inom 24 timmar ! - K\u00f6p den h\u00e4r -\" \/>\n<meta name=\"robots\" content=\"noindex, follow, max-snippet:-1, max-image-preview:large, max-video-preview:-1\" \/>\n<meta property=\"og:locale\" content=\"nb_NO\" \/>\n<meta property=\"og:type\" content=\"article\" \/>\n<meta property=\"og:title\" content=\"Filibabba babynest kapok\" \/>\n<meta property=\"og:description\" content=\"Babynest fr\u00e5n Fillibabba \u00e4r k\u00e4nda f\u00f6r sin mjukhet och f\u00f6r sin gener\u00f6sa plats \u00e5t den nyf\u00f6dda. Skickas inom 24 timmar ! - K\u00f6p den h\u00e4r -\" \/>\n<meta property=\"og:url\" content=\"https:\/\/babylove.se\/no\/produkt\/filibabba-babynest-kapok\/\" \/>\n<meta property=\"og:site_name\" content=\"Babylove Norska\" \/>\n<meta property=\"article:modified_time\" content=\"2026-04-08T07:44:16+00:00\" \/>\n<meta property=\"og:image\" content=\"https:\/\/babylove.se\/no\/wp-content\/uploads\/sites\/3\/2025\/07\/5c499779f3869.jpeg\" \/>\n\t<meta property=\"og:image:width\" content=\"750\" \/>\n\t<meta property=\"og:image:height\" content=\"750\" \/>\n\t<meta property=\"og:image:type\" content=\"image\/jpeg\" \/>\n<meta name=\"twitter:card\" content=\"summary_large_image\" \/>\n<meta name=\"twitter:label1\" content=\"Price\" \/>\n\t<meta name=\"twitter:data1\" content=\"799,00&nbsp;&#107;&#114;\" \/>\n\t<meta name=\"twitter:label2\" content=\"Availability\" \/>\n\t<meta name=\"twitter:data2\" content=\"Out of stock\" \/>\n<script type=\"application\/ld+json\" class=\"yoast-schema-graph\">{\"@context\":\"https:\/\/schema.org\",\"@graph\":[{\"@type\":\"WebPage\",\"@id\":\"https:\/\/babylove.se\/no\/produkt\/filibabba-babynest-kapok\/\",\"url\":\"https:\/\/babylove.se\/no\/produkt\/filibabba-babynest-kapok\/\",\"name\":\"Filibabba babynest kapok - Babylove Norska\",\"isPartOf\":{\"@id\":\"https:\/\/babylove.se\/no\/#website\"},\"primaryImageOfPage\":{\"@id\":\"https:\/\/babylove.se\/no\/produkt\/filibabba-babynest-kapok\/#primaryimage\"},\"image\":{\"@id\":\"https:\/\/babylove.se\/no\/produkt\/filibabba-babynest-kapok\/#primaryimage\"},\"thumbnailUrl\":\"https:\/\/babylove.se\/no\/wp-content\/uploads\/sites\/3\/2025\/07\/5c499779f3869.jpeg\",\"datePublished\":\"2025-07-18T20:00:03+00:00\",\"dateModified\":\"2026-04-08T07:44:16+00:00\",\"description\":\"Babynest fr\u00e5n Fillibabba \u00e4r k\u00e4nda f\u00f6r sin mjukhet och f\u00f6r sin gener\u00f6sa plats \u00e5t den nyf\u00f6dda. Skickas inom 24 timmar ! - K\u00f6p den h\u00e4r -\",\"breadcrumb\":{\"@id\":\"https:\/\/babylove.se\/no\/produkt\/filibabba-babynest-kapok\/#breadcrumb\"},\"inLanguage\":\"nb-NO\",\"potentialAction\":[{\"@type\":\"ReadAction\",\"target\":[\"https:\/\/babylove.se\/no\/produkt\/filibabba-babynest-kapok\/\"]}]},{\"@type\":\"ImageObject\",\"inLanguage\":\"nb-NO\",\"@id\":\"https:\/\/babylove.se\/no\/produkt\/filibabba-babynest-kapok\/#primaryimage\",\"url\":\"https:\/\/babylove.se\/no\/wp-content\/uploads\/sites\/3\/2025\/07\/5c499779f3869.jpeg\",\"contentUrl\":\"https:\/\/babylove.se\/no\/wp-content\/uploads\/sites\/3\/2025\/07\/5c499779f3869.jpeg\",\"width\":750,\"height\":750},{\"@type\":\"BreadcrumbList\",\"@id\":\"https:\/\/babylove.se\/no\/produkt\/filibabba-babynest-kapok\/#breadcrumb\",\"itemListElement\":[{\"@type\":\"ListItem\",\"position\":1,\"name\":\"Hem\",\"item\":\"https:\/\/babylove.se\/no\/\"},{\"@type\":\"ListItem\",\"position\":2,\"name\":\"Butik\",\"item\":\"https:\/\/babylove.se\/no\/butik\/\"},{\"@type\":\"ListItem\",\"position\":3,\"name\":\"Filibabba babynest kapok\"}]},{\"@type\":\"WebSite\",\"@id\":\"https:\/\/babylove.se\/no\/#website\",\"url\":\"https:\/\/babylove.se\/no\/\",\"name\":\"Babylove Norska\",\"description\":\"\",\"potentialAction\":[{\"@type\":\"SearchAction\",\"target\":{\"@type\":\"EntryPoint\",\"urlTemplate\":\"https:\/\/babylove.se\/no\/?s={search_term_string}\"},\"query-input\":{\"@type\":\"PropertyValueSpecification\",\"valueRequired\":true,\"valueName\":\"search_term_string\"}}],\"inLanguage\":\"nb-NO\"}]}<\/script>\n<meta property=\"product:brand\" content=\"Filibabba\" \/>\n<meta property=\"product:price:amount\" content=\"799.00\" \/>\n<meta property=\"product:price:currency\" content=\"SEK\" \/>\n<meta property=\"og:availability\" content=\"out of stock\" \/>\n<meta property=\"product:availability\" content=\"out of stock\" \/>\n<meta property=\"product:retailer_item_id\" content=\"2312\" \/>\n<meta property=\"product:condition\" content=\"new\" \/>\n<!-- \/ Yoast SEO Premium plugin. -->","yoast_head_json":{"title":"Filibabba babynest kapok - Babylove Norska","description":"Babynest fr\u00e5n Fillibabba \u00e4r k\u00e4nda f\u00f6r sin mjukhet och f\u00f6r sin gener\u00f6sa plats \u00e5t den nyf\u00f6dda. Skickas inom 24 timmar ! - K\u00f6p den h\u00e4r -","robots":{"index":"noindex","follow":"follow","max-snippet":"max-snippet:-1","max-image-preview":"max-image-preview:large","max-video-preview":"max-video-preview:-1"},"og_locale":"nb_NO","og_type":"article","og_title":"Filibabba babynest kapok","og_description":"Babynest fr\u00e5n Fillibabba \u00e4r k\u00e4nda f\u00f6r sin mjukhet och f\u00f6r sin gener\u00f6sa plats \u00e5t den nyf\u00f6dda. Skickas inom 24 timmar ! - K\u00f6p den h\u00e4r -","og_url":"https:\/\/babylove.se\/no\/produkt\/filibabba-babynest-kapok\/","og_site_name":"Babylove Norska","article_modified_time":"2026-04-08T07:44:16+00:00","og_image":[{"width":750,"height":750,"url":"https:\/\/babylove.se\/no\/wp-content\/uploads\/sites\/3\/2025\/07\/5c499779f3869.jpeg","type":"image\/jpeg"}],"twitter_card":"summary_large_image","twitter_misc":{"Price":"799,00&nbsp;&#107;&#114;","Availability":"Out of stock"},"schema":{"@context":"https:\/\/schema.org","@graph":[{"@type":"WebPage","@id":"https:\/\/babylove.se\/no\/produkt\/filibabba-babynest-kapok\/","url":"https:\/\/babylove.se\/no\/produkt\/filibabba-babynest-kapok\/","name":"Filibabba babynest kapok - Babylove Norska","isPartOf":{"@id":"https:\/\/babylove.se\/no\/#website"},"primaryImageOfPage":{"@id":"https:\/\/babylove.se\/no\/produkt\/filibabba-babynest-kapok\/#primaryimage"},"image":{"@id":"https:\/\/babylove.se\/no\/produkt\/filibabba-babynest-kapok\/#primaryimage"},"thumbnailUrl":"https:\/\/babylove.se\/no\/wp-content\/uploads\/sites\/3\/2025\/07\/5c499779f3869.jpeg","datePublished":"2025-07-18T20:00:03+00:00","dateModified":"2026-04-08T07:44:16+00:00","description":"Babynest fr\u00e5n Fillibabba \u00e4r k\u00e4nda f\u00f6r sin mjukhet och f\u00f6r sin gener\u00f6sa plats \u00e5t den nyf\u00f6dda. Skickas inom 24 timmar ! - K\u00f6p den h\u00e4r -","breadcrumb":{"@id":"https:\/\/babylove.se\/no\/produkt\/filibabba-babynest-kapok\/#breadcrumb"},"inLanguage":"nb-NO","potentialAction":[{"@type":"ReadAction","target":["https:\/\/babylove.se\/no\/produkt\/filibabba-babynest-kapok\/"]}]},{"@type":"ImageObject","inLanguage":"nb-NO","@id":"https:\/\/babylove.se\/no\/produkt\/filibabba-babynest-kapok\/#primaryimage","url":"https:\/\/babylove.se\/no\/wp-content\/uploads\/sites\/3\/2025\/07\/5c499779f3869.jpeg","contentUrl":"https:\/\/babylove.se\/no\/wp-content\/uploads\/sites\/3\/2025\/07\/5c499779f3869.jpeg","width":750,"height":750},{"@type":"BreadcrumbList","@id":"https:\/\/babylove.se\/no\/produkt\/filibabba-babynest-kapok\/#breadcrumb","itemListElement":[{"@type":"ListItem","position":1,"name":"Hem","item":"https:\/\/babylove.se\/no\/"},{"@type":"ListItem","position":2,"name":"Butik","item":"https:\/\/babylove.se\/no\/butik\/"},{"@type":"ListItem","position":3,"name":"Filibabba babynest kapok"}]},{"@type":"WebSite","@id":"https:\/\/babylove.se\/no\/#website","url":"https:\/\/babylove.se\/no\/","name":"Babylove Norska","description":"","potentialAction":[{"@type":"SearchAction","target":{"@type":"EntryPoint","urlTemplate":"https:\/\/babylove.se\/no\/?s={search_term_string}"},"query-input":{"@type":"PropertyValueSpecification","valueRequired":true,"valueName":"search_term_string"}}],"inLanguage":"nb-NO"}]},"product_brand":"Filibabba","product_price_amount":"799.00","product_price_currency":"SEK","og_availability":"out of stock","product_availability":"out of stock","product_retailer_item_id":"2312","product_condition":"new"},"_links":{"self":[{"href":"https:\/\/babylove.se\/no\/wp-json\/wp\/v2\/product\/9464","targetHints":{"allow":["GET"]}}],"collection":[{"href":"https:\/\/babylove.se\/no\/wp-json\/wp\/v2\/product"}],"about":[{"href":"https:\/\/babylove.se\/no\/wp-json\/wp\/v2\/types\/product"}],"replies":[{"embeddable":true,"href":"https:\/\/babylove.se\/no\/wp-json\/wp\/v2\/comments?post=9464"}],"wp:featuredmedia":[{"embeddable":true,"href":"https:\/\/babylove.se\/no\/wp-json\/wp\/v2\/media\/9466"}],"wp:attachment":[{"href":"https:\/\/babylove.se\/no\/wp-json\/wp\/v2\/media?parent=9464"}],"wp:term":[{"taxonomy":"product_brand","embeddable":true,"href":"https:\/\/babylove.se\/no\/wp-json\/wp\/v2\/product_brand?post=9464"},{"taxonomy":"product_cat","embeddable":true,"href":"https:\/\/babylove.se\/no\/wp-json\/wp\/v2\/product_cat?post=9464"},{"taxonomy":"product_tag","embeddable":true,"href":"https:\/\/babylove.se\/no\/wp-json\/wp\/v2\/product_tag?post=9464"}],"curies":[{"name":"wp","href":"https:\/\/api.w.org\/{rel}","templated":true}]}}