{"id":9472,"date":"2025-07-18T21:00:29","date_gmt":"2025-07-18T20:00:29","guid":{"rendered":"https:\/\/babylove.se\/produkt\/liewood-matta-rosa-katt-till-barnrummet\/"},"modified":"2026-04-08T08:44:21","modified_gmt":"2026-04-08T07:44:21","slug":"liewood-matt-rosa-katt-til-barnerommet","status":"publish","type":"product","link":"https:\/\/babylove.se\/no\/produkt\/liewood-matt-rosa-katt-til-barnerommet\/","title":{"rendered":"Liewood, matt rosa katt til barnerommet"},"content":{"rendered":"<p>Dette er et mykt og s\u00f8tt teppe til barnerommet, med formen av en katt og en deilig rosa farge. Perfekt \u00e5 leke p\u00e5 eller sette et babygym p\u00e5. Teppet er vaskbart og har anti-skli p\u00e5 undersiden. <\/p>\n<p>Fra popul\u00e6re danske Liewood, som har et enormt stort og popul\u00e6rt utvalg av fine barneprodukter til nettopp ditt barnerom. <\/p>\n<p>Farge: S\u00f8t Rosa <\/p>\n<p>Materiale: 100 % bomull <\/p>\n<p>M\u00e5l: 82 x 100 cm <\/p>\n<p>Vaskbart i opptil 30 grader, men kan ikke t\u00f8rketromles eller sentrifugeres. <\/p>\n<p>Designer: <a href=\"https:\/\/babylove.se\/varumarken\/liewood\">Liewood<\/a><\/p>\n","protected":false},"excerpt":{"rendered":"<p>Dette er et mykt og s\u00f8tt teppe til barnerommet, med formen av en katt og en deilig rosa farge. Perfekt \u00e5 leke p\u00e5 eller sette et babygym p\u00e5. Teppet er vaskbart og har anti-skli p\u00e5 undersiden. Fra popul\u00e6re danske Liewood, som har et enormt stort og popul\u00e6rt utvalg av fine barneprodukter til nettopp ditt barnerom. [&hellip;]<\/p>\n","protected":false},"featured_media":9474,"comment_status":"closed","ping_status":"closed","template":"","meta":{"_acf_changed":false},"product_brand":[282],"product_cat":[283,86,48,135],"product_tag":[],"class_list":{"0":"post-9472","1":"product","2":"type-product","3":"status-publish","4":"has-post-thumbnail","6":"product_brand-liewood","7":"product_cat-liewood","8":"product_cat-produktliste","9":"product_cat-startside","10":"product_cat-tepper","12":"first","13":"outofstock","14":"taxable","15":"shipping-taxable","16":"purchasable","17":"product-type-simple"},"acf":[],"yoast_head":"<!-- This site is optimized with the Yoast SEO Premium plugin v25.8 (Yoast SEO v27.2) - https:\/\/yoast.com\/product\/yoast-seo-premium-wordpress\/ -->\n<title>Liewood, matt rosa katt til barnerommet - Babylove Norska<\/title>\n<meta name=\"robots\" content=\"noindex, follow, max-snippet:-1, max-image-preview:large, max-video-preview:-1\" \/>\n<meta property=\"og:locale\" content=\"nb_NO\" \/>\n<meta property=\"og:type\" content=\"article\" \/>\n<meta property=\"og:title\" content=\"Liewood, matt rosa katt til barnerommet\" \/>\n<meta property=\"og:description\" content=\"Dette er et mykt og s\u00f8tt teppe til barnerommet, med formen av en katt og en deilig rosa farge. Perfekt \u00e5 leke p\u00e5 eller sette et babygym p\u00e5. Teppet er vaskbart og har anti-skli p\u00e5 undersiden. Fra popul\u00e6re danske Liewood, som har et enormt stort og popul\u00e6rt utvalg av fine barneprodukter til nettopp ditt barnerom. [&hellip;]\" \/>\n<meta property=\"og:url\" content=\"https:\/\/babylove.se\/no\/produkt\/liewood-matt-rosa-katt-til-barnerommet\/\" \/>\n<meta property=\"og:site_name\" content=\"Babylove Norska\" \/>\n<meta property=\"article:modified_time\" content=\"2026-04-08T07:44:21+00:00\" \/>\n<meta property=\"og:image\" content=\"https:\/\/babylove.se\/no\/wp-content\/uploads\/sites\/3\/2025\/07\/5c499a6ac2f72.jpeg\" \/>\n\t<meta property=\"og:image:width\" content=\"750\" \/>\n\t<meta property=\"og:image:height\" content=\"750\" \/>\n\t<meta property=\"og:image:type\" content=\"image\/jpeg\" \/>\n<meta name=\"twitter:card\" content=\"summary_large_image\" \/>\n<meta name=\"twitter:label1\" content=\"Price\" \/>\n\t<meta name=\"twitter:data1\" content=\"799,00&nbsp;&#107;&#114;\" \/>\n\t<meta name=\"twitter:label2\" content=\"Availability\" \/>\n\t<meta name=\"twitter:data2\" content=\"Out of stock\" \/>\n<script type=\"application\/ld+json\" class=\"yoast-schema-graph\">{\"@context\":\"https:\/\/schema.org\",\"@graph\":[{\"@type\":\"WebPage\",\"@id\":\"https:\/\/babylove.se\/no\/produkt\/liewood-matt-rosa-katt-til-barnerommet\/\",\"url\":\"https:\/\/babylove.se\/no\/produkt\/liewood-matt-rosa-katt-til-barnerommet\/\",\"name\":\"Liewood, matt rosa katt til barnerommet - Babylove Norska\",\"isPartOf\":{\"@id\":\"https:\/\/babylove.se\/no\/#website\"},\"primaryImageOfPage\":{\"@id\":\"https:\/\/babylove.se\/no\/produkt\/liewood-matt-rosa-katt-til-barnerommet\/#primaryimage\"},\"image\":{\"@id\":\"https:\/\/babylove.se\/no\/produkt\/liewood-matt-rosa-katt-til-barnerommet\/#primaryimage\"},\"thumbnailUrl\":\"https:\/\/babylove.se\/no\/wp-content\/uploads\/sites\/3\/2025\/07\/5c499a6ac2f72.jpeg\",\"datePublished\":\"2025-07-18T20:00:29+00:00\",\"dateModified\":\"2026-04-08T07:44:21+00:00\",\"breadcrumb\":{\"@id\":\"https:\/\/babylove.se\/no\/produkt\/liewood-matt-rosa-katt-til-barnerommet\/#breadcrumb\"},\"inLanguage\":\"nb-NO\",\"potentialAction\":[{\"@type\":\"ReadAction\",\"target\":[\"https:\/\/babylove.se\/no\/produkt\/liewood-matt-rosa-katt-til-barnerommet\/\"]}]},{\"@type\":\"ImageObject\",\"inLanguage\":\"nb-NO\",\"@id\":\"https:\/\/babylove.se\/no\/produkt\/liewood-matt-rosa-katt-til-barnerommet\/#primaryimage\",\"url\":\"https:\/\/babylove.se\/no\/wp-content\/uploads\/sites\/3\/2025\/07\/5c499a6ac2f72.jpeg\",\"contentUrl\":\"https:\/\/babylove.se\/no\/wp-content\/uploads\/sites\/3\/2025\/07\/5c499a6ac2f72.jpeg\",\"width\":750,\"height\":750},{\"@type\":\"BreadcrumbList\",\"@id\":\"https:\/\/babylove.se\/no\/produkt\/liewood-matt-rosa-katt-til-barnerommet\/#breadcrumb\",\"itemListElement\":[{\"@type\":\"ListItem\",\"position\":1,\"name\":\"Hem\",\"item\":\"https:\/\/babylove.se\/no\/\"},{\"@type\":\"ListItem\",\"position\":2,\"name\":\"Butik\",\"item\":\"https:\/\/babylove.se\/no\/butik\/\"},{\"@type\":\"ListItem\",\"position\":3,\"name\":\"Liewood, matt rosa katt til barnerommet\"}]},{\"@type\":\"WebSite\",\"@id\":\"https:\/\/babylove.se\/no\/#website\",\"url\":\"https:\/\/babylove.se\/no\/\",\"name\":\"Babylove Norska\",\"description\":\"\",\"potentialAction\":[{\"@type\":\"SearchAction\",\"target\":{\"@type\":\"EntryPoint\",\"urlTemplate\":\"https:\/\/babylove.se\/no\/?s={search_term_string}\"},\"query-input\":{\"@type\":\"PropertyValueSpecification\",\"valueRequired\":true,\"valueName\":\"search_term_string\"}}],\"inLanguage\":\"nb-NO\"}]}<\/script>\n<meta property=\"product:brand\" content=\"Liewood\" \/>\n<meta property=\"product:price:amount\" content=\"799.00\" \/>\n<meta property=\"product:price:currency\" content=\"SEK\" \/>\n<meta property=\"og:availability\" content=\"out of stock\" \/>\n<meta property=\"product:availability\" content=\"out of stock\" \/>\n<meta property=\"product:retailer_item_id\" content=\"2314\" \/>\n<meta property=\"product:condition\" content=\"new\" \/>\n<!-- \/ Yoast SEO Premium plugin. -->","yoast_head_json":{"title":"Liewood, matt rosa katt til barnerommet - Babylove Norska","robots":{"index":"noindex","follow":"follow","max-snippet":"max-snippet:-1","max-image-preview":"max-image-preview:large","max-video-preview":"max-video-preview:-1"},"og_locale":"nb_NO","og_type":"article","og_title":"Liewood, matt rosa katt til barnerommet","og_description":"Dette er et mykt og s\u00f8tt teppe til barnerommet, med formen av en katt og en deilig rosa farge. Perfekt \u00e5 leke p\u00e5 eller sette et babygym p\u00e5. Teppet er vaskbart og har anti-skli p\u00e5 undersiden. Fra popul\u00e6re danske Liewood, som har et enormt stort og popul\u00e6rt utvalg av fine barneprodukter til nettopp ditt barnerom. [&hellip;]","og_url":"https:\/\/babylove.se\/no\/produkt\/liewood-matt-rosa-katt-til-barnerommet\/","og_site_name":"Babylove Norska","article_modified_time":"2026-04-08T07:44:21+00:00","og_image":[{"width":750,"height":750,"url":"https:\/\/babylove.se\/no\/wp-content\/uploads\/sites\/3\/2025\/07\/5c499a6ac2f72.jpeg","type":"image\/jpeg"}],"twitter_card":"summary_large_image","twitter_misc":{"Price":"799,00&nbsp;&#107;&#114;","Availability":"Out of stock"},"schema":{"@context":"https:\/\/schema.org","@graph":[{"@type":"WebPage","@id":"https:\/\/babylove.se\/no\/produkt\/liewood-matt-rosa-katt-til-barnerommet\/","url":"https:\/\/babylove.se\/no\/produkt\/liewood-matt-rosa-katt-til-barnerommet\/","name":"Liewood, matt rosa katt til barnerommet - Babylove Norska","isPartOf":{"@id":"https:\/\/babylove.se\/no\/#website"},"primaryImageOfPage":{"@id":"https:\/\/babylove.se\/no\/produkt\/liewood-matt-rosa-katt-til-barnerommet\/#primaryimage"},"image":{"@id":"https:\/\/babylove.se\/no\/produkt\/liewood-matt-rosa-katt-til-barnerommet\/#primaryimage"},"thumbnailUrl":"https:\/\/babylove.se\/no\/wp-content\/uploads\/sites\/3\/2025\/07\/5c499a6ac2f72.jpeg","datePublished":"2025-07-18T20:00:29+00:00","dateModified":"2026-04-08T07:44:21+00:00","breadcrumb":{"@id":"https:\/\/babylove.se\/no\/produkt\/liewood-matt-rosa-katt-til-barnerommet\/#breadcrumb"},"inLanguage":"nb-NO","potentialAction":[{"@type":"ReadAction","target":["https:\/\/babylove.se\/no\/produkt\/liewood-matt-rosa-katt-til-barnerommet\/"]}]},{"@type":"ImageObject","inLanguage":"nb-NO","@id":"https:\/\/babylove.se\/no\/produkt\/liewood-matt-rosa-katt-til-barnerommet\/#primaryimage","url":"https:\/\/babylove.se\/no\/wp-content\/uploads\/sites\/3\/2025\/07\/5c499a6ac2f72.jpeg","contentUrl":"https:\/\/babylove.se\/no\/wp-content\/uploads\/sites\/3\/2025\/07\/5c499a6ac2f72.jpeg","width":750,"height":750},{"@type":"BreadcrumbList","@id":"https:\/\/babylove.se\/no\/produkt\/liewood-matt-rosa-katt-til-barnerommet\/#breadcrumb","itemListElement":[{"@type":"ListItem","position":1,"name":"Hem","item":"https:\/\/babylove.se\/no\/"},{"@type":"ListItem","position":2,"name":"Butik","item":"https:\/\/babylove.se\/no\/butik\/"},{"@type":"ListItem","position":3,"name":"Liewood, matt rosa katt til barnerommet"}]},{"@type":"WebSite","@id":"https:\/\/babylove.se\/no\/#website","url":"https:\/\/babylove.se\/no\/","name":"Babylove Norska","description":"","potentialAction":[{"@type":"SearchAction","target":{"@type":"EntryPoint","urlTemplate":"https:\/\/babylove.se\/no\/?s={search_term_string}"},"query-input":{"@type":"PropertyValueSpecification","valueRequired":true,"valueName":"search_term_string"}}],"inLanguage":"nb-NO"}]},"product_brand":"Liewood","product_price_amount":"799.00","product_price_currency":"SEK","og_availability":"out of stock","product_availability":"out of stock","product_retailer_item_id":"2314","product_condition":"new"},"_links":{"self":[{"href":"https:\/\/babylove.se\/no\/wp-json\/wp\/v2\/product\/9472","targetHints":{"allow":["GET"]}}],"collection":[{"href":"https:\/\/babylove.se\/no\/wp-json\/wp\/v2\/product"}],"about":[{"href":"https:\/\/babylove.se\/no\/wp-json\/wp\/v2\/types\/product"}],"replies":[{"embeddable":true,"href":"https:\/\/babylove.se\/no\/wp-json\/wp\/v2\/comments?post=9472"}],"wp:featuredmedia":[{"embeddable":true,"href":"https:\/\/babylove.se\/no\/wp-json\/wp\/v2\/media\/9474"}],"wp:attachment":[{"href":"https:\/\/babylove.se\/no\/wp-json\/wp\/v2\/media?parent=9472"}],"wp:term":[{"taxonomy":"product_brand","embeddable":true,"href":"https:\/\/babylove.se\/no\/wp-json\/wp\/v2\/product_brand?post=9472"},{"taxonomy":"product_cat","embeddable":true,"href":"https:\/\/babylove.se\/no\/wp-json\/wp\/v2\/product_cat?post=9472"},{"taxonomy":"product_tag","embeddable":true,"href":"https:\/\/babylove.se\/no\/wp-json\/wp\/v2\/product_tag?post=9472"}],"curies":[{"name":"wp","href":"https:\/\/api.w.org\/{rel}","templated":true}]}}