{"id":9482,"date":"2025-07-18T21:00:29","date_gmt":"2025-07-18T20:00:29","guid":{"rendered":"https:\/\/babylove.se\/produkt\/liewood-spegel-bjorn-till-barnrummet\/"},"modified":"2026-04-08T08:44:30","modified_gmt":"2026-04-08T07:44:30","slug":"liewood-speil-bjorn-til-barnerommet","status":"publish","type":"product","link":"https:\/\/babylove.se\/no\/produkt\/liewood-speil-bjorn-til-barnerommet\/","title":{"rendered":"Liewood, speil bj\u00f8rn til barnerommet"},"content":{"rendered":"<p>Et barnespeil i form av en bj\u00f8rn, perfekt for din barneroms innredning. Et speil med skandinavisk f\u00f8lelse for barnerommet i herlige materialer. Barnespeilet er laget av lyst b\u00f8ketre og akryl, som skaper en stilren f\u00f8lelse. Speilet er ikke laget for \u00e5 leke med, men for \u00e5 henge p\u00e5 veggen som en fin dekorasjon. <\/p>\n<p>Barnespeilet er produsert av det danske popul\u00e6re selskapet Liewood, som har prydet massevis av barnerom de siste \u00e5rene. <\/p>\n<p>Materiale: B\u00f8ketre<br \/>\nM\u00e5l: 30 x 23,7cm <\/p>\n<p>Designer: <a href=\"https:\/\/babylove.se\/varumarken\/liewood\">Liewood<\/a><\/p>\n","protected":false},"excerpt":{"rendered":"<p>Et barnespeil i form av en bj\u00f8rn, perfekt for din barneroms innredning. Et speil med skandinavisk f\u00f8lelse for barnerommet i herlige materialer. Barnespeilet er laget av lyst b\u00f8ketre og akryl, som skaper en stilren f\u00f8lelse. Speilet er ikke laget for \u00e5 leke med, men for \u00e5 henge p\u00e5 veggen som en fin dekorasjon. Barnespeilet er [&hellip;]<\/p>\n","protected":false},"featured_media":9484,"comment_status":"closed","ping_status":"closed","template":"","meta":{"_acf_changed":false},"product_brand":[282],"product_cat":[102,283,48],"product_tag":[],"class_list":{"0":"post-9482","1":"product","2":"type-product","3":"status-publish","4":"has-post-thumbnail","6":"product_brand-liewood","7":"product_cat-barnspeil","8":"product_cat-liewood","9":"product_cat-startside","11":"first","12":"outofstock","13":"taxable","14":"shipping-taxable","15":"purchasable","16":"product-type-simple"},"acf":[],"yoast_head":"<!-- This site is optimized with the Yoast SEO Premium plugin v25.8 (Yoast SEO v27.2) - https:\/\/yoast.com\/product\/yoast-seo-premium-wordpress\/ -->\n<title>Liewood, speil bj\u00f8rn til barnerommet - Babylove Norska<\/title>\n<meta name=\"robots\" content=\"noindex, follow, max-snippet:-1, max-image-preview:large, max-video-preview:-1\" \/>\n<meta property=\"og:locale\" content=\"nb_NO\" \/>\n<meta property=\"og:type\" content=\"article\" \/>\n<meta property=\"og:title\" content=\"Liewood, speil bj\u00f8rn til barnerommet\" \/>\n<meta property=\"og:description\" content=\"Et barnespeil i form av en bj\u00f8rn, perfekt for din barneroms innredning. Et speil med skandinavisk f\u00f8lelse for barnerommet i herlige materialer. Barnespeilet er laget av lyst b\u00f8ketre og akryl, som skaper en stilren f\u00f8lelse. Speilet er ikke laget for \u00e5 leke med, men for \u00e5 henge p\u00e5 veggen som en fin dekorasjon. Barnespeilet er [&hellip;]\" \/>\n<meta property=\"og:url\" content=\"https:\/\/babylove.se\/no\/produkt\/liewood-speil-bjorn-til-barnerommet\/\" \/>\n<meta property=\"og:site_name\" content=\"Babylove Norska\" \/>\n<meta property=\"article:modified_time\" content=\"2026-04-08T07:44:30+00:00\" \/>\n<meta property=\"og:image\" content=\"https:\/\/babylove.se\/no\/wp-content\/uploads\/sites\/3\/2025\/07\/5c499cc45137a.jpeg\" \/>\n\t<meta property=\"og:image:width\" content=\"750\" \/>\n\t<meta property=\"og:image:height\" content=\"750\" \/>\n\t<meta property=\"og:image:type\" content=\"image\/jpeg\" \/>\n<meta name=\"twitter:card\" content=\"summary_large_image\" \/>\n<meta name=\"twitter:label1\" content=\"Price\" \/>\n\t<meta name=\"twitter:data1\" content=\"399,00&nbsp;&#107;&#114;\" \/>\n\t<meta name=\"twitter:label2\" content=\"Availability\" \/>\n\t<meta name=\"twitter:data2\" content=\"Out of stock\" \/>\n<script type=\"application\/ld+json\" class=\"yoast-schema-graph\">{\"@context\":\"https:\/\/schema.org\",\"@graph\":[{\"@type\":\"WebPage\",\"@id\":\"https:\/\/babylove.se\/no\/produkt\/liewood-speil-bjorn-til-barnerommet\/\",\"url\":\"https:\/\/babylove.se\/no\/produkt\/liewood-speil-bjorn-til-barnerommet\/\",\"name\":\"Liewood, speil bj\u00f8rn til barnerommet - Babylove Norska\",\"isPartOf\":{\"@id\":\"https:\/\/babylove.se\/no\/#website\"},\"primaryImageOfPage\":{\"@id\":\"https:\/\/babylove.se\/no\/produkt\/liewood-speil-bjorn-til-barnerommet\/#primaryimage\"},\"image\":{\"@id\":\"https:\/\/babylove.se\/no\/produkt\/liewood-speil-bjorn-til-barnerommet\/#primaryimage\"},\"thumbnailUrl\":\"https:\/\/babylove.se\/no\/wp-content\/uploads\/sites\/3\/2025\/07\/5c499cc45137a.jpeg\",\"datePublished\":\"2025-07-18T20:00:29+00:00\",\"dateModified\":\"2026-04-08T07:44:30+00:00\",\"breadcrumb\":{\"@id\":\"https:\/\/babylove.se\/no\/produkt\/liewood-speil-bjorn-til-barnerommet\/#breadcrumb\"},\"inLanguage\":\"nb-NO\",\"potentialAction\":[{\"@type\":\"ReadAction\",\"target\":[\"https:\/\/babylove.se\/no\/produkt\/liewood-speil-bjorn-til-barnerommet\/\"]}]},{\"@type\":\"ImageObject\",\"inLanguage\":\"nb-NO\",\"@id\":\"https:\/\/babylove.se\/no\/produkt\/liewood-speil-bjorn-til-barnerommet\/#primaryimage\",\"url\":\"https:\/\/babylove.se\/no\/wp-content\/uploads\/sites\/3\/2025\/07\/5c499cc45137a.jpeg\",\"contentUrl\":\"https:\/\/babylove.se\/no\/wp-content\/uploads\/sites\/3\/2025\/07\/5c499cc45137a.jpeg\",\"width\":750,\"height\":750},{\"@type\":\"BreadcrumbList\",\"@id\":\"https:\/\/babylove.se\/no\/produkt\/liewood-speil-bjorn-til-barnerommet\/#breadcrumb\",\"itemListElement\":[{\"@type\":\"ListItem\",\"position\":1,\"name\":\"Hem\",\"item\":\"https:\/\/babylove.se\/no\/\"},{\"@type\":\"ListItem\",\"position\":2,\"name\":\"Butik\",\"item\":\"https:\/\/babylove.se\/no\/butik\/\"},{\"@type\":\"ListItem\",\"position\":3,\"name\":\"Liewood, speil bj\u00f8rn til barnerommet\"}]},{\"@type\":\"WebSite\",\"@id\":\"https:\/\/babylove.se\/no\/#website\",\"url\":\"https:\/\/babylove.se\/no\/\",\"name\":\"Babylove Norska\",\"description\":\"\",\"potentialAction\":[{\"@type\":\"SearchAction\",\"target\":{\"@type\":\"EntryPoint\",\"urlTemplate\":\"https:\/\/babylove.se\/no\/?s={search_term_string}\"},\"query-input\":{\"@type\":\"PropertyValueSpecification\",\"valueRequired\":true,\"valueName\":\"search_term_string\"}}],\"inLanguage\":\"nb-NO\"}]}<\/script>\n<meta property=\"product:brand\" content=\"Liewood\" \/>\n<meta property=\"product:price:amount\" content=\"399.00\" \/>\n<meta property=\"product:price:currency\" content=\"SEK\" \/>\n<meta property=\"og:availability\" content=\"out of stock\" \/>\n<meta property=\"product:availability\" content=\"out of stock\" \/>\n<meta property=\"product:retailer_item_id\" content=\"2317\" \/>\n<meta property=\"product:condition\" content=\"new\" \/>\n<!-- \/ Yoast SEO Premium plugin. -->","yoast_head_json":{"title":"Liewood, speil bj\u00f8rn til barnerommet - Babylove Norska","robots":{"index":"noindex","follow":"follow","max-snippet":"max-snippet:-1","max-image-preview":"max-image-preview:large","max-video-preview":"max-video-preview:-1"},"og_locale":"nb_NO","og_type":"article","og_title":"Liewood, speil bj\u00f8rn til barnerommet","og_description":"Et barnespeil i form av en bj\u00f8rn, perfekt for din barneroms innredning. Et speil med skandinavisk f\u00f8lelse for barnerommet i herlige materialer. Barnespeilet er laget av lyst b\u00f8ketre og akryl, som skaper en stilren f\u00f8lelse. Speilet er ikke laget for \u00e5 leke med, men for \u00e5 henge p\u00e5 veggen som en fin dekorasjon. Barnespeilet er [&hellip;]","og_url":"https:\/\/babylove.se\/no\/produkt\/liewood-speil-bjorn-til-barnerommet\/","og_site_name":"Babylove Norska","article_modified_time":"2026-04-08T07:44:30+00:00","og_image":[{"width":750,"height":750,"url":"https:\/\/babylove.se\/no\/wp-content\/uploads\/sites\/3\/2025\/07\/5c499cc45137a.jpeg","type":"image\/jpeg"}],"twitter_card":"summary_large_image","twitter_misc":{"Price":"399,00&nbsp;&#107;&#114;","Availability":"Out of stock"},"schema":{"@context":"https:\/\/schema.org","@graph":[{"@type":"WebPage","@id":"https:\/\/babylove.se\/no\/produkt\/liewood-speil-bjorn-til-barnerommet\/","url":"https:\/\/babylove.se\/no\/produkt\/liewood-speil-bjorn-til-barnerommet\/","name":"Liewood, speil bj\u00f8rn til barnerommet - Babylove Norska","isPartOf":{"@id":"https:\/\/babylove.se\/no\/#website"},"primaryImageOfPage":{"@id":"https:\/\/babylove.se\/no\/produkt\/liewood-speil-bjorn-til-barnerommet\/#primaryimage"},"image":{"@id":"https:\/\/babylove.se\/no\/produkt\/liewood-speil-bjorn-til-barnerommet\/#primaryimage"},"thumbnailUrl":"https:\/\/babylove.se\/no\/wp-content\/uploads\/sites\/3\/2025\/07\/5c499cc45137a.jpeg","datePublished":"2025-07-18T20:00:29+00:00","dateModified":"2026-04-08T07:44:30+00:00","breadcrumb":{"@id":"https:\/\/babylove.se\/no\/produkt\/liewood-speil-bjorn-til-barnerommet\/#breadcrumb"},"inLanguage":"nb-NO","potentialAction":[{"@type":"ReadAction","target":["https:\/\/babylove.se\/no\/produkt\/liewood-speil-bjorn-til-barnerommet\/"]}]},{"@type":"ImageObject","inLanguage":"nb-NO","@id":"https:\/\/babylove.se\/no\/produkt\/liewood-speil-bjorn-til-barnerommet\/#primaryimage","url":"https:\/\/babylove.se\/no\/wp-content\/uploads\/sites\/3\/2025\/07\/5c499cc45137a.jpeg","contentUrl":"https:\/\/babylove.se\/no\/wp-content\/uploads\/sites\/3\/2025\/07\/5c499cc45137a.jpeg","width":750,"height":750},{"@type":"BreadcrumbList","@id":"https:\/\/babylove.se\/no\/produkt\/liewood-speil-bjorn-til-barnerommet\/#breadcrumb","itemListElement":[{"@type":"ListItem","position":1,"name":"Hem","item":"https:\/\/babylove.se\/no\/"},{"@type":"ListItem","position":2,"name":"Butik","item":"https:\/\/babylove.se\/no\/butik\/"},{"@type":"ListItem","position":3,"name":"Liewood, speil bj\u00f8rn til barnerommet"}]},{"@type":"WebSite","@id":"https:\/\/babylove.se\/no\/#website","url":"https:\/\/babylove.se\/no\/","name":"Babylove Norska","description":"","potentialAction":[{"@type":"SearchAction","target":{"@type":"EntryPoint","urlTemplate":"https:\/\/babylove.se\/no\/?s={search_term_string}"},"query-input":{"@type":"PropertyValueSpecification","valueRequired":true,"valueName":"search_term_string"}}],"inLanguage":"nb-NO"}]},"product_brand":"Liewood","product_price_amount":"399.00","product_price_currency":"SEK","og_availability":"out of stock","product_availability":"out of stock","product_retailer_item_id":"2317","product_condition":"new"},"_links":{"self":[{"href":"https:\/\/babylove.se\/no\/wp-json\/wp\/v2\/product\/9482","targetHints":{"allow":["GET"]}}],"collection":[{"href":"https:\/\/babylove.se\/no\/wp-json\/wp\/v2\/product"}],"about":[{"href":"https:\/\/babylove.se\/no\/wp-json\/wp\/v2\/types\/product"}],"replies":[{"embeddable":true,"href":"https:\/\/babylove.se\/no\/wp-json\/wp\/v2\/comments?post=9482"}],"wp:featuredmedia":[{"embeddable":true,"href":"https:\/\/babylove.se\/no\/wp-json\/wp\/v2\/media\/9484"}],"wp:attachment":[{"href":"https:\/\/babylove.se\/no\/wp-json\/wp\/v2\/media?parent=9482"}],"wp:term":[{"taxonomy":"product_brand","embeddable":true,"href":"https:\/\/babylove.se\/no\/wp-json\/wp\/v2\/product_brand?post=9482"},{"taxonomy":"product_cat","embeddable":true,"href":"https:\/\/babylove.se\/no\/wp-json\/wp\/v2\/product_cat?post=9482"},{"taxonomy":"product_tag","embeddable":true,"href":"https:\/\/babylove.se\/no\/wp-json\/wp\/v2\/product_tag?post=9482"}],"curies":[{"name":"wp","href":"https:\/\/api.w.org\/{rel}","templated":true}]}}