{"id":9488,"date":"2025-07-18T21:00:29","date_gmt":"2025-07-18T20:00:29","guid":{"rendered":"https:\/\/babylove.se\/produkt\/premium-madrass-till-barnsang\/"},"modified":"2026-04-08T08:44:36","modified_gmt":"2026-04-08T07:44:36","slug":"premium-madrass-til-barneseng","status":"publish","type":"product","link":"https:\/\/babylove.se\/no\/produkt\/premium-madrass-til-barneseng\/","title":{"rendered":"Premium madrass til barneseng (ulike st\u00f8rrelser)"},"content":{"rendered":"<p>En komfortabel og behagelig premium skummadrass i to forskjellige skumlag (Dobbelsidig) som passer godt til barneseng eller til husseng. <\/p>\n<p>Madrassen har et unikt og innovativt overtrekk med forskjellige overflater, slik at du kan tilpasse det etter sommer og vinter. Helt enkelt ved \u00e5 snu p\u00e5 det, enkelt og utrolig smart system. Den ene siden er Coolmax og den andre Thermolite.  <span>Coolmax gir en kj\u00f8lende effekt og er perfekt om sommeren, samtidig som Thermolite-siden gir en ekstra varme s\u00e5 er perfekt om vinteren. <\/span><\/p>\n<p>Denne barnemadrassen fungerer perfekt til v\u00e5re superfine hussenger. OBS Madrassen er imidlertid ekstra tykk noe som gj\u00f8r at madrassen g\u00e5r litt &#8220;over&#8221; sengekanten, se gjerne eksempel p\u00e5 siste bildet i produktbeskrivelsen.<\/p>\n<p>Vil du heller ha en madrass som ligger mer i kant med sengen s\u00e5 har vi tynnere i utvalget, ogs\u00e5 de av h\u00f8y kvalitet.<\/p>\n<p>Madrassen er semi-myk, produsert for \u00e5 passe barn og garanterer en behagelig s\u00f8vn.<\/p>\n<p><u>M\u00e5l p\u00e5 madrassen:<\/u><\/p>\n<p>Finnes i to st\u00f8rrelser: <\/p>\n<ul>\n<li>160&#215;80 <\/li>\n<li>190&#215;90<\/li>\n<\/ul>\n<p>Tykkelse: 12 cm<\/p>\n<p><u>Materiale<\/u>: polyuretanskum T2130\/T2542  <\/p>\n<p>Vasker\u00e5d: Overtrekk maskinvaskes i 40 \u00b0 C  <\/p>\n<p>Madrassene produseres i Europa av 100 % OEKO-tex sertifisert stoff. Fyllet er antiallergisk samt giftfritt og produseres av sertifisert leverand\u00f8r.<\/p>\n","protected":false},"excerpt":{"rendered":"<p>En komfortabel og behagelig premium skummadrass i to forskjellige skumlag (Dobbelsidig) som passer godt til barneseng eller til husseng. Madrassen har et unikt og innovativt overtrekk med forskjellige overflater, slik at du kan tilpasse det etter sommer og vinter. Helt enkelt ved \u00e5 snu p\u00e5 det, enkelt og utrolig smart system. Den ene siden er [&hellip;]<\/p>\n","protected":false},"featured_media":9490,"comment_status":"closed","ping_status":"open","template":"","meta":{"_acf_changed":false},"product_brand":[475],"product_cat":[377,48],"product_tag":[1689],"class_list":{"0":"post-9488","1":"product","2":"type-product","3":"status-publish","4":"has-post-thumbnail","6":"product_brand-pqp","7":"product_cat-barnmadrasser","8":"product_cat-startside","9":"product_tag-bestillingsvaror","10":"pa_storlek-160x80x12","11":"pa_storlek-190x90x12","13":"first","14":"instock","15":"taxable","16":"shipping-taxable","17":"purchasable","18":"product-type-variable"},"acf":[],"yoast_head":"<!-- This site is optimized with the Yoast SEO Premium plugin v25.8 (Yoast SEO v27.2) - https:\/\/yoast.com\/product\/yoast-seo-premium-wordpress\/ -->\n<title>Premium madrass til barneseng (ulike st\u00f8rrelser) - Babylove Norska<\/title>\n<meta name=\"description\" content=\"Bekv\u00e4m skummadrass medium mjuk.Madrassen \u00e4r dubbelsidig och har ett avtagbart lock som hj\u00e4lper till att h\u00e5lla det rent.\u00a0Perfekt barnmadrass till v\u00e5ra s\" \/>\n<meta name=\"robots\" content=\"noindex, follow, max-snippet:-1, max-image-preview:large, max-video-preview:-1\" \/>\n<meta property=\"og:locale\" content=\"nb_NO\" \/>\n<meta property=\"og:type\" content=\"article\" \/>\n<meta property=\"og:title\" content=\"Premium madrass til barneseng (ulike st\u00f8rrelser)\" \/>\n<meta property=\"og:description\" content=\"Bekv\u00e4m skummadrass medium mjuk.Madrassen \u00e4r dubbelsidig och har ett avtagbart lock som hj\u00e4lper till att h\u00e5lla det rent.\u00a0Perfekt barnmadrass till v\u00e5ra s\" \/>\n<meta property=\"og:url\" content=\"https:\/\/babylove.se\/no\/produkt\/premium-madrass-til-barneseng\/\" \/>\n<meta property=\"og:site_name\" content=\"Babylove Norska\" \/>\n<meta property=\"article:modified_time\" content=\"2026-04-08T07:44:36+00:00\" \/>\n<meta property=\"og:image\" content=\"https:\/\/babylove.se\/no\/wp-content\/uploads\/sites\/3\/2025\/07\/5c4a2da0cb2b4.jpeg\" \/>\n\t<meta property=\"og:image:width\" content=\"750\" \/>\n\t<meta property=\"og:image:height\" content=\"600\" \/>\n\t<meta property=\"og:image:type\" content=\"image\/jpeg\" \/>\n<meta name=\"twitter:card\" content=\"summary_large_image\" \/>\n<meta name=\"twitter:label1\" content=\"Availability\" \/>\n\t<meta name=\"twitter:data1\" content=\"In stock\" \/>\n<script type=\"application\/ld+json\" class=\"yoast-schema-graph\">{\"@context\":\"https:\/\/schema.org\",\"@graph\":[{\"@type\":\"WebPage\",\"@id\":\"https:\/\/babylove.se\/no\/produkt\/premium-madrass-til-barneseng\/\",\"url\":\"https:\/\/babylove.se\/no\/produkt\/premium-madrass-til-barneseng\/\",\"name\":\"Premium madrass til barneseng (ulike st\u00f8rrelser) - Babylove Norska\",\"isPartOf\":{\"@id\":\"https:\/\/babylove.se\/no\/#website\"},\"primaryImageOfPage\":{\"@id\":\"https:\/\/babylove.se\/no\/produkt\/premium-madrass-til-barneseng\/#primaryimage\"},\"image\":{\"@id\":\"https:\/\/babylove.se\/no\/produkt\/premium-madrass-til-barneseng\/#primaryimage\"},\"thumbnailUrl\":\"https:\/\/babylove.se\/no\/wp-content\/uploads\/sites\/3\/2025\/07\/5c4a2da0cb2b4.jpeg\",\"datePublished\":\"2025-07-18T20:00:29+00:00\",\"dateModified\":\"2026-04-08T07:44:36+00:00\",\"description\":\"Bekv\u00e4m skummadrass medium mjuk.Madrassen \u00e4r dubbelsidig och har ett avtagbart lock som hj\u00e4lper till att h\u00e5lla det rent.\u00a0Perfekt barnmadrass till v\u00e5ra s\",\"breadcrumb\":{\"@id\":\"https:\/\/babylove.se\/no\/produkt\/premium-madrass-til-barneseng\/#breadcrumb\"},\"inLanguage\":\"nb-NO\",\"potentialAction\":[{\"@type\":\"ReadAction\",\"target\":[\"https:\/\/babylove.se\/no\/produkt\/premium-madrass-til-barneseng\/\"]}]},{\"@type\":\"ImageObject\",\"inLanguage\":\"nb-NO\",\"@id\":\"https:\/\/babylove.se\/no\/produkt\/premium-madrass-til-barneseng\/#primaryimage\",\"url\":\"https:\/\/babylove.se\/no\/wp-content\/uploads\/sites\/3\/2025\/07\/5c4a2da0cb2b4.jpeg\",\"contentUrl\":\"https:\/\/babylove.se\/no\/wp-content\/uploads\/sites\/3\/2025\/07\/5c4a2da0cb2b4.jpeg\",\"width\":750,\"height\":600},{\"@type\":\"BreadcrumbList\",\"@id\":\"https:\/\/babylove.se\/no\/produkt\/premium-madrass-til-barneseng\/#breadcrumb\",\"itemListElement\":[{\"@type\":\"ListItem\",\"position\":1,\"name\":\"Hem\",\"item\":\"https:\/\/babylove.se\/no\/\"},{\"@type\":\"ListItem\",\"position\":2,\"name\":\"Butik\",\"item\":\"https:\/\/babylove.se\/no\/butik\/\"},{\"@type\":\"ListItem\",\"position\":3,\"name\":\"Premium madrass til barneseng (ulike st\u00f8rrelser)\"}]},{\"@type\":\"WebSite\",\"@id\":\"https:\/\/babylove.se\/no\/#website\",\"url\":\"https:\/\/babylove.se\/no\/\",\"name\":\"Babylove Norska\",\"description\":\"\",\"potentialAction\":[{\"@type\":\"SearchAction\",\"target\":{\"@type\":\"EntryPoint\",\"urlTemplate\":\"https:\/\/babylove.se\/no\/?s={search_term_string}\"},\"query-input\":{\"@type\":\"PropertyValueSpecification\",\"valueRequired\":true,\"valueName\":\"search_term_string\"}}],\"inLanguage\":\"nb-NO\"}]}<\/script>\n<meta property=\"product:brand\" content=\"PQP\" \/>\n<meta property=\"og:availability\" content=\"instock\" \/>\n<meta property=\"product:availability\" content=\"instock\" \/>\n<meta property=\"product:retailer_item_id\" content=\"24502\" \/>\n<meta property=\"product:condition\" content=\"new\" \/>\n<!-- \/ Yoast SEO Premium plugin. -->","yoast_head_json":{"title":"Premium madrass til barneseng (ulike st\u00f8rrelser) - Babylove Norska","description":"Bekv\u00e4m skummadrass medium mjuk.Madrassen \u00e4r dubbelsidig och har ett avtagbart lock som hj\u00e4lper till att h\u00e5lla det rent.\u00a0Perfekt barnmadrass till v\u00e5ra s","robots":{"index":"noindex","follow":"follow","max-snippet":"max-snippet:-1","max-image-preview":"max-image-preview:large","max-video-preview":"max-video-preview:-1"},"og_locale":"nb_NO","og_type":"article","og_title":"Premium madrass til barneseng (ulike st\u00f8rrelser)","og_description":"Bekv\u00e4m skummadrass medium mjuk.Madrassen \u00e4r dubbelsidig och har ett avtagbart lock som hj\u00e4lper till att h\u00e5lla det rent.\u00a0Perfekt barnmadrass till v\u00e5ra s","og_url":"https:\/\/babylove.se\/no\/produkt\/premium-madrass-til-barneseng\/","og_site_name":"Babylove Norska","article_modified_time":"2026-04-08T07:44:36+00:00","og_image":[{"width":750,"height":600,"url":"https:\/\/babylove.se\/no\/wp-content\/uploads\/sites\/3\/2025\/07\/5c4a2da0cb2b4.jpeg","type":"image\/jpeg"}],"twitter_card":"summary_large_image","twitter_misc":{"Availability":"In stock"},"schema":{"@context":"https:\/\/schema.org","@graph":[{"@type":"WebPage","@id":"https:\/\/babylove.se\/no\/produkt\/premium-madrass-til-barneseng\/","url":"https:\/\/babylove.se\/no\/produkt\/premium-madrass-til-barneseng\/","name":"Premium madrass til barneseng (ulike st\u00f8rrelser) - Babylove Norska","isPartOf":{"@id":"https:\/\/babylove.se\/no\/#website"},"primaryImageOfPage":{"@id":"https:\/\/babylove.se\/no\/produkt\/premium-madrass-til-barneseng\/#primaryimage"},"image":{"@id":"https:\/\/babylove.se\/no\/produkt\/premium-madrass-til-barneseng\/#primaryimage"},"thumbnailUrl":"https:\/\/babylove.se\/no\/wp-content\/uploads\/sites\/3\/2025\/07\/5c4a2da0cb2b4.jpeg","datePublished":"2025-07-18T20:00:29+00:00","dateModified":"2026-04-08T07:44:36+00:00","description":"Bekv\u00e4m skummadrass medium mjuk.Madrassen \u00e4r dubbelsidig och har ett avtagbart lock som hj\u00e4lper till att h\u00e5lla det rent.\u00a0Perfekt barnmadrass till v\u00e5ra s","breadcrumb":{"@id":"https:\/\/babylove.se\/no\/produkt\/premium-madrass-til-barneseng\/#breadcrumb"},"inLanguage":"nb-NO","potentialAction":[{"@type":"ReadAction","target":["https:\/\/babylove.se\/no\/produkt\/premium-madrass-til-barneseng\/"]}]},{"@type":"ImageObject","inLanguage":"nb-NO","@id":"https:\/\/babylove.se\/no\/produkt\/premium-madrass-til-barneseng\/#primaryimage","url":"https:\/\/babylove.se\/no\/wp-content\/uploads\/sites\/3\/2025\/07\/5c4a2da0cb2b4.jpeg","contentUrl":"https:\/\/babylove.se\/no\/wp-content\/uploads\/sites\/3\/2025\/07\/5c4a2da0cb2b4.jpeg","width":750,"height":600},{"@type":"BreadcrumbList","@id":"https:\/\/babylove.se\/no\/produkt\/premium-madrass-til-barneseng\/#breadcrumb","itemListElement":[{"@type":"ListItem","position":1,"name":"Hem","item":"https:\/\/babylove.se\/no\/"},{"@type":"ListItem","position":2,"name":"Butik","item":"https:\/\/babylove.se\/no\/butik\/"},{"@type":"ListItem","position":3,"name":"Premium madrass til barneseng (ulike st\u00f8rrelser)"}]},{"@type":"WebSite","@id":"https:\/\/babylove.se\/no\/#website","url":"https:\/\/babylove.se\/no\/","name":"Babylove Norska","description":"","potentialAction":[{"@type":"SearchAction","target":{"@type":"EntryPoint","urlTemplate":"https:\/\/babylove.se\/no\/?s={search_term_string}"},"query-input":{"@type":"PropertyValueSpecification","valueRequired":true,"valueName":"search_term_string"}}],"inLanguage":"nb-NO"}]},"product_brand":"PQP","og_availability":"instock","product_availability":"instock","product_retailer_item_id":"24502","product_condition":"new"},"_links":{"self":[{"href":"https:\/\/babylove.se\/no\/wp-json\/wp\/v2\/product\/9488","targetHints":{"allow":["GET"]}}],"collection":[{"href":"https:\/\/babylove.se\/no\/wp-json\/wp\/v2\/product"}],"about":[{"href":"https:\/\/babylove.se\/no\/wp-json\/wp\/v2\/types\/product"}],"replies":[{"embeddable":true,"href":"https:\/\/babylove.se\/no\/wp-json\/wp\/v2\/comments?post=9488"}],"wp:featuredmedia":[{"embeddable":true,"href":"https:\/\/babylove.se\/no\/wp-json\/wp\/v2\/media\/9490"}],"wp:attachment":[{"href":"https:\/\/babylove.se\/no\/wp-json\/wp\/v2\/media?parent=9488"}],"wp:term":[{"taxonomy":"product_brand","embeddable":true,"href":"https:\/\/babylove.se\/no\/wp-json\/wp\/v2\/product_brand?post=9488"},{"taxonomy":"product_cat","embeddable":true,"href":"https:\/\/babylove.se\/no\/wp-json\/wp\/v2\/product_cat?post=9488"},{"taxonomy":"product_tag","embeddable":true,"href":"https:\/\/babylove.se\/no\/wp-json\/wp\/v2\/product_tag?post=9488"}],"curies":[{"name":"wp","href":"https:\/\/api.w.org\/{rel}","templated":true}]}}