{"id":9508,"date":"2025-07-18T21:00:43","date_gmt":"2025-07-18T20:00:43","guid":{"rendered":"https:\/\/babylove.se\/produkt\/elodie-details-forvaringskorg-storemystuff-feathered-friends\/"},"modified":"2026-04-08T08:44:48","modified_gmt":"2026-04-08T07:44:48","slug":"elodie-details-oppbevaringskurv-storemystuff-forfjaerede-venner","status":"publish","type":"product","link":"https:\/\/babylove.se\/no\/produkt\/elodie-details-oppbevaringskurv-storemystuff-forfjaerede-venner\/","title":{"rendered":"Elodie Details, Oppbevaringskurv, StoreMyStuff, Feathered Friends"},"content":{"rendered":"<p>Med en StoreMyStuff\u2122 har du forutsetninger for \u00e5 skape orden i barnerommet. En romslig og slitesterk oppbevaringskurv som du kan fylle med alt fra tepper til kosedyr eller leker. Oppbevaringskurv av canvasbomull gj\u00f8r den stabil og kommer ikke til \u00e5 synke sammen n\u00e5r den st\u00e5r tom.<\/p>\n<p>M\u00e5l: Diameter 45 cm, H\u00f8yde 35 cm<\/p>\n<p>Materiale: 100% \u00d8ko-Tex sertifisert bomull<\/p>\n<p>Designer: <a href=\"https:\/\/babylove.se\/varumarken\/elodie-details\"><span><u>Elodie Details<\/u><\/span><\/a><\/p>\n","protected":false},"excerpt":{"rendered":"<p>Med en StoreMyStuff\u2122 har du forutsetninger for \u00e5 skape orden i barnerommet. En romslig og slitesterk oppbevaringskurv som du kan fylle med alt fra tepper til kosedyr eller leker. Oppbevaringskurv av canvasbomull gj\u00f8r den stabil og kommer ikke til \u00e5 synke sammen n\u00e5r den st\u00e5r tom. M\u00e5l: Diameter 45 cm, H\u00f8yde 35 cm Materiale: 100% [&hellip;]<\/p>\n","protected":false},"featured_media":9510,"comment_status":"closed","ping_status":"open","template":"","meta":{"_acf_changed":false},"product_brand":[174],"product_cat":[175,125,43,48],"product_tag":[],"class_list":{"0":"post-9508","1":"product","2":"type-product","3":"status-publish","4":"has-post-thumbnail","6":"product_brand-elodie-details","7":"product_cat-elodie-details","8":"product_cat-boho","9":"product_cat-oppbevaringskurver","10":"product_cat-startside","12":"first","13":"outofstock","14":"taxable","15":"shipping-taxable","16":"purchasable","17":"product-type-simple"},"acf":[],"yoast_head":"<!-- This site is optimized with the Yoast SEO Premium plugin v25.8 (Yoast SEO v27.2) - https:\/\/yoast.com\/product\/yoast-seo-premium-wordpress\/ -->\n<title>Elodie Details, Oppbevaringskurv, StoreMyStuff, Feathered Friends - Babylove Norska<\/title>\n<meta name=\"description\" content=\"Denna vackra f\u00f6rvaringskorg fr\u00e5n Elodie Details \u00e4r inte bara bra f\u00f6r att h\u00e5lla ordning i barnrummet, utan \u00e4ven en fin dekoration - skickas inom 24h !\" \/>\n<meta name=\"robots\" content=\"noindex, follow, max-snippet:-1, max-image-preview:large, max-video-preview:-1\" \/>\n<meta property=\"og:locale\" content=\"nb_NO\" \/>\n<meta property=\"og:type\" content=\"article\" \/>\n<meta property=\"og:title\" content=\"Elodie Details, Oppbevaringskurv, StoreMyStuff, Feathered Friends\" \/>\n<meta property=\"og:description\" content=\"Denna vackra f\u00f6rvaringskorg fr\u00e5n Elodie Details \u00e4r inte bara bra f\u00f6r att h\u00e5lla ordning i barnrummet, utan \u00e4ven en fin dekoration - skickas inom 24h !\" \/>\n<meta property=\"og:url\" content=\"https:\/\/babylove.se\/no\/produkt\/elodie-details-oppbevaringskurv-storemystuff-forfjaerede-venner\/\" \/>\n<meta property=\"og:site_name\" content=\"Babylove Norska\" \/>\n<meta property=\"article:modified_time\" content=\"2026-04-08T07:44:48+00:00\" \/>\n<meta property=\"og:image\" content=\"https:\/\/babylove.se\/no\/wp-content\/uploads\/sites\/3\/2025\/07\/5c5019afed23a.jpeg\" \/>\n\t<meta property=\"og:image:width\" content=\"750\" \/>\n\t<meta property=\"og:image:height\" content=\"750\" \/>\n\t<meta property=\"og:image:type\" content=\"image\/jpeg\" \/>\n<meta name=\"twitter:card\" content=\"summary_large_image\" \/>\n<meta name=\"twitter:label1\" content=\"Price\" \/>\n\t<meta name=\"twitter:data1\" content=\"499,00&nbsp;&#107;&#114;\" \/>\n\t<meta name=\"twitter:label2\" content=\"Availability\" \/>\n\t<meta name=\"twitter:data2\" content=\"Out of stock\" \/>\n<script type=\"application\/ld+json\" class=\"yoast-schema-graph\">{\"@context\":\"https:\/\/schema.org\",\"@graph\":[{\"@type\":\"WebPage\",\"@id\":\"https:\/\/babylove.se\/no\/produkt\/elodie-details-oppbevaringskurv-storemystuff-forfjaerede-venner\/\",\"url\":\"https:\/\/babylove.se\/no\/produkt\/elodie-details-oppbevaringskurv-storemystuff-forfjaerede-venner\/\",\"name\":\"Elodie Details, Oppbevaringskurv, StoreMyStuff, Feathered Friends - Babylove Norska\",\"isPartOf\":{\"@id\":\"https:\/\/babylove.se\/no\/#website\"},\"primaryImageOfPage\":{\"@id\":\"https:\/\/babylove.se\/no\/produkt\/elodie-details-oppbevaringskurv-storemystuff-forfjaerede-venner\/#primaryimage\"},\"image\":{\"@id\":\"https:\/\/babylove.se\/no\/produkt\/elodie-details-oppbevaringskurv-storemystuff-forfjaerede-venner\/#primaryimage\"},\"thumbnailUrl\":\"https:\/\/babylove.se\/no\/wp-content\/uploads\/sites\/3\/2025\/07\/5c5019afed23a.jpeg\",\"datePublished\":\"2025-07-18T20:00:43+00:00\",\"dateModified\":\"2026-04-08T07:44:48+00:00\",\"description\":\"Denna vackra f\u00f6rvaringskorg fr\u00e5n Elodie Details \u00e4r inte bara bra f\u00f6r att h\u00e5lla ordning i barnrummet, utan \u00e4ven en fin dekoration - skickas inom 24h !\",\"breadcrumb\":{\"@id\":\"https:\/\/babylove.se\/no\/produkt\/elodie-details-oppbevaringskurv-storemystuff-forfjaerede-venner\/#breadcrumb\"},\"inLanguage\":\"nb-NO\",\"potentialAction\":[{\"@type\":\"ReadAction\",\"target\":[\"https:\/\/babylove.se\/no\/produkt\/elodie-details-oppbevaringskurv-storemystuff-forfjaerede-venner\/\"]}]},{\"@type\":\"ImageObject\",\"inLanguage\":\"nb-NO\",\"@id\":\"https:\/\/babylove.se\/no\/produkt\/elodie-details-oppbevaringskurv-storemystuff-forfjaerede-venner\/#primaryimage\",\"url\":\"https:\/\/babylove.se\/no\/wp-content\/uploads\/sites\/3\/2025\/07\/5c5019afed23a.jpeg\",\"contentUrl\":\"https:\/\/babylove.se\/no\/wp-content\/uploads\/sites\/3\/2025\/07\/5c5019afed23a.jpeg\",\"width\":750,\"height\":750},{\"@type\":\"BreadcrumbList\",\"@id\":\"https:\/\/babylove.se\/no\/produkt\/elodie-details-oppbevaringskurv-storemystuff-forfjaerede-venner\/#breadcrumb\",\"itemListElement\":[{\"@type\":\"ListItem\",\"position\":1,\"name\":\"Hem\",\"item\":\"https:\/\/babylove.se\/no\/\"},{\"@type\":\"ListItem\",\"position\":2,\"name\":\"Butik\",\"item\":\"https:\/\/babylove.se\/no\/butik\/\"},{\"@type\":\"ListItem\",\"position\":3,\"name\":\"Elodie Details, Oppbevaringskurv, StoreMyStuff, Feathered Friends\"}]},{\"@type\":\"WebSite\",\"@id\":\"https:\/\/babylove.se\/no\/#website\",\"url\":\"https:\/\/babylove.se\/no\/\",\"name\":\"Babylove Norska\",\"description\":\"\",\"potentialAction\":[{\"@type\":\"SearchAction\",\"target\":{\"@type\":\"EntryPoint\",\"urlTemplate\":\"https:\/\/babylove.se\/no\/?s={search_term_string}\"},\"query-input\":{\"@type\":\"PropertyValueSpecification\",\"valueRequired\":true,\"valueName\":\"search_term_string\"}}],\"inLanguage\":\"nb-NO\"}]}<\/script>\n<meta property=\"product:brand\" content=\"Elodie Details\" \/>\n<meta property=\"product:price:amount\" content=\"499.00\" \/>\n<meta property=\"product:price:currency\" content=\"SEK\" \/>\n<meta property=\"og:availability\" content=\"out of stock\" \/>\n<meta property=\"product:availability\" content=\"out of stock\" \/>\n<meta property=\"product:retailer_item_id\" content=\"2323\" \/>\n<meta property=\"product:condition\" content=\"new\" \/>\n<!-- \/ Yoast SEO Premium plugin. -->","yoast_head_json":{"title":"Elodie Details, Oppbevaringskurv, StoreMyStuff, Feathered Friends - Babylove Norska","description":"Denna vackra f\u00f6rvaringskorg fr\u00e5n Elodie Details \u00e4r inte bara bra f\u00f6r att h\u00e5lla ordning i barnrummet, utan \u00e4ven en fin dekoration - skickas inom 24h !","robots":{"index":"noindex","follow":"follow","max-snippet":"max-snippet:-1","max-image-preview":"max-image-preview:large","max-video-preview":"max-video-preview:-1"},"og_locale":"nb_NO","og_type":"article","og_title":"Elodie Details, Oppbevaringskurv, StoreMyStuff, Feathered Friends","og_description":"Denna vackra f\u00f6rvaringskorg fr\u00e5n Elodie Details \u00e4r inte bara bra f\u00f6r att h\u00e5lla ordning i barnrummet, utan \u00e4ven en fin dekoration - skickas inom 24h !","og_url":"https:\/\/babylove.se\/no\/produkt\/elodie-details-oppbevaringskurv-storemystuff-forfjaerede-venner\/","og_site_name":"Babylove Norska","article_modified_time":"2026-04-08T07:44:48+00:00","og_image":[{"width":750,"height":750,"url":"https:\/\/babylove.se\/no\/wp-content\/uploads\/sites\/3\/2025\/07\/5c5019afed23a.jpeg","type":"image\/jpeg"}],"twitter_card":"summary_large_image","twitter_misc":{"Price":"499,00&nbsp;&#107;&#114;","Availability":"Out of stock"},"schema":{"@context":"https:\/\/schema.org","@graph":[{"@type":"WebPage","@id":"https:\/\/babylove.se\/no\/produkt\/elodie-details-oppbevaringskurv-storemystuff-forfjaerede-venner\/","url":"https:\/\/babylove.se\/no\/produkt\/elodie-details-oppbevaringskurv-storemystuff-forfjaerede-venner\/","name":"Elodie Details, Oppbevaringskurv, StoreMyStuff, Feathered Friends - Babylove Norska","isPartOf":{"@id":"https:\/\/babylove.se\/no\/#website"},"primaryImageOfPage":{"@id":"https:\/\/babylove.se\/no\/produkt\/elodie-details-oppbevaringskurv-storemystuff-forfjaerede-venner\/#primaryimage"},"image":{"@id":"https:\/\/babylove.se\/no\/produkt\/elodie-details-oppbevaringskurv-storemystuff-forfjaerede-venner\/#primaryimage"},"thumbnailUrl":"https:\/\/babylove.se\/no\/wp-content\/uploads\/sites\/3\/2025\/07\/5c5019afed23a.jpeg","datePublished":"2025-07-18T20:00:43+00:00","dateModified":"2026-04-08T07:44:48+00:00","description":"Denna vackra f\u00f6rvaringskorg fr\u00e5n Elodie Details \u00e4r inte bara bra f\u00f6r att h\u00e5lla ordning i barnrummet, utan \u00e4ven en fin dekoration - skickas inom 24h !","breadcrumb":{"@id":"https:\/\/babylove.se\/no\/produkt\/elodie-details-oppbevaringskurv-storemystuff-forfjaerede-venner\/#breadcrumb"},"inLanguage":"nb-NO","potentialAction":[{"@type":"ReadAction","target":["https:\/\/babylove.se\/no\/produkt\/elodie-details-oppbevaringskurv-storemystuff-forfjaerede-venner\/"]}]},{"@type":"ImageObject","inLanguage":"nb-NO","@id":"https:\/\/babylove.se\/no\/produkt\/elodie-details-oppbevaringskurv-storemystuff-forfjaerede-venner\/#primaryimage","url":"https:\/\/babylove.se\/no\/wp-content\/uploads\/sites\/3\/2025\/07\/5c5019afed23a.jpeg","contentUrl":"https:\/\/babylove.se\/no\/wp-content\/uploads\/sites\/3\/2025\/07\/5c5019afed23a.jpeg","width":750,"height":750},{"@type":"BreadcrumbList","@id":"https:\/\/babylove.se\/no\/produkt\/elodie-details-oppbevaringskurv-storemystuff-forfjaerede-venner\/#breadcrumb","itemListElement":[{"@type":"ListItem","position":1,"name":"Hem","item":"https:\/\/babylove.se\/no\/"},{"@type":"ListItem","position":2,"name":"Butik","item":"https:\/\/babylove.se\/no\/butik\/"},{"@type":"ListItem","position":3,"name":"Elodie Details, Oppbevaringskurv, StoreMyStuff, Feathered Friends"}]},{"@type":"WebSite","@id":"https:\/\/babylove.se\/no\/#website","url":"https:\/\/babylove.se\/no\/","name":"Babylove Norska","description":"","potentialAction":[{"@type":"SearchAction","target":{"@type":"EntryPoint","urlTemplate":"https:\/\/babylove.se\/no\/?s={search_term_string}"},"query-input":{"@type":"PropertyValueSpecification","valueRequired":true,"valueName":"search_term_string"}}],"inLanguage":"nb-NO"}]},"product_brand":"Elodie Details","product_price_amount":"499.00","product_price_currency":"SEK","og_availability":"out of stock","product_availability":"out of stock","product_retailer_item_id":"2323","product_condition":"new"},"_links":{"self":[{"href":"https:\/\/babylove.se\/no\/wp-json\/wp\/v2\/product\/9508","targetHints":{"allow":["GET"]}}],"collection":[{"href":"https:\/\/babylove.se\/no\/wp-json\/wp\/v2\/product"}],"about":[{"href":"https:\/\/babylove.se\/no\/wp-json\/wp\/v2\/types\/product"}],"replies":[{"embeddable":true,"href":"https:\/\/babylove.se\/no\/wp-json\/wp\/v2\/comments?post=9508"}],"wp:featuredmedia":[{"embeddable":true,"href":"https:\/\/babylove.se\/no\/wp-json\/wp\/v2\/media\/9510"}],"wp:attachment":[{"href":"https:\/\/babylove.se\/no\/wp-json\/wp\/v2\/media?parent=9508"}],"wp:term":[{"taxonomy":"product_brand","embeddable":true,"href":"https:\/\/babylove.se\/no\/wp-json\/wp\/v2\/product_brand?post=9508"},{"taxonomy":"product_cat","embeddable":true,"href":"https:\/\/babylove.se\/no\/wp-json\/wp\/v2\/product_cat?post=9508"},{"taxonomy":"product_tag","embeddable":true,"href":"https:\/\/babylove.se\/no\/wp-json\/wp\/v2\/product_tag?post=9508"}],"curies":[{"name":"wp","href":"https:\/\/api.w.org\/{rel}","templated":true}]}}