{"id":9511,"date":"2025-07-18T21:00:43","date_gmt":"2025-07-18T20:00:43","guid":{"rendered":"https:\/\/babylove.se\/produkt\/jabadabado-dekorationsmobil-moln\/"},"modified":"2026-04-08T08:44:50","modified_gmt":"2026-04-08T07:44:50","slug":"jabadabado-dekorasjonsmobil-sky","status":"publish","type":"product","link":"https:\/\/babylove.se\/no\/produkt\/jabadabado-dekorasjonsmobil-sky\/","title":{"rendered":"Jabadabado, Dekorasjonsmobil sky"},"content":{"rendered":"<p>Pen dekorasjonsmobil av tre, denne i form av en sky med tilh\u00f8rende stjerner. Perfekt mobil \u00e5 henge over sengen eller der du synes den passer best. Dekorasjonsmobil for babyrommet eller barnerommet, den passer like godt p\u00e5 begge steder!<\/p>\n<p>S\u00f8t dekorasjonsmobil i tre i form av en sky med stjerner. Heng den over sengen eller stellebordet eller hvor du vil i barnerommet som en fin dekorasjon. Passer like fint i babyrommet som i barnerommet til de litt st\u00f8rre barna som en fin innredningsdetalj.<\/p>\n<p>M\u00e5l: 46 x 29 x 46 cm<\/p>\n<p>OBS! S\u00e5 snart barnet kan n\u00e5 mobilen b\u00f8r den flyttes<\/p>\n<p>Designer: Jabadabado<\/p>\n","protected":false},"excerpt":{"rendered":"<p>Pen dekorasjonsmobil av tre, denne i form av en sky med tilh\u00f8rende stjerner. Perfekt mobil \u00e5 henge over sengen eller der du synes den passer best. Dekorasjonsmobil for babyrommet eller barnerommet, den passer like godt p\u00e5 begge steder! S\u00f8t dekorasjonsmobil i tre i form av en sky med stjerner. Heng den over sengen eller stellebordet [&hellip;]<\/p>\n","protected":false},"featured_media":9513,"comment_status":"closed","ping_status":"open","template":"","meta":{"_acf_changed":false},"product_brand":[273],"product_cat":[274,145,48],"product_tag":[],"class_list":{"0":"post-9511","1":"product","2":"type-product","3":"status-publish","4":"has-post-thumbnail","6":"product_brand-jabadabado","7":"product_cat-jabadabado","8":"product_cat-sangmobiler","9":"product_cat-startside","11":"first","12":"outofstock","13":"taxable","14":"shipping-taxable","15":"purchasable","16":"product-type-simple"},"acf":[],"yoast_head":"<!-- This site is optimized with the Yoast SEO Premium plugin v25.8 (Yoast SEO v27.2) - https:\/\/yoast.com\/product\/yoast-seo-premium-wordpress\/ -->\n<title>Jabadabado, Dekorasjonsmobil sky - Babylove Norska<\/title>\n<meta name=\"robots\" content=\"noindex, follow, max-snippet:-1, max-image-preview:large, max-video-preview:-1\" \/>\n<meta property=\"og:locale\" content=\"nb_NO\" \/>\n<meta property=\"og:type\" content=\"article\" \/>\n<meta property=\"og:title\" content=\"Jabadabado, Dekorasjonsmobil sky\" \/>\n<meta property=\"og:description\" content=\"Pen dekorasjonsmobil av tre, denne i form av en sky med tilh\u00f8rende stjerner. Perfekt mobil \u00e5 henge over sengen eller der du synes den passer best. Dekorasjonsmobil for babyrommet eller barnerommet, den passer like godt p\u00e5 begge steder! S\u00f8t dekorasjonsmobil i tre i form av en sky med stjerner. Heng den over sengen eller stellebordet [&hellip;]\" \/>\n<meta property=\"og:url\" content=\"https:\/\/babylove.se\/no\/produkt\/jabadabado-dekorasjonsmobil-sky\/\" \/>\n<meta property=\"og:site_name\" content=\"Babylove Norska\" \/>\n<meta property=\"article:modified_time\" content=\"2026-04-08T07:44:50+00:00\" \/>\n<meta property=\"og:image\" content=\"https:\/\/babylove.se\/no\/wp-content\/uploads\/sites\/3\/2025\/07\/5c501c9b7b69f.jpeg\" \/>\n\t<meta property=\"og:image:width\" content=\"456\" \/>\n\t<meta property=\"og:image:height\" content=\"700\" \/>\n\t<meta property=\"og:image:type\" content=\"image\/jpeg\" \/>\n<meta name=\"twitter:card\" content=\"summary_large_image\" \/>\n<meta name=\"twitter:label1\" content=\"Price\" \/>\n\t<meta name=\"twitter:data1\" content=\"189,00&nbsp;&#107;&#114;\" \/>\n\t<meta name=\"twitter:label2\" content=\"Availability\" \/>\n\t<meta name=\"twitter:data2\" content=\"Out of stock\" \/>\n<script type=\"application\/ld+json\" class=\"yoast-schema-graph\">{\"@context\":\"https:\/\/schema.org\",\"@graph\":[{\"@type\":\"WebPage\",\"@id\":\"https:\/\/babylove.se\/no\/produkt\/jabadabado-dekorasjonsmobil-sky\/\",\"url\":\"https:\/\/babylove.se\/no\/produkt\/jabadabado-dekorasjonsmobil-sky\/\",\"name\":\"Jabadabado, Dekorasjonsmobil sky - Babylove Norska\",\"isPartOf\":{\"@id\":\"https:\/\/babylove.se\/no\/#website\"},\"primaryImageOfPage\":{\"@id\":\"https:\/\/babylove.se\/no\/produkt\/jabadabado-dekorasjonsmobil-sky\/#primaryimage\"},\"image\":{\"@id\":\"https:\/\/babylove.se\/no\/produkt\/jabadabado-dekorasjonsmobil-sky\/#primaryimage\"},\"thumbnailUrl\":\"https:\/\/babylove.se\/no\/wp-content\/uploads\/sites\/3\/2025\/07\/5c501c9b7b69f.jpeg\",\"datePublished\":\"2025-07-18T20:00:43+00:00\",\"dateModified\":\"2026-04-08T07:44:50+00:00\",\"breadcrumb\":{\"@id\":\"https:\/\/babylove.se\/no\/produkt\/jabadabado-dekorasjonsmobil-sky\/#breadcrumb\"},\"inLanguage\":\"nb-NO\",\"potentialAction\":[{\"@type\":\"ReadAction\",\"target\":[\"https:\/\/babylove.se\/no\/produkt\/jabadabado-dekorasjonsmobil-sky\/\"]}]},{\"@type\":\"ImageObject\",\"inLanguage\":\"nb-NO\",\"@id\":\"https:\/\/babylove.se\/no\/produkt\/jabadabado-dekorasjonsmobil-sky\/#primaryimage\",\"url\":\"https:\/\/babylove.se\/no\/wp-content\/uploads\/sites\/3\/2025\/07\/5c501c9b7b69f.jpeg\",\"contentUrl\":\"https:\/\/babylove.se\/no\/wp-content\/uploads\/sites\/3\/2025\/07\/5c501c9b7b69f.jpeg\",\"width\":456,\"height\":700},{\"@type\":\"BreadcrumbList\",\"@id\":\"https:\/\/babylove.se\/no\/produkt\/jabadabado-dekorasjonsmobil-sky\/#breadcrumb\",\"itemListElement\":[{\"@type\":\"ListItem\",\"position\":1,\"name\":\"Hem\",\"item\":\"https:\/\/babylove.se\/no\/\"},{\"@type\":\"ListItem\",\"position\":2,\"name\":\"Butik\",\"item\":\"https:\/\/babylove.se\/no\/butik\/\"},{\"@type\":\"ListItem\",\"position\":3,\"name\":\"Jabadabado, Dekorasjonsmobil sky\"}]},{\"@type\":\"WebSite\",\"@id\":\"https:\/\/babylove.se\/no\/#website\",\"url\":\"https:\/\/babylove.se\/no\/\",\"name\":\"Babylove Norska\",\"description\":\"\",\"potentialAction\":[{\"@type\":\"SearchAction\",\"target\":{\"@type\":\"EntryPoint\",\"urlTemplate\":\"https:\/\/babylove.se\/no\/?s={search_term_string}\"},\"query-input\":{\"@type\":\"PropertyValueSpecification\",\"valueRequired\":true,\"valueName\":\"search_term_string\"}}],\"inLanguage\":\"nb-NO\"}]}<\/script>\n<meta property=\"product:brand\" content=\"JaBaDaBaDo\" \/>\n<meta property=\"product:price:amount\" content=\"189.00\" \/>\n<meta property=\"product:price:currency\" content=\"SEK\" \/>\n<meta property=\"og:availability\" content=\"out of stock\" \/>\n<meta property=\"product:availability\" content=\"out of stock\" \/>\n<meta property=\"product:retailer_item_id\" content=\"R16035\" \/>\n<meta property=\"product:condition\" content=\"new\" \/>\n<!-- \/ Yoast SEO Premium plugin. -->","yoast_head_json":{"title":"Jabadabado, Dekorasjonsmobil sky - Babylove Norska","robots":{"index":"noindex","follow":"follow","max-snippet":"max-snippet:-1","max-image-preview":"max-image-preview:large","max-video-preview":"max-video-preview:-1"},"og_locale":"nb_NO","og_type":"article","og_title":"Jabadabado, Dekorasjonsmobil sky","og_description":"Pen dekorasjonsmobil av tre, denne i form av en sky med tilh\u00f8rende stjerner. Perfekt mobil \u00e5 henge over sengen eller der du synes den passer best. Dekorasjonsmobil for babyrommet eller barnerommet, den passer like godt p\u00e5 begge steder! S\u00f8t dekorasjonsmobil i tre i form av en sky med stjerner. Heng den over sengen eller stellebordet [&hellip;]","og_url":"https:\/\/babylove.se\/no\/produkt\/jabadabado-dekorasjonsmobil-sky\/","og_site_name":"Babylove Norska","article_modified_time":"2026-04-08T07:44:50+00:00","og_image":[{"width":456,"height":700,"url":"https:\/\/babylove.se\/no\/wp-content\/uploads\/sites\/3\/2025\/07\/5c501c9b7b69f.jpeg","type":"image\/jpeg"}],"twitter_card":"summary_large_image","twitter_misc":{"Price":"189,00&nbsp;&#107;&#114;","Availability":"Out of stock"},"schema":{"@context":"https:\/\/schema.org","@graph":[{"@type":"WebPage","@id":"https:\/\/babylove.se\/no\/produkt\/jabadabado-dekorasjonsmobil-sky\/","url":"https:\/\/babylove.se\/no\/produkt\/jabadabado-dekorasjonsmobil-sky\/","name":"Jabadabado, Dekorasjonsmobil sky - Babylove Norska","isPartOf":{"@id":"https:\/\/babylove.se\/no\/#website"},"primaryImageOfPage":{"@id":"https:\/\/babylove.se\/no\/produkt\/jabadabado-dekorasjonsmobil-sky\/#primaryimage"},"image":{"@id":"https:\/\/babylove.se\/no\/produkt\/jabadabado-dekorasjonsmobil-sky\/#primaryimage"},"thumbnailUrl":"https:\/\/babylove.se\/no\/wp-content\/uploads\/sites\/3\/2025\/07\/5c501c9b7b69f.jpeg","datePublished":"2025-07-18T20:00:43+00:00","dateModified":"2026-04-08T07:44:50+00:00","breadcrumb":{"@id":"https:\/\/babylove.se\/no\/produkt\/jabadabado-dekorasjonsmobil-sky\/#breadcrumb"},"inLanguage":"nb-NO","potentialAction":[{"@type":"ReadAction","target":["https:\/\/babylove.se\/no\/produkt\/jabadabado-dekorasjonsmobil-sky\/"]}]},{"@type":"ImageObject","inLanguage":"nb-NO","@id":"https:\/\/babylove.se\/no\/produkt\/jabadabado-dekorasjonsmobil-sky\/#primaryimage","url":"https:\/\/babylove.se\/no\/wp-content\/uploads\/sites\/3\/2025\/07\/5c501c9b7b69f.jpeg","contentUrl":"https:\/\/babylove.se\/no\/wp-content\/uploads\/sites\/3\/2025\/07\/5c501c9b7b69f.jpeg","width":456,"height":700},{"@type":"BreadcrumbList","@id":"https:\/\/babylove.se\/no\/produkt\/jabadabado-dekorasjonsmobil-sky\/#breadcrumb","itemListElement":[{"@type":"ListItem","position":1,"name":"Hem","item":"https:\/\/babylove.se\/no\/"},{"@type":"ListItem","position":2,"name":"Butik","item":"https:\/\/babylove.se\/no\/butik\/"},{"@type":"ListItem","position":3,"name":"Jabadabado, Dekorasjonsmobil sky"}]},{"@type":"WebSite","@id":"https:\/\/babylove.se\/no\/#website","url":"https:\/\/babylove.se\/no\/","name":"Babylove Norska","description":"","potentialAction":[{"@type":"SearchAction","target":{"@type":"EntryPoint","urlTemplate":"https:\/\/babylove.se\/no\/?s={search_term_string}"},"query-input":{"@type":"PropertyValueSpecification","valueRequired":true,"valueName":"search_term_string"}}],"inLanguage":"nb-NO"}]},"product_brand":"JaBaDaBaDo","product_price_amount":"189.00","product_price_currency":"SEK","og_availability":"out of stock","product_availability":"out of stock","product_retailer_item_id":"R16035","product_condition":"new"},"_links":{"self":[{"href":"https:\/\/babylove.se\/no\/wp-json\/wp\/v2\/product\/9511","targetHints":{"allow":["GET"]}}],"collection":[{"href":"https:\/\/babylove.se\/no\/wp-json\/wp\/v2\/product"}],"about":[{"href":"https:\/\/babylove.se\/no\/wp-json\/wp\/v2\/types\/product"}],"replies":[{"embeddable":true,"href":"https:\/\/babylove.se\/no\/wp-json\/wp\/v2\/comments?post=9511"}],"wp:featuredmedia":[{"embeddable":true,"href":"https:\/\/babylove.se\/no\/wp-json\/wp\/v2\/media\/9513"}],"wp:attachment":[{"href":"https:\/\/babylove.se\/no\/wp-json\/wp\/v2\/media?parent=9511"}],"wp:term":[{"taxonomy":"product_brand","embeddable":true,"href":"https:\/\/babylove.se\/no\/wp-json\/wp\/v2\/product_brand?post=9511"},{"taxonomy":"product_cat","embeddable":true,"href":"https:\/\/babylove.se\/no\/wp-json\/wp\/v2\/product_cat?post=9511"},{"taxonomy":"product_tag","embeddable":true,"href":"https:\/\/babylove.se\/no\/wp-json\/wp\/v2\/product_tag?post=9511"}],"curies":[{"name":"wp","href":"https:\/\/api.w.org\/{rel}","templated":true}]}}