{"id":9519,"date":"2025-07-18T21:00:43","date_gmt":"2025-07-18T20:00:43","guid":{"rendered":"https:\/\/babylove.se\/produkt\/jabadabado-milestone-card-bla\/"},"modified":"2026-04-08T08:44:56","modified_gmt":"2026-04-08T07:44:56","slug":"jabadabado-milepaelskort-bla","status":"publish","type":"product","link":"https:\/\/babylove.se\/no\/produkt\/jabadabado-milepaelskort-bla\/","title":{"rendered":"Jabadabado, Milestone kort bl\u00e5"},"content":{"rendered":"<p>Forevige de f\u00f8rste milep\u00e6lene med v\u00e5re fantastiske milestone card! N\u00e5r man f\u00e5r barn blir det sv\u00e6rt mange &#8220;f\u00f8rste gang \u00f8yeblikk&#8221;. Med v\u00e5re kort hjelper vi dere med \u00e5 samle alle disse fantastiske \u00f8yeblikkene sammen med barnet. Fotografer barnet sammen med kortet og fyll inn dato og \u00f8vrig tekst p\u00e5 baksiden. V\u00e5re milestone card er helt p\u00e5 svensk og inneholder 32 stk forskjellige kort med mange forskjellige hendelser. Kortene leveres i en vakker eske.<\/p>\n<p>Sammen med v\u00e5re milestone card f\u00e5r du mange fine uforglemmelige bilder og minner av ditt barn.<\/p>\n<p>Perfekt gave til vordende foreldre eller til babyshower.<\/p>\n<p>Eksempler p\u00e5 kort:<\/p>\n<ul>\n<li>I dag blir jeg 1 uke<\/li>\n<li>Min f\u00f8rste is<\/li>\n<li>Mine f\u00f8rste skritt<\/li>\n<li>Mitt f\u00f8rste ord<\/li>\n<li>Min f\u00f8rste latter<\/li>\n<li>Min f\u00f8rste bursdag<\/li>\n<li>I dag blir jeg 1 m\u00e5ned<\/li>\n<li>Jeg f\u00e5r min f\u00f8rste forkj\u00f8lelse<\/li>\n<li>og mange mange flere&#8230;.<\/li>\n<\/ul>\n<p>          Kun p\u00e5 svensk!<\/p>\n<p>14,8 x 10,5 cm<\/p>\n<p>Designer: Jabadabado<\/p>\n","protected":false},"excerpt":{"rendered":"<p>Forevige de f\u00f8rste milep\u00e6lene med v\u00e5re fantastiske milestone card! N\u00e5r man f\u00e5r barn blir det sv\u00e6rt mange &#8220;f\u00f8rste gang \u00f8yeblikk&#8221;. Med v\u00e5re kort hjelper vi dere med \u00e5 samle alle disse fantastiske \u00f8yeblikkene sammen med barnet. Fotografer barnet sammen med kortet og fyll inn dato og \u00f8vrig tekst p\u00e5 baksiden. V\u00e5re milestone card er helt [&hellip;]<\/p>\n","protected":false},"featured_media":9521,"comment_status":"closed","ping_status":"open","template":"","meta":{"_acf_changed":false},"product_brand":[273],"product_cat":[110,70,274,48],"product_tag":[],"class_list":{"0":"post-9519","1":"product","2":"type-product","3":"status-publish","4":"has-post-thumbnail","6":"product_brand-jabadabado","7":"product_cat-cyber-monday","8":"product_cat-gaver","9":"product_cat-jabadabado","10":"product_cat-startside","12":"first","13":"outofstock","14":"taxable","15":"shipping-taxable","16":"purchasable","17":"product-type-simple"},"acf":[],"yoast_head":"<!-- This site is optimized with the Yoast SEO Premium plugin v25.8 (Yoast SEO v27.2) - https:\/\/yoast.com\/product\/yoast-seo-premium-wordpress\/ -->\n<title>Jabadabado, Milestone kort bl\u00e5 - Babylove Norska<\/title>\n<meta name=\"robots\" content=\"noindex, follow, max-snippet:-1, max-image-preview:large, max-video-preview:-1\" \/>\n<meta property=\"og:locale\" content=\"nb_NO\" \/>\n<meta property=\"og:type\" content=\"article\" \/>\n<meta property=\"og:title\" content=\"Jabadabado, Milestone kort bl\u00e5\" \/>\n<meta property=\"og:description\" content=\"Forevige de f\u00f8rste milep\u00e6lene med v\u00e5re fantastiske milestone card! N\u00e5r man f\u00e5r barn blir det sv\u00e6rt mange &#8220;f\u00f8rste gang \u00f8yeblikk&#8221;. Med v\u00e5re kort hjelper vi dere med \u00e5 samle alle disse fantastiske \u00f8yeblikkene sammen med barnet. Fotografer barnet sammen med kortet og fyll inn dato og \u00f8vrig tekst p\u00e5 baksiden. V\u00e5re milestone card er helt [&hellip;]\" \/>\n<meta property=\"og:url\" content=\"https:\/\/babylove.se\/no\/produkt\/jabadabado-milepaelskort-bla\/\" \/>\n<meta property=\"og:site_name\" content=\"Babylove Norska\" \/>\n<meta property=\"article:modified_time\" content=\"2026-04-08T07:44:56+00:00\" \/>\n<meta property=\"og:image\" content=\"https:\/\/babylove.se\/no\/wp-content\/uploads\/sites\/3\/2025\/07\/5c501e1845f1c.jpeg\" \/>\n\t<meta property=\"og:image:width\" content=\"575\" \/>\n\t<meta property=\"og:image:height\" content=\"433\" \/>\n\t<meta property=\"og:image:type\" content=\"image\/jpeg\" \/>\n<meta name=\"twitter:card\" content=\"summary_large_image\" \/>\n<meta name=\"twitter:label1\" content=\"Price\" \/>\n\t<meta name=\"twitter:data1\" content=\"59,00&nbsp;&#107;&#114;\" \/>\n\t<meta name=\"twitter:label2\" content=\"Availability\" \/>\n\t<meta name=\"twitter:data2\" content=\"Out of stock\" \/>\n<script type=\"application\/ld+json\" class=\"yoast-schema-graph\">{\"@context\":\"https:\/\/schema.org\",\"@graph\":[{\"@type\":\"WebPage\",\"@id\":\"https:\/\/babylove.se\/no\/produkt\/jabadabado-milepaelskort-bla\/\",\"url\":\"https:\/\/babylove.se\/no\/produkt\/jabadabado-milepaelskort-bla\/\",\"name\":\"Jabadabado, Milestone kort bl\u00e5 - Babylove Norska\",\"isPartOf\":{\"@id\":\"https:\/\/babylove.se\/no\/#website\"},\"primaryImageOfPage\":{\"@id\":\"https:\/\/babylove.se\/no\/produkt\/jabadabado-milepaelskort-bla\/#primaryimage\"},\"image\":{\"@id\":\"https:\/\/babylove.se\/no\/produkt\/jabadabado-milepaelskort-bla\/#primaryimage\"},\"thumbnailUrl\":\"https:\/\/babylove.se\/no\/wp-content\/uploads\/sites\/3\/2025\/07\/5c501e1845f1c.jpeg\",\"datePublished\":\"2025-07-18T20:00:43+00:00\",\"dateModified\":\"2026-04-08T07:44:56+00:00\",\"breadcrumb\":{\"@id\":\"https:\/\/babylove.se\/no\/produkt\/jabadabado-milepaelskort-bla\/#breadcrumb\"},\"inLanguage\":\"nb-NO\",\"potentialAction\":[{\"@type\":\"ReadAction\",\"target\":[\"https:\/\/babylove.se\/no\/produkt\/jabadabado-milepaelskort-bla\/\"]}]},{\"@type\":\"ImageObject\",\"inLanguage\":\"nb-NO\",\"@id\":\"https:\/\/babylove.se\/no\/produkt\/jabadabado-milepaelskort-bla\/#primaryimage\",\"url\":\"https:\/\/babylove.se\/no\/wp-content\/uploads\/sites\/3\/2025\/07\/5c501e1845f1c.jpeg\",\"contentUrl\":\"https:\/\/babylove.se\/no\/wp-content\/uploads\/sites\/3\/2025\/07\/5c501e1845f1c.jpeg\",\"width\":575,\"height\":433},{\"@type\":\"BreadcrumbList\",\"@id\":\"https:\/\/babylove.se\/no\/produkt\/jabadabado-milepaelskort-bla\/#breadcrumb\",\"itemListElement\":[{\"@type\":\"ListItem\",\"position\":1,\"name\":\"Hem\",\"item\":\"https:\/\/babylove.se\/no\/\"},{\"@type\":\"ListItem\",\"position\":2,\"name\":\"Butik\",\"item\":\"https:\/\/babylove.se\/no\/butik\/\"},{\"@type\":\"ListItem\",\"position\":3,\"name\":\"Jabadabado, Milestone kort bl\u00e5\"}]},{\"@type\":\"WebSite\",\"@id\":\"https:\/\/babylove.se\/no\/#website\",\"url\":\"https:\/\/babylove.se\/no\/\",\"name\":\"Babylove Norska\",\"description\":\"\",\"potentialAction\":[{\"@type\":\"SearchAction\",\"target\":{\"@type\":\"EntryPoint\",\"urlTemplate\":\"https:\/\/babylove.se\/no\/?s={search_term_string}\"},\"query-input\":{\"@type\":\"PropertyValueSpecification\",\"valueRequired\":true,\"valueName\":\"search_term_string\"}}],\"inLanguage\":\"nb-NO\"}]}<\/script>\n<meta property=\"product:brand\" content=\"JaBaDaBaDo\" \/>\n<meta property=\"product:price:amount\" content=\"59.00\" \/>\n<meta property=\"product:price:currency\" content=\"SEK\" \/>\n<meta property=\"og:availability\" content=\"out of stock\" \/>\n<meta property=\"product:availability\" content=\"out of stock\" \/>\n<meta property=\"product:retailer_item_id\" content=\"B2201\" \/>\n<meta property=\"product:condition\" content=\"new\" \/>\n<!-- \/ Yoast SEO Premium plugin. -->","yoast_head_json":{"title":"Jabadabado, Milestone kort bl\u00e5 - Babylove Norska","robots":{"index":"noindex","follow":"follow","max-snippet":"max-snippet:-1","max-image-preview":"max-image-preview:large","max-video-preview":"max-video-preview:-1"},"og_locale":"nb_NO","og_type":"article","og_title":"Jabadabado, Milestone kort bl\u00e5","og_description":"Forevige de f\u00f8rste milep\u00e6lene med v\u00e5re fantastiske milestone card! N\u00e5r man f\u00e5r barn blir det sv\u00e6rt mange &#8220;f\u00f8rste gang \u00f8yeblikk&#8221;. Med v\u00e5re kort hjelper vi dere med \u00e5 samle alle disse fantastiske \u00f8yeblikkene sammen med barnet. Fotografer barnet sammen med kortet og fyll inn dato og \u00f8vrig tekst p\u00e5 baksiden. V\u00e5re milestone card er helt [&hellip;]","og_url":"https:\/\/babylove.se\/no\/produkt\/jabadabado-milepaelskort-bla\/","og_site_name":"Babylove Norska","article_modified_time":"2026-04-08T07:44:56+00:00","og_image":[{"width":575,"height":433,"url":"https:\/\/babylove.se\/no\/wp-content\/uploads\/sites\/3\/2025\/07\/5c501e1845f1c.jpeg","type":"image\/jpeg"}],"twitter_card":"summary_large_image","twitter_misc":{"Price":"59,00&nbsp;&#107;&#114;","Availability":"Out of stock"},"schema":{"@context":"https:\/\/schema.org","@graph":[{"@type":"WebPage","@id":"https:\/\/babylove.se\/no\/produkt\/jabadabado-milepaelskort-bla\/","url":"https:\/\/babylove.se\/no\/produkt\/jabadabado-milepaelskort-bla\/","name":"Jabadabado, Milestone kort bl\u00e5 - Babylove Norska","isPartOf":{"@id":"https:\/\/babylove.se\/no\/#website"},"primaryImageOfPage":{"@id":"https:\/\/babylove.se\/no\/produkt\/jabadabado-milepaelskort-bla\/#primaryimage"},"image":{"@id":"https:\/\/babylove.se\/no\/produkt\/jabadabado-milepaelskort-bla\/#primaryimage"},"thumbnailUrl":"https:\/\/babylove.se\/no\/wp-content\/uploads\/sites\/3\/2025\/07\/5c501e1845f1c.jpeg","datePublished":"2025-07-18T20:00:43+00:00","dateModified":"2026-04-08T07:44:56+00:00","breadcrumb":{"@id":"https:\/\/babylove.se\/no\/produkt\/jabadabado-milepaelskort-bla\/#breadcrumb"},"inLanguage":"nb-NO","potentialAction":[{"@type":"ReadAction","target":["https:\/\/babylove.se\/no\/produkt\/jabadabado-milepaelskort-bla\/"]}]},{"@type":"ImageObject","inLanguage":"nb-NO","@id":"https:\/\/babylove.se\/no\/produkt\/jabadabado-milepaelskort-bla\/#primaryimage","url":"https:\/\/babylove.se\/no\/wp-content\/uploads\/sites\/3\/2025\/07\/5c501e1845f1c.jpeg","contentUrl":"https:\/\/babylove.se\/no\/wp-content\/uploads\/sites\/3\/2025\/07\/5c501e1845f1c.jpeg","width":575,"height":433},{"@type":"BreadcrumbList","@id":"https:\/\/babylove.se\/no\/produkt\/jabadabado-milepaelskort-bla\/#breadcrumb","itemListElement":[{"@type":"ListItem","position":1,"name":"Hem","item":"https:\/\/babylove.se\/no\/"},{"@type":"ListItem","position":2,"name":"Butik","item":"https:\/\/babylove.se\/no\/butik\/"},{"@type":"ListItem","position":3,"name":"Jabadabado, Milestone kort bl\u00e5"}]},{"@type":"WebSite","@id":"https:\/\/babylove.se\/no\/#website","url":"https:\/\/babylove.se\/no\/","name":"Babylove Norska","description":"","potentialAction":[{"@type":"SearchAction","target":{"@type":"EntryPoint","urlTemplate":"https:\/\/babylove.se\/no\/?s={search_term_string}"},"query-input":{"@type":"PropertyValueSpecification","valueRequired":true,"valueName":"search_term_string"}}],"inLanguage":"nb-NO"}]},"product_brand":"JaBaDaBaDo","product_price_amount":"59.00","product_price_currency":"SEK","og_availability":"out of stock","product_availability":"out of stock","product_retailer_item_id":"B2201","product_condition":"new"},"_links":{"self":[{"href":"https:\/\/babylove.se\/no\/wp-json\/wp\/v2\/product\/9519","targetHints":{"allow":["GET"]}}],"collection":[{"href":"https:\/\/babylove.se\/no\/wp-json\/wp\/v2\/product"}],"about":[{"href":"https:\/\/babylove.se\/no\/wp-json\/wp\/v2\/types\/product"}],"replies":[{"embeddable":true,"href":"https:\/\/babylove.se\/no\/wp-json\/wp\/v2\/comments?post=9519"}],"wp:featuredmedia":[{"embeddable":true,"href":"https:\/\/babylove.se\/no\/wp-json\/wp\/v2\/media\/9521"}],"wp:attachment":[{"href":"https:\/\/babylove.se\/no\/wp-json\/wp\/v2\/media?parent=9519"}],"wp:term":[{"taxonomy":"product_brand","embeddable":true,"href":"https:\/\/babylove.se\/no\/wp-json\/wp\/v2\/product_brand?post=9519"},{"taxonomy":"product_cat","embeddable":true,"href":"https:\/\/babylove.se\/no\/wp-json\/wp\/v2\/product_cat?post=9519"},{"taxonomy":"product_tag","embeddable":true,"href":"https:\/\/babylove.se\/no\/wp-json\/wp\/v2\/product_tag?post=9519"}],"curies":[{"name":"wp","href":"https:\/\/api.w.org\/{rel}","templated":true}]}}