{"id":9525,"date":"2025-07-18T21:00:43","date_gmt":"2025-07-18T20:00:43","guid":{"rendered":"https:\/\/babylove.se\/produkt\/barnrums-projekt\/"},"modified":"2026-04-08T08:44:59","modified_gmt":"2026-04-08T07:44:59","slug":"barneromprosjekt","status":"publish","type":"product","link":"https:\/\/babylove.se\/no\/produkt\/barneromprosjekt\/","title":{"rendered":"Barnerommprosjekt"},"content":{"rendered":"<p>Vi designer barnerommet du dr\u00f8mmer om, helt online og meget prisgunstig!<\/p>\n<p>En profesjonell og lisensiert interi\u00f8rarkitekt skaper et unikt prosjekt for ditt barnerom, uansett hvor du bor. Prosessen skjer helt og holdent online og du vil kunne f\u00f8lge arbeidet med barnerommet under hele reisen gjennom arkitekttegninger og 3-D skisser.<\/p>\n<p>Vi jobber med flyt og ergonomi og kan hjelpe dere med \u00e5 bygge m\u00f8bler som passer akkurat deres m\u00e5l.<\/p>\n<p>Du vil f\u00e5:<\/p>\n<ul>\n<li><strong>3 D visualisering<\/strong><\/li>\n<li><strong>Arkitekttegning<\/strong><\/li>\n<li><strong>Innkj\u00f8psliste<\/strong><\/li>\n<li><strong>Support og r\u00e5d<\/strong><\/li>\n<\/ul>\n<p>I prisen inng\u00e5r barneroms-prosjekt, arkitektens arbeid og tegninger. Produkter kommer i tillegg og alle som bestiller denne tjenesten f\u00e5r 10% rabatt p\u00e5 hele sortimentet fra babylove.se Selvf\u00f8lgelig kan du ta med produkter fra andre leverand\u00f8rer i prosjektet ogs\u00e5.<\/p>\n<p>Vil du vite mer? Les gjerne om hvordan det fungerer:<u><strong> <a href=\"https:\/\/babylove.se\/sidor\/inreda-barnrum\"><\/a><a href=\"https:\/\/babylove.se\/sidor\/inreda-barnrum\">https:\/\/babylove.se\/sidor\/inreda-barnrum<\/a> <\/strong><\/u><\/p>\n","protected":false},"excerpt":{"rendered":"<p>Vi designer barnerommet du dr\u00f8mmer om, helt online og meget prisgunstig! En profesjonell og lisensiert interi\u00f8rarkitekt skaper et unikt prosjekt for ditt barnerom, uansett hvor du bor. Prosessen skjer helt og holdent online og du vil kunne f\u00f8lge arbeidet med barnerommet under hele reisen gjennom arkitekttegninger og 3-D skisser. Vi jobber med flyt og ergonomi [&hellip;]<\/p>\n","protected":false},"featured_media":9527,"comment_status":"closed","ping_status":"open","template":"","meta":{"_acf_changed":false},"product_brand":[],"product_cat":[478,48],"product_tag":[],"class_list":{"0":"post-9525","1":"product","2":"type-product","3":"status-publish","4":"has-post-thumbnail","6":"product_cat-innrede-barnerom","7":"product_cat-startside","8":"pa_storlek-pa-rum-upp-till-15m2-2-kvm","9":"pa_storlek-pa-rum-upp-till-25m2-2-kvm","11":"first","12":"outofstock","13":"taxable","14":"shipping-taxable","15":"purchasable","16":"product-type-variable"},"acf":[],"yoast_head":"<!-- This site is optimized with the Yoast SEO Premium plugin v25.8 (Yoast SEO v27.2) - https:\/\/yoast.com\/product\/yoast-seo-premium-wordpress\/ -->\n<title>Barnerommprosjekt - Babylove Norska<\/title>\n<meta name=\"robots\" content=\"noindex, follow, max-snippet:-1, max-image-preview:large, max-video-preview:-1\" \/>\n<meta property=\"og:locale\" content=\"nb_NO\" \/>\n<meta property=\"og:type\" content=\"article\" \/>\n<meta property=\"og:title\" content=\"Barnerommprosjekt\" \/>\n<meta property=\"og:description\" content=\"Vi designer barnerommet du dr\u00f8mmer om, helt online og meget prisgunstig! En profesjonell og lisensiert interi\u00f8rarkitekt skaper et unikt prosjekt for ditt barnerom, uansett hvor du bor. Prosessen skjer helt og holdent online og du vil kunne f\u00f8lge arbeidet med barnerommet under hele reisen gjennom arkitekttegninger og 3-D skisser. Vi jobber med flyt og ergonomi [&hellip;]\" \/>\n<meta property=\"og:url\" content=\"https:\/\/babylove.se\/no\/produkt\/barneromprosjekt\/\" \/>\n<meta property=\"og:site_name\" content=\"Babylove Norska\" \/>\n<meta property=\"article:modified_time\" content=\"2026-04-08T07:44:59+00:00\" \/>\n<meta property=\"og:image\" content=\"https:\/\/babylove.se\/no\/wp-content\/uploads\/sites\/3\/2025\/07\/5c898d5cd4fb6.jpeg\" \/>\n\t<meta property=\"og:image:width\" content=\"750\" \/>\n\t<meta property=\"og:image:height\" content=\"481\" \/>\n\t<meta property=\"og:image:type\" content=\"image\/jpeg\" \/>\n<meta name=\"twitter:card\" content=\"summary_large_image\" \/>\n<meta name=\"twitter:label1\" content=\"Availability\" \/>\n\t<meta name=\"twitter:data1\" content=\"Out of stock\" \/>\n<script type=\"application\/ld+json\" class=\"yoast-schema-graph\">{\"@context\":\"https:\/\/schema.org\",\"@graph\":[{\"@type\":\"WebPage\",\"@id\":\"https:\/\/babylove.se\/no\/produkt\/barneromprosjekt\/\",\"url\":\"https:\/\/babylove.se\/no\/produkt\/barneromprosjekt\/\",\"name\":\"Barnerommprosjekt - Babylove Norska\",\"isPartOf\":{\"@id\":\"https:\/\/babylove.se\/no\/#website\"},\"primaryImageOfPage\":{\"@id\":\"https:\/\/babylove.se\/no\/produkt\/barneromprosjekt\/#primaryimage\"},\"image\":{\"@id\":\"https:\/\/babylove.se\/no\/produkt\/barneromprosjekt\/#primaryimage\"},\"thumbnailUrl\":\"https:\/\/babylove.se\/no\/wp-content\/uploads\/sites\/3\/2025\/07\/5c898d5cd4fb6.jpeg\",\"datePublished\":\"2025-07-18T20:00:43+00:00\",\"dateModified\":\"2026-04-08T07:44:59+00:00\",\"breadcrumb\":{\"@id\":\"https:\/\/babylove.se\/no\/produkt\/barneromprosjekt\/#breadcrumb\"},\"inLanguage\":\"nb-NO\",\"potentialAction\":[{\"@type\":\"ReadAction\",\"target\":[\"https:\/\/babylove.se\/no\/produkt\/barneromprosjekt\/\"]}]},{\"@type\":\"ImageObject\",\"inLanguage\":\"nb-NO\",\"@id\":\"https:\/\/babylove.se\/no\/produkt\/barneromprosjekt\/#primaryimage\",\"url\":\"https:\/\/babylove.se\/no\/wp-content\/uploads\/sites\/3\/2025\/07\/5c898d5cd4fb6.jpeg\",\"contentUrl\":\"https:\/\/babylove.se\/no\/wp-content\/uploads\/sites\/3\/2025\/07\/5c898d5cd4fb6.jpeg\",\"width\":750,\"height\":481},{\"@type\":\"BreadcrumbList\",\"@id\":\"https:\/\/babylove.se\/no\/produkt\/barneromprosjekt\/#breadcrumb\",\"itemListElement\":[{\"@type\":\"ListItem\",\"position\":1,\"name\":\"Hem\",\"item\":\"https:\/\/babylove.se\/no\/\"},{\"@type\":\"ListItem\",\"position\":2,\"name\":\"Butik\",\"item\":\"https:\/\/babylove.se\/no\/butik\/\"},{\"@type\":\"ListItem\",\"position\":3,\"name\":\"Barnerommprosjekt\"}]},{\"@type\":\"WebSite\",\"@id\":\"https:\/\/babylove.se\/no\/#website\",\"url\":\"https:\/\/babylove.se\/no\/\",\"name\":\"Babylove Norska\",\"description\":\"\",\"potentialAction\":[{\"@type\":\"SearchAction\",\"target\":{\"@type\":\"EntryPoint\",\"urlTemplate\":\"https:\/\/babylove.se\/no\/?s={search_term_string}\"},\"query-input\":{\"@type\":\"PropertyValueSpecification\",\"valueRequired\":true,\"valueName\":\"search_term_string\"}}],\"inLanguage\":\"nb-NO\"}]}<\/script>\n<meta property=\"og:availability\" content=\"out of stock\" \/>\n<meta property=\"product:availability\" content=\"out of stock\" \/>\n<meta property=\"product:retailer_item_id\" content=\"up-till-15m2--3\" \/>\n<meta property=\"product:condition\" content=\"new\" \/>\n<!-- \/ Yoast SEO Premium plugin. -->","yoast_head_json":{"title":"Barnerommprosjekt - Babylove Norska","robots":{"index":"noindex","follow":"follow","max-snippet":"max-snippet:-1","max-image-preview":"max-image-preview:large","max-video-preview":"max-video-preview:-1"},"og_locale":"nb_NO","og_type":"article","og_title":"Barnerommprosjekt","og_description":"Vi designer barnerommet du dr\u00f8mmer om, helt online og meget prisgunstig! En profesjonell og lisensiert interi\u00f8rarkitekt skaper et unikt prosjekt for ditt barnerom, uansett hvor du bor. Prosessen skjer helt og holdent online og du vil kunne f\u00f8lge arbeidet med barnerommet under hele reisen gjennom arkitekttegninger og 3-D skisser. Vi jobber med flyt og ergonomi [&hellip;]","og_url":"https:\/\/babylove.se\/no\/produkt\/barneromprosjekt\/","og_site_name":"Babylove Norska","article_modified_time":"2026-04-08T07:44:59+00:00","og_image":[{"width":750,"height":481,"url":"https:\/\/babylove.se\/no\/wp-content\/uploads\/sites\/3\/2025\/07\/5c898d5cd4fb6.jpeg","type":"image\/jpeg"}],"twitter_card":"summary_large_image","twitter_misc":{"Availability":"Out of stock"},"schema":{"@context":"https:\/\/schema.org","@graph":[{"@type":"WebPage","@id":"https:\/\/babylove.se\/no\/produkt\/barneromprosjekt\/","url":"https:\/\/babylove.se\/no\/produkt\/barneromprosjekt\/","name":"Barnerommprosjekt - Babylove Norska","isPartOf":{"@id":"https:\/\/babylove.se\/no\/#website"},"primaryImageOfPage":{"@id":"https:\/\/babylove.se\/no\/produkt\/barneromprosjekt\/#primaryimage"},"image":{"@id":"https:\/\/babylove.se\/no\/produkt\/barneromprosjekt\/#primaryimage"},"thumbnailUrl":"https:\/\/babylove.se\/no\/wp-content\/uploads\/sites\/3\/2025\/07\/5c898d5cd4fb6.jpeg","datePublished":"2025-07-18T20:00:43+00:00","dateModified":"2026-04-08T07:44:59+00:00","breadcrumb":{"@id":"https:\/\/babylove.se\/no\/produkt\/barneromprosjekt\/#breadcrumb"},"inLanguage":"nb-NO","potentialAction":[{"@type":"ReadAction","target":["https:\/\/babylove.se\/no\/produkt\/barneromprosjekt\/"]}]},{"@type":"ImageObject","inLanguage":"nb-NO","@id":"https:\/\/babylove.se\/no\/produkt\/barneromprosjekt\/#primaryimage","url":"https:\/\/babylove.se\/no\/wp-content\/uploads\/sites\/3\/2025\/07\/5c898d5cd4fb6.jpeg","contentUrl":"https:\/\/babylove.se\/no\/wp-content\/uploads\/sites\/3\/2025\/07\/5c898d5cd4fb6.jpeg","width":750,"height":481},{"@type":"BreadcrumbList","@id":"https:\/\/babylove.se\/no\/produkt\/barneromprosjekt\/#breadcrumb","itemListElement":[{"@type":"ListItem","position":1,"name":"Hem","item":"https:\/\/babylove.se\/no\/"},{"@type":"ListItem","position":2,"name":"Butik","item":"https:\/\/babylove.se\/no\/butik\/"},{"@type":"ListItem","position":3,"name":"Barnerommprosjekt"}]},{"@type":"WebSite","@id":"https:\/\/babylove.se\/no\/#website","url":"https:\/\/babylove.se\/no\/","name":"Babylove Norska","description":"","potentialAction":[{"@type":"SearchAction","target":{"@type":"EntryPoint","urlTemplate":"https:\/\/babylove.se\/no\/?s={search_term_string}"},"query-input":{"@type":"PropertyValueSpecification","valueRequired":true,"valueName":"search_term_string"}}],"inLanguage":"nb-NO"}]},"og_availability":"out of stock","product_availability":"out of stock","product_retailer_item_id":"up-till-15m2--3","product_condition":"new"},"_links":{"self":[{"href":"https:\/\/babylove.se\/no\/wp-json\/wp\/v2\/product\/9525","targetHints":{"allow":["GET"]}}],"collection":[{"href":"https:\/\/babylove.se\/no\/wp-json\/wp\/v2\/product"}],"about":[{"href":"https:\/\/babylove.se\/no\/wp-json\/wp\/v2\/types\/product"}],"replies":[{"embeddable":true,"href":"https:\/\/babylove.se\/no\/wp-json\/wp\/v2\/comments?post=9525"}],"wp:featuredmedia":[{"embeddable":true,"href":"https:\/\/babylove.se\/no\/wp-json\/wp\/v2\/media\/9527"}],"wp:attachment":[{"href":"https:\/\/babylove.se\/no\/wp-json\/wp\/v2\/media?parent=9525"}],"wp:term":[{"taxonomy":"product_brand","embeddable":true,"href":"https:\/\/babylove.se\/no\/wp-json\/wp\/v2\/product_brand?post=9525"},{"taxonomy":"product_cat","embeddable":true,"href":"https:\/\/babylove.se\/no\/wp-json\/wp\/v2\/product_cat?post=9525"},{"taxonomy":"product_tag","embeddable":true,"href":"https:\/\/babylove.se\/no\/wp-json\/wp\/v2\/product_tag?post=9525"}],"curies":[{"name":"wp","href":"https:\/\/api.w.org\/{rel}","templated":true}]}}