{"id":9541,"date":"2025-07-18T21:00:43","date_gmt":"2025-07-18T20:00:43","guid":{"rendered":"https:\/\/babylove.se\/produkt\/jabadabado-milestone-card-rosa\/"},"modified":"2026-04-08T08:45:04","modified_gmt":"2026-04-08T07:45:04","slug":"jabadabado-milepaelskort-rosa","status":"publish","type":"product","link":"https:\/\/babylove.se\/no\/produkt\/jabadabado-milepaelskort-rosa\/","title":{"rendered":"Jabadabado, Milestone kort rosa"},"content":{"rendered":"<p>\u00f8revige de f\u00f8rste milep\u00e6lene med v\u00e5re underfulla milestone card! N\u00e5r man f\u00e5r barn blir det veldig mange &#8220;f\u00f8rste gang \u00f8yeblikk&#8221;. Med v\u00e5re kort hjelper vi dere med \u00e5 samle alle disse underfulla \u00f8yeblikkene sammen med barnet. Fotografer barnet sammen med kortet og fyll inn dato og \u00f8vrig tekst p\u00e5 baksiden. V\u00e5re milestone card er helt p\u00e5 svensk og inneholder 32 stk forskjellige kort med mange forskjellige hendelser. Kortene leveres i en vakker eske.<\/p>\n<p>Sammen med v\u00e5re milestone card f\u00e5r du mange fine uforglemmelige bilder og minner av ditt barn.<\/p>\n<p>Perfekt gave til vordende foreldre eller til babyshoweren.<\/p>\n<p>Eksempel p\u00e5 kort:<\/p>\n<ul>\n<li>I dag blir jeg 1 uke<\/li>\n<li>Min f\u00f8rste is<\/li>\n<li>Mine f\u00f8rste skritt<\/li>\n<li>Mitt f\u00f8rste ord<\/li>\n<li>Mitt f\u00f8rste latterutbrudd<\/li>\n<li>Min f\u00f8rste bursdag<\/li>\n<li>I dag blir jeg 1 m\u00e5ned<\/li>\n<li>Jeg f\u00e5r min f\u00f8rste forkj\u00f8lelse<\/li>\n<li>og mange mange flere&#8230;.<\/li>\n<\/ul>\n<p>          Kun p\u00e5 svensk!<\/p>\n<p>14,8 x 10,5 cm<\/p>\n<p>Designer: Jabadabado<\/p>\n","protected":false},"excerpt":{"rendered":"<p>\u00f8revige de f\u00f8rste milep\u00e6lene med v\u00e5re underfulla milestone card! N\u00e5r man f\u00e5r barn blir det veldig mange &#8220;f\u00f8rste gang \u00f8yeblikk&#8221;. Med v\u00e5re kort hjelper vi dere med \u00e5 samle alle disse underfulla \u00f8yeblikkene sammen med barnet. Fotografer barnet sammen med kortet og fyll inn dato og \u00f8vrig tekst p\u00e5 baksiden. V\u00e5re milestone card er helt [&hellip;]<\/p>\n","protected":false},"featured_media":9543,"comment_status":"closed","ping_status":"open","template":"","meta":{"_acf_changed":false},"product_brand":[273],"product_cat":[70,274,48],"product_tag":[1709],"class_list":{"0":"post-9541","1":"product","2":"type-product","3":"status-publish","4":"has-post-thumbnail","6":"product_brand-jabadabado","7":"product_cat-gaver","8":"product_cat-jabadabado","9":"product_cat-startside","10":"product_tag-utforsalg","12":"first","13":"instock","14":"taxable","15":"shipping-taxable","16":"purchasable","17":"product-type-simple"},"acf":[],"yoast_head":"<!-- This site is optimized with the Yoast SEO Premium plugin v25.8 (Yoast SEO v27.2) - https:\/\/yoast.com\/product\/yoast-seo-premium-wordpress\/ -->\n<title>Jabadabado, Milestone kort rosa - Babylove Norska<\/title>\n<meta name=\"robots\" content=\"noindex, follow, max-snippet:-1, max-image-preview:large, max-video-preview:-1\" \/>\n<meta property=\"og:locale\" content=\"nb_NO\" \/>\n<meta property=\"og:type\" content=\"article\" \/>\n<meta property=\"og:title\" content=\"Jabadabado, Milestone kort rosa\" \/>\n<meta property=\"og:description\" content=\"\u00f8revige de f\u00f8rste milep\u00e6lene med v\u00e5re underfulla milestone card! N\u00e5r man f\u00e5r barn blir det veldig mange &#8220;f\u00f8rste gang \u00f8yeblikk&#8221;. Med v\u00e5re kort hjelper vi dere med \u00e5 samle alle disse underfulla \u00f8yeblikkene sammen med barnet. Fotografer barnet sammen med kortet og fyll inn dato og \u00f8vrig tekst p\u00e5 baksiden. V\u00e5re milestone card er helt [&hellip;]\" \/>\n<meta property=\"og:url\" content=\"https:\/\/babylove.se\/no\/produkt\/jabadabado-milepaelskort-rosa\/\" \/>\n<meta property=\"og:site_name\" content=\"Babylove Norska\" \/>\n<meta property=\"article:modified_time\" content=\"2026-04-08T07:45:04+00:00\" \/>\n<meta property=\"og:image\" content=\"https:\/\/babylove.se\/no\/wp-content\/uploads\/sites\/3\/2025\/07\/5c53637cbbd72.jpeg\" \/>\n\t<meta property=\"og:image:width\" content=\"555\" \/>\n\t<meta property=\"og:image:height\" content=\"555\" \/>\n\t<meta property=\"og:image:type\" content=\"image\/jpeg\" \/>\n<meta name=\"twitter:card\" content=\"summary_large_image\" \/>\n<meta name=\"twitter:label1\" content=\"Price\" \/>\n\t<meta name=\"twitter:data1\" content=\"169,00&nbsp;&#107;&#114;\" \/>\n\t<meta name=\"twitter:label2\" content=\"Availability\" \/>\n\t<meta name=\"twitter:data2\" content=\"In stock\" \/>\n<script type=\"application\/ld+json\" class=\"yoast-schema-graph\">{\"@context\":\"https:\/\/schema.org\",\"@graph\":[{\"@type\":\"WebPage\",\"@id\":\"https:\/\/babylove.se\/no\/produkt\/jabadabado-milepaelskort-rosa\/\",\"url\":\"https:\/\/babylove.se\/no\/produkt\/jabadabado-milepaelskort-rosa\/\",\"name\":\"Jabadabado, Milestone kort rosa - Babylove Norska\",\"isPartOf\":{\"@id\":\"https:\/\/babylove.se\/no\/#website\"},\"primaryImageOfPage\":{\"@id\":\"https:\/\/babylove.se\/no\/produkt\/jabadabado-milepaelskort-rosa\/#primaryimage\"},\"image\":{\"@id\":\"https:\/\/babylove.se\/no\/produkt\/jabadabado-milepaelskort-rosa\/#primaryimage\"},\"thumbnailUrl\":\"https:\/\/babylove.se\/no\/wp-content\/uploads\/sites\/3\/2025\/07\/5c53637cbbd72.jpeg\",\"datePublished\":\"2025-07-18T20:00:43+00:00\",\"dateModified\":\"2026-04-08T07:45:04+00:00\",\"breadcrumb\":{\"@id\":\"https:\/\/babylove.se\/no\/produkt\/jabadabado-milepaelskort-rosa\/#breadcrumb\"},\"inLanguage\":\"nb-NO\",\"potentialAction\":[{\"@type\":\"ReadAction\",\"target\":[\"https:\/\/babylove.se\/no\/produkt\/jabadabado-milepaelskort-rosa\/\"]}]},{\"@type\":\"ImageObject\",\"inLanguage\":\"nb-NO\",\"@id\":\"https:\/\/babylove.se\/no\/produkt\/jabadabado-milepaelskort-rosa\/#primaryimage\",\"url\":\"https:\/\/babylove.se\/no\/wp-content\/uploads\/sites\/3\/2025\/07\/5c53637cbbd72.jpeg\",\"contentUrl\":\"https:\/\/babylove.se\/no\/wp-content\/uploads\/sites\/3\/2025\/07\/5c53637cbbd72.jpeg\",\"width\":555,\"height\":555},{\"@type\":\"BreadcrumbList\",\"@id\":\"https:\/\/babylove.se\/no\/produkt\/jabadabado-milepaelskort-rosa\/#breadcrumb\",\"itemListElement\":[{\"@type\":\"ListItem\",\"position\":1,\"name\":\"Hem\",\"item\":\"https:\/\/babylove.se\/no\/\"},{\"@type\":\"ListItem\",\"position\":2,\"name\":\"Butik\",\"item\":\"https:\/\/babylove.se\/no\/butik\/\"},{\"@type\":\"ListItem\",\"position\":3,\"name\":\"Jabadabado, Milestone kort rosa\"}]},{\"@type\":\"WebSite\",\"@id\":\"https:\/\/babylove.se\/no\/#website\",\"url\":\"https:\/\/babylove.se\/no\/\",\"name\":\"Babylove Norska\",\"description\":\"\",\"potentialAction\":[{\"@type\":\"SearchAction\",\"target\":{\"@type\":\"EntryPoint\",\"urlTemplate\":\"https:\/\/babylove.se\/no\/?s={search_term_string}\"},\"query-input\":{\"@type\":\"PropertyValueSpecification\",\"valueRequired\":true,\"valueName\":\"search_term_string\"}}],\"inLanguage\":\"nb-NO\"}]}<\/script>\n<meta property=\"product:brand\" content=\"JaBaDaBaDo\" \/>\n<meta property=\"product:price:amount\" content=\"169.00\" \/>\n<meta property=\"product:price:currency\" content=\"SEK\" \/>\n<meta property=\"og:availability\" content=\"instock\" \/>\n<meta property=\"product:availability\" content=\"instock\" \/>\n<meta property=\"product:retailer_item_id\" content=\"B2200\" \/>\n<meta property=\"product:condition\" content=\"new\" \/>\n<!-- \/ Yoast SEO Premium plugin. -->","yoast_head_json":{"title":"Jabadabado, Milestone kort rosa - Babylove Norska","robots":{"index":"noindex","follow":"follow","max-snippet":"max-snippet:-1","max-image-preview":"max-image-preview:large","max-video-preview":"max-video-preview:-1"},"og_locale":"nb_NO","og_type":"article","og_title":"Jabadabado, Milestone kort rosa","og_description":"\u00f8revige de f\u00f8rste milep\u00e6lene med v\u00e5re underfulla milestone card! N\u00e5r man f\u00e5r barn blir det veldig mange &#8220;f\u00f8rste gang \u00f8yeblikk&#8221;. Med v\u00e5re kort hjelper vi dere med \u00e5 samle alle disse underfulla \u00f8yeblikkene sammen med barnet. Fotografer barnet sammen med kortet og fyll inn dato og \u00f8vrig tekst p\u00e5 baksiden. V\u00e5re milestone card er helt [&hellip;]","og_url":"https:\/\/babylove.se\/no\/produkt\/jabadabado-milepaelskort-rosa\/","og_site_name":"Babylove Norska","article_modified_time":"2026-04-08T07:45:04+00:00","og_image":[{"width":555,"height":555,"url":"https:\/\/babylove.se\/no\/wp-content\/uploads\/sites\/3\/2025\/07\/5c53637cbbd72.jpeg","type":"image\/jpeg"}],"twitter_card":"summary_large_image","twitter_misc":{"Price":"169,00&nbsp;&#107;&#114;","Availability":"In stock"},"schema":{"@context":"https:\/\/schema.org","@graph":[{"@type":"WebPage","@id":"https:\/\/babylove.se\/no\/produkt\/jabadabado-milepaelskort-rosa\/","url":"https:\/\/babylove.se\/no\/produkt\/jabadabado-milepaelskort-rosa\/","name":"Jabadabado, Milestone kort rosa - Babylove Norska","isPartOf":{"@id":"https:\/\/babylove.se\/no\/#website"},"primaryImageOfPage":{"@id":"https:\/\/babylove.se\/no\/produkt\/jabadabado-milepaelskort-rosa\/#primaryimage"},"image":{"@id":"https:\/\/babylove.se\/no\/produkt\/jabadabado-milepaelskort-rosa\/#primaryimage"},"thumbnailUrl":"https:\/\/babylove.se\/no\/wp-content\/uploads\/sites\/3\/2025\/07\/5c53637cbbd72.jpeg","datePublished":"2025-07-18T20:00:43+00:00","dateModified":"2026-04-08T07:45:04+00:00","breadcrumb":{"@id":"https:\/\/babylove.se\/no\/produkt\/jabadabado-milepaelskort-rosa\/#breadcrumb"},"inLanguage":"nb-NO","potentialAction":[{"@type":"ReadAction","target":["https:\/\/babylove.se\/no\/produkt\/jabadabado-milepaelskort-rosa\/"]}]},{"@type":"ImageObject","inLanguage":"nb-NO","@id":"https:\/\/babylove.se\/no\/produkt\/jabadabado-milepaelskort-rosa\/#primaryimage","url":"https:\/\/babylove.se\/no\/wp-content\/uploads\/sites\/3\/2025\/07\/5c53637cbbd72.jpeg","contentUrl":"https:\/\/babylove.se\/no\/wp-content\/uploads\/sites\/3\/2025\/07\/5c53637cbbd72.jpeg","width":555,"height":555},{"@type":"BreadcrumbList","@id":"https:\/\/babylove.se\/no\/produkt\/jabadabado-milepaelskort-rosa\/#breadcrumb","itemListElement":[{"@type":"ListItem","position":1,"name":"Hem","item":"https:\/\/babylove.se\/no\/"},{"@type":"ListItem","position":2,"name":"Butik","item":"https:\/\/babylove.se\/no\/butik\/"},{"@type":"ListItem","position":3,"name":"Jabadabado, Milestone kort rosa"}]},{"@type":"WebSite","@id":"https:\/\/babylove.se\/no\/#website","url":"https:\/\/babylove.se\/no\/","name":"Babylove Norska","description":"","potentialAction":[{"@type":"SearchAction","target":{"@type":"EntryPoint","urlTemplate":"https:\/\/babylove.se\/no\/?s={search_term_string}"},"query-input":{"@type":"PropertyValueSpecification","valueRequired":true,"valueName":"search_term_string"}}],"inLanguage":"nb-NO"}]},"product_brand":"JaBaDaBaDo","product_price_amount":"169.00","product_price_currency":"SEK","og_availability":"instock","product_availability":"instock","product_retailer_item_id":"B2200","product_condition":"new"},"_links":{"self":[{"href":"https:\/\/babylove.se\/no\/wp-json\/wp\/v2\/product\/9541","targetHints":{"allow":["GET"]}}],"collection":[{"href":"https:\/\/babylove.se\/no\/wp-json\/wp\/v2\/product"}],"about":[{"href":"https:\/\/babylove.se\/no\/wp-json\/wp\/v2\/types\/product"}],"replies":[{"embeddable":true,"href":"https:\/\/babylove.se\/no\/wp-json\/wp\/v2\/comments?post=9541"}],"wp:featuredmedia":[{"embeddable":true,"href":"https:\/\/babylove.se\/no\/wp-json\/wp\/v2\/media\/9543"}],"wp:attachment":[{"href":"https:\/\/babylove.se\/no\/wp-json\/wp\/v2\/media?parent=9541"}],"wp:term":[{"taxonomy":"product_brand","embeddable":true,"href":"https:\/\/babylove.se\/no\/wp-json\/wp\/v2\/product_brand?post=9541"},{"taxonomy":"product_cat","embeddable":true,"href":"https:\/\/babylove.se\/no\/wp-json\/wp\/v2\/product_cat?post=9541"},{"taxonomy":"product_tag","embeddable":true,"href":"https:\/\/babylove.se\/no\/wp-json\/wp\/v2\/product_tag?post=9541"}],"curies":[{"name":"wp","href":"https:\/\/api.w.org\/{rel}","templated":true}]}}