{"id":9564,"date":"2025-07-18T21:01:04","date_gmt":"2025-07-18T20:01:04","guid":{"rendered":"https:\/\/babylove.se\/produkt\/poster-en-magisk-pojke-poster-till-barnrummet\/"},"modified":"2026-04-08T08:45:16","modified_gmt":"2026-04-08T07:45:16","slug":"plakater-en-magisk-gutt-plakater-til-barnerommet","status":"publish","type":"product","link":"https:\/\/babylove.se\/no\/produkt\/plakater-en-magisk-gutt-plakater-til-barnerommet\/","title":{"rendered":"Poster en magisk gutt , poster til barnerommet"},"content":{"rendered":"<p>En underbart vakker plakat for barnerommet med motiv av en magisk gutt. Med disse plakatene kan du enkelt skape en unik f\u00f8lelse i barneroms-innredningen din og barnet ditt kommer til \u00e5 elske de sagalignende motivene.<\/p>\n<p>Trykket er gjort p\u00e5 et meget h\u00f8ykvalitets papir som dessuten er ubestr\u00f8ket, noe som gj\u00f8r at bildet ser ut som det er h\u00e5ndmalt.<\/p>\n<p><strong>M\u00e5l<\/strong>: A3 format! (29,7 cm x 42,0 cm) <\/p>\n","protected":false},"excerpt":{"rendered":"<p>En underbart vakker plakat for barnerommet med motiv av en magisk gutt. Med disse plakatene kan du enkelt skape en unik f\u00f8lelse i barneroms-innredningen din og barnet ditt kommer til \u00e5 elske de sagalignende motivene. Trykket er gjort p\u00e5 et meget h\u00f8ykvalitets papir som dessuten er ubestr\u00f8ket, noe som gj\u00f8r at bildet ser ut som [&hellip;]<\/p>\n","protected":false},"featured_media":9566,"comment_status":"closed","ping_status":"open","template":"","meta":{"_acf_changed":false},"product_brand":[22],"product_cat":[90,185,26,255,48],"product_tag":[],"class_list":{"0":"post-9564","1":"product","2":"type-product","3":"status-publish","4":"has-post-thumbnail","6":"product_brand-babylove","7":"product_cat-dyr","8":"product_cat-skog","9":"product_cat-kjop-produkter-som-ikke-bare-er-for-gutter","10":"product_cat-plakater","11":"product_cat-startside","13":"first","14":"outofstock","15":"taxable","16":"shipping-taxable","17":"purchasable","18":"product-type-simple"},"acf":[],"yoast_head":"<!-- This site is optimized with the Yoast SEO Premium plugin v25.8 (Yoast SEO v27.2) - https:\/\/yoast.com\/product\/yoast-seo-premium-wordpress\/ -->\n<title>Poster till barnrummet, - K\u00f6p den h\u00e4r !<\/title>\n<meta name=\"description\" content=\"En underbart vacker poster f\u00f6r barnrummet med motiv av en fin r\u00e5djur. Frakt inom 24 h - Klarna faktura - V\u00e4lkommen till Babylove.se\" \/>\n<meta name=\"robots\" content=\"noindex, follow, max-snippet:-1, max-image-preview:large, max-video-preview:-1\" \/>\n<meta property=\"og:locale\" content=\"nb_NO\" \/>\n<meta property=\"og:type\" content=\"article\" \/>\n<meta property=\"og:title\" content=\"Poster en magisk gutt , poster til barnerommet\" \/>\n<meta property=\"og:description\" content=\"En underbart vacker poster f\u00f6r barnrummet med motiv av en fin r\u00e5djur. Frakt inom 24 h - Klarna faktura - V\u00e4lkommen till Babylove.se\" \/>\n<meta property=\"og:url\" content=\"https:\/\/babylove.se\/no\/produkt\/plakater-en-magisk-gutt-plakater-til-barnerommet\/\" \/>\n<meta property=\"og:site_name\" content=\"Babylove Norska\" \/>\n<meta property=\"article:modified_time\" content=\"2026-04-08T07:45:16+00:00\" \/>\n<meta property=\"og:image\" content=\"https:\/\/babylove.se\/no\/wp-content\/uploads\/sites\/3\/2025\/07\/5c5c1c0da6914.jpeg\" \/>\n\t<meta property=\"og:image:width\" content=\"480\" \/>\n\t<meta property=\"og:image:height\" content=\"679\" \/>\n\t<meta property=\"og:image:type\" content=\"image\/jpeg\" \/>\n<meta name=\"twitter:card\" content=\"summary_large_image\" \/>\n<meta name=\"twitter:label1\" content=\"Price\" \/>\n\t<meta name=\"twitter:data1\" content=\"199,00&nbsp;&#107;&#114;\" \/>\n\t<meta name=\"twitter:label2\" content=\"Availability\" \/>\n\t<meta name=\"twitter:data2\" content=\"Out of stock\" \/>\n<script type=\"application\/ld+json\" class=\"yoast-schema-graph\">{\"@context\":\"https:\/\/schema.org\",\"@graph\":[{\"@type\":\"WebPage\",\"@id\":\"https:\/\/babylove.se\/no\/produkt\/plakater-en-magisk-gutt-plakater-til-barnerommet\/\",\"url\":\"https:\/\/babylove.se\/no\/produkt\/plakater-en-magisk-gutt-plakater-til-barnerommet\/\",\"name\":\"Poster till barnrummet, - K\u00f6p den h\u00e4r !\",\"isPartOf\":{\"@id\":\"https:\/\/babylove.se\/no\/#website\"},\"primaryImageOfPage\":{\"@id\":\"https:\/\/babylove.se\/no\/produkt\/plakater-en-magisk-gutt-plakater-til-barnerommet\/#primaryimage\"},\"image\":{\"@id\":\"https:\/\/babylove.se\/no\/produkt\/plakater-en-magisk-gutt-plakater-til-barnerommet\/#primaryimage\"},\"thumbnailUrl\":\"https:\/\/babylove.se\/no\/wp-content\/uploads\/sites\/3\/2025\/07\/5c5c1c0da6914.jpeg\",\"datePublished\":\"2025-07-18T20:01:04+00:00\",\"dateModified\":\"2026-04-08T07:45:16+00:00\",\"description\":\"En underbart vacker poster f\u00f6r barnrummet med motiv av en fin r\u00e5djur. Frakt inom 24 h - Klarna faktura - V\u00e4lkommen till Babylove.se\",\"breadcrumb\":{\"@id\":\"https:\/\/babylove.se\/no\/produkt\/plakater-en-magisk-gutt-plakater-til-barnerommet\/#breadcrumb\"},\"inLanguage\":\"nb-NO\",\"potentialAction\":[{\"@type\":\"ReadAction\",\"target\":[\"https:\/\/babylove.se\/no\/produkt\/plakater-en-magisk-gutt-plakater-til-barnerommet\/\"]}]},{\"@type\":\"ImageObject\",\"inLanguage\":\"nb-NO\",\"@id\":\"https:\/\/babylove.se\/no\/produkt\/plakater-en-magisk-gutt-plakater-til-barnerommet\/#primaryimage\",\"url\":\"https:\/\/babylove.se\/no\/wp-content\/uploads\/sites\/3\/2025\/07\/5c5c1c0da6914.jpeg\",\"contentUrl\":\"https:\/\/babylove.se\/no\/wp-content\/uploads\/sites\/3\/2025\/07\/5c5c1c0da6914.jpeg\",\"width\":480,\"height\":679},{\"@type\":\"BreadcrumbList\",\"@id\":\"https:\/\/babylove.se\/no\/produkt\/plakater-en-magisk-gutt-plakater-til-barnerommet\/#breadcrumb\",\"itemListElement\":[{\"@type\":\"ListItem\",\"position\":1,\"name\":\"Hem\",\"item\":\"https:\/\/babylove.se\/no\/\"},{\"@type\":\"ListItem\",\"position\":2,\"name\":\"Butik\",\"item\":\"https:\/\/babylove.se\/no\/butik\/\"},{\"@type\":\"ListItem\",\"position\":3,\"name\":\"Poster en magisk gutt , poster til barnerommet\"}]},{\"@type\":\"WebSite\",\"@id\":\"https:\/\/babylove.se\/no\/#website\",\"url\":\"https:\/\/babylove.se\/no\/\",\"name\":\"Babylove Norska\",\"description\":\"\",\"potentialAction\":[{\"@type\":\"SearchAction\",\"target\":{\"@type\":\"EntryPoint\",\"urlTemplate\":\"https:\/\/babylove.se\/no\/?s={search_term_string}\"},\"query-input\":{\"@type\":\"PropertyValueSpecification\",\"valueRequired\":true,\"valueName\":\"search_term_string\"}}],\"inLanguage\":\"nb-NO\"}]}<\/script>\n<meta property=\"product:brand\" content=\"Babylove\" \/>\n<meta property=\"product:price:amount\" content=\"199.00\" \/>\n<meta property=\"product:price:currency\" content=\"SEK\" \/>\n<meta property=\"og:availability\" content=\"out of stock\" \/>\n<meta property=\"product:availability\" content=\"out of stock\" \/>\n<meta property=\"product:retailer_item_id\" content=\"PLA50\" \/>\n<meta property=\"product:condition\" content=\"new\" \/>\n<!-- \/ Yoast SEO Premium plugin. -->","yoast_head_json":{"title":"Poster till barnrummet, - K\u00f6p den h\u00e4r !","description":"En underbart vacker poster f\u00f6r barnrummet med motiv av en fin r\u00e5djur. Frakt inom 24 h - Klarna faktura - V\u00e4lkommen till Babylove.se","robots":{"index":"noindex","follow":"follow","max-snippet":"max-snippet:-1","max-image-preview":"max-image-preview:large","max-video-preview":"max-video-preview:-1"},"og_locale":"nb_NO","og_type":"article","og_title":"Poster en magisk gutt , poster til barnerommet","og_description":"En underbart vacker poster f\u00f6r barnrummet med motiv av en fin r\u00e5djur. Frakt inom 24 h - Klarna faktura - V\u00e4lkommen till Babylove.se","og_url":"https:\/\/babylove.se\/no\/produkt\/plakater-en-magisk-gutt-plakater-til-barnerommet\/","og_site_name":"Babylove Norska","article_modified_time":"2026-04-08T07:45:16+00:00","og_image":[{"width":480,"height":679,"url":"https:\/\/babylove.se\/no\/wp-content\/uploads\/sites\/3\/2025\/07\/5c5c1c0da6914.jpeg","type":"image\/jpeg"}],"twitter_card":"summary_large_image","twitter_misc":{"Price":"199,00&nbsp;&#107;&#114;","Availability":"Out of stock"},"schema":{"@context":"https:\/\/schema.org","@graph":[{"@type":"WebPage","@id":"https:\/\/babylove.se\/no\/produkt\/plakater-en-magisk-gutt-plakater-til-barnerommet\/","url":"https:\/\/babylove.se\/no\/produkt\/plakater-en-magisk-gutt-plakater-til-barnerommet\/","name":"Poster till barnrummet, - K\u00f6p den h\u00e4r !","isPartOf":{"@id":"https:\/\/babylove.se\/no\/#website"},"primaryImageOfPage":{"@id":"https:\/\/babylove.se\/no\/produkt\/plakater-en-magisk-gutt-plakater-til-barnerommet\/#primaryimage"},"image":{"@id":"https:\/\/babylove.se\/no\/produkt\/plakater-en-magisk-gutt-plakater-til-barnerommet\/#primaryimage"},"thumbnailUrl":"https:\/\/babylove.se\/no\/wp-content\/uploads\/sites\/3\/2025\/07\/5c5c1c0da6914.jpeg","datePublished":"2025-07-18T20:01:04+00:00","dateModified":"2026-04-08T07:45:16+00:00","description":"En underbart vacker poster f\u00f6r barnrummet med motiv av en fin r\u00e5djur. Frakt inom 24 h - Klarna faktura - V\u00e4lkommen till Babylove.se","breadcrumb":{"@id":"https:\/\/babylove.se\/no\/produkt\/plakater-en-magisk-gutt-plakater-til-barnerommet\/#breadcrumb"},"inLanguage":"nb-NO","potentialAction":[{"@type":"ReadAction","target":["https:\/\/babylove.se\/no\/produkt\/plakater-en-magisk-gutt-plakater-til-barnerommet\/"]}]},{"@type":"ImageObject","inLanguage":"nb-NO","@id":"https:\/\/babylove.se\/no\/produkt\/plakater-en-magisk-gutt-plakater-til-barnerommet\/#primaryimage","url":"https:\/\/babylove.se\/no\/wp-content\/uploads\/sites\/3\/2025\/07\/5c5c1c0da6914.jpeg","contentUrl":"https:\/\/babylove.se\/no\/wp-content\/uploads\/sites\/3\/2025\/07\/5c5c1c0da6914.jpeg","width":480,"height":679},{"@type":"BreadcrumbList","@id":"https:\/\/babylove.se\/no\/produkt\/plakater-en-magisk-gutt-plakater-til-barnerommet\/#breadcrumb","itemListElement":[{"@type":"ListItem","position":1,"name":"Hem","item":"https:\/\/babylove.se\/no\/"},{"@type":"ListItem","position":2,"name":"Butik","item":"https:\/\/babylove.se\/no\/butik\/"},{"@type":"ListItem","position":3,"name":"Poster en magisk gutt , poster til barnerommet"}]},{"@type":"WebSite","@id":"https:\/\/babylove.se\/no\/#website","url":"https:\/\/babylove.se\/no\/","name":"Babylove Norska","description":"","potentialAction":[{"@type":"SearchAction","target":{"@type":"EntryPoint","urlTemplate":"https:\/\/babylove.se\/no\/?s={search_term_string}"},"query-input":{"@type":"PropertyValueSpecification","valueRequired":true,"valueName":"search_term_string"}}],"inLanguage":"nb-NO"}]},"product_brand":"Babylove","product_price_amount":"199.00","product_price_currency":"SEK","og_availability":"out of stock","product_availability":"out of stock","product_retailer_item_id":"PLA50","product_condition":"new"},"_links":{"self":[{"href":"https:\/\/babylove.se\/no\/wp-json\/wp\/v2\/product\/9564","targetHints":{"allow":["GET"]}}],"collection":[{"href":"https:\/\/babylove.se\/no\/wp-json\/wp\/v2\/product"}],"about":[{"href":"https:\/\/babylove.se\/no\/wp-json\/wp\/v2\/types\/product"}],"replies":[{"embeddable":true,"href":"https:\/\/babylove.se\/no\/wp-json\/wp\/v2\/comments?post=9564"}],"wp:featuredmedia":[{"embeddable":true,"href":"https:\/\/babylove.se\/no\/wp-json\/wp\/v2\/media\/9566"}],"wp:attachment":[{"href":"https:\/\/babylove.se\/no\/wp-json\/wp\/v2\/media?parent=9564"}],"wp:term":[{"taxonomy":"product_brand","embeddable":true,"href":"https:\/\/babylove.se\/no\/wp-json\/wp\/v2\/product_brand?post=9564"},{"taxonomy":"product_cat","embeddable":true,"href":"https:\/\/babylove.se\/no\/wp-json\/wp\/v2\/product_cat?post=9564"},{"taxonomy":"product_tag","embeddable":true,"href":"https:\/\/babylove.se\/no\/wp-json\/wp\/v2\/product_tag?post=9564"}],"curies":[{"name":"wp","href":"https:\/\/api.w.org\/{rel}","templated":true}]}}