{"id":968,"date":"2025-07-18T19:58:59","date_gmt":"2025-07-18T18:58:59","guid":{"rendered":"https:\/\/babylove.se\/produkt\/strandhandduk-filt-lekmatta-hjartan\/"},"modified":"2026-04-08T07:38:00","modified_gmt":"2026-04-08T06:38:00","slug":"strandshandkle-teppe-lekemat-hjerter","status":"publish","type":"product","link":"https:\/\/babylove.se\/no\/produkt\/strandshandkle-teppe-lekemat-hjerter\/","title":{"rendered":"Strandh\u00e5ndkle\/Teppe\/Lekeunderlag, hjerter"},"content":{"rendered":"<p><strong>Et fantastisk strandh\u00e5ndkle\/teppe\/lekematte,<\/strong> hjerter i 100 % bomull.<\/p>\n<p>Varm om vinteren, kj\u00f8lende om sommeren og blir mykere for hver vask. En meget vakker <strong>lekematte&nbsp;<\/strong>laget i stilrene m\u00f8nstre. Den blir ikke bare barnas favoritt, men ofte ogs\u00e5 foreldrenes. Den er meget enkel \u00e5 rulle sammen og dermed spare plass eller ta med seg, meget praktisk og effektivt. <strong>Lekematten&nbsp;<\/strong>er dessuten hurtigt\u00f8rkende, noe som gj\u00f8r at den passer perfekt p\u00e5 strandturen.<\/p>\n<p><strong>St\u00f8rrelse:<\/strong> diameter 150 cm eller 110 cm&nbsp;<\/p>\n<p><span style=\"font-size: 11px;\">Designer: Effi children&#8217;s world<\/span><\/p>\n","protected":false},"excerpt":{"rendered":"<p>Et fantastisk strandh\u00e5ndkle\/teppe\/lekematte, hjerter i 100 % bomull. Varm om vinteren, kj\u00f8lende om sommeren og blir mykere for hver vask. En meget vakker lekematte&nbsp;laget i stilrene m\u00f8nstre. Den blir ikke bare barnas favoritt, men ofte ogs\u00e5 foreldrenes. Den er meget enkel \u00e5 rulle sammen og dermed spare plass eller ta med seg, meget praktisk og [&hellip;]<\/p>\n","protected":false},"featured_media":970,"comment_status":"closed","ping_status":"open","template":"","meta":{"_acf_changed":false},"product_brand":[46],"product_cat":[42,52],"product_tag":[],"class_list":{"0":"post-968","1":"product","2":"type-product","3":"status-publish","4":"has-post-thumbnail","6":"product_brand-effii-childrens-world","7":"product_cat-babyteppe","8":"product_cat-lekematter","9":"pa_diameter-51","10":"pa_diameter-53","12":"first","13":"outofstock","14":"taxable","15":"shipping-taxable","16":"purchasable","17":"product-type-variable"},"acf":[],"yoast_head":"<!-- This site is optimized with the Yoast SEO Premium plugin v25.8 (Yoast SEO v27.2) - https:\/\/yoast.com\/product\/yoast-seo-premium-wordpress\/ -->\n<title>Strandh\u00e5ndkle\/Teppe\/Lekeunderlag, hjerter - Babylove Norska<\/title>\n<meta name=\"robots\" content=\"noindex, follow, max-snippet:-1, max-image-preview:large, max-video-preview:-1\" \/>\n<meta property=\"og:locale\" content=\"nb_NO\" \/>\n<meta property=\"og:type\" content=\"article\" \/>\n<meta property=\"og:title\" content=\"Strandh\u00e5ndkle\/Teppe\/Lekeunderlag, hjerter\" \/>\n<meta property=\"og:description\" content=\"Et fantastisk strandh\u00e5ndkle\/teppe\/lekematte, hjerter i 100 % bomull. Varm om vinteren, kj\u00f8lende om sommeren og blir mykere for hver vask. En meget vakker lekematte&nbsp;laget i stilrene m\u00f8nstre. Den blir ikke bare barnas favoritt, men ofte ogs\u00e5 foreldrenes. Den er meget enkel \u00e5 rulle sammen og dermed spare plass eller ta med seg, meget praktisk og [&hellip;]\" \/>\n<meta property=\"og:url\" content=\"https:\/\/babylove.se\/no\/produkt\/strandshandkle-teppe-lekemat-hjerter\/\" \/>\n<meta property=\"og:site_name\" content=\"Babylove Norska\" \/>\n<meta property=\"article:modified_time\" content=\"2026-04-08T06:38:00+00:00\" \/>\n<meta property=\"og:image\" content=\"https:\/\/babylove.se\/no\/wp-content\/uploads\/sites\/3\/2025\/07\/57389a36a9811.jpeg\" \/>\n\t<meta property=\"og:image:width\" content=\"750\" \/>\n\t<meta property=\"og:image:height\" content=\"500\" \/>\n\t<meta property=\"og:image:type\" content=\"image\/jpeg\" \/>\n<meta name=\"twitter:card\" content=\"summary_large_image\" \/>\n<meta name=\"twitter:label1\" content=\"Availability\" \/>\n\t<meta name=\"twitter:data1\" content=\"Out of stock\" \/>\n<script type=\"application\/ld+json\" class=\"yoast-schema-graph\">{\"@context\":\"https:\/\/schema.org\",\"@graph\":[{\"@type\":\"WebPage\",\"@id\":\"https:\/\/babylove.se\/no\/produkt\/strandshandkle-teppe-lekemat-hjerter\/\",\"url\":\"https:\/\/babylove.se\/no\/produkt\/strandshandkle-teppe-lekemat-hjerter\/\",\"name\":\"Strandh\u00e5ndkle\/Teppe\/Lekeunderlag, hjerter - Babylove Norska\",\"isPartOf\":{\"@id\":\"https:\/\/babylove.se\/no\/#website\"},\"primaryImageOfPage\":{\"@id\":\"https:\/\/babylove.se\/no\/produkt\/strandshandkle-teppe-lekemat-hjerter\/#primaryimage\"},\"image\":{\"@id\":\"https:\/\/babylove.se\/no\/produkt\/strandshandkle-teppe-lekemat-hjerter\/#primaryimage\"},\"thumbnailUrl\":\"https:\/\/babylove.se\/no\/wp-content\/uploads\/sites\/3\/2025\/07\/57389a36a9811.jpeg\",\"datePublished\":\"2025-07-18T18:58:59+00:00\",\"dateModified\":\"2026-04-08T06:38:00+00:00\",\"breadcrumb\":{\"@id\":\"https:\/\/babylove.se\/no\/produkt\/strandshandkle-teppe-lekemat-hjerter\/#breadcrumb\"},\"inLanguage\":\"nb-NO\",\"potentialAction\":[{\"@type\":\"ReadAction\",\"target\":[\"https:\/\/babylove.se\/no\/produkt\/strandshandkle-teppe-lekemat-hjerter\/\"]}]},{\"@type\":\"ImageObject\",\"inLanguage\":\"nb-NO\",\"@id\":\"https:\/\/babylove.se\/no\/produkt\/strandshandkle-teppe-lekemat-hjerter\/#primaryimage\",\"url\":\"https:\/\/babylove.se\/no\/wp-content\/uploads\/sites\/3\/2025\/07\/57389a36a9811.jpeg\",\"contentUrl\":\"https:\/\/babylove.se\/no\/wp-content\/uploads\/sites\/3\/2025\/07\/57389a36a9811.jpeg\",\"width\":750,\"height\":500},{\"@type\":\"BreadcrumbList\",\"@id\":\"https:\/\/babylove.se\/no\/produkt\/strandshandkle-teppe-lekemat-hjerter\/#breadcrumb\",\"itemListElement\":[{\"@type\":\"ListItem\",\"position\":1,\"name\":\"Hem\",\"item\":\"https:\/\/babylove.se\/no\/\"},{\"@type\":\"ListItem\",\"position\":2,\"name\":\"Butik\",\"item\":\"https:\/\/babylove.se\/no\/butik\/\"},{\"@type\":\"ListItem\",\"position\":3,\"name\":\"Strandh\u00e5ndkle\/Teppe\/Lekeunderlag, hjerter\"}]},{\"@type\":\"WebSite\",\"@id\":\"https:\/\/babylove.se\/no\/#website\",\"url\":\"https:\/\/babylove.se\/no\/\",\"name\":\"Babylove Norska\",\"description\":\"\",\"potentialAction\":[{\"@type\":\"SearchAction\",\"target\":{\"@type\":\"EntryPoint\",\"urlTemplate\":\"https:\/\/babylove.se\/no\/?s={search_term_string}\"},\"query-input\":{\"@type\":\"PropertyValueSpecification\",\"valueRequired\":true,\"valueName\":\"search_term_string\"}}],\"inLanguage\":\"nb-NO\"}]}<\/script>\n<meta property=\"product:brand\" content=\"Effii Children&#039;s World\" \/>\n<meta property=\"og:availability\" content=\"out of stock\" \/>\n<meta property=\"product:availability\" content=\"out of stock\" \/>\n<meta property=\"product:retailer_item_id\" content=\"EF0024\" \/>\n<meta property=\"product:condition\" content=\"new\" \/>\n<!-- \/ Yoast SEO Premium plugin. -->","yoast_head_json":{"title":"Strandh\u00e5ndkle\/Teppe\/Lekeunderlag, hjerter - Babylove Norska","robots":{"index":"noindex","follow":"follow","max-snippet":"max-snippet:-1","max-image-preview":"max-image-preview:large","max-video-preview":"max-video-preview:-1"},"og_locale":"nb_NO","og_type":"article","og_title":"Strandh\u00e5ndkle\/Teppe\/Lekeunderlag, hjerter","og_description":"Et fantastisk strandh\u00e5ndkle\/teppe\/lekematte, hjerter i 100 % bomull. Varm om vinteren, kj\u00f8lende om sommeren og blir mykere for hver vask. En meget vakker lekematte&nbsp;laget i stilrene m\u00f8nstre. Den blir ikke bare barnas favoritt, men ofte ogs\u00e5 foreldrenes. Den er meget enkel \u00e5 rulle sammen og dermed spare plass eller ta med seg, meget praktisk og [&hellip;]","og_url":"https:\/\/babylove.se\/no\/produkt\/strandshandkle-teppe-lekemat-hjerter\/","og_site_name":"Babylove Norska","article_modified_time":"2026-04-08T06:38:00+00:00","og_image":[{"width":750,"height":500,"url":"https:\/\/babylove.se\/no\/wp-content\/uploads\/sites\/3\/2025\/07\/57389a36a9811.jpeg","type":"image\/jpeg"}],"twitter_card":"summary_large_image","twitter_misc":{"Availability":"Out of stock"},"schema":{"@context":"https:\/\/schema.org","@graph":[{"@type":"WebPage","@id":"https:\/\/babylove.se\/no\/produkt\/strandshandkle-teppe-lekemat-hjerter\/","url":"https:\/\/babylove.se\/no\/produkt\/strandshandkle-teppe-lekemat-hjerter\/","name":"Strandh\u00e5ndkle\/Teppe\/Lekeunderlag, hjerter - Babylove Norska","isPartOf":{"@id":"https:\/\/babylove.se\/no\/#website"},"primaryImageOfPage":{"@id":"https:\/\/babylove.se\/no\/produkt\/strandshandkle-teppe-lekemat-hjerter\/#primaryimage"},"image":{"@id":"https:\/\/babylove.se\/no\/produkt\/strandshandkle-teppe-lekemat-hjerter\/#primaryimage"},"thumbnailUrl":"https:\/\/babylove.se\/no\/wp-content\/uploads\/sites\/3\/2025\/07\/57389a36a9811.jpeg","datePublished":"2025-07-18T18:58:59+00:00","dateModified":"2026-04-08T06:38:00+00:00","breadcrumb":{"@id":"https:\/\/babylove.se\/no\/produkt\/strandshandkle-teppe-lekemat-hjerter\/#breadcrumb"},"inLanguage":"nb-NO","potentialAction":[{"@type":"ReadAction","target":["https:\/\/babylove.se\/no\/produkt\/strandshandkle-teppe-lekemat-hjerter\/"]}]},{"@type":"ImageObject","inLanguage":"nb-NO","@id":"https:\/\/babylove.se\/no\/produkt\/strandshandkle-teppe-lekemat-hjerter\/#primaryimage","url":"https:\/\/babylove.se\/no\/wp-content\/uploads\/sites\/3\/2025\/07\/57389a36a9811.jpeg","contentUrl":"https:\/\/babylove.se\/no\/wp-content\/uploads\/sites\/3\/2025\/07\/57389a36a9811.jpeg","width":750,"height":500},{"@type":"BreadcrumbList","@id":"https:\/\/babylove.se\/no\/produkt\/strandshandkle-teppe-lekemat-hjerter\/#breadcrumb","itemListElement":[{"@type":"ListItem","position":1,"name":"Hem","item":"https:\/\/babylove.se\/no\/"},{"@type":"ListItem","position":2,"name":"Butik","item":"https:\/\/babylove.se\/no\/butik\/"},{"@type":"ListItem","position":3,"name":"Strandh\u00e5ndkle\/Teppe\/Lekeunderlag, hjerter"}]},{"@type":"WebSite","@id":"https:\/\/babylove.se\/no\/#website","url":"https:\/\/babylove.se\/no\/","name":"Babylove Norska","description":"","potentialAction":[{"@type":"SearchAction","target":{"@type":"EntryPoint","urlTemplate":"https:\/\/babylove.se\/no\/?s={search_term_string}"},"query-input":{"@type":"PropertyValueSpecification","valueRequired":true,"valueName":"search_term_string"}}],"inLanguage":"nb-NO"}]},"product_brand":"Effii Children's World","og_availability":"out of stock","product_availability":"out of stock","product_retailer_item_id":"EF0024","product_condition":"new"},"_links":{"self":[{"href":"https:\/\/babylove.se\/no\/wp-json\/wp\/v2\/product\/968","targetHints":{"allow":["GET"]}}],"collection":[{"href":"https:\/\/babylove.se\/no\/wp-json\/wp\/v2\/product"}],"about":[{"href":"https:\/\/babylove.se\/no\/wp-json\/wp\/v2\/types\/product"}],"replies":[{"embeddable":true,"href":"https:\/\/babylove.se\/no\/wp-json\/wp\/v2\/comments?post=968"}],"wp:featuredmedia":[{"embeddable":true,"href":"https:\/\/babylove.se\/no\/wp-json\/wp\/v2\/media\/970"}],"wp:attachment":[{"href":"https:\/\/babylove.se\/no\/wp-json\/wp\/v2\/media?parent=968"}],"wp:term":[{"taxonomy":"product_brand","embeddable":true,"href":"https:\/\/babylove.se\/no\/wp-json\/wp\/v2\/product_brand?post=968"},{"taxonomy":"product_cat","embeddable":true,"href":"https:\/\/babylove.se\/no\/wp-json\/wp\/v2\/product_cat?post=968"},{"taxonomy":"product_tag","embeddable":true,"href":"https:\/\/babylove.se\/no\/wp-json\/wp\/v2\/product_tag?post=968"}],"curies":[{"name":"wp","href":"https:\/\/api.w.org\/{rel}","templated":true}]}}