{"id":992,"date":"2025-07-18T19:58:59","date_gmt":"2025-07-18T18:58:59","guid":{"rendered":"https:\/\/babylove.se\/produkt\/skotbadd-done-by-deer-elphee-vit\/"},"modified":"2026-04-08T07:38:11","modified_gmt":"2026-04-08T06:38:11","slug":"skotbad-utfort-av-hjort-elphee-hvit","status":"publish","type":"product","link":"https:\/\/babylove.se\/no\/produkt\/skotbad-utfort-av-hjort-elphee-hvit\/","title":{"rendered":"Stellebord ,Done By Deer Elphee, Hvit"},"content":{"rendered":"<p><strong>Done By Deer Stelleunderlag Elphee.<\/strong><\/p>\n<p>Done by Deer Elphee er et skikkelig s\u00f8tt stelleunderlag som passer til de fleste stellebord med standardm\u00e5l. Stelleunderlaget er laget med akrylbelegg p\u00e5 oversiden som gj\u00f8r det fukt- og vanntett og sv\u00e6rt enkelt \u00e5 rengj\u00f8re. T\u00f8rk av det med hjelp av en v\u00e5t klut eller maskinvask ut og inn i 30\u00b0C. Rengj\u00f8ringsmidler kan brukes ved behov, t\u00f8rk deretter av grundig. Stelleunderlaget er fylt med mykt skumgummi slik at barnet ditt alltid ligger komfortabelt og behagelig.<\/p>\n<p><strong>M\u00e5l:&nbsp;<\/strong>B 50 x L 65 cm&nbsp;<\/p>\n<p><strong>Materiale yttert\u00f8y:&nbsp;<\/strong>100% akrylbelagt bomull&nbsp;<\/p>\n<p><strong>Materiale fylling:&nbsp;<\/strong>Polyeterskum, PVC&nbsp;<\/p>\n<p><strong>Vasker\u00e5d:<\/strong> Maskinvask 30\u00b0C, ut og inn. T\u00e5ler ikke t\u00f8rketromling.&nbsp;<\/p>\n","protected":false},"excerpt":{"rendered":"<p>Done By Deer Stelleunderlag Elphee. Done by Deer Elphee er et skikkelig s\u00f8tt stelleunderlag som passer til de fleste stellebord med standardm\u00e5l. Stelleunderlaget er laget med akrylbelegg p\u00e5 oversiden som gj\u00f8r det fukt- og vanntett og sv\u00e6rt enkelt \u00e5 rengj\u00f8re. T\u00f8rk av det med hjelp av en v\u00e5t klut eller maskinvask ut og inn i [&hellip;]<\/p>\n","protected":false},"featured_media":994,"comment_status":"closed","ping_status":"open","template":"","meta":{"_acf_changed":false},"product_brand":[54],"product_cat":[55,57],"product_tag":[1689],"class_list":{"0":"post-992","1":"product","2":"type-product","3":"status-publish","4":"has-post-thumbnail","6":"product_brand-done-by-deer","7":"product_cat-done-by-deer","8":"product_cat-skobadder","9":"product_tag-bestillingsvaror","11":"first","12":"outofstock","13":"taxable","14":"shipping-taxable","15":"purchasable","16":"product-type-simple"},"acf":[],"yoast_head":"<!-- This site is optimized with the Yoast SEO Premium plugin v25.8 (Yoast SEO v27.2) - https:\/\/yoast.com\/product\/yoast-seo-premium-wordpress\/ -->\n<title>Stellebord ,Done By Deer Elphee, Hvit - Babylove Norska<\/title>\n<meta name=\"robots\" content=\"noindex, follow, max-snippet:-1, max-image-preview:large, max-video-preview:-1\" \/>\n<meta property=\"og:locale\" content=\"nb_NO\" \/>\n<meta property=\"og:type\" content=\"article\" \/>\n<meta property=\"og:title\" content=\"Stellebord ,Done By Deer Elphee, Hvit\" \/>\n<meta property=\"og:description\" content=\"Done By Deer Stelleunderlag Elphee. Done by Deer Elphee er et skikkelig s\u00f8tt stelleunderlag som passer til de fleste stellebord med standardm\u00e5l. Stelleunderlaget er laget med akrylbelegg p\u00e5 oversiden som gj\u00f8r det fukt- og vanntett og sv\u00e6rt enkelt \u00e5 rengj\u00f8re. T\u00f8rk av det med hjelp av en v\u00e5t klut eller maskinvask ut og inn i [&hellip;]\" \/>\n<meta property=\"og:url\" content=\"https:\/\/babylove.se\/no\/produkt\/skotbad-utfort-av-hjort-elphee-hvit\/\" \/>\n<meta property=\"og:site_name\" content=\"Babylove Norska\" \/>\n<meta property=\"article:modified_time\" content=\"2026-04-08T06:38:11+00:00\" \/>\n<meta property=\"og:image\" content=\"https:\/\/babylove.se\/no\/wp-content\/uploads\/sites\/3\/2025\/07\/57396ee6cf543.jpeg\" \/>\n\t<meta property=\"og:image:width\" content=\"750\" \/>\n\t<meta property=\"og:image:height\" content=\"408\" \/>\n\t<meta property=\"og:image:type\" content=\"image\/jpeg\" \/>\n<meta name=\"twitter:card\" content=\"summary_large_image\" \/>\n<meta name=\"twitter:label1\" content=\"Price\" \/>\n\t<meta name=\"twitter:data1\" content=\"499,00&nbsp;&#107;&#114;\" \/>\n\t<meta name=\"twitter:label2\" content=\"Availability\" \/>\n\t<meta name=\"twitter:data2\" content=\"Out of stock\" \/>\n<script type=\"application\/ld+json\" class=\"yoast-schema-graph\">{\"@context\":\"https:\/\/schema.org\",\"@graph\":[{\"@type\":\"WebPage\",\"@id\":\"https:\/\/babylove.se\/no\/produkt\/skotbad-utfort-av-hjort-elphee-hvit\/\",\"url\":\"https:\/\/babylove.se\/no\/produkt\/skotbad-utfort-av-hjort-elphee-hvit\/\",\"name\":\"Stellebord ,Done By Deer Elphee, Hvit - Babylove Norska\",\"isPartOf\":{\"@id\":\"https:\/\/babylove.se\/no\/#website\"},\"primaryImageOfPage\":{\"@id\":\"https:\/\/babylove.se\/no\/produkt\/skotbad-utfort-av-hjort-elphee-hvit\/#primaryimage\"},\"image\":{\"@id\":\"https:\/\/babylove.se\/no\/produkt\/skotbad-utfort-av-hjort-elphee-hvit\/#primaryimage\"},\"thumbnailUrl\":\"https:\/\/babylove.se\/no\/wp-content\/uploads\/sites\/3\/2025\/07\/57396ee6cf543.jpeg\",\"datePublished\":\"2025-07-18T18:58:59+00:00\",\"dateModified\":\"2026-04-08T06:38:11+00:00\",\"breadcrumb\":{\"@id\":\"https:\/\/babylove.se\/no\/produkt\/skotbad-utfort-av-hjort-elphee-hvit\/#breadcrumb\"},\"inLanguage\":\"nb-NO\",\"potentialAction\":[{\"@type\":\"ReadAction\",\"target\":[\"https:\/\/babylove.se\/no\/produkt\/skotbad-utfort-av-hjort-elphee-hvit\/\"]}]},{\"@type\":\"ImageObject\",\"inLanguage\":\"nb-NO\",\"@id\":\"https:\/\/babylove.se\/no\/produkt\/skotbad-utfort-av-hjort-elphee-hvit\/#primaryimage\",\"url\":\"https:\/\/babylove.se\/no\/wp-content\/uploads\/sites\/3\/2025\/07\/57396ee6cf543.jpeg\",\"contentUrl\":\"https:\/\/babylove.se\/no\/wp-content\/uploads\/sites\/3\/2025\/07\/57396ee6cf543.jpeg\",\"width\":750,\"height\":408},{\"@type\":\"BreadcrumbList\",\"@id\":\"https:\/\/babylove.se\/no\/produkt\/skotbad-utfort-av-hjort-elphee-hvit\/#breadcrumb\",\"itemListElement\":[{\"@type\":\"ListItem\",\"position\":1,\"name\":\"Hem\",\"item\":\"https:\/\/babylove.se\/no\/\"},{\"@type\":\"ListItem\",\"position\":2,\"name\":\"Butik\",\"item\":\"https:\/\/babylove.se\/no\/butik\/\"},{\"@type\":\"ListItem\",\"position\":3,\"name\":\"Stellebord ,Done By Deer Elphee, Hvit\"}]},{\"@type\":\"WebSite\",\"@id\":\"https:\/\/babylove.se\/no\/#website\",\"url\":\"https:\/\/babylove.se\/no\/\",\"name\":\"Babylove Norska\",\"description\":\"\",\"potentialAction\":[{\"@type\":\"SearchAction\",\"target\":{\"@type\":\"EntryPoint\",\"urlTemplate\":\"https:\/\/babylove.se\/no\/?s={search_term_string}\"},\"query-input\":{\"@type\":\"PropertyValueSpecification\",\"valueRequired\":true,\"valueName\":\"search_term_string\"}}],\"inLanguage\":\"nb-NO\"}]}<\/script>\n<meta property=\"product:brand\" content=\"Done by Deer\" \/>\n<meta property=\"product:price:amount\" content=\"499.00\" \/>\n<meta property=\"product:price:currency\" content=\"SEK\" \/>\n<meta property=\"og:availability\" content=\"out of stock\" \/>\n<meta property=\"product:availability\" content=\"out of stock\" \/>\n<meta property=\"product:retailer_item_id\" content=\"DD0003Vit\" \/>\n<meta property=\"product:condition\" content=\"new\" \/>\n<!-- \/ Yoast SEO Premium plugin. -->","yoast_head_json":{"title":"Stellebord ,Done By Deer Elphee, Hvit - Babylove Norska","robots":{"index":"noindex","follow":"follow","max-snippet":"max-snippet:-1","max-image-preview":"max-image-preview:large","max-video-preview":"max-video-preview:-1"},"og_locale":"nb_NO","og_type":"article","og_title":"Stellebord ,Done By Deer Elphee, Hvit","og_description":"Done By Deer Stelleunderlag Elphee. Done by Deer Elphee er et skikkelig s\u00f8tt stelleunderlag som passer til de fleste stellebord med standardm\u00e5l. Stelleunderlaget er laget med akrylbelegg p\u00e5 oversiden som gj\u00f8r det fukt- og vanntett og sv\u00e6rt enkelt \u00e5 rengj\u00f8re. T\u00f8rk av det med hjelp av en v\u00e5t klut eller maskinvask ut og inn i [&hellip;]","og_url":"https:\/\/babylove.se\/no\/produkt\/skotbad-utfort-av-hjort-elphee-hvit\/","og_site_name":"Babylove Norska","article_modified_time":"2026-04-08T06:38:11+00:00","og_image":[{"width":750,"height":408,"url":"https:\/\/babylove.se\/no\/wp-content\/uploads\/sites\/3\/2025\/07\/57396ee6cf543.jpeg","type":"image\/jpeg"}],"twitter_card":"summary_large_image","twitter_misc":{"Price":"499,00&nbsp;&#107;&#114;","Availability":"Out of stock"},"schema":{"@context":"https:\/\/schema.org","@graph":[{"@type":"WebPage","@id":"https:\/\/babylove.se\/no\/produkt\/skotbad-utfort-av-hjort-elphee-hvit\/","url":"https:\/\/babylove.se\/no\/produkt\/skotbad-utfort-av-hjort-elphee-hvit\/","name":"Stellebord ,Done By Deer Elphee, Hvit - Babylove Norska","isPartOf":{"@id":"https:\/\/babylove.se\/no\/#website"},"primaryImageOfPage":{"@id":"https:\/\/babylove.se\/no\/produkt\/skotbad-utfort-av-hjort-elphee-hvit\/#primaryimage"},"image":{"@id":"https:\/\/babylove.se\/no\/produkt\/skotbad-utfort-av-hjort-elphee-hvit\/#primaryimage"},"thumbnailUrl":"https:\/\/babylove.se\/no\/wp-content\/uploads\/sites\/3\/2025\/07\/57396ee6cf543.jpeg","datePublished":"2025-07-18T18:58:59+00:00","dateModified":"2026-04-08T06:38:11+00:00","breadcrumb":{"@id":"https:\/\/babylove.se\/no\/produkt\/skotbad-utfort-av-hjort-elphee-hvit\/#breadcrumb"},"inLanguage":"nb-NO","potentialAction":[{"@type":"ReadAction","target":["https:\/\/babylove.se\/no\/produkt\/skotbad-utfort-av-hjort-elphee-hvit\/"]}]},{"@type":"ImageObject","inLanguage":"nb-NO","@id":"https:\/\/babylove.se\/no\/produkt\/skotbad-utfort-av-hjort-elphee-hvit\/#primaryimage","url":"https:\/\/babylove.se\/no\/wp-content\/uploads\/sites\/3\/2025\/07\/57396ee6cf543.jpeg","contentUrl":"https:\/\/babylove.se\/no\/wp-content\/uploads\/sites\/3\/2025\/07\/57396ee6cf543.jpeg","width":750,"height":408},{"@type":"BreadcrumbList","@id":"https:\/\/babylove.se\/no\/produkt\/skotbad-utfort-av-hjort-elphee-hvit\/#breadcrumb","itemListElement":[{"@type":"ListItem","position":1,"name":"Hem","item":"https:\/\/babylove.se\/no\/"},{"@type":"ListItem","position":2,"name":"Butik","item":"https:\/\/babylove.se\/no\/butik\/"},{"@type":"ListItem","position":3,"name":"Stellebord ,Done By Deer Elphee, Hvit"}]},{"@type":"WebSite","@id":"https:\/\/babylove.se\/no\/#website","url":"https:\/\/babylove.se\/no\/","name":"Babylove Norska","description":"","potentialAction":[{"@type":"SearchAction","target":{"@type":"EntryPoint","urlTemplate":"https:\/\/babylove.se\/no\/?s={search_term_string}"},"query-input":{"@type":"PropertyValueSpecification","valueRequired":true,"valueName":"search_term_string"}}],"inLanguage":"nb-NO"}]},"product_brand":"Done by Deer","product_price_amount":"499.00","product_price_currency":"SEK","og_availability":"out of stock","product_availability":"out of stock","product_retailer_item_id":"DD0003Vit","product_condition":"new"},"_links":{"self":[{"href":"https:\/\/babylove.se\/no\/wp-json\/wp\/v2\/product\/992","targetHints":{"allow":["GET"]}}],"collection":[{"href":"https:\/\/babylove.se\/no\/wp-json\/wp\/v2\/product"}],"about":[{"href":"https:\/\/babylove.se\/no\/wp-json\/wp\/v2\/types\/product"}],"replies":[{"embeddable":true,"href":"https:\/\/babylove.se\/no\/wp-json\/wp\/v2\/comments?post=992"}],"wp:featuredmedia":[{"embeddable":true,"href":"https:\/\/babylove.se\/no\/wp-json\/wp\/v2\/media\/994"}],"wp:attachment":[{"href":"https:\/\/babylove.se\/no\/wp-json\/wp\/v2\/media?parent=992"}],"wp:term":[{"taxonomy":"product_brand","embeddable":true,"href":"https:\/\/babylove.se\/no\/wp-json\/wp\/v2\/product_brand?post=992"},{"taxonomy":"product_cat","embeddable":true,"href":"https:\/\/babylove.se\/no\/wp-json\/wp\/v2\/product_cat?post=992"},{"taxonomy":"product_tag","embeddable":true,"href":"https:\/\/babylove.se\/no\/wp-json\/wp\/v2\/product_tag?post=992"}],"curies":[{"name":"wp","href":"https:\/\/api.w.org\/{rel}","templated":true}]}}